{"id":56312,"date":"2024-11-18T17:37:17","date_gmt":"2024-11-18T15:37:17","guid":{"rendered":"https:\/\/infigo.ee\/toode\/kartongmugg-bio-ripple-wall-typ-100-ml-60x60-mm-oppning-o-x-hojd-tryck-plastic-in-product-material-2-ply-500-gsm-vit-cupboard-bioplast-pla-500-st-kartong\/"},"modified":"2026-02-26T16:30:52","modified_gmt":"2026-02-26T14:30:52","slug":"kartongmugg-bio-ripple-wall-typ-100-ml-60x60-mm-oppning-o-x-hojd-tryck-plastic-in-product-material-2-ply-500-gsm-vit-cupboard-bioplast-pla-500-st-kartong","status":"publish","type":"product","link":"https:\/\/infigo.ee\/sv\/produkt\/kartongmugg-bio-ripple-wall-typ-100-ml-60x60-mm-oppning-o-x-hojd-tryck-plastic-in-product-material-2-ply-500-gsm-vit-cupboard-bioplast-pla-500-st-kartong\/","title":{"rendered":"Kartongmugg BIO Ripple wall typ 100 ml 60&#215;60 mm (\u00f6ppning \u00d8 x h\u00f6jd) tryck Plastic in Product, material 2-ply 500 gsm vit cupboard + Bioplast PLA, 500 st\/kartong"},"content":{"rendered":"","protected":false},"excerpt":{"rendered":"","protected":false},"featured_media":56321,"comment_status":"open","ping_status":"closed","template":"","meta":{"_acf_changed":false},"product_brand":[],"product_cat":[1106],"product_tag":[],"class_list":{"0":"post-56312","1":"product","2":"type-product","3":"status-publish","4":"has-post-thumbnail","6":"product_cat-pappersmuggar-lock","8":"first","9":"instock","10":"taxable","11":"shipping-taxable","12":"purchasable","13":"product-type-simple"},"acf":[],"yoast_head":"<!-- This site is optimized with the Yoast SEO plugin v27.3 - https:\/\/yoast.com\/product\/yoast-seo-wordpress\/ -->\n<title>Kartongmugg BIO Ripple wall typ 100 ml 60x60 mm (\u00f6ppning \u00d8 x h\u00f6jd) tryck Plastic in Product, material 2-ply 500 gsm vit cupboard + Bioplast PLA, 500 st\/kartong - Infigo<\/title>\n<meta name=\"robots\" content=\"index, follow, max-snippet:-1, max-image-preview:large, max-video-preview:-1\" \/>\n<link rel=\"canonical\" href=\"https:\/\/infigo.ee\/produkt\/papptops-bio-ripple-wall-tuupi-100-ml-60x60-mm-ava-o-x-korgus-trukk-plastic-in-product-materjal-2-ply-500-gsm-cupboard-bioplast-pla-500-tk-kast\/\" \/>\n<meta property=\"og:locale\" content=\"sv_SE\" \/>\n<meta property=\"og:type\" content=\"article\" \/>\n<meta property=\"og:title\" content=\"Kartongmugg BIO Ripple wall typ 100 ml 60x60 mm (\u00f6ppning \u00d8 x h\u00f6jd) tryck Plastic in Product, material 2-ply 500 gsm vit cupboard + Bioplast PLA, 500 st\/kartong - Infigo\" \/>\n<meta property=\"og:url\" content=\"https:\/\/infigo.ee\/produkt\/papptops-bio-ripple-wall-tuupi-100-ml-60x60-mm-ava-o-x-korgus-trukk-plastic-in-product-materjal-2-ply-500-gsm-cupboard-bioplast-pla-500-tk-kast\/\" \/>\n<meta property=\"og:site_name\" content=\"Infigo\" \/>\n<meta property=\"article:modified_time\" content=\"2026-02-26T14:30:52+00:00\" \/>\n<meta property=\"og:image\" content=\"https:\/\/infigo.ee\/wp-content\/uploads\/2024\/11\/ripple-w-cup5.jpg\" \/>\n\t<meta property=\"og:image:width\" content=\"2000\" \/>\n\t<meta property=\"og:image:height\" content=\"2000\" \/>\n\t<meta property=\"og:image:type\" content=\"image\/jpeg\" \/>\n<meta name=\"twitter:card\" content=\"summary_large_image\" \/>\n<script type=\"application\/ld+json\" class=\"yoast-schema-graph\">{\"@context\":\"https:\\\/\\\/schema.org\",\"@graph\":[{\"@type\":\"WebPage\",\"@id\":\"https:\\\/\\\/infigo.ee\\\/produkt\\\/papptops-bio-ripple-wall-tuupi-100-ml-60x60-mm-ava-o-x-korgus-trukk-plastic-in-product-materjal-2-ply-500-gsm-cupboard-bioplast-pla-500-tk-kast\\\/\",\"url\":\"https:\\\/\\\/infigo.ee\\\/produkt\\\/papptops-bio-ripple-wall-tuupi-100-ml-60x60-mm-ava-o-x-korgus-trukk-plastic-in-product-materjal-2-ply-500-gsm-cupboard-bioplast-pla-500-tk-kast\\\/\",\"name\":\"Kartongmugg BIO Ripple wall typ 100 ml 60x60 mm (\u00f6ppning \u00d8 x h\u00f6jd) tryck Plastic in Product, material 2-ply 500 gsm vit cupboard + Bioplast PLA, 500 st\\\/kartong - Infigo\",\"isPartOf\":{\"@id\":\"https:\\\/\\\/infigo.ee\\\/#website\"},\"primaryImageOfPage\":{\"@id\":\"https:\\\/\\\/infigo.ee\\\/produkt\\\/papptops-bio-ripple-wall-tuupi-100-ml-60x60-mm-ava-o-x-korgus-trukk-plastic-in-product-materjal-2-ply-500-gsm-cupboard-bioplast-pla-500-tk-kast\\\/#primaryimage\"},\"image\":{\"@id\":\"https:\\\/\\\/infigo.ee\\\/produkt\\\/papptops-bio-ripple-wall-tuupi-100-ml-60x60-mm-ava-o-x-korgus-trukk-plastic-in-product-materjal-2-ply-500-gsm-cupboard-bioplast-pla-500-tk-kast\\\/#primaryimage\"},\"thumbnailUrl\":\"https:\\\/\\\/infigo.ee\\\/wp-content\\\/uploads\\\/2024\\\/11\\\/ripple-w-cup5.jpg\",\"datePublished\":\"2024-11-18T15:37:17+00:00\",\"dateModified\":\"2026-02-26T14:30:52+00:00\",\"breadcrumb\":{\"@id\":\"https:\\\/\\\/infigo.ee\\\/produkt\\\/papptops-bio-ripple-wall-tuupi-100-ml-60x60-mm-ava-o-x-korgus-trukk-plastic-in-product-materjal-2-ply-500-gsm-cupboard-bioplast-pla-500-tk-kast\\\/#breadcrumb\"},\"inLanguage\":\"sv-SE\",\"potentialAction\":[{\"@type\":\"ReadAction\",\"target\":[\"https:\\\/\\\/infigo.ee\\\/produkt\\\/papptops-bio-ripple-wall-tuupi-100-ml-60x60-mm-ava-o-x-korgus-trukk-plastic-in-product-materjal-2-ply-500-gsm-cupboard-bioplast-pla-500-tk-kast\\\/\"]}]},{\"@type\":\"ImageObject\",\"inLanguage\":\"sv-SE\",\"@id\":\"https:\\\/\\\/infigo.ee\\\/produkt\\\/papptops-bio-ripple-wall-tuupi-100-ml-60x60-mm-ava-o-x-korgus-trukk-plastic-in-product-materjal-2-ply-500-gsm-cupboard-bioplast-pla-500-tk-kast\\\/#primaryimage\",\"url\":\"https:\\\/\\\/infigo.ee\\\/wp-content\\\/uploads\\\/2024\\\/11\\\/ripple-w-cup5.jpg\",\"contentUrl\":\"https:\\\/\\\/infigo.ee\\\/wp-content\\\/uploads\\\/2024\\\/11\\\/ripple-w-cup5.jpg\",\"width\":2000,\"height\":2000},{\"@type\":\"BreadcrumbList\",\"@id\":\"https:\\\/\\\/infigo.ee\\\/produkt\\\/papptops-bio-ripple-wall-tuupi-100-ml-60x60-mm-ava-o-x-korgus-trukk-plastic-in-product-materjal-2-ply-500-gsm-cupboard-bioplast-pla-500-tk-kast\\\/#breadcrumb\",\"itemListElement\":[{\"@type\":\"ListItem\",\"position\":1,\"name\":\"Home\",\"item\":\"https:\\\/\\\/infigo.ee\\\/sv\\\/\"},{\"@type\":\"ListItem\",\"position\":2,\"name\":\"Webbutik\",\"item\":\"https:\\\/\\\/infigo.ee\\\/sv\\\/butik\\\/\"},{\"@type\":\"ListItem\",\"position\":3,\"name\":\"Kartongmugg BIO Ripple wall typ 100 ml 60&#215;60 mm (\u00f6ppning \u00d8 x h\u00f6jd) tryck Plastic in Product, material 2-ply 500 gsm vit cupboard + Bioplast PLA, 500 st\\\/kartong\"}]},{\"@type\":\"WebSite\",\"@id\":\"https:\\\/\\\/infigo.ee\\\/#website\",\"url\":\"https:\\\/\\\/infigo.ee\\\/\",\"name\":\"Infigo\",\"description\":\"\",\"publisher\":{\"@id\":\"https:\\\/\\\/infigo.ee\\\/#organization\"},\"potentialAction\":[{\"@type\":\"SearchAction\",\"target\":{\"@type\":\"EntryPoint\",\"urlTemplate\":\"https:\\\/\\\/infigo.ee\\\/?s={search_term_string}\"},\"query-input\":{\"@type\":\"PropertyValueSpecification\",\"valueRequired\":true,\"valueName\":\"search_term_string\"}}],\"inLanguage\":\"sv-SE\"},{\"@type\":\"Organization\",\"@id\":\"https:\\\/\\\/infigo.ee\\\/#organization\",\"name\":\"Infigo\",\"url\":\"https:\\\/\\\/infigo.ee\\\/\",\"logo\":{\"@type\":\"ImageObject\",\"inLanguage\":\"sv-SE\",\"@id\":\"https:\\\/\\\/infigo.ee\\\/#\\\/schema\\\/logo\\\/image\\\/\",\"url\":\"https:\\\/\\\/infigo.ee\\\/wp-content\\\/uploads\\\/2023\\\/11\\\/logo-1.jpg\",\"contentUrl\":\"https:\\\/\\\/infigo.ee\\\/wp-content\\\/uploads\\\/2023\\\/11\\\/logo-1.jpg\",\"width\":334,\"height\":114,\"caption\":\"Infigo\"},\"image\":{\"@id\":\"https:\\\/\\\/infigo.ee\\\/#\\\/schema\\\/logo\\\/image\\\/\"}}]}<\/script>\n<!-- \/ Yoast SEO plugin. -->","yoast_head_json":{"title":"Kartongmugg BIO Ripple wall typ 100 ml 60x60 mm (\u00f6ppning \u00d8 x h\u00f6jd) tryck Plastic in Product, material 2-ply 500 gsm vit cupboard + Bioplast PLA, 500 st\/kartong - Infigo","robots":{"index":"index","follow":"follow","max-snippet":"max-snippet:-1","max-image-preview":"max-image-preview:large","max-video-preview":"max-video-preview:-1"},"canonical":"https:\/\/infigo.ee\/produkt\/papptops-bio-ripple-wall-tuupi-100-ml-60x60-mm-ava-o-x-korgus-trukk-plastic-in-product-materjal-2-ply-500-gsm-cupboard-bioplast-pla-500-tk-kast\/","og_locale":"sv_SE","og_type":"article","og_title":"Kartongmugg BIO Ripple wall typ 100 ml 60x60 mm (\u00f6ppning \u00d8 x h\u00f6jd) tryck Plastic in Product, material 2-ply 500 gsm vit cupboard + Bioplast PLA, 500 st\/kartong - Infigo","og_url":"https:\/\/infigo.ee\/produkt\/papptops-bio-ripple-wall-tuupi-100-ml-60x60-mm-ava-o-x-korgus-trukk-plastic-in-product-materjal-2-ply-500-gsm-cupboard-bioplast-pla-500-tk-kast\/","og_site_name":"Infigo","article_modified_time":"2026-02-26T14:30:52+00:00","og_image":[{"width":2000,"height":2000,"url":"https:\/\/infigo.ee\/wp-content\/uploads\/2024\/11\/ripple-w-cup5.jpg","type":"image\/jpeg"}],"twitter_card":"summary_large_image","schema":{"@context":"https:\/\/schema.org","@graph":[{"@type":"WebPage","@id":"https:\/\/infigo.ee\/produkt\/papptops-bio-ripple-wall-tuupi-100-ml-60x60-mm-ava-o-x-korgus-trukk-plastic-in-product-materjal-2-ply-500-gsm-cupboard-bioplast-pla-500-tk-kast\/","url":"https:\/\/infigo.ee\/produkt\/papptops-bio-ripple-wall-tuupi-100-ml-60x60-mm-ava-o-x-korgus-trukk-plastic-in-product-materjal-2-ply-500-gsm-cupboard-bioplast-pla-500-tk-kast\/","name":"Kartongmugg BIO Ripple wall typ 100 ml 60x60 mm (\u00f6ppning \u00d8 x h\u00f6jd) tryck Plastic in Product, material 2-ply 500 gsm vit cupboard + Bioplast PLA, 500 st\/kartong - Infigo","isPartOf":{"@id":"https:\/\/infigo.ee\/#website"},"primaryImageOfPage":{"@id":"https:\/\/infigo.ee\/produkt\/papptops-bio-ripple-wall-tuupi-100-ml-60x60-mm-ava-o-x-korgus-trukk-plastic-in-product-materjal-2-ply-500-gsm-cupboard-bioplast-pla-500-tk-kast\/#primaryimage"},"image":{"@id":"https:\/\/infigo.ee\/produkt\/papptops-bio-ripple-wall-tuupi-100-ml-60x60-mm-ava-o-x-korgus-trukk-plastic-in-product-materjal-2-ply-500-gsm-cupboard-bioplast-pla-500-tk-kast\/#primaryimage"},"thumbnailUrl":"https:\/\/infigo.ee\/wp-content\/uploads\/2024\/11\/ripple-w-cup5.jpg","datePublished":"2024-11-18T15:37:17+00:00","dateModified":"2026-02-26T14:30:52+00:00","breadcrumb":{"@id":"https:\/\/infigo.ee\/produkt\/papptops-bio-ripple-wall-tuupi-100-ml-60x60-mm-ava-o-x-korgus-trukk-plastic-in-product-materjal-2-ply-500-gsm-cupboard-bioplast-pla-500-tk-kast\/#breadcrumb"},"inLanguage":"sv-SE","potentialAction":[{"@type":"ReadAction","target":["https:\/\/infigo.ee\/produkt\/papptops-bio-ripple-wall-tuupi-100-ml-60x60-mm-ava-o-x-korgus-trukk-plastic-in-product-materjal-2-ply-500-gsm-cupboard-bioplast-pla-500-tk-kast\/"]}]},{"@type":"ImageObject","inLanguage":"sv-SE","@id":"https:\/\/infigo.ee\/produkt\/papptops-bio-ripple-wall-tuupi-100-ml-60x60-mm-ava-o-x-korgus-trukk-plastic-in-product-materjal-2-ply-500-gsm-cupboard-bioplast-pla-500-tk-kast\/#primaryimage","url":"https:\/\/infigo.ee\/wp-content\/uploads\/2024\/11\/ripple-w-cup5.jpg","contentUrl":"https:\/\/infigo.ee\/wp-content\/uploads\/2024\/11\/ripple-w-cup5.jpg","width":2000,"height":2000},{"@type":"BreadcrumbList","@id":"https:\/\/infigo.ee\/produkt\/papptops-bio-ripple-wall-tuupi-100-ml-60x60-mm-ava-o-x-korgus-trukk-plastic-in-product-materjal-2-ply-500-gsm-cupboard-bioplast-pla-500-tk-kast\/#breadcrumb","itemListElement":[{"@type":"ListItem","position":1,"name":"Home","item":"https:\/\/infigo.ee\/sv\/"},{"@type":"ListItem","position":2,"name":"Webbutik","item":"https:\/\/infigo.ee\/sv\/butik\/"},{"@type":"ListItem","position":3,"name":"Kartongmugg BIO Ripple wall typ 100 ml 60&#215;60 mm (\u00f6ppning \u00d8 x h\u00f6jd) tryck Plastic in Product, material 2-ply 500 gsm vit cupboard + Bioplast PLA, 500 st\/kartong"}]},{"@type":"WebSite","@id":"https:\/\/infigo.ee\/#website","url":"https:\/\/infigo.ee\/","name":"Infigo","description":"","publisher":{"@id":"https:\/\/infigo.ee\/#organization"},"potentialAction":[{"@type":"SearchAction","target":{"@type":"EntryPoint","urlTemplate":"https:\/\/infigo.ee\/?s={search_term_string}"},"query-input":{"@type":"PropertyValueSpecification","valueRequired":true,"valueName":"search_term_string"}}],"inLanguage":"sv-SE"},{"@type":"Organization","@id":"https:\/\/infigo.ee\/#organization","name":"Infigo","url":"https:\/\/infigo.ee\/","logo":{"@type":"ImageObject","inLanguage":"sv-SE","@id":"https:\/\/infigo.ee\/#\/schema\/logo\/image\/","url":"https:\/\/infigo.ee\/wp-content\/uploads\/2023\/11\/logo-1.jpg","contentUrl":"https:\/\/infigo.ee\/wp-content\/uploads\/2023\/11\/logo-1.jpg","width":334,"height":114,"caption":"Infigo"},"image":{"@id":"https:\/\/infigo.ee\/#\/schema\/logo\/image\/"}}]}},"_links":{"self":[{"href":"https:\/\/infigo.ee\/sv\/wp-json\/wp\/v2\/product\/56312","targetHints":{"allow":["GET"]}}],"collection":[{"href":"https:\/\/infigo.ee\/sv\/wp-json\/wp\/v2\/product"}],"about":[{"href":"https:\/\/infigo.ee\/sv\/wp-json\/wp\/v2\/types\/product"}],"replies":[{"embeddable":true,"href":"https:\/\/infigo.ee\/sv\/wp-json\/wp\/v2\/comments?post=56312"}],"wp:featuredmedia":[{"embeddable":true,"href":"https:\/\/infigo.ee\/sv\/wp-json\/wp\/v2\/media\/56321"}],"wp:attachment":[{"href":"https:\/\/infigo.ee\/sv\/wp-json\/wp\/v2\/media?parent=56312"}],"wp:term":[{"taxonomy":"product_brand","embeddable":true,"href":"https:\/\/infigo.ee\/sv\/wp-json\/wp\/v2\/product_brand?post=56312"},{"taxonomy":"product_cat","embeddable":true,"href":"https:\/\/infigo.ee\/sv\/wp-json\/wp\/v2\/product_cat?post=56312"},{"taxonomy":"product_tag","embeddable":true,"href":"https:\/\/infigo.ee\/sv\/wp-json\/wp\/v2\/product_tag?post=56312"}],"curies":[{"name":"wp","href":"https:\/\/api.w.org\/{rel}","templated":true}]}}