{"id":56264,"date":"2024-11-17T17:21:09","date_gmt":"2024-11-17T15:21:09","guid":{"rendered":"https:\/\/infigo.ee\/toode\/kartongmugg-300-ml-80x117-mm-oppning-o-x-hojd-tryck-plastic-in-product-material-300-gsm-vit-cupboard-pe-1000-st-kartong-matchande-lock-14809-och-85497\/"},"modified":"2026-02-26T16:30:52","modified_gmt":"2026-02-26T14:30:52","slug":"kartongmugg-300-ml-80x117-mm-oppning-o-x-hojd-tryck-plastic-in-product-material-300-gsm-vit-cupboard-pe-1000-st-kartong-matchande-lock-14809-och-85497","status":"publish","type":"product","link":"https:\/\/infigo.ee\/sv\/produkt\/kartongmugg-300-ml-80x117-mm-oppning-o-x-hojd-tryck-plastic-in-product-material-300-gsm-vit-cupboard-pe-1000-st-kartong-matchande-lock-14809-och-85497\/","title":{"rendered":"Kartongmugg 300 ml 80&#215;11,7 mm (\u00f6ppning \u00d8 x h\u00f6jd) tryck Plastic in Product, material 300 gsm vit cupboard + PE, 1000 st\/kartong : matchande lock 14809 och 85497"},"content":{"rendered":"","protected":false},"excerpt":{"rendered":"","protected":false},"featured_media":56273,"comment_status":"open","ping_status":"closed","template":"","meta":{"_acf_changed":false},"product_brand":[],"product_cat":[1106],"product_tag":[],"class_list":{"0":"post-56264","1":"product","2":"type-product","3":"status-publish","4":"has-post-thumbnail","6":"product_cat-pappersmuggar-lock","8":"first","9":"instock","10":"taxable","11":"shipping-taxable","12":"purchasable","13":"product-type-simple"},"acf":[],"yoast_head":"<!-- This site is optimized with the Yoast SEO plugin v27.1.1 - https:\/\/yoast.com\/product\/yoast-seo-wordpress\/ -->\n<title>Kartongmugg 300 ml 80x11,7 mm (\u00f6ppning \u00d8 x h\u00f6jd) tryck Plastic in Product, material 300 gsm vit cupboard + PE, 1000 st\/kartong : matchande lock 14809 och 85497 - Infigo<\/title>\n<meta name=\"robots\" content=\"index, follow, max-snippet:-1, max-image-preview:large, max-video-preview:-1\" \/>\n<link rel=\"canonical\" href=\"https:\/\/infigo.ee\/produkt\/papptops-300-ml-80x117-mm-ava-o-x-korgus-trukk-plastic-in-product-materjal-300-gsm-valge-cupboard-pe-1000-tk-kast-sobivad-kaaned-14809-ja-85497\/\" \/>\n<meta property=\"og:locale\" content=\"sv_SE\" \/>\n<meta property=\"og:type\" content=\"article\" \/>\n<meta property=\"og:title\" content=\"Kartongmugg 300 ml 80x11,7 mm (\u00f6ppning \u00d8 x h\u00f6jd) tryck Plastic in Product, material 300 gsm vit cupboard + PE, 1000 st\/kartong : matchande lock 14809 och 85497 - Infigo\" \/>\n<meta property=\"og:url\" content=\"https:\/\/infigo.ee\/produkt\/papptops-300-ml-80x117-mm-ava-o-x-korgus-trukk-plastic-in-product-materjal-300-gsm-valge-cupboard-pe-1000-tk-kast-sobivad-kaaned-14809-ja-85497\/\" \/>\n<meta property=\"og:site_name\" content=\"Infigo\" \/>\n<meta property=\"article:modified_time\" content=\"2026-02-26T14:30:52+00:00\" \/>\n<meta property=\"og:image\" content=\"https:\/\/infigo.ee\/wp-content\/uploads\/2024\/11\/cup-white3.jpg\" \/>\n\t<meta property=\"og:image:width\" content=\"2000\" \/>\n\t<meta property=\"og:image:height\" content=\"2000\" \/>\n\t<meta property=\"og:image:type\" content=\"image\/jpeg\" \/>\n<meta name=\"twitter:card\" content=\"summary_large_image\" \/>\n<script type=\"application\/ld+json\" class=\"yoast-schema-graph\">{\"@context\":\"https:\/\/schema.org\",\"@graph\":[{\"@type\":\"WebPage\",\"@id\":\"https:\/\/infigo.ee\/produkt\/papptops-300-ml-80x117-mm-ava-o-x-korgus-trukk-plastic-in-product-materjal-300-gsm-valge-cupboard-pe-1000-tk-kast-sobivad-kaaned-14809-ja-85497\/\",\"url\":\"https:\/\/infigo.ee\/produkt\/papptops-300-ml-80x117-mm-ava-o-x-korgus-trukk-plastic-in-product-materjal-300-gsm-valge-cupboard-pe-1000-tk-kast-sobivad-kaaned-14809-ja-85497\/\",\"name\":\"Kartongmugg 300 ml 80x11,7 mm (\u00f6ppning \u00d8 x h\u00f6jd) tryck Plastic in Product, material 300 gsm vit cupboard + PE, 1000 st\/kartong : matchande lock 14809 och 85497 - Infigo\",\"isPartOf\":{\"@id\":\"https:\/\/infigo.ee\/#website\"},\"primaryImageOfPage\":{\"@id\":\"https:\/\/infigo.ee\/produkt\/papptops-300-ml-80x117-mm-ava-o-x-korgus-trukk-plastic-in-product-materjal-300-gsm-valge-cupboard-pe-1000-tk-kast-sobivad-kaaned-14809-ja-85497\/#primaryimage\"},\"image\":{\"@id\":\"https:\/\/infigo.ee\/produkt\/papptops-300-ml-80x117-mm-ava-o-x-korgus-trukk-plastic-in-product-materjal-300-gsm-valge-cupboard-pe-1000-tk-kast-sobivad-kaaned-14809-ja-85497\/#primaryimage\"},\"thumbnailUrl\":\"https:\/\/infigo.ee\/wp-content\/uploads\/2024\/11\/cup-white3.jpg\",\"datePublished\":\"2024-11-17T15:21:09+00:00\",\"dateModified\":\"2026-02-26T14:30:52+00:00\",\"breadcrumb\":{\"@id\":\"https:\/\/infigo.ee\/produkt\/papptops-300-ml-80x117-mm-ava-o-x-korgus-trukk-plastic-in-product-materjal-300-gsm-valge-cupboard-pe-1000-tk-kast-sobivad-kaaned-14809-ja-85497\/#breadcrumb\"},\"inLanguage\":\"sv-SE\",\"potentialAction\":[{\"@type\":\"ReadAction\",\"target\":[\"https:\/\/infigo.ee\/produkt\/papptops-300-ml-80x117-mm-ava-o-x-korgus-trukk-plastic-in-product-materjal-300-gsm-valge-cupboard-pe-1000-tk-kast-sobivad-kaaned-14809-ja-85497\/\"]}]},{\"@type\":\"ImageObject\",\"inLanguage\":\"sv-SE\",\"@id\":\"https:\/\/infigo.ee\/produkt\/papptops-300-ml-80x117-mm-ava-o-x-korgus-trukk-plastic-in-product-materjal-300-gsm-valge-cupboard-pe-1000-tk-kast-sobivad-kaaned-14809-ja-85497\/#primaryimage\",\"url\":\"https:\/\/infigo.ee\/wp-content\/uploads\/2024\/11\/cup-white3.jpg\",\"contentUrl\":\"https:\/\/infigo.ee\/wp-content\/uploads\/2024\/11\/cup-white3.jpg\",\"width\":2000,\"height\":2000},{\"@type\":\"BreadcrumbList\",\"@id\":\"https:\/\/infigo.ee\/produkt\/papptops-300-ml-80x117-mm-ava-o-x-korgus-trukk-plastic-in-product-materjal-300-gsm-valge-cupboard-pe-1000-tk-kast-sobivad-kaaned-14809-ja-85497\/#breadcrumb\",\"itemListElement\":[{\"@type\":\"ListItem\",\"position\":1,\"name\":\"Home\",\"item\":\"https:\/\/infigo.ee\/sv\/\"},{\"@type\":\"ListItem\",\"position\":2,\"name\":\"Webbutik\",\"item\":\"https:\/\/infigo.ee\/sv\/butik\/\"},{\"@type\":\"ListItem\",\"position\":3,\"name\":\"Kartongmugg 300 ml 80&#215;11,7 mm (\u00f6ppning \u00d8 x h\u00f6jd) tryck Plastic in Product, material 300 gsm vit cupboard + PE, 1000 st\/kartong : matchande lock 14809 och 85497\"}]},{\"@type\":\"WebSite\",\"@id\":\"https:\/\/infigo.ee\/#website\",\"url\":\"https:\/\/infigo.ee\/\",\"name\":\"Infigo\",\"description\":\"\",\"publisher\":{\"@id\":\"https:\/\/infigo.ee\/#organization\"},\"potentialAction\":[{\"@type\":\"SearchAction\",\"target\":{\"@type\":\"EntryPoint\",\"urlTemplate\":\"https:\/\/infigo.ee\/?s={search_term_string}\"},\"query-input\":{\"@type\":\"PropertyValueSpecification\",\"valueRequired\":true,\"valueName\":\"search_term_string\"}}],\"inLanguage\":\"sv-SE\"},{\"@type\":\"Organization\",\"@id\":\"https:\/\/infigo.ee\/#organization\",\"name\":\"Infigo\",\"url\":\"https:\/\/infigo.ee\/\",\"logo\":{\"@type\":\"ImageObject\",\"inLanguage\":\"sv-SE\",\"@id\":\"https:\/\/infigo.ee\/#\/schema\/logo\/image\/\",\"url\":\"https:\/\/infigo.ee\/wp-content\/uploads\/2023\/11\/logo-1.jpg\",\"contentUrl\":\"https:\/\/infigo.ee\/wp-content\/uploads\/2023\/11\/logo-1.jpg\",\"width\":334,\"height\":114,\"caption\":\"Infigo\"},\"image\":{\"@id\":\"https:\/\/infigo.ee\/#\/schema\/logo\/image\/\"}}]}<\/script>\n<!-- \/ Yoast SEO plugin. -->","yoast_head_json":{"title":"Kartongmugg 300 ml 80x11,7 mm (\u00f6ppning \u00d8 x h\u00f6jd) tryck Plastic in Product, material 300 gsm vit cupboard + PE, 1000 st\/kartong : matchande lock 14809 och 85497 - Infigo","robots":{"index":"index","follow":"follow","max-snippet":"max-snippet:-1","max-image-preview":"max-image-preview:large","max-video-preview":"max-video-preview:-1"},"canonical":"https:\/\/infigo.ee\/produkt\/papptops-300-ml-80x117-mm-ava-o-x-korgus-trukk-plastic-in-product-materjal-300-gsm-valge-cupboard-pe-1000-tk-kast-sobivad-kaaned-14809-ja-85497\/","og_locale":"sv_SE","og_type":"article","og_title":"Kartongmugg 300 ml 80x11,7 mm (\u00f6ppning \u00d8 x h\u00f6jd) tryck Plastic in Product, material 300 gsm vit cupboard + PE, 1000 st\/kartong : matchande lock 14809 och 85497 - Infigo","og_url":"https:\/\/infigo.ee\/produkt\/papptops-300-ml-80x117-mm-ava-o-x-korgus-trukk-plastic-in-product-materjal-300-gsm-valge-cupboard-pe-1000-tk-kast-sobivad-kaaned-14809-ja-85497\/","og_site_name":"Infigo","article_modified_time":"2026-02-26T14:30:52+00:00","og_image":[{"width":2000,"height":2000,"url":"https:\/\/infigo.ee\/wp-content\/uploads\/2024\/11\/cup-white3.jpg","type":"image\/jpeg"}],"twitter_card":"summary_large_image","schema":{"@context":"https:\/\/schema.org","@graph":[{"@type":"WebPage","@id":"https:\/\/infigo.ee\/produkt\/papptops-300-ml-80x117-mm-ava-o-x-korgus-trukk-plastic-in-product-materjal-300-gsm-valge-cupboard-pe-1000-tk-kast-sobivad-kaaned-14809-ja-85497\/","url":"https:\/\/infigo.ee\/produkt\/papptops-300-ml-80x117-mm-ava-o-x-korgus-trukk-plastic-in-product-materjal-300-gsm-valge-cupboard-pe-1000-tk-kast-sobivad-kaaned-14809-ja-85497\/","name":"Kartongmugg 300 ml 80x11,7 mm (\u00f6ppning \u00d8 x h\u00f6jd) tryck Plastic in Product, material 300 gsm vit cupboard + PE, 1000 st\/kartong : matchande lock 14809 och 85497 - Infigo","isPartOf":{"@id":"https:\/\/infigo.ee\/#website"},"primaryImageOfPage":{"@id":"https:\/\/infigo.ee\/produkt\/papptops-300-ml-80x117-mm-ava-o-x-korgus-trukk-plastic-in-product-materjal-300-gsm-valge-cupboard-pe-1000-tk-kast-sobivad-kaaned-14809-ja-85497\/#primaryimage"},"image":{"@id":"https:\/\/infigo.ee\/produkt\/papptops-300-ml-80x117-mm-ava-o-x-korgus-trukk-plastic-in-product-materjal-300-gsm-valge-cupboard-pe-1000-tk-kast-sobivad-kaaned-14809-ja-85497\/#primaryimage"},"thumbnailUrl":"https:\/\/infigo.ee\/wp-content\/uploads\/2024\/11\/cup-white3.jpg","datePublished":"2024-11-17T15:21:09+00:00","dateModified":"2026-02-26T14:30:52+00:00","breadcrumb":{"@id":"https:\/\/infigo.ee\/produkt\/papptops-300-ml-80x117-mm-ava-o-x-korgus-trukk-plastic-in-product-materjal-300-gsm-valge-cupboard-pe-1000-tk-kast-sobivad-kaaned-14809-ja-85497\/#breadcrumb"},"inLanguage":"sv-SE","potentialAction":[{"@type":"ReadAction","target":["https:\/\/infigo.ee\/produkt\/papptops-300-ml-80x117-mm-ava-o-x-korgus-trukk-plastic-in-product-materjal-300-gsm-valge-cupboard-pe-1000-tk-kast-sobivad-kaaned-14809-ja-85497\/"]}]},{"@type":"ImageObject","inLanguage":"sv-SE","@id":"https:\/\/infigo.ee\/produkt\/papptops-300-ml-80x117-mm-ava-o-x-korgus-trukk-plastic-in-product-materjal-300-gsm-valge-cupboard-pe-1000-tk-kast-sobivad-kaaned-14809-ja-85497\/#primaryimage","url":"https:\/\/infigo.ee\/wp-content\/uploads\/2024\/11\/cup-white3.jpg","contentUrl":"https:\/\/infigo.ee\/wp-content\/uploads\/2024\/11\/cup-white3.jpg","width":2000,"height":2000},{"@type":"BreadcrumbList","@id":"https:\/\/infigo.ee\/produkt\/papptops-300-ml-80x117-mm-ava-o-x-korgus-trukk-plastic-in-product-materjal-300-gsm-valge-cupboard-pe-1000-tk-kast-sobivad-kaaned-14809-ja-85497\/#breadcrumb","itemListElement":[{"@type":"ListItem","position":1,"name":"Home","item":"https:\/\/infigo.ee\/sv\/"},{"@type":"ListItem","position":2,"name":"Webbutik","item":"https:\/\/infigo.ee\/sv\/butik\/"},{"@type":"ListItem","position":3,"name":"Kartongmugg 300 ml 80&#215;11,7 mm (\u00f6ppning \u00d8 x h\u00f6jd) tryck Plastic in Product, material 300 gsm vit cupboard + PE, 1000 st\/kartong : matchande lock 14809 och 85497"}]},{"@type":"WebSite","@id":"https:\/\/infigo.ee\/#website","url":"https:\/\/infigo.ee\/","name":"Infigo","description":"","publisher":{"@id":"https:\/\/infigo.ee\/#organization"},"potentialAction":[{"@type":"SearchAction","target":{"@type":"EntryPoint","urlTemplate":"https:\/\/infigo.ee\/?s={search_term_string}"},"query-input":{"@type":"PropertyValueSpecification","valueRequired":true,"valueName":"search_term_string"}}],"inLanguage":"sv-SE"},{"@type":"Organization","@id":"https:\/\/infigo.ee\/#organization","name":"Infigo","url":"https:\/\/infigo.ee\/","logo":{"@type":"ImageObject","inLanguage":"sv-SE","@id":"https:\/\/infigo.ee\/#\/schema\/logo\/image\/","url":"https:\/\/infigo.ee\/wp-content\/uploads\/2023\/11\/logo-1.jpg","contentUrl":"https:\/\/infigo.ee\/wp-content\/uploads\/2023\/11\/logo-1.jpg","width":334,"height":114,"caption":"Infigo"},"image":{"@id":"https:\/\/infigo.ee\/#\/schema\/logo\/image\/"}}]}},"_links":{"self":[{"href":"https:\/\/infigo.ee\/sv\/wp-json\/wp\/v2\/product\/56264","targetHints":{"allow":["GET"]}}],"collection":[{"href":"https:\/\/infigo.ee\/sv\/wp-json\/wp\/v2\/product"}],"about":[{"href":"https:\/\/infigo.ee\/sv\/wp-json\/wp\/v2\/types\/product"}],"replies":[{"embeddable":true,"href":"https:\/\/infigo.ee\/sv\/wp-json\/wp\/v2\/comments?post=56264"}],"wp:featuredmedia":[{"embeddable":true,"href":"https:\/\/infigo.ee\/sv\/wp-json\/wp\/v2\/media\/56273"}],"wp:attachment":[{"href":"https:\/\/infigo.ee\/sv\/wp-json\/wp\/v2\/media?parent=56264"}],"wp:term":[{"taxonomy":"product_brand","embeddable":true,"href":"https:\/\/infigo.ee\/sv\/wp-json\/wp\/v2\/product_brand?post=56264"},{"taxonomy":"product_cat","embeddable":true,"href":"https:\/\/infigo.ee\/sv\/wp-json\/wp\/v2\/product_cat?post=56264"},{"taxonomy":"product_tag","embeddable":true,"href":"https:\/\/infigo.ee\/sv\/wp-json\/wp\/v2\/product_tag?post=56264"}],"curies":[{"name":"wp","href":"https:\/\/api.w.org\/{rel}","templated":true}]}}