{"id":55910,"date":"2024-11-06T17:36:49","date_gmt":"2024-11-06T15:36:49","guid":{"rendered":"https:\/\/infigo.ee\/toode\/dispenser-for-honeycomb-papper-omslagspapper-50-cm-bred-rulle-dwsr-r-pa-bordet-horisontellt-torlekar-285x230x520-mm\/"},"modified":"2026-01-29T09:31:45","modified_gmt":"2026-01-29T07:31:45","slug":"dispenser-for-honeycomb-papper-omslagspapper-50-cm-bred-rulle-dwsr-r-pa-bordet-horisontellt-torlekar-285x230x520-mm","status":"publish","type":"product","link":"https:\/\/infigo.ee\/sv\/produkt\/dispenser-for-honeycomb-papper-omslagspapper-50-cm-bred-rulle-dwsr-r-pa-bordet-horisontellt-torlekar-285x230x520-mm\/","title":{"rendered":"Dispenser f\u00f6r Honeycomb-papper Omslagspapper, 50 cm bred rulle, DWSR-R, p\u00e5 bordet horisontellt, torlekar 285x230x520 mm"},"content":{"rendered":"<p>Dispensern DWSR-R \u00e4r designad f\u00f6r Honeycomb-papper. Det f\u00f6renklar och snabbar upp processen att packa en m\u00e4ngd olika varor. En materialremsa med bra l\u00e4ngd \u00e4r l\u00e4tt att dosera. Dessutom \u00e4r det v\u00e4ldigt bekv\u00e4mt att byta ut nya pappersrullar.<\/p>\n<p>L\u00e4mplig f\u00f6r anv\u00e4ndning p\u00e5 rulle med en bredd av:<br \/>\n50 cm<\/p>\n","protected":false},"excerpt":{"rendered":"<p>Dispensern DWSR-R \u00e4r designad f\u00f6r Honeycomb-papper. Det f\u00f6renklar och snabbar upp processen att packa en m\u00e4ngd olika varor. En materialremsa med bra l\u00e4ngd \u00e4r l\u00e4tt att dosera. Dessutom \u00e4r det v\u00e4ldigt bekv\u00e4mt att byta ut nya pappersrullar. L\u00e4mplig f\u00f6r anv\u00e4ndning p\u00e5 rulle med en bredd av: 50 cm<\/p>\n","protected":false},"featured_media":55927,"comment_status":"open","ping_status":"closed","template":"","meta":{"_acf_changed":false},"product_brand":[],"product_cat":[793,1017],"product_tag":[],"class_list":{"0":"post-55910","1":"product","2":"type-product","3":"status-publish","4":"has-post-thumbnail","6":"product_cat-paper-wraphallare-dispenser-set","7":"product_cat-pappersrullstall","9":"first","10":"instock","11":"taxable","12":"shipping-taxable","13":"purchasable","14":"product-type-simple"},"acf":[],"yoast_head":"<!-- This site is optimized with the Yoast SEO plugin v27.3 - https:\/\/yoast.com\/product\/yoast-seo-wordpress\/ -->\n<title>Dispenser f\u00f6r Honeycomb-papper Omslagspapper, 50 cm bred rulle, DWSR-R, p\u00e5 bordet horisontellt, torlekar 285x230x520 mm - Infigo<\/title>\n<meta name=\"robots\" content=\"index, follow, max-snippet:-1, max-image-preview:large, max-video-preview:-1\" \/>\n<link rel=\"canonical\" href=\"https:\/\/infigo.ee\/produkt\/dispenser-honeycom-paberile-pakkepaberile-50-cm-laiusega-rullile-dwsr-r-lauale-horisontaalselt-asetatav-moodud-285x230x520-mm\/\" \/>\n<meta property=\"og:locale\" content=\"sv_SE\" \/>\n<meta property=\"og:type\" content=\"article\" \/>\n<meta property=\"og:title\" content=\"Dispenser f\u00f6r Honeycomb-papper Omslagspapper, 50 cm bred rulle, DWSR-R, p\u00e5 bordet horisontellt, torlekar 285x230x520 mm - Infigo\" \/>\n<meta property=\"og:description\" content=\"Dispensern DWSR-R \u00e4r designad f\u00f6r Honeycomb-papper. Det f\u00f6renklar och snabbar upp processen att packa en m\u00e4ngd olika varor. En materialremsa med bra l\u00e4ngd \u00e4r l\u00e4tt att dosera. Dessutom \u00e4r det v\u00e4ldigt bekv\u00e4mt att byta ut nya pappersrullar. L\u00e4mplig f\u00f6r anv\u00e4ndning p\u00e5 rulle med en bredd av: 50 cm\" \/>\n<meta property=\"og:url\" content=\"https:\/\/infigo.ee\/produkt\/dispenser-honeycom-paberile-pakkepaberile-50-cm-laiusega-rullile-dwsr-r-lauale-horisontaalselt-asetatav-moodud-285x230x520-mm\/\" \/>\n<meta property=\"og:site_name\" content=\"Infigo\" \/>\n<meta property=\"article:modified_time\" content=\"2026-01-29T07:31:45+00:00\" \/>\n<meta property=\"og:image\" content=\"https:\/\/infigo.ee\/wp-content\/uploads\/2024\/11\/dispenser-dwsr1.jpg\" \/>\n\t<meta property=\"og:image:width\" content=\"2000\" \/>\n\t<meta property=\"og:image:height\" content=\"2000\" \/>\n\t<meta property=\"og:image:type\" content=\"image\/jpeg\" \/>\n<meta name=\"twitter:card\" content=\"summary_large_image\" \/>\n<meta name=\"twitter:label1\" content=\"Est. reading time\" \/>\n\t<meta name=\"twitter:data1\" content=\"1 minute\" \/>\n<script type=\"application\/ld+json\" class=\"yoast-schema-graph\">{\"@context\":\"https:\\\/\\\/schema.org\",\"@graph\":[{\"@type\":\"WebPage\",\"@id\":\"https:\\\/\\\/infigo.ee\\\/produkt\\\/dispenser-honeycom-paberile-pakkepaberile-50-cm-laiusega-rullile-dwsr-r-lauale-horisontaalselt-asetatav-moodud-285x230x520-mm\\\/\",\"url\":\"https:\\\/\\\/infigo.ee\\\/produkt\\\/dispenser-honeycom-paberile-pakkepaberile-50-cm-laiusega-rullile-dwsr-r-lauale-horisontaalselt-asetatav-moodud-285x230x520-mm\\\/\",\"name\":\"Dispenser f\u00f6r Honeycomb-papper Omslagspapper, 50 cm bred rulle, DWSR-R, p\u00e5 bordet horisontellt, torlekar 285x230x520 mm - Infigo\",\"isPartOf\":{\"@id\":\"https:\\\/\\\/infigo.ee\\\/#website\"},\"primaryImageOfPage\":{\"@id\":\"https:\\\/\\\/infigo.ee\\\/produkt\\\/dispenser-honeycom-paberile-pakkepaberile-50-cm-laiusega-rullile-dwsr-r-lauale-horisontaalselt-asetatav-moodud-285x230x520-mm\\\/#primaryimage\"},\"image\":{\"@id\":\"https:\\\/\\\/infigo.ee\\\/produkt\\\/dispenser-honeycom-paberile-pakkepaberile-50-cm-laiusega-rullile-dwsr-r-lauale-horisontaalselt-asetatav-moodud-285x230x520-mm\\\/#primaryimage\"},\"thumbnailUrl\":\"https:\\\/\\\/infigo.ee\\\/wp-content\\\/uploads\\\/2024\\\/11\\\/dispenser-dwsr1.jpg\",\"datePublished\":\"2024-11-06T15:36:49+00:00\",\"dateModified\":\"2026-01-29T07:31:45+00:00\",\"breadcrumb\":{\"@id\":\"https:\\\/\\\/infigo.ee\\\/produkt\\\/dispenser-honeycom-paberile-pakkepaberile-50-cm-laiusega-rullile-dwsr-r-lauale-horisontaalselt-asetatav-moodud-285x230x520-mm\\\/#breadcrumb\"},\"inLanguage\":\"sv-SE\",\"potentialAction\":[{\"@type\":\"ReadAction\",\"target\":[\"https:\\\/\\\/infigo.ee\\\/produkt\\\/dispenser-honeycom-paberile-pakkepaberile-50-cm-laiusega-rullile-dwsr-r-lauale-horisontaalselt-asetatav-moodud-285x230x520-mm\\\/\"]}]},{\"@type\":\"ImageObject\",\"inLanguage\":\"sv-SE\",\"@id\":\"https:\\\/\\\/infigo.ee\\\/produkt\\\/dispenser-honeycom-paberile-pakkepaberile-50-cm-laiusega-rullile-dwsr-r-lauale-horisontaalselt-asetatav-moodud-285x230x520-mm\\\/#primaryimage\",\"url\":\"https:\\\/\\\/infigo.ee\\\/wp-content\\\/uploads\\\/2024\\\/11\\\/dispenser-dwsr1.jpg\",\"contentUrl\":\"https:\\\/\\\/infigo.ee\\\/wp-content\\\/uploads\\\/2024\\\/11\\\/dispenser-dwsr1.jpg\",\"width\":2000,\"height\":2000},{\"@type\":\"BreadcrumbList\",\"@id\":\"https:\\\/\\\/infigo.ee\\\/produkt\\\/dispenser-honeycom-paberile-pakkepaberile-50-cm-laiusega-rullile-dwsr-r-lauale-horisontaalselt-asetatav-moodud-285x230x520-mm\\\/#breadcrumb\",\"itemListElement\":[{\"@type\":\"ListItem\",\"position\":1,\"name\":\"Home\",\"item\":\"https:\\\/\\\/infigo.ee\\\/sv\\\/\"},{\"@type\":\"ListItem\",\"position\":2,\"name\":\"Webbutik\",\"item\":\"https:\\\/\\\/infigo.ee\\\/sv\\\/butik\\\/\"},{\"@type\":\"ListItem\",\"position\":3,\"name\":\"Dispenser f\u00f6r Honeycomb-papper Omslagspapper, 50 cm bred rulle, DWSR-R, p\u00e5 bordet horisontellt, torlekar 285x230x520 mm\"}]},{\"@type\":\"WebSite\",\"@id\":\"https:\\\/\\\/infigo.ee\\\/#website\",\"url\":\"https:\\\/\\\/infigo.ee\\\/\",\"name\":\"Infigo\",\"description\":\"\",\"publisher\":{\"@id\":\"https:\\\/\\\/infigo.ee\\\/#organization\"},\"potentialAction\":[{\"@type\":\"SearchAction\",\"target\":{\"@type\":\"EntryPoint\",\"urlTemplate\":\"https:\\\/\\\/infigo.ee\\\/?s={search_term_string}\"},\"query-input\":{\"@type\":\"PropertyValueSpecification\",\"valueRequired\":true,\"valueName\":\"search_term_string\"}}],\"inLanguage\":\"sv-SE\"},{\"@type\":\"Organization\",\"@id\":\"https:\\\/\\\/infigo.ee\\\/#organization\",\"name\":\"Infigo\",\"url\":\"https:\\\/\\\/infigo.ee\\\/\",\"logo\":{\"@type\":\"ImageObject\",\"inLanguage\":\"sv-SE\",\"@id\":\"https:\\\/\\\/infigo.ee\\\/#\\\/schema\\\/logo\\\/image\\\/\",\"url\":\"https:\\\/\\\/infigo.ee\\\/wp-content\\\/uploads\\\/2023\\\/11\\\/logo-1.jpg\",\"contentUrl\":\"https:\\\/\\\/infigo.ee\\\/wp-content\\\/uploads\\\/2023\\\/11\\\/logo-1.jpg\",\"width\":334,\"height\":114,\"caption\":\"Infigo\"},\"image\":{\"@id\":\"https:\\\/\\\/infigo.ee\\\/#\\\/schema\\\/logo\\\/image\\\/\"}}]}<\/script>\n<!-- \/ Yoast SEO plugin. -->","yoast_head_json":{"title":"Dispenser f\u00f6r Honeycomb-papper Omslagspapper, 50 cm bred rulle, DWSR-R, p\u00e5 bordet horisontellt, torlekar 285x230x520 mm - Infigo","robots":{"index":"index","follow":"follow","max-snippet":"max-snippet:-1","max-image-preview":"max-image-preview:large","max-video-preview":"max-video-preview:-1"},"canonical":"https:\/\/infigo.ee\/produkt\/dispenser-honeycom-paberile-pakkepaberile-50-cm-laiusega-rullile-dwsr-r-lauale-horisontaalselt-asetatav-moodud-285x230x520-mm\/","og_locale":"sv_SE","og_type":"article","og_title":"Dispenser f\u00f6r Honeycomb-papper Omslagspapper, 50 cm bred rulle, DWSR-R, p\u00e5 bordet horisontellt, torlekar 285x230x520 mm - Infigo","og_description":"Dispensern DWSR-R \u00e4r designad f\u00f6r Honeycomb-papper. Det f\u00f6renklar och snabbar upp processen att packa en m\u00e4ngd olika varor. En materialremsa med bra l\u00e4ngd \u00e4r l\u00e4tt att dosera. Dessutom \u00e4r det v\u00e4ldigt bekv\u00e4mt att byta ut nya pappersrullar. L\u00e4mplig f\u00f6r anv\u00e4ndning p\u00e5 rulle med en bredd av: 50 cm","og_url":"https:\/\/infigo.ee\/produkt\/dispenser-honeycom-paberile-pakkepaberile-50-cm-laiusega-rullile-dwsr-r-lauale-horisontaalselt-asetatav-moodud-285x230x520-mm\/","og_site_name":"Infigo","article_modified_time":"2026-01-29T07:31:45+00:00","og_image":[{"width":2000,"height":2000,"url":"https:\/\/infigo.ee\/wp-content\/uploads\/2024\/11\/dispenser-dwsr1.jpg","type":"image\/jpeg"}],"twitter_card":"summary_large_image","twitter_misc":{"Est. reading time":"1 minute"},"schema":{"@context":"https:\/\/schema.org","@graph":[{"@type":"WebPage","@id":"https:\/\/infigo.ee\/produkt\/dispenser-honeycom-paberile-pakkepaberile-50-cm-laiusega-rullile-dwsr-r-lauale-horisontaalselt-asetatav-moodud-285x230x520-mm\/","url":"https:\/\/infigo.ee\/produkt\/dispenser-honeycom-paberile-pakkepaberile-50-cm-laiusega-rullile-dwsr-r-lauale-horisontaalselt-asetatav-moodud-285x230x520-mm\/","name":"Dispenser f\u00f6r Honeycomb-papper Omslagspapper, 50 cm bred rulle, DWSR-R, p\u00e5 bordet horisontellt, torlekar 285x230x520 mm - Infigo","isPartOf":{"@id":"https:\/\/infigo.ee\/#website"},"primaryImageOfPage":{"@id":"https:\/\/infigo.ee\/produkt\/dispenser-honeycom-paberile-pakkepaberile-50-cm-laiusega-rullile-dwsr-r-lauale-horisontaalselt-asetatav-moodud-285x230x520-mm\/#primaryimage"},"image":{"@id":"https:\/\/infigo.ee\/produkt\/dispenser-honeycom-paberile-pakkepaberile-50-cm-laiusega-rullile-dwsr-r-lauale-horisontaalselt-asetatav-moodud-285x230x520-mm\/#primaryimage"},"thumbnailUrl":"https:\/\/infigo.ee\/wp-content\/uploads\/2024\/11\/dispenser-dwsr1.jpg","datePublished":"2024-11-06T15:36:49+00:00","dateModified":"2026-01-29T07:31:45+00:00","breadcrumb":{"@id":"https:\/\/infigo.ee\/produkt\/dispenser-honeycom-paberile-pakkepaberile-50-cm-laiusega-rullile-dwsr-r-lauale-horisontaalselt-asetatav-moodud-285x230x520-mm\/#breadcrumb"},"inLanguage":"sv-SE","potentialAction":[{"@type":"ReadAction","target":["https:\/\/infigo.ee\/produkt\/dispenser-honeycom-paberile-pakkepaberile-50-cm-laiusega-rullile-dwsr-r-lauale-horisontaalselt-asetatav-moodud-285x230x520-mm\/"]}]},{"@type":"ImageObject","inLanguage":"sv-SE","@id":"https:\/\/infigo.ee\/produkt\/dispenser-honeycom-paberile-pakkepaberile-50-cm-laiusega-rullile-dwsr-r-lauale-horisontaalselt-asetatav-moodud-285x230x520-mm\/#primaryimage","url":"https:\/\/infigo.ee\/wp-content\/uploads\/2024\/11\/dispenser-dwsr1.jpg","contentUrl":"https:\/\/infigo.ee\/wp-content\/uploads\/2024\/11\/dispenser-dwsr1.jpg","width":2000,"height":2000},{"@type":"BreadcrumbList","@id":"https:\/\/infigo.ee\/produkt\/dispenser-honeycom-paberile-pakkepaberile-50-cm-laiusega-rullile-dwsr-r-lauale-horisontaalselt-asetatav-moodud-285x230x520-mm\/#breadcrumb","itemListElement":[{"@type":"ListItem","position":1,"name":"Home","item":"https:\/\/infigo.ee\/sv\/"},{"@type":"ListItem","position":2,"name":"Webbutik","item":"https:\/\/infigo.ee\/sv\/butik\/"},{"@type":"ListItem","position":3,"name":"Dispenser f\u00f6r Honeycomb-papper Omslagspapper, 50 cm bred rulle, DWSR-R, p\u00e5 bordet horisontellt, torlekar 285x230x520 mm"}]},{"@type":"WebSite","@id":"https:\/\/infigo.ee\/#website","url":"https:\/\/infigo.ee\/","name":"Infigo","description":"","publisher":{"@id":"https:\/\/infigo.ee\/#organization"},"potentialAction":[{"@type":"SearchAction","target":{"@type":"EntryPoint","urlTemplate":"https:\/\/infigo.ee\/?s={search_term_string}"},"query-input":{"@type":"PropertyValueSpecification","valueRequired":true,"valueName":"search_term_string"}}],"inLanguage":"sv-SE"},{"@type":"Organization","@id":"https:\/\/infigo.ee\/#organization","name":"Infigo","url":"https:\/\/infigo.ee\/","logo":{"@type":"ImageObject","inLanguage":"sv-SE","@id":"https:\/\/infigo.ee\/#\/schema\/logo\/image\/","url":"https:\/\/infigo.ee\/wp-content\/uploads\/2023\/11\/logo-1.jpg","contentUrl":"https:\/\/infigo.ee\/wp-content\/uploads\/2023\/11\/logo-1.jpg","width":334,"height":114,"caption":"Infigo"},"image":{"@id":"https:\/\/infigo.ee\/#\/schema\/logo\/image\/"}}]}},"_links":{"self":[{"href":"https:\/\/infigo.ee\/sv\/wp-json\/wp\/v2\/product\/55910","targetHints":{"allow":["GET"]}}],"collection":[{"href":"https:\/\/infigo.ee\/sv\/wp-json\/wp\/v2\/product"}],"about":[{"href":"https:\/\/infigo.ee\/sv\/wp-json\/wp\/v2\/types\/product"}],"replies":[{"embeddable":true,"href":"https:\/\/infigo.ee\/sv\/wp-json\/wp\/v2\/comments?post=55910"}],"wp:featuredmedia":[{"embeddable":true,"href":"https:\/\/infigo.ee\/sv\/wp-json\/wp\/v2\/media\/55927"}],"wp:attachment":[{"href":"https:\/\/infigo.ee\/sv\/wp-json\/wp\/v2\/media?parent=55910"}],"wp:term":[{"taxonomy":"product_brand","embeddable":true,"href":"https:\/\/infigo.ee\/sv\/wp-json\/wp\/v2\/product_brand?post=55910"},{"taxonomy":"product_cat","embeddable":true,"href":"https:\/\/infigo.ee\/sv\/wp-json\/wp\/v2\/product_cat?post=55910"},{"taxonomy":"product_tag","embeddable":true,"href":"https:\/\/infigo.ee\/sv\/wp-json\/wp\/v2\/product_tag?post=55910"}],"curies":[{"name":"wp","href":"https:\/\/api.w.org\/{rel}","templated":true}]}}