{"id":54886,"date":"2024-10-21T09:11:02","date_gmt":"2024-10-21T06:11:02","guid":{"rendered":"https:\/\/infigo.ee\/toode\/e-handelspasar-i-papper-16x4x23-cm-bredd-x-vik-x-hojd-block-bottom-typ-brunt-kraftpapper-120-gsm-2-sjalvhaftande-tackremsa-och-oppning-med-rivremsa\/"},"modified":"2026-02-26T16:28:02","modified_gmt":"2026-02-26T14:28:02","slug":"e-handelspasar-i-papper-16x4x23-cm-bredd-x-vik-x-hojd-block-bottom-typ-brunt-kraftpapper-120-gsm-2-sjalvhaftande-tackremsa-och-oppning-med-rivremsa","status":"publish","type":"product","link":"https:\/\/infigo.ee\/sv\/produkt\/e-handelspasar-i-papper-16x4x23-cm-bredd-x-vik-x-hojd-block-bottom-typ-brunt-kraftpapper-120-gsm-2-sjalvhaftande-tackremsa-och-oppning-med-rivremsa\/","title":{"rendered":"E-handelsp\u00e5sar i papper 16x4x23 cm (bredd x vik x h\u00f6jd), block bottom typ, brunt kraftpapper 120 gsm, 2 sj\u00e4lvh\u00e4ftande t\u00e4ckremsa och \u00f6ppning med rivremsa"},"content":{"rendered":"","protected":false},"excerpt":{"rendered":"","protected":false},"featured_media":46082,"comment_status":"open","ping_status":"closed","template":"","meta":{"_acf_changed":false},"product_brand":[],"product_cat":[881],"product_tag":[],"class_list":{"0":"post-54886","1":"product","2":"type-product","3":"status-publish","4":"has-post-thumbnail","6":"product_cat-e-handelspasar-2-sjalvhaftande-peelremsor","8":"first","9":"instock","10":"taxable","11":"shipping-taxable","12":"purchasable","13":"product-type-simple"},"acf":[],"yoast_head":"<!-- This site is optimized with the Yoast SEO plugin v27.3 - https:\/\/yoast.com\/product\/yoast-seo-wordpress\/ -->\n<title>E-handelsp\u00e5sar i papper 16x4x23 cm (bredd x vik x h\u00f6jd), block bottom typ, brunt kraftpapper 120 gsm, 2 sj\u00e4lvh\u00e4ftande t\u00e4ckremsa och \u00f6ppning med rivremsa - Infigo<\/title>\n<meta name=\"robots\" content=\"index, follow, max-snippet:-1, max-image-preview:large, max-video-preview:-1\" \/>\n<link rel=\"canonical\" href=\"https:\/\/infigo.ee\/produkt\/postikott-paberist-16x4x23-cm-laius-x-voldid-x-korgus-biolagunev-ja-komposteeritav-pohja-kuljevoldiga-pruun-kraftpaber-120-gsm-2-e-sulgemisteibiga-rebi-ja-sulge-lihtne-avada-ja-taasulgeda-200\/\" \/>\n<meta property=\"og:locale\" content=\"sv_SE\" \/>\n<meta property=\"og:type\" content=\"article\" \/>\n<meta property=\"og:title\" content=\"E-handelsp\u00e5sar i papper 16x4x23 cm (bredd x vik x h\u00f6jd), block bottom typ, brunt kraftpapper 120 gsm, 2 sj\u00e4lvh\u00e4ftande t\u00e4ckremsa och \u00f6ppning med rivremsa - Infigo\" \/>\n<meta property=\"og:url\" content=\"https:\/\/infigo.ee\/produkt\/postikott-paberist-16x4x23-cm-laius-x-voldid-x-korgus-biolagunev-ja-komposteeritav-pohja-kuljevoldiga-pruun-kraftpaber-120-gsm-2-e-sulgemisteibiga-rebi-ja-sulge-lihtne-avada-ja-taasulgeda-200\/\" \/>\n<meta property=\"og:site_name\" content=\"Infigo\" \/>\n<meta property=\"article:modified_time\" content=\"2026-02-26T14:28:02+00:00\" \/>\n<meta property=\"og:image\" content=\"https:\/\/infigo.ee\/wp-content\/uploads\/2024\/03\/eg_mailers-paper13.jpg\" \/>\n\t<meta property=\"og:image:width\" content=\"1485\" \/>\n\t<meta property=\"og:image:height\" content=\"1485\" \/>\n\t<meta property=\"og:image:type\" content=\"image\/jpeg\" \/>\n<meta name=\"twitter:card\" content=\"summary_large_image\" \/>\n<script type=\"application\/ld+json\" class=\"yoast-schema-graph\">{\"@context\":\"https:\\\/\\\/schema.org\",\"@graph\":[{\"@type\":\"WebPage\",\"@id\":\"https:\\\/\\\/infigo.ee\\\/produkt\\\/postikott-paberist-16x4x23-cm-laius-x-voldid-x-korgus-biolagunev-ja-komposteeritav-pohja-kuljevoldiga-pruun-kraftpaber-120-gsm-2-e-sulgemisteibiga-rebi-ja-sulge-lihtne-avada-ja-taasulgeda-200\\\/\",\"url\":\"https:\\\/\\\/infigo.ee\\\/produkt\\\/postikott-paberist-16x4x23-cm-laius-x-voldid-x-korgus-biolagunev-ja-komposteeritav-pohja-kuljevoldiga-pruun-kraftpaber-120-gsm-2-e-sulgemisteibiga-rebi-ja-sulge-lihtne-avada-ja-taasulgeda-200\\\/\",\"name\":\"E-handelsp\u00e5sar i papper 16x4x23 cm (bredd x vik x h\u00f6jd), block bottom typ, brunt kraftpapper 120 gsm, 2 sj\u00e4lvh\u00e4ftande t\u00e4ckremsa och \u00f6ppning med rivremsa - Infigo\",\"isPartOf\":{\"@id\":\"https:\\\/\\\/infigo.ee\\\/#website\"},\"primaryImageOfPage\":{\"@id\":\"https:\\\/\\\/infigo.ee\\\/produkt\\\/postikott-paberist-16x4x23-cm-laius-x-voldid-x-korgus-biolagunev-ja-komposteeritav-pohja-kuljevoldiga-pruun-kraftpaber-120-gsm-2-e-sulgemisteibiga-rebi-ja-sulge-lihtne-avada-ja-taasulgeda-200\\\/#primaryimage\"},\"image\":{\"@id\":\"https:\\\/\\\/infigo.ee\\\/produkt\\\/postikott-paberist-16x4x23-cm-laius-x-voldid-x-korgus-biolagunev-ja-komposteeritav-pohja-kuljevoldiga-pruun-kraftpaber-120-gsm-2-e-sulgemisteibiga-rebi-ja-sulge-lihtne-avada-ja-taasulgeda-200\\\/#primaryimage\"},\"thumbnailUrl\":\"https:\\\/\\\/infigo.ee\\\/wp-content\\\/uploads\\\/2024\\\/03\\\/eg_mailers-paper13.jpg\",\"datePublished\":\"2024-10-21T06:11:02+00:00\",\"dateModified\":\"2026-02-26T14:28:02+00:00\",\"breadcrumb\":{\"@id\":\"https:\\\/\\\/infigo.ee\\\/produkt\\\/postikott-paberist-16x4x23-cm-laius-x-voldid-x-korgus-biolagunev-ja-komposteeritav-pohja-kuljevoldiga-pruun-kraftpaber-120-gsm-2-e-sulgemisteibiga-rebi-ja-sulge-lihtne-avada-ja-taasulgeda-200\\\/#breadcrumb\"},\"inLanguage\":\"sv-SE\",\"potentialAction\":[{\"@type\":\"ReadAction\",\"target\":[\"https:\\\/\\\/infigo.ee\\\/produkt\\\/postikott-paberist-16x4x23-cm-laius-x-voldid-x-korgus-biolagunev-ja-komposteeritav-pohja-kuljevoldiga-pruun-kraftpaber-120-gsm-2-e-sulgemisteibiga-rebi-ja-sulge-lihtne-avada-ja-taasulgeda-200\\\/\"]}]},{\"@type\":\"ImageObject\",\"inLanguage\":\"sv-SE\",\"@id\":\"https:\\\/\\\/infigo.ee\\\/produkt\\\/postikott-paberist-16x4x23-cm-laius-x-voldid-x-korgus-biolagunev-ja-komposteeritav-pohja-kuljevoldiga-pruun-kraftpaber-120-gsm-2-e-sulgemisteibiga-rebi-ja-sulge-lihtne-avada-ja-taasulgeda-200\\\/#primaryimage\",\"url\":\"https:\\\/\\\/infigo.ee\\\/wp-content\\\/uploads\\\/2024\\\/03\\\/eg_mailers-paper13.jpg\",\"contentUrl\":\"https:\\\/\\\/infigo.ee\\\/wp-content\\\/uploads\\\/2024\\\/03\\\/eg_mailers-paper13.jpg\",\"width\":1485,\"height\":1485},{\"@type\":\"BreadcrumbList\",\"@id\":\"https:\\\/\\\/infigo.ee\\\/produkt\\\/postikott-paberist-16x4x23-cm-laius-x-voldid-x-korgus-biolagunev-ja-komposteeritav-pohja-kuljevoldiga-pruun-kraftpaber-120-gsm-2-e-sulgemisteibiga-rebi-ja-sulge-lihtne-avada-ja-taasulgeda-200\\\/#breadcrumb\",\"itemListElement\":[{\"@type\":\"ListItem\",\"position\":1,\"name\":\"Home\",\"item\":\"https:\\\/\\\/infigo.ee\\\/sv\\\/\"},{\"@type\":\"ListItem\",\"position\":2,\"name\":\"Webbutik\",\"item\":\"https:\\\/\\\/infigo.ee\\\/sv\\\/butik\\\/\"},{\"@type\":\"ListItem\",\"position\":3,\"name\":\"E-handelsp\u00e5sar i papper 16x4x23 cm (bredd x vik x h\u00f6jd), block bottom typ, brunt kraftpapper 120 gsm, 2 sj\u00e4lvh\u00e4ftande t\u00e4ckremsa och \u00f6ppning med rivremsa\"}]},{\"@type\":\"WebSite\",\"@id\":\"https:\\\/\\\/infigo.ee\\\/#website\",\"url\":\"https:\\\/\\\/infigo.ee\\\/\",\"name\":\"Infigo\",\"description\":\"\",\"publisher\":{\"@id\":\"https:\\\/\\\/infigo.ee\\\/#organization\"},\"potentialAction\":[{\"@type\":\"SearchAction\",\"target\":{\"@type\":\"EntryPoint\",\"urlTemplate\":\"https:\\\/\\\/infigo.ee\\\/?s={search_term_string}\"},\"query-input\":{\"@type\":\"PropertyValueSpecification\",\"valueRequired\":true,\"valueName\":\"search_term_string\"}}],\"inLanguage\":\"sv-SE\"},{\"@type\":\"Organization\",\"@id\":\"https:\\\/\\\/infigo.ee\\\/#organization\",\"name\":\"Infigo\",\"url\":\"https:\\\/\\\/infigo.ee\\\/\",\"logo\":{\"@type\":\"ImageObject\",\"inLanguage\":\"sv-SE\",\"@id\":\"https:\\\/\\\/infigo.ee\\\/#\\\/schema\\\/logo\\\/image\\\/\",\"url\":\"https:\\\/\\\/infigo.ee\\\/wp-content\\\/uploads\\\/2023\\\/11\\\/logo-1.jpg\",\"contentUrl\":\"https:\\\/\\\/infigo.ee\\\/wp-content\\\/uploads\\\/2023\\\/11\\\/logo-1.jpg\",\"width\":334,\"height\":114,\"caption\":\"Infigo\"},\"image\":{\"@id\":\"https:\\\/\\\/infigo.ee\\\/#\\\/schema\\\/logo\\\/image\\\/\"}}]}<\/script>\n<!-- \/ Yoast SEO plugin. -->","yoast_head_json":{"title":"E-handelsp\u00e5sar i papper 16x4x23 cm (bredd x vik x h\u00f6jd), block bottom typ, brunt kraftpapper 120 gsm, 2 sj\u00e4lvh\u00e4ftande t\u00e4ckremsa och \u00f6ppning med rivremsa - Infigo","robots":{"index":"index","follow":"follow","max-snippet":"max-snippet:-1","max-image-preview":"max-image-preview:large","max-video-preview":"max-video-preview:-1"},"canonical":"https:\/\/infigo.ee\/produkt\/postikott-paberist-16x4x23-cm-laius-x-voldid-x-korgus-biolagunev-ja-komposteeritav-pohja-kuljevoldiga-pruun-kraftpaber-120-gsm-2-e-sulgemisteibiga-rebi-ja-sulge-lihtne-avada-ja-taasulgeda-200\/","og_locale":"sv_SE","og_type":"article","og_title":"E-handelsp\u00e5sar i papper 16x4x23 cm (bredd x vik x h\u00f6jd), block bottom typ, brunt kraftpapper 120 gsm, 2 sj\u00e4lvh\u00e4ftande t\u00e4ckremsa och \u00f6ppning med rivremsa - Infigo","og_url":"https:\/\/infigo.ee\/produkt\/postikott-paberist-16x4x23-cm-laius-x-voldid-x-korgus-biolagunev-ja-komposteeritav-pohja-kuljevoldiga-pruun-kraftpaber-120-gsm-2-e-sulgemisteibiga-rebi-ja-sulge-lihtne-avada-ja-taasulgeda-200\/","og_site_name":"Infigo","article_modified_time":"2026-02-26T14:28:02+00:00","og_image":[{"width":1485,"height":1485,"url":"https:\/\/infigo.ee\/wp-content\/uploads\/2024\/03\/eg_mailers-paper13.jpg","type":"image\/jpeg"}],"twitter_card":"summary_large_image","schema":{"@context":"https:\/\/schema.org","@graph":[{"@type":"WebPage","@id":"https:\/\/infigo.ee\/produkt\/postikott-paberist-16x4x23-cm-laius-x-voldid-x-korgus-biolagunev-ja-komposteeritav-pohja-kuljevoldiga-pruun-kraftpaber-120-gsm-2-e-sulgemisteibiga-rebi-ja-sulge-lihtne-avada-ja-taasulgeda-200\/","url":"https:\/\/infigo.ee\/produkt\/postikott-paberist-16x4x23-cm-laius-x-voldid-x-korgus-biolagunev-ja-komposteeritav-pohja-kuljevoldiga-pruun-kraftpaber-120-gsm-2-e-sulgemisteibiga-rebi-ja-sulge-lihtne-avada-ja-taasulgeda-200\/","name":"E-handelsp\u00e5sar i papper 16x4x23 cm (bredd x vik x h\u00f6jd), block bottom typ, brunt kraftpapper 120 gsm, 2 sj\u00e4lvh\u00e4ftande t\u00e4ckremsa och \u00f6ppning med rivremsa - Infigo","isPartOf":{"@id":"https:\/\/infigo.ee\/#website"},"primaryImageOfPage":{"@id":"https:\/\/infigo.ee\/produkt\/postikott-paberist-16x4x23-cm-laius-x-voldid-x-korgus-biolagunev-ja-komposteeritav-pohja-kuljevoldiga-pruun-kraftpaber-120-gsm-2-e-sulgemisteibiga-rebi-ja-sulge-lihtne-avada-ja-taasulgeda-200\/#primaryimage"},"image":{"@id":"https:\/\/infigo.ee\/produkt\/postikott-paberist-16x4x23-cm-laius-x-voldid-x-korgus-biolagunev-ja-komposteeritav-pohja-kuljevoldiga-pruun-kraftpaber-120-gsm-2-e-sulgemisteibiga-rebi-ja-sulge-lihtne-avada-ja-taasulgeda-200\/#primaryimage"},"thumbnailUrl":"https:\/\/infigo.ee\/wp-content\/uploads\/2024\/03\/eg_mailers-paper13.jpg","datePublished":"2024-10-21T06:11:02+00:00","dateModified":"2026-02-26T14:28:02+00:00","breadcrumb":{"@id":"https:\/\/infigo.ee\/produkt\/postikott-paberist-16x4x23-cm-laius-x-voldid-x-korgus-biolagunev-ja-komposteeritav-pohja-kuljevoldiga-pruun-kraftpaber-120-gsm-2-e-sulgemisteibiga-rebi-ja-sulge-lihtne-avada-ja-taasulgeda-200\/#breadcrumb"},"inLanguage":"sv-SE","potentialAction":[{"@type":"ReadAction","target":["https:\/\/infigo.ee\/produkt\/postikott-paberist-16x4x23-cm-laius-x-voldid-x-korgus-biolagunev-ja-komposteeritav-pohja-kuljevoldiga-pruun-kraftpaber-120-gsm-2-e-sulgemisteibiga-rebi-ja-sulge-lihtne-avada-ja-taasulgeda-200\/"]}]},{"@type":"ImageObject","inLanguage":"sv-SE","@id":"https:\/\/infigo.ee\/produkt\/postikott-paberist-16x4x23-cm-laius-x-voldid-x-korgus-biolagunev-ja-komposteeritav-pohja-kuljevoldiga-pruun-kraftpaber-120-gsm-2-e-sulgemisteibiga-rebi-ja-sulge-lihtne-avada-ja-taasulgeda-200\/#primaryimage","url":"https:\/\/infigo.ee\/wp-content\/uploads\/2024\/03\/eg_mailers-paper13.jpg","contentUrl":"https:\/\/infigo.ee\/wp-content\/uploads\/2024\/03\/eg_mailers-paper13.jpg","width":1485,"height":1485},{"@type":"BreadcrumbList","@id":"https:\/\/infigo.ee\/produkt\/postikott-paberist-16x4x23-cm-laius-x-voldid-x-korgus-biolagunev-ja-komposteeritav-pohja-kuljevoldiga-pruun-kraftpaber-120-gsm-2-e-sulgemisteibiga-rebi-ja-sulge-lihtne-avada-ja-taasulgeda-200\/#breadcrumb","itemListElement":[{"@type":"ListItem","position":1,"name":"Home","item":"https:\/\/infigo.ee\/sv\/"},{"@type":"ListItem","position":2,"name":"Webbutik","item":"https:\/\/infigo.ee\/sv\/butik\/"},{"@type":"ListItem","position":3,"name":"E-handelsp\u00e5sar i papper 16x4x23 cm (bredd x vik x h\u00f6jd), block bottom typ, brunt kraftpapper 120 gsm, 2 sj\u00e4lvh\u00e4ftande t\u00e4ckremsa och \u00f6ppning med rivremsa"}]},{"@type":"WebSite","@id":"https:\/\/infigo.ee\/#website","url":"https:\/\/infigo.ee\/","name":"Infigo","description":"","publisher":{"@id":"https:\/\/infigo.ee\/#organization"},"potentialAction":[{"@type":"SearchAction","target":{"@type":"EntryPoint","urlTemplate":"https:\/\/infigo.ee\/?s={search_term_string}"},"query-input":{"@type":"PropertyValueSpecification","valueRequired":true,"valueName":"search_term_string"}}],"inLanguage":"sv-SE"},{"@type":"Organization","@id":"https:\/\/infigo.ee\/#organization","name":"Infigo","url":"https:\/\/infigo.ee\/","logo":{"@type":"ImageObject","inLanguage":"sv-SE","@id":"https:\/\/infigo.ee\/#\/schema\/logo\/image\/","url":"https:\/\/infigo.ee\/wp-content\/uploads\/2023\/11\/logo-1.jpg","contentUrl":"https:\/\/infigo.ee\/wp-content\/uploads\/2023\/11\/logo-1.jpg","width":334,"height":114,"caption":"Infigo"},"image":{"@id":"https:\/\/infigo.ee\/#\/schema\/logo\/image\/"}}]}},"_links":{"self":[{"href":"https:\/\/infigo.ee\/sv\/wp-json\/wp\/v2\/product\/54886","targetHints":{"allow":["GET"]}}],"collection":[{"href":"https:\/\/infigo.ee\/sv\/wp-json\/wp\/v2\/product"}],"about":[{"href":"https:\/\/infigo.ee\/sv\/wp-json\/wp\/v2\/types\/product"}],"replies":[{"embeddable":true,"href":"https:\/\/infigo.ee\/sv\/wp-json\/wp\/v2\/comments?post=54886"}],"wp:featuredmedia":[{"embeddable":true,"href":"https:\/\/infigo.ee\/sv\/wp-json\/wp\/v2\/media\/46082"}],"wp:attachment":[{"href":"https:\/\/infigo.ee\/sv\/wp-json\/wp\/v2\/media?parent=54886"}],"wp:term":[{"taxonomy":"product_brand","embeddable":true,"href":"https:\/\/infigo.ee\/sv\/wp-json\/wp\/v2\/product_brand?post=54886"},{"taxonomy":"product_cat","embeddable":true,"href":"https:\/\/infigo.ee\/sv\/wp-json\/wp\/v2\/product_cat?post=54886"},{"taxonomy":"product_tag","embeddable":true,"href":"https:\/\/infigo.ee\/sv\/wp-json\/wp\/v2\/product_tag?post=54886"}],"curies":[{"name":"wp","href":"https:\/\/api.w.org\/{rel}","templated":true}]}}