{"id":53744,"date":"2024-10-21T08:22:26","date_gmt":"2024-10-21T05:22:26","guid":{"rendered":"https:\/\/infigo.ee\/toode\/doypack-zip-pase-500-ml-13x2257-cm-bredd-x-hojdbotten-brunt-pappetpe-ca-100-my-aterforslutningsbar-zip-pase-och-rivskara-for-oppnas-500-st-lada\/"},"modified":"2026-02-26T16:32:43","modified_gmt":"2026-02-26T14:32:43","slug":"doypack-zip-pase-500-ml-13x2257-cm-bredd-x-hojdbotten-brunt-pappetpe-ca-100-my-aterforslutningsbar-zip-pase-och-rivskara-for-oppnas-500-st-lada","status":"publish","type":"product","link":"https:\/\/infigo.ee\/sv\/produkt\/doypack-zip-pase-500-ml-13x2257-cm-bredd-x-hojdbotten-brunt-pappetpe-ca-100-my-aterforslutningsbar-zip-pase-och-rivskara-for-oppnas-500-st-lada\/","title":{"rendered":"Doypack Zip-p\u00e5se 500 ml 13&#215;22,5+7 cm (bredd x h\u00f6jd+botten), brunt PAP+PET+PE ca 100 my, \u00e5terf\u00f6rslutningsbar Zip-p\u00e5se och rivsk\u00e5ra f\u00f6r \u00f6ppnas, 500 st\/l\u00e5da"},"content":{"rendered":"","protected":false},"excerpt":{"rendered":"","protected":false},"featured_media":48681,"comment_status":"open","ping_status":"closed","template":"","meta":{"_acf_changed":false},"product_brand":[],"product_cat":[993],"product_tag":[],"class_list":{"0":"post-53744","1":"product","2":"type-product","3":"status-publish","4":"has-post-thumbnail","6":"product_cat-stand-up-pasar-zip-pasar","8":"first","9":"instock","10":"taxable","11":"shipping-taxable","12":"purchasable","13":"product-type-simple"},"acf":[],"yoast_head":"<!-- This site is optimized with the Yoast SEO plugin v27.1.1 - https:\/\/yoast.com\/product\/yoast-seo-wordpress\/ -->\n<title>Doypack Zip-p\u00e5se 500 ml 13x22,5+7 cm (bredd x h\u00f6jd+botten), brunt PAP+PET+PE ca 100 my, \u00e5terf\u00f6rslutningsbar Zip-p\u00e5se och rivsk\u00e5ra f\u00f6r \u00f6ppnas, 500 st\/l\u00e5da - Infigo<\/title>\n<meta name=\"robots\" content=\"index, follow, max-snippet:-1, max-image-preview:large, max-video-preview:-1\" \/>\n<link rel=\"canonical\" href=\"https:\/\/infigo.ee\/produkt\/doypack-tuupi-kott-13x2257-cm-laius-x-korguspohi-500-ml-pruun-pappetpe-ca-100-my-minigrip-sulgur-ja-lahtirebimise-perforatsioon-500-tk-kast\/\" \/>\n<meta property=\"og:locale\" content=\"sv_SE\" \/>\n<meta property=\"og:type\" content=\"article\" \/>\n<meta property=\"og:title\" content=\"Doypack Zip-p\u00e5se 500 ml 13x22,5+7 cm (bredd x h\u00f6jd+botten), brunt PAP+PET+PE ca 100 my, \u00e5terf\u00f6rslutningsbar Zip-p\u00e5se och rivsk\u00e5ra f\u00f6r \u00f6ppnas, 500 st\/l\u00e5da - Infigo\" \/>\n<meta property=\"og:url\" content=\"https:\/\/infigo.ee\/produkt\/doypack-tuupi-kott-13x2257-cm-laius-x-korguspohi-500-ml-pruun-pappetpe-ca-100-my-minigrip-sulgur-ja-lahtirebimise-perforatsioon-500-tk-kast\/\" \/>\n<meta property=\"og:site_name\" content=\"Infigo\" \/>\n<meta property=\"article:modified_time\" content=\"2026-02-26T14:32:43+00:00\" \/>\n<meta property=\"og:image\" content=\"https:\/\/infigo.ee\/wp-content\/uploads\/2024\/05\/eg_doypack2.jpg\" \/>\n\t<meta property=\"og:image:width\" content=\"1485\" \/>\n\t<meta property=\"og:image:height\" content=\"1485\" \/>\n\t<meta property=\"og:image:type\" content=\"image\/jpeg\" \/>\n<meta name=\"twitter:card\" content=\"summary_large_image\" \/>\n<script type=\"application\/ld+json\" class=\"yoast-schema-graph\">{\"@context\":\"https:\/\/schema.org\",\"@graph\":[{\"@type\":\"WebPage\",\"@id\":\"https:\/\/infigo.ee\/produkt\/doypack-tuupi-kott-13x2257-cm-laius-x-korguspohi-500-ml-pruun-pappetpe-ca-100-my-minigrip-sulgur-ja-lahtirebimise-perforatsioon-500-tk-kast\/\",\"url\":\"https:\/\/infigo.ee\/produkt\/doypack-tuupi-kott-13x2257-cm-laius-x-korguspohi-500-ml-pruun-pappetpe-ca-100-my-minigrip-sulgur-ja-lahtirebimise-perforatsioon-500-tk-kast\/\",\"name\":\"Doypack Zip-p\u00e5se 500 ml 13x22,5+7 cm (bredd x h\u00f6jd+botten), brunt PAP+PET+PE ca 100 my, \u00e5terf\u00f6rslutningsbar Zip-p\u00e5se och rivsk\u00e5ra f\u00f6r \u00f6ppnas, 500 st\/l\u00e5da - Infigo\",\"isPartOf\":{\"@id\":\"https:\/\/infigo.ee\/#website\"},\"primaryImageOfPage\":{\"@id\":\"https:\/\/infigo.ee\/produkt\/doypack-tuupi-kott-13x2257-cm-laius-x-korguspohi-500-ml-pruun-pappetpe-ca-100-my-minigrip-sulgur-ja-lahtirebimise-perforatsioon-500-tk-kast\/#primaryimage\"},\"image\":{\"@id\":\"https:\/\/infigo.ee\/produkt\/doypack-tuupi-kott-13x2257-cm-laius-x-korguspohi-500-ml-pruun-pappetpe-ca-100-my-minigrip-sulgur-ja-lahtirebimise-perforatsioon-500-tk-kast\/#primaryimage\"},\"thumbnailUrl\":\"https:\/\/infigo.ee\/wp-content\/uploads\/2024\/05\/eg_doypack2.jpg\",\"datePublished\":\"2024-10-21T05:22:26+00:00\",\"dateModified\":\"2026-02-26T14:32:43+00:00\",\"breadcrumb\":{\"@id\":\"https:\/\/infigo.ee\/produkt\/doypack-tuupi-kott-13x2257-cm-laius-x-korguspohi-500-ml-pruun-pappetpe-ca-100-my-minigrip-sulgur-ja-lahtirebimise-perforatsioon-500-tk-kast\/#breadcrumb\"},\"inLanguage\":\"sv-SE\",\"potentialAction\":[{\"@type\":\"ReadAction\",\"target\":[\"https:\/\/infigo.ee\/produkt\/doypack-tuupi-kott-13x2257-cm-laius-x-korguspohi-500-ml-pruun-pappetpe-ca-100-my-minigrip-sulgur-ja-lahtirebimise-perforatsioon-500-tk-kast\/\"]}]},{\"@type\":\"ImageObject\",\"inLanguage\":\"sv-SE\",\"@id\":\"https:\/\/infigo.ee\/produkt\/doypack-tuupi-kott-13x2257-cm-laius-x-korguspohi-500-ml-pruun-pappetpe-ca-100-my-minigrip-sulgur-ja-lahtirebimise-perforatsioon-500-tk-kast\/#primaryimage\",\"url\":\"https:\/\/infigo.ee\/wp-content\/uploads\/2024\/05\/eg_doypack2.jpg\",\"contentUrl\":\"https:\/\/infigo.ee\/wp-content\/uploads\/2024\/05\/eg_doypack2.jpg\",\"width\":1485,\"height\":1485},{\"@type\":\"BreadcrumbList\",\"@id\":\"https:\/\/infigo.ee\/produkt\/doypack-tuupi-kott-13x2257-cm-laius-x-korguspohi-500-ml-pruun-pappetpe-ca-100-my-minigrip-sulgur-ja-lahtirebimise-perforatsioon-500-tk-kast\/#breadcrumb\",\"itemListElement\":[{\"@type\":\"ListItem\",\"position\":1,\"name\":\"Home\",\"item\":\"https:\/\/infigo.ee\/sv\/\"},{\"@type\":\"ListItem\",\"position\":2,\"name\":\"Webbutik\",\"item\":\"https:\/\/infigo.ee\/sv\/butik\/\"},{\"@type\":\"ListItem\",\"position\":3,\"name\":\"Doypack Zip-p\u00e5se 500 ml 13&#215;22,5+7 cm (bredd x h\u00f6jd+botten), brunt PAP+PET+PE ca 100 my, \u00e5terf\u00f6rslutningsbar Zip-p\u00e5se och rivsk\u00e5ra f\u00f6r \u00f6ppnas, 500 st\/l\u00e5da\"}]},{\"@type\":\"WebSite\",\"@id\":\"https:\/\/infigo.ee\/#website\",\"url\":\"https:\/\/infigo.ee\/\",\"name\":\"Infigo\",\"description\":\"\",\"publisher\":{\"@id\":\"https:\/\/infigo.ee\/#organization\"},\"potentialAction\":[{\"@type\":\"SearchAction\",\"target\":{\"@type\":\"EntryPoint\",\"urlTemplate\":\"https:\/\/infigo.ee\/?s={search_term_string}\"},\"query-input\":{\"@type\":\"PropertyValueSpecification\",\"valueRequired\":true,\"valueName\":\"search_term_string\"}}],\"inLanguage\":\"sv-SE\"},{\"@type\":\"Organization\",\"@id\":\"https:\/\/infigo.ee\/#organization\",\"name\":\"Infigo\",\"url\":\"https:\/\/infigo.ee\/\",\"logo\":{\"@type\":\"ImageObject\",\"inLanguage\":\"sv-SE\",\"@id\":\"https:\/\/infigo.ee\/#\/schema\/logo\/image\/\",\"url\":\"https:\/\/infigo.ee\/wp-content\/uploads\/2023\/11\/logo-1.jpg\",\"contentUrl\":\"https:\/\/infigo.ee\/wp-content\/uploads\/2023\/11\/logo-1.jpg\",\"width\":334,\"height\":114,\"caption\":\"Infigo\"},\"image\":{\"@id\":\"https:\/\/infigo.ee\/#\/schema\/logo\/image\/\"}}]}<\/script>\n<!-- \/ Yoast SEO plugin. -->","yoast_head_json":{"title":"Doypack Zip-p\u00e5se 500 ml 13x22,5+7 cm (bredd x h\u00f6jd+botten), brunt PAP+PET+PE ca 100 my, \u00e5terf\u00f6rslutningsbar Zip-p\u00e5se och rivsk\u00e5ra f\u00f6r \u00f6ppnas, 500 st\/l\u00e5da - Infigo","robots":{"index":"index","follow":"follow","max-snippet":"max-snippet:-1","max-image-preview":"max-image-preview:large","max-video-preview":"max-video-preview:-1"},"canonical":"https:\/\/infigo.ee\/produkt\/doypack-tuupi-kott-13x2257-cm-laius-x-korguspohi-500-ml-pruun-pappetpe-ca-100-my-minigrip-sulgur-ja-lahtirebimise-perforatsioon-500-tk-kast\/","og_locale":"sv_SE","og_type":"article","og_title":"Doypack Zip-p\u00e5se 500 ml 13x22,5+7 cm (bredd x h\u00f6jd+botten), brunt PAP+PET+PE ca 100 my, \u00e5terf\u00f6rslutningsbar Zip-p\u00e5se och rivsk\u00e5ra f\u00f6r \u00f6ppnas, 500 st\/l\u00e5da - Infigo","og_url":"https:\/\/infigo.ee\/produkt\/doypack-tuupi-kott-13x2257-cm-laius-x-korguspohi-500-ml-pruun-pappetpe-ca-100-my-minigrip-sulgur-ja-lahtirebimise-perforatsioon-500-tk-kast\/","og_site_name":"Infigo","article_modified_time":"2026-02-26T14:32:43+00:00","og_image":[{"width":1485,"height":1485,"url":"https:\/\/infigo.ee\/wp-content\/uploads\/2024\/05\/eg_doypack2.jpg","type":"image\/jpeg"}],"twitter_card":"summary_large_image","schema":{"@context":"https:\/\/schema.org","@graph":[{"@type":"WebPage","@id":"https:\/\/infigo.ee\/produkt\/doypack-tuupi-kott-13x2257-cm-laius-x-korguspohi-500-ml-pruun-pappetpe-ca-100-my-minigrip-sulgur-ja-lahtirebimise-perforatsioon-500-tk-kast\/","url":"https:\/\/infigo.ee\/produkt\/doypack-tuupi-kott-13x2257-cm-laius-x-korguspohi-500-ml-pruun-pappetpe-ca-100-my-minigrip-sulgur-ja-lahtirebimise-perforatsioon-500-tk-kast\/","name":"Doypack Zip-p\u00e5se 500 ml 13x22,5+7 cm (bredd x h\u00f6jd+botten), brunt PAP+PET+PE ca 100 my, \u00e5terf\u00f6rslutningsbar Zip-p\u00e5se och rivsk\u00e5ra f\u00f6r \u00f6ppnas, 500 st\/l\u00e5da - Infigo","isPartOf":{"@id":"https:\/\/infigo.ee\/#website"},"primaryImageOfPage":{"@id":"https:\/\/infigo.ee\/produkt\/doypack-tuupi-kott-13x2257-cm-laius-x-korguspohi-500-ml-pruun-pappetpe-ca-100-my-minigrip-sulgur-ja-lahtirebimise-perforatsioon-500-tk-kast\/#primaryimage"},"image":{"@id":"https:\/\/infigo.ee\/produkt\/doypack-tuupi-kott-13x2257-cm-laius-x-korguspohi-500-ml-pruun-pappetpe-ca-100-my-minigrip-sulgur-ja-lahtirebimise-perforatsioon-500-tk-kast\/#primaryimage"},"thumbnailUrl":"https:\/\/infigo.ee\/wp-content\/uploads\/2024\/05\/eg_doypack2.jpg","datePublished":"2024-10-21T05:22:26+00:00","dateModified":"2026-02-26T14:32:43+00:00","breadcrumb":{"@id":"https:\/\/infigo.ee\/produkt\/doypack-tuupi-kott-13x2257-cm-laius-x-korguspohi-500-ml-pruun-pappetpe-ca-100-my-minigrip-sulgur-ja-lahtirebimise-perforatsioon-500-tk-kast\/#breadcrumb"},"inLanguage":"sv-SE","potentialAction":[{"@type":"ReadAction","target":["https:\/\/infigo.ee\/produkt\/doypack-tuupi-kott-13x2257-cm-laius-x-korguspohi-500-ml-pruun-pappetpe-ca-100-my-minigrip-sulgur-ja-lahtirebimise-perforatsioon-500-tk-kast\/"]}]},{"@type":"ImageObject","inLanguage":"sv-SE","@id":"https:\/\/infigo.ee\/produkt\/doypack-tuupi-kott-13x2257-cm-laius-x-korguspohi-500-ml-pruun-pappetpe-ca-100-my-minigrip-sulgur-ja-lahtirebimise-perforatsioon-500-tk-kast\/#primaryimage","url":"https:\/\/infigo.ee\/wp-content\/uploads\/2024\/05\/eg_doypack2.jpg","contentUrl":"https:\/\/infigo.ee\/wp-content\/uploads\/2024\/05\/eg_doypack2.jpg","width":1485,"height":1485},{"@type":"BreadcrumbList","@id":"https:\/\/infigo.ee\/produkt\/doypack-tuupi-kott-13x2257-cm-laius-x-korguspohi-500-ml-pruun-pappetpe-ca-100-my-minigrip-sulgur-ja-lahtirebimise-perforatsioon-500-tk-kast\/#breadcrumb","itemListElement":[{"@type":"ListItem","position":1,"name":"Home","item":"https:\/\/infigo.ee\/sv\/"},{"@type":"ListItem","position":2,"name":"Webbutik","item":"https:\/\/infigo.ee\/sv\/butik\/"},{"@type":"ListItem","position":3,"name":"Doypack Zip-p\u00e5se 500 ml 13&#215;22,5+7 cm (bredd x h\u00f6jd+botten), brunt PAP+PET+PE ca 100 my, \u00e5terf\u00f6rslutningsbar Zip-p\u00e5se och rivsk\u00e5ra f\u00f6r \u00f6ppnas, 500 st\/l\u00e5da"}]},{"@type":"WebSite","@id":"https:\/\/infigo.ee\/#website","url":"https:\/\/infigo.ee\/","name":"Infigo","description":"","publisher":{"@id":"https:\/\/infigo.ee\/#organization"},"potentialAction":[{"@type":"SearchAction","target":{"@type":"EntryPoint","urlTemplate":"https:\/\/infigo.ee\/?s={search_term_string}"},"query-input":{"@type":"PropertyValueSpecification","valueRequired":true,"valueName":"search_term_string"}}],"inLanguage":"sv-SE"},{"@type":"Organization","@id":"https:\/\/infigo.ee\/#organization","name":"Infigo","url":"https:\/\/infigo.ee\/","logo":{"@type":"ImageObject","inLanguage":"sv-SE","@id":"https:\/\/infigo.ee\/#\/schema\/logo\/image\/","url":"https:\/\/infigo.ee\/wp-content\/uploads\/2023\/11\/logo-1.jpg","contentUrl":"https:\/\/infigo.ee\/wp-content\/uploads\/2023\/11\/logo-1.jpg","width":334,"height":114,"caption":"Infigo"},"image":{"@id":"https:\/\/infigo.ee\/#\/schema\/logo\/image\/"}}]}},"_links":{"self":[{"href":"https:\/\/infigo.ee\/sv\/wp-json\/wp\/v2\/product\/53744","targetHints":{"allow":["GET"]}}],"collection":[{"href":"https:\/\/infigo.ee\/sv\/wp-json\/wp\/v2\/product"}],"about":[{"href":"https:\/\/infigo.ee\/sv\/wp-json\/wp\/v2\/types\/product"}],"replies":[{"embeddable":true,"href":"https:\/\/infigo.ee\/sv\/wp-json\/wp\/v2\/comments?post=53744"}],"wp:featuredmedia":[{"embeddable":true,"href":"https:\/\/infigo.ee\/sv\/wp-json\/wp\/v2\/media\/48681"}],"wp:attachment":[{"href":"https:\/\/infigo.ee\/sv\/wp-json\/wp\/v2\/media?parent=53744"}],"wp:term":[{"taxonomy":"product_brand","embeddable":true,"href":"https:\/\/infigo.ee\/sv\/wp-json\/wp\/v2\/product_brand?post=53744"},{"taxonomy":"product_cat","embeddable":true,"href":"https:\/\/infigo.ee\/sv\/wp-json\/wp\/v2\/product_cat?post=53744"},{"taxonomy":"product_tag","embeddable":true,"href":"https:\/\/infigo.ee\/sv\/wp-json\/wp\/v2\/product_tag?post=53744"}],"curies":[{"name":"wp","href":"https:\/\/api.w.org\/{rel}","templated":true}]}}