{"id":53549,"date":"2024-10-21T07:45:59","date_gmt":"2024-10-21T04:45:59","guid":{"rendered":"https:\/\/infigo.ee\/toode\/sushi-lada-12x10x45-cm-bredd-x-langd-x-hojd-brun-brun-pla-bio-coating-kartong-310-gsm-fsc-certifierad-och-med-pla-fonster-25-st-pack\/"},"modified":"2026-02-26T16:32:34","modified_gmt":"2026-02-26T14:32:34","slug":"sushi-lada-12x10x45-cm-bredd-x-langd-x-hojd-brun-brun-pla-bio-coating-kartong-310-gsm-fsc-certifierad-och-med-pla-fonster-25-st-pack","status":"publish","type":"product","link":"https:\/\/infigo.ee\/sv\/produkt\/sushi-lada-12x10x45-cm-bredd-x-langd-x-hojd-brun-brun-pla-bio-coating-kartong-310-gsm-fsc-certifierad-och-med-pla-fonster-25-st-pack\/","title":{"rendered":"Sushi l\u00e5da 12x10x4,5 cm (bredd x l\u00e4ngd x h\u00f6jd), brun\/brun PLA Bio-coating kartong 310 gsm FSC\u00ae-certifierad och med PLA-f\u00f6nster, 25 st\/pack"},"content":{"rendered":"","protected":false},"excerpt":{"rendered":"","protected":false},"featured_media":50841,"comment_status":"open","ping_status":"closed","template":"","meta":{"_acf_changed":false},"product_brand":[],"product_cat":[953],"product_tag":[],"class_list":{"0":"post-53549","1":"product","2":"type-product","3":"status-publish","4":"has-post-thumbnail","6":"product_cat-matlador-sushi-lador","8":"first","9":"instock","10":"taxable","11":"shipping-taxable","12":"purchasable","13":"product-type-simple"},"acf":[],"yoast_head":"<!-- This site is optimized with the Yoast SEO plugin v27.3 - https:\/\/yoast.com\/product\/yoast-seo-wordpress\/ -->\n<title>Sushi l\u00e5da 12x10x4,5 cm (bredd x l\u00e4ngd x h\u00f6jd), brun\/brun PLA Bio-coating kartong 310 gsm FSC\u00ae-certifierad och med PLA-f\u00f6nster, 25 st\/pack - Infigo<\/title>\n<meta name=\"robots\" content=\"index, follow, max-snippet:-1, max-image-preview:large, max-video-preview:-1\" \/>\n<link rel=\"canonical\" href=\"https:\/\/infigo.ee\/produkt\/sushi-karp-12x10x45-cm-laius-x-pikkus-x-korgus-pruun-pruun-pla-bio-coating-kartong-310-gsm-fsc-sertifitseeritud-ja-pla-aken-25-tk-pkk\/\" \/>\n<meta property=\"og:locale\" content=\"sv_SE\" \/>\n<meta property=\"og:type\" content=\"article\" \/>\n<meta property=\"og:title\" content=\"Sushi l\u00e5da 12x10x4,5 cm (bredd x l\u00e4ngd x h\u00f6jd), brun\/brun PLA Bio-coating kartong 310 gsm FSC\u00ae-certifierad och med PLA-f\u00f6nster, 25 st\/pack - Infigo\" \/>\n<meta property=\"og:url\" content=\"https:\/\/infigo.ee\/produkt\/sushi-karp-12x10x45-cm-laius-x-pikkus-x-korgus-pruun-pruun-pla-bio-coating-kartong-310-gsm-fsc-sertifitseeritud-ja-pla-aken-25-tk-pkk\/\" \/>\n<meta property=\"og:site_name\" content=\"Infigo\" \/>\n<meta property=\"article:modified_time\" content=\"2026-02-26T14:32:34+00:00\" \/>\n<meta property=\"og:image\" content=\"https:\/\/infigo.ee\/wp-content\/uploads\/2024\/08\/sushi_892311.jpg\" \/>\n\t<meta property=\"og:image:width\" content=\"1485\" \/>\n\t<meta property=\"og:image:height\" content=\"1485\" \/>\n\t<meta property=\"og:image:type\" content=\"image\/jpeg\" \/>\n<meta name=\"twitter:card\" content=\"summary_large_image\" \/>\n<script type=\"application\/ld+json\" class=\"yoast-schema-graph\">{\"@context\":\"https:\\\/\\\/schema.org\",\"@graph\":[{\"@type\":\"WebPage\",\"@id\":\"https:\\\/\\\/infigo.ee\\\/produkt\\\/sushi-karp-12x10x45-cm-laius-x-pikkus-x-korgus-pruun-pruun-pla-bio-coating-kartong-310-gsm-fsc-sertifitseeritud-ja-pla-aken-25-tk-pkk\\\/\",\"url\":\"https:\\\/\\\/infigo.ee\\\/produkt\\\/sushi-karp-12x10x45-cm-laius-x-pikkus-x-korgus-pruun-pruun-pla-bio-coating-kartong-310-gsm-fsc-sertifitseeritud-ja-pla-aken-25-tk-pkk\\\/\",\"name\":\"Sushi l\u00e5da 12x10x4,5 cm (bredd x l\u00e4ngd x h\u00f6jd), brun\\\/brun PLA Bio-coating kartong 310 gsm FSC\u00ae-certifierad och med PLA-f\u00f6nster, 25 st\\\/pack - Infigo\",\"isPartOf\":{\"@id\":\"https:\\\/\\\/infigo.ee\\\/#website\"},\"primaryImageOfPage\":{\"@id\":\"https:\\\/\\\/infigo.ee\\\/produkt\\\/sushi-karp-12x10x45-cm-laius-x-pikkus-x-korgus-pruun-pruun-pla-bio-coating-kartong-310-gsm-fsc-sertifitseeritud-ja-pla-aken-25-tk-pkk\\\/#primaryimage\"},\"image\":{\"@id\":\"https:\\\/\\\/infigo.ee\\\/produkt\\\/sushi-karp-12x10x45-cm-laius-x-pikkus-x-korgus-pruun-pruun-pla-bio-coating-kartong-310-gsm-fsc-sertifitseeritud-ja-pla-aken-25-tk-pkk\\\/#primaryimage\"},\"thumbnailUrl\":\"https:\\\/\\\/infigo.ee\\\/wp-content\\\/uploads\\\/2024\\\/08\\\/sushi_892311.jpg\",\"datePublished\":\"2024-10-21T04:45:59+00:00\",\"dateModified\":\"2026-02-26T14:32:34+00:00\",\"breadcrumb\":{\"@id\":\"https:\\\/\\\/infigo.ee\\\/produkt\\\/sushi-karp-12x10x45-cm-laius-x-pikkus-x-korgus-pruun-pruun-pla-bio-coating-kartong-310-gsm-fsc-sertifitseeritud-ja-pla-aken-25-tk-pkk\\\/#breadcrumb\"},\"inLanguage\":\"sv-SE\",\"potentialAction\":[{\"@type\":\"ReadAction\",\"target\":[\"https:\\\/\\\/infigo.ee\\\/produkt\\\/sushi-karp-12x10x45-cm-laius-x-pikkus-x-korgus-pruun-pruun-pla-bio-coating-kartong-310-gsm-fsc-sertifitseeritud-ja-pla-aken-25-tk-pkk\\\/\"]}]},{\"@type\":\"ImageObject\",\"inLanguage\":\"sv-SE\",\"@id\":\"https:\\\/\\\/infigo.ee\\\/produkt\\\/sushi-karp-12x10x45-cm-laius-x-pikkus-x-korgus-pruun-pruun-pla-bio-coating-kartong-310-gsm-fsc-sertifitseeritud-ja-pla-aken-25-tk-pkk\\\/#primaryimage\",\"url\":\"https:\\\/\\\/infigo.ee\\\/wp-content\\\/uploads\\\/2024\\\/08\\\/sushi_892311.jpg\",\"contentUrl\":\"https:\\\/\\\/infigo.ee\\\/wp-content\\\/uploads\\\/2024\\\/08\\\/sushi_892311.jpg\",\"width\":1485,\"height\":1485},{\"@type\":\"BreadcrumbList\",\"@id\":\"https:\\\/\\\/infigo.ee\\\/produkt\\\/sushi-karp-12x10x45-cm-laius-x-pikkus-x-korgus-pruun-pruun-pla-bio-coating-kartong-310-gsm-fsc-sertifitseeritud-ja-pla-aken-25-tk-pkk\\\/#breadcrumb\",\"itemListElement\":[{\"@type\":\"ListItem\",\"position\":1,\"name\":\"Home\",\"item\":\"https:\\\/\\\/infigo.ee\\\/sv\\\/\"},{\"@type\":\"ListItem\",\"position\":2,\"name\":\"Webbutik\",\"item\":\"https:\\\/\\\/infigo.ee\\\/sv\\\/butik\\\/\"},{\"@type\":\"ListItem\",\"position\":3,\"name\":\"Sushi l\u00e5da 12x10x4,5 cm (bredd x l\u00e4ngd x h\u00f6jd), brun\\\/brun PLA Bio-coating kartong 310 gsm FSC\u00ae-certifierad och med PLA-f\u00f6nster, 25 st\\\/pack\"}]},{\"@type\":\"WebSite\",\"@id\":\"https:\\\/\\\/infigo.ee\\\/#website\",\"url\":\"https:\\\/\\\/infigo.ee\\\/\",\"name\":\"Infigo\",\"description\":\"\",\"publisher\":{\"@id\":\"https:\\\/\\\/infigo.ee\\\/#organization\"},\"potentialAction\":[{\"@type\":\"SearchAction\",\"target\":{\"@type\":\"EntryPoint\",\"urlTemplate\":\"https:\\\/\\\/infigo.ee\\\/?s={search_term_string}\"},\"query-input\":{\"@type\":\"PropertyValueSpecification\",\"valueRequired\":true,\"valueName\":\"search_term_string\"}}],\"inLanguage\":\"sv-SE\"},{\"@type\":\"Organization\",\"@id\":\"https:\\\/\\\/infigo.ee\\\/#organization\",\"name\":\"Infigo\",\"url\":\"https:\\\/\\\/infigo.ee\\\/\",\"logo\":{\"@type\":\"ImageObject\",\"inLanguage\":\"sv-SE\",\"@id\":\"https:\\\/\\\/infigo.ee\\\/#\\\/schema\\\/logo\\\/image\\\/\",\"url\":\"https:\\\/\\\/infigo.ee\\\/wp-content\\\/uploads\\\/2023\\\/11\\\/logo-1.jpg\",\"contentUrl\":\"https:\\\/\\\/infigo.ee\\\/wp-content\\\/uploads\\\/2023\\\/11\\\/logo-1.jpg\",\"width\":334,\"height\":114,\"caption\":\"Infigo\"},\"image\":{\"@id\":\"https:\\\/\\\/infigo.ee\\\/#\\\/schema\\\/logo\\\/image\\\/\"}}]}<\/script>\n<!-- \/ Yoast SEO plugin. -->","yoast_head_json":{"title":"Sushi l\u00e5da 12x10x4,5 cm (bredd x l\u00e4ngd x h\u00f6jd), brun\/brun PLA Bio-coating kartong 310 gsm FSC\u00ae-certifierad och med PLA-f\u00f6nster, 25 st\/pack - Infigo","robots":{"index":"index","follow":"follow","max-snippet":"max-snippet:-1","max-image-preview":"max-image-preview:large","max-video-preview":"max-video-preview:-1"},"canonical":"https:\/\/infigo.ee\/produkt\/sushi-karp-12x10x45-cm-laius-x-pikkus-x-korgus-pruun-pruun-pla-bio-coating-kartong-310-gsm-fsc-sertifitseeritud-ja-pla-aken-25-tk-pkk\/","og_locale":"sv_SE","og_type":"article","og_title":"Sushi l\u00e5da 12x10x4,5 cm (bredd x l\u00e4ngd x h\u00f6jd), brun\/brun PLA Bio-coating kartong 310 gsm FSC\u00ae-certifierad och med PLA-f\u00f6nster, 25 st\/pack - Infigo","og_url":"https:\/\/infigo.ee\/produkt\/sushi-karp-12x10x45-cm-laius-x-pikkus-x-korgus-pruun-pruun-pla-bio-coating-kartong-310-gsm-fsc-sertifitseeritud-ja-pla-aken-25-tk-pkk\/","og_site_name":"Infigo","article_modified_time":"2026-02-26T14:32:34+00:00","og_image":[{"width":1485,"height":1485,"url":"https:\/\/infigo.ee\/wp-content\/uploads\/2024\/08\/sushi_892311.jpg","type":"image\/jpeg"}],"twitter_card":"summary_large_image","schema":{"@context":"https:\/\/schema.org","@graph":[{"@type":"WebPage","@id":"https:\/\/infigo.ee\/produkt\/sushi-karp-12x10x45-cm-laius-x-pikkus-x-korgus-pruun-pruun-pla-bio-coating-kartong-310-gsm-fsc-sertifitseeritud-ja-pla-aken-25-tk-pkk\/","url":"https:\/\/infigo.ee\/produkt\/sushi-karp-12x10x45-cm-laius-x-pikkus-x-korgus-pruun-pruun-pla-bio-coating-kartong-310-gsm-fsc-sertifitseeritud-ja-pla-aken-25-tk-pkk\/","name":"Sushi l\u00e5da 12x10x4,5 cm (bredd x l\u00e4ngd x h\u00f6jd), brun\/brun PLA Bio-coating kartong 310 gsm FSC\u00ae-certifierad och med PLA-f\u00f6nster, 25 st\/pack - Infigo","isPartOf":{"@id":"https:\/\/infigo.ee\/#website"},"primaryImageOfPage":{"@id":"https:\/\/infigo.ee\/produkt\/sushi-karp-12x10x45-cm-laius-x-pikkus-x-korgus-pruun-pruun-pla-bio-coating-kartong-310-gsm-fsc-sertifitseeritud-ja-pla-aken-25-tk-pkk\/#primaryimage"},"image":{"@id":"https:\/\/infigo.ee\/produkt\/sushi-karp-12x10x45-cm-laius-x-pikkus-x-korgus-pruun-pruun-pla-bio-coating-kartong-310-gsm-fsc-sertifitseeritud-ja-pla-aken-25-tk-pkk\/#primaryimage"},"thumbnailUrl":"https:\/\/infigo.ee\/wp-content\/uploads\/2024\/08\/sushi_892311.jpg","datePublished":"2024-10-21T04:45:59+00:00","dateModified":"2026-02-26T14:32:34+00:00","breadcrumb":{"@id":"https:\/\/infigo.ee\/produkt\/sushi-karp-12x10x45-cm-laius-x-pikkus-x-korgus-pruun-pruun-pla-bio-coating-kartong-310-gsm-fsc-sertifitseeritud-ja-pla-aken-25-tk-pkk\/#breadcrumb"},"inLanguage":"sv-SE","potentialAction":[{"@type":"ReadAction","target":["https:\/\/infigo.ee\/produkt\/sushi-karp-12x10x45-cm-laius-x-pikkus-x-korgus-pruun-pruun-pla-bio-coating-kartong-310-gsm-fsc-sertifitseeritud-ja-pla-aken-25-tk-pkk\/"]}]},{"@type":"ImageObject","inLanguage":"sv-SE","@id":"https:\/\/infigo.ee\/produkt\/sushi-karp-12x10x45-cm-laius-x-pikkus-x-korgus-pruun-pruun-pla-bio-coating-kartong-310-gsm-fsc-sertifitseeritud-ja-pla-aken-25-tk-pkk\/#primaryimage","url":"https:\/\/infigo.ee\/wp-content\/uploads\/2024\/08\/sushi_892311.jpg","contentUrl":"https:\/\/infigo.ee\/wp-content\/uploads\/2024\/08\/sushi_892311.jpg","width":1485,"height":1485},{"@type":"BreadcrumbList","@id":"https:\/\/infigo.ee\/produkt\/sushi-karp-12x10x45-cm-laius-x-pikkus-x-korgus-pruun-pruun-pla-bio-coating-kartong-310-gsm-fsc-sertifitseeritud-ja-pla-aken-25-tk-pkk\/#breadcrumb","itemListElement":[{"@type":"ListItem","position":1,"name":"Home","item":"https:\/\/infigo.ee\/sv\/"},{"@type":"ListItem","position":2,"name":"Webbutik","item":"https:\/\/infigo.ee\/sv\/butik\/"},{"@type":"ListItem","position":3,"name":"Sushi l\u00e5da 12x10x4,5 cm (bredd x l\u00e4ngd x h\u00f6jd), brun\/brun PLA Bio-coating kartong 310 gsm FSC\u00ae-certifierad och med PLA-f\u00f6nster, 25 st\/pack"}]},{"@type":"WebSite","@id":"https:\/\/infigo.ee\/#website","url":"https:\/\/infigo.ee\/","name":"Infigo","description":"","publisher":{"@id":"https:\/\/infigo.ee\/#organization"},"potentialAction":[{"@type":"SearchAction","target":{"@type":"EntryPoint","urlTemplate":"https:\/\/infigo.ee\/?s={search_term_string}"},"query-input":{"@type":"PropertyValueSpecification","valueRequired":true,"valueName":"search_term_string"}}],"inLanguage":"sv-SE"},{"@type":"Organization","@id":"https:\/\/infigo.ee\/#organization","name":"Infigo","url":"https:\/\/infigo.ee\/","logo":{"@type":"ImageObject","inLanguage":"sv-SE","@id":"https:\/\/infigo.ee\/#\/schema\/logo\/image\/","url":"https:\/\/infigo.ee\/wp-content\/uploads\/2023\/11\/logo-1.jpg","contentUrl":"https:\/\/infigo.ee\/wp-content\/uploads\/2023\/11\/logo-1.jpg","width":334,"height":114,"caption":"Infigo"},"image":{"@id":"https:\/\/infigo.ee\/#\/schema\/logo\/image\/"}}]}},"_links":{"self":[{"href":"https:\/\/infigo.ee\/sv\/wp-json\/wp\/v2\/product\/53549","targetHints":{"allow":["GET"]}}],"collection":[{"href":"https:\/\/infigo.ee\/sv\/wp-json\/wp\/v2\/product"}],"about":[{"href":"https:\/\/infigo.ee\/sv\/wp-json\/wp\/v2\/types\/product"}],"replies":[{"embeddable":true,"href":"https:\/\/infigo.ee\/sv\/wp-json\/wp\/v2\/comments?post=53549"}],"wp:featuredmedia":[{"embeddable":true,"href":"https:\/\/infigo.ee\/sv\/wp-json\/wp\/v2\/media\/50841"}],"wp:attachment":[{"href":"https:\/\/infigo.ee\/sv\/wp-json\/wp\/v2\/media?parent=53549"}],"wp:term":[{"taxonomy":"product_brand","embeddable":true,"href":"https:\/\/infigo.ee\/sv\/wp-json\/wp\/v2\/product_brand?post=53549"},{"taxonomy":"product_cat","embeddable":true,"href":"https:\/\/infigo.ee\/sv\/wp-json\/wp\/v2\/product_cat?post=53549"},{"taxonomy":"product_tag","embeddable":true,"href":"https:\/\/infigo.ee\/sv\/wp-json\/wp\/v2\/product_tag?post=53549"}],"curies":[{"name":"wp","href":"https:\/\/api.w.org\/{rel}","templated":true}]}}