{"id":52841,"date":"2024-10-21T07:31:25","date_gmt":"2024-10-21T04:31:25","guid":{"rendered":"https:\/\/infigo.ee\/toode\/salladsskal-15x46-cm-toppo-x-hojd-500-ml-brun-brun-pla-bio-coating-kartong-300-gsm-fsc-certifierad-50-st-pack-lock-nr-87915-88141\/"},"modified":"2026-02-26T16:29:52","modified_gmt":"2026-02-26T14:29:52","slug":"salladsskal-15x46-cm-toppo-x-hojd-500-ml-brun-brun-pla-bio-coating-kartong-300-gsm-fsc-certifierad-50-st-pack-lock-nr-87915-88141","status":"publish","type":"product","link":"https:\/\/infigo.ee\/sv\/produkt\/salladsskal-15x46-cm-toppo-x-hojd-500-ml-brun-brun-pla-bio-coating-kartong-300-gsm-fsc-certifierad-50-st-pack-lock-nr-87915-88141\/","title":{"rendered":"Salladssk\u00e5l 15&#215;4,6 cm (topp\u00d8 x h\u00f6jd) 500 ml, brun\/brun PLA Bio-coating kartong 300 gsm FSC\u00ae-certifierad, 50 st\/pack \/\/ lock nr. 87915 , 88141"},"content":{"rendered":"","protected":false},"excerpt":{"rendered":"","protected":false},"featured_media":50620,"comment_status":"open","ping_status":"closed","template":"","meta":{"_acf_changed":false},"product_brand":[],"product_cat":[945],"product_tag":[],"class_list":{"0":"post-52841","1":"product","2":"type-product","3":"status-publish","4":"has-post-thumbnail","6":"product_cat-salladslador","8":"first","9":"instock","10":"taxable","11":"shipping-taxable","12":"purchasable","13":"product-type-simple"},"acf":[],"yoast_head":"<!-- This site is optimized with the Yoast SEO plugin v27.3 - https:\/\/yoast.com\/product\/yoast-seo-wordpress\/ -->\n<title>Salladssk\u00e5l 15x4,6 cm (topp\u00d8 x h\u00f6jd) 500 ml, brun\/brun PLA Bio-coating kartong 300 gsm FSC\u00ae-certifierad, 50 st\/pack \/\/ lock nr. 87915 , 88141 - Infigo<\/title>\n<meta name=\"robots\" content=\"index, follow, max-snippet:-1, max-image-preview:large, max-video-preview:-1\" \/>\n<link rel=\"canonical\" href=\"https:\/\/infigo.ee\/produkt\/salatikauss-15x46-cm-avao-x-korgus-500-ml-pruun-pruun-pla-bio-coating-kartong-300-gsm-fsc-sertifitseeritud-50-tk-pkk-kaaned-nr-87915-88141\/\" \/>\n<meta property=\"og:locale\" content=\"sv_SE\" \/>\n<meta property=\"og:type\" content=\"article\" \/>\n<meta property=\"og:title\" content=\"Salladssk\u00e5l 15x4,6 cm (topp\u00d8 x h\u00f6jd) 500 ml, brun\/brun PLA Bio-coating kartong 300 gsm FSC\u00ae-certifierad, 50 st\/pack \/\/ lock nr. 87915 , 88141 - Infigo\" \/>\n<meta property=\"og:url\" content=\"https:\/\/infigo.ee\/produkt\/salatikauss-15x46-cm-avao-x-korgus-500-ml-pruun-pruun-pla-bio-coating-kartong-300-gsm-fsc-sertifitseeritud-50-tk-pkk-kaaned-nr-87915-88141\/\" \/>\n<meta property=\"og:site_name\" content=\"Infigo\" \/>\n<meta property=\"article:modified_time\" content=\"2026-02-26T14:29:52+00:00\" \/>\n<meta property=\"og:image\" content=\"https:\/\/infigo.ee\/wp-content\/uploads\/2024\/08\/bowl_879131.jpg\" \/>\n\t<meta property=\"og:image:width\" content=\"1485\" \/>\n\t<meta property=\"og:image:height\" content=\"1485\" \/>\n\t<meta property=\"og:image:type\" content=\"image\/jpeg\" \/>\n<meta name=\"twitter:card\" content=\"summary_large_image\" \/>\n<script type=\"application\/ld+json\" class=\"yoast-schema-graph\">{\"@context\":\"https:\\\/\\\/schema.org\",\"@graph\":[{\"@type\":\"WebPage\",\"@id\":\"https:\\\/\\\/infigo.ee\\\/produkt\\\/salatikauss-15x46-cm-avao-x-korgus-500-ml-pruun-pruun-pla-bio-coating-kartong-300-gsm-fsc-sertifitseeritud-50-tk-pkk-kaaned-nr-87915-88141\\\/\",\"url\":\"https:\\\/\\\/infigo.ee\\\/produkt\\\/salatikauss-15x46-cm-avao-x-korgus-500-ml-pruun-pruun-pla-bio-coating-kartong-300-gsm-fsc-sertifitseeritud-50-tk-pkk-kaaned-nr-87915-88141\\\/\",\"name\":\"Salladssk\u00e5l 15x4,6 cm (topp\u00d8 x h\u00f6jd) 500 ml, brun\\\/brun PLA Bio-coating kartong 300 gsm FSC\u00ae-certifierad, 50 st\\\/pack \\\/\\\/ lock nr. 87915 , 88141 - Infigo\",\"isPartOf\":{\"@id\":\"https:\\\/\\\/infigo.ee\\\/#website\"},\"primaryImageOfPage\":{\"@id\":\"https:\\\/\\\/infigo.ee\\\/produkt\\\/salatikauss-15x46-cm-avao-x-korgus-500-ml-pruun-pruun-pla-bio-coating-kartong-300-gsm-fsc-sertifitseeritud-50-tk-pkk-kaaned-nr-87915-88141\\\/#primaryimage\"},\"image\":{\"@id\":\"https:\\\/\\\/infigo.ee\\\/produkt\\\/salatikauss-15x46-cm-avao-x-korgus-500-ml-pruun-pruun-pla-bio-coating-kartong-300-gsm-fsc-sertifitseeritud-50-tk-pkk-kaaned-nr-87915-88141\\\/#primaryimage\"},\"thumbnailUrl\":\"https:\\\/\\\/infigo.ee\\\/wp-content\\\/uploads\\\/2024\\\/08\\\/bowl_879131.jpg\",\"datePublished\":\"2024-10-21T04:31:25+00:00\",\"dateModified\":\"2026-02-26T14:29:52+00:00\",\"breadcrumb\":{\"@id\":\"https:\\\/\\\/infigo.ee\\\/produkt\\\/salatikauss-15x46-cm-avao-x-korgus-500-ml-pruun-pruun-pla-bio-coating-kartong-300-gsm-fsc-sertifitseeritud-50-tk-pkk-kaaned-nr-87915-88141\\\/#breadcrumb\"},\"inLanguage\":\"sv-SE\",\"potentialAction\":[{\"@type\":\"ReadAction\",\"target\":[\"https:\\\/\\\/infigo.ee\\\/produkt\\\/salatikauss-15x46-cm-avao-x-korgus-500-ml-pruun-pruun-pla-bio-coating-kartong-300-gsm-fsc-sertifitseeritud-50-tk-pkk-kaaned-nr-87915-88141\\\/\"]}]},{\"@type\":\"ImageObject\",\"inLanguage\":\"sv-SE\",\"@id\":\"https:\\\/\\\/infigo.ee\\\/produkt\\\/salatikauss-15x46-cm-avao-x-korgus-500-ml-pruun-pruun-pla-bio-coating-kartong-300-gsm-fsc-sertifitseeritud-50-tk-pkk-kaaned-nr-87915-88141\\\/#primaryimage\",\"url\":\"https:\\\/\\\/infigo.ee\\\/wp-content\\\/uploads\\\/2024\\\/08\\\/bowl_879131.jpg\",\"contentUrl\":\"https:\\\/\\\/infigo.ee\\\/wp-content\\\/uploads\\\/2024\\\/08\\\/bowl_879131.jpg\",\"width\":1485,\"height\":1485},{\"@type\":\"BreadcrumbList\",\"@id\":\"https:\\\/\\\/infigo.ee\\\/produkt\\\/salatikauss-15x46-cm-avao-x-korgus-500-ml-pruun-pruun-pla-bio-coating-kartong-300-gsm-fsc-sertifitseeritud-50-tk-pkk-kaaned-nr-87915-88141\\\/#breadcrumb\",\"itemListElement\":[{\"@type\":\"ListItem\",\"position\":1,\"name\":\"Home\",\"item\":\"https:\\\/\\\/infigo.ee\\\/sv\\\/\"},{\"@type\":\"ListItem\",\"position\":2,\"name\":\"Webbutik\",\"item\":\"https:\\\/\\\/infigo.ee\\\/sv\\\/butik\\\/\"},{\"@type\":\"ListItem\",\"position\":3,\"name\":\"Salladssk\u00e5l 15&#215;4,6 cm (topp\u00d8 x h\u00f6jd) 500 ml, brun\\\/brun PLA Bio-coating kartong 300 gsm FSC\u00ae-certifierad, 50 st\\\/pack \\\/\\\/ lock nr. 87915 , 88141\"}]},{\"@type\":\"WebSite\",\"@id\":\"https:\\\/\\\/infigo.ee\\\/#website\",\"url\":\"https:\\\/\\\/infigo.ee\\\/\",\"name\":\"Infigo\",\"description\":\"\",\"publisher\":{\"@id\":\"https:\\\/\\\/infigo.ee\\\/#organization\"},\"potentialAction\":[{\"@type\":\"SearchAction\",\"target\":{\"@type\":\"EntryPoint\",\"urlTemplate\":\"https:\\\/\\\/infigo.ee\\\/?s={search_term_string}\"},\"query-input\":{\"@type\":\"PropertyValueSpecification\",\"valueRequired\":true,\"valueName\":\"search_term_string\"}}],\"inLanguage\":\"sv-SE\"},{\"@type\":\"Organization\",\"@id\":\"https:\\\/\\\/infigo.ee\\\/#organization\",\"name\":\"Infigo\",\"url\":\"https:\\\/\\\/infigo.ee\\\/\",\"logo\":{\"@type\":\"ImageObject\",\"inLanguage\":\"sv-SE\",\"@id\":\"https:\\\/\\\/infigo.ee\\\/#\\\/schema\\\/logo\\\/image\\\/\",\"url\":\"https:\\\/\\\/infigo.ee\\\/wp-content\\\/uploads\\\/2023\\\/11\\\/logo-1.jpg\",\"contentUrl\":\"https:\\\/\\\/infigo.ee\\\/wp-content\\\/uploads\\\/2023\\\/11\\\/logo-1.jpg\",\"width\":334,\"height\":114,\"caption\":\"Infigo\"},\"image\":{\"@id\":\"https:\\\/\\\/infigo.ee\\\/#\\\/schema\\\/logo\\\/image\\\/\"}}]}<\/script>\n<!-- \/ Yoast SEO plugin. -->","yoast_head_json":{"title":"Salladssk\u00e5l 15x4,6 cm (topp\u00d8 x h\u00f6jd) 500 ml, brun\/brun PLA Bio-coating kartong 300 gsm FSC\u00ae-certifierad, 50 st\/pack \/\/ lock nr. 87915 , 88141 - Infigo","robots":{"index":"index","follow":"follow","max-snippet":"max-snippet:-1","max-image-preview":"max-image-preview:large","max-video-preview":"max-video-preview:-1"},"canonical":"https:\/\/infigo.ee\/produkt\/salatikauss-15x46-cm-avao-x-korgus-500-ml-pruun-pruun-pla-bio-coating-kartong-300-gsm-fsc-sertifitseeritud-50-tk-pkk-kaaned-nr-87915-88141\/","og_locale":"sv_SE","og_type":"article","og_title":"Salladssk\u00e5l 15x4,6 cm (topp\u00d8 x h\u00f6jd) 500 ml, brun\/brun PLA Bio-coating kartong 300 gsm FSC\u00ae-certifierad, 50 st\/pack \/\/ lock nr. 87915 , 88141 - Infigo","og_url":"https:\/\/infigo.ee\/produkt\/salatikauss-15x46-cm-avao-x-korgus-500-ml-pruun-pruun-pla-bio-coating-kartong-300-gsm-fsc-sertifitseeritud-50-tk-pkk-kaaned-nr-87915-88141\/","og_site_name":"Infigo","article_modified_time":"2026-02-26T14:29:52+00:00","og_image":[{"width":1485,"height":1485,"url":"https:\/\/infigo.ee\/wp-content\/uploads\/2024\/08\/bowl_879131.jpg","type":"image\/jpeg"}],"twitter_card":"summary_large_image","schema":{"@context":"https:\/\/schema.org","@graph":[{"@type":"WebPage","@id":"https:\/\/infigo.ee\/produkt\/salatikauss-15x46-cm-avao-x-korgus-500-ml-pruun-pruun-pla-bio-coating-kartong-300-gsm-fsc-sertifitseeritud-50-tk-pkk-kaaned-nr-87915-88141\/","url":"https:\/\/infigo.ee\/produkt\/salatikauss-15x46-cm-avao-x-korgus-500-ml-pruun-pruun-pla-bio-coating-kartong-300-gsm-fsc-sertifitseeritud-50-tk-pkk-kaaned-nr-87915-88141\/","name":"Salladssk\u00e5l 15x4,6 cm (topp\u00d8 x h\u00f6jd) 500 ml, brun\/brun PLA Bio-coating kartong 300 gsm FSC\u00ae-certifierad, 50 st\/pack \/\/ lock nr. 87915 , 88141 - Infigo","isPartOf":{"@id":"https:\/\/infigo.ee\/#website"},"primaryImageOfPage":{"@id":"https:\/\/infigo.ee\/produkt\/salatikauss-15x46-cm-avao-x-korgus-500-ml-pruun-pruun-pla-bio-coating-kartong-300-gsm-fsc-sertifitseeritud-50-tk-pkk-kaaned-nr-87915-88141\/#primaryimage"},"image":{"@id":"https:\/\/infigo.ee\/produkt\/salatikauss-15x46-cm-avao-x-korgus-500-ml-pruun-pruun-pla-bio-coating-kartong-300-gsm-fsc-sertifitseeritud-50-tk-pkk-kaaned-nr-87915-88141\/#primaryimage"},"thumbnailUrl":"https:\/\/infigo.ee\/wp-content\/uploads\/2024\/08\/bowl_879131.jpg","datePublished":"2024-10-21T04:31:25+00:00","dateModified":"2026-02-26T14:29:52+00:00","breadcrumb":{"@id":"https:\/\/infigo.ee\/produkt\/salatikauss-15x46-cm-avao-x-korgus-500-ml-pruun-pruun-pla-bio-coating-kartong-300-gsm-fsc-sertifitseeritud-50-tk-pkk-kaaned-nr-87915-88141\/#breadcrumb"},"inLanguage":"sv-SE","potentialAction":[{"@type":"ReadAction","target":["https:\/\/infigo.ee\/produkt\/salatikauss-15x46-cm-avao-x-korgus-500-ml-pruun-pruun-pla-bio-coating-kartong-300-gsm-fsc-sertifitseeritud-50-tk-pkk-kaaned-nr-87915-88141\/"]}]},{"@type":"ImageObject","inLanguage":"sv-SE","@id":"https:\/\/infigo.ee\/produkt\/salatikauss-15x46-cm-avao-x-korgus-500-ml-pruun-pruun-pla-bio-coating-kartong-300-gsm-fsc-sertifitseeritud-50-tk-pkk-kaaned-nr-87915-88141\/#primaryimage","url":"https:\/\/infigo.ee\/wp-content\/uploads\/2024\/08\/bowl_879131.jpg","contentUrl":"https:\/\/infigo.ee\/wp-content\/uploads\/2024\/08\/bowl_879131.jpg","width":1485,"height":1485},{"@type":"BreadcrumbList","@id":"https:\/\/infigo.ee\/produkt\/salatikauss-15x46-cm-avao-x-korgus-500-ml-pruun-pruun-pla-bio-coating-kartong-300-gsm-fsc-sertifitseeritud-50-tk-pkk-kaaned-nr-87915-88141\/#breadcrumb","itemListElement":[{"@type":"ListItem","position":1,"name":"Home","item":"https:\/\/infigo.ee\/sv\/"},{"@type":"ListItem","position":2,"name":"Webbutik","item":"https:\/\/infigo.ee\/sv\/butik\/"},{"@type":"ListItem","position":3,"name":"Salladssk\u00e5l 15&#215;4,6 cm (topp\u00d8 x h\u00f6jd) 500 ml, brun\/brun PLA Bio-coating kartong 300 gsm FSC\u00ae-certifierad, 50 st\/pack \/\/ lock nr. 87915 , 88141"}]},{"@type":"WebSite","@id":"https:\/\/infigo.ee\/#website","url":"https:\/\/infigo.ee\/","name":"Infigo","description":"","publisher":{"@id":"https:\/\/infigo.ee\/#organization"},"potentialAction":[{"@type":"SearchAction","target":{"@type":"EntryPoint","urlTemplate":"https:\/\/infigo.ee\/?s={search_term_string}"},"query-input":{"@type":"PropertyValueSpecification","valueRequired":true,"valueName":"search_term_string"}}],"inLanguage":"sv-SE"},{"@type":"Organization","@id":"https:\/\/infigo.ee\/#organization","name":"Infigo","url":"https:\/\/infigo.ee\/","logo":{"@type":"ImageObject","inLanguage":"sv-SE","@id":"https:\/\/infigo.ee\/#\/schema\/logo\/image\/","url":"https:\/\/infigo.ee\/wp-content\/uploads\/2023\/11\/logo-1.jpg","contentUrl":"https:\/\/infigo.ee\/wp-content\/uploads\/2023\/11\/logo-1.jpg","width":334,"height":114,"caption":"Infigo"},"image":{"@id":"https:\/\/infigo.ee\/#\/schema\/logo\/image\/"}}]}},"_links":{"self":[{"href":"https:\/\/infigo.ee\/sv\/wp-json\/wp\/v2\/product\/52841","targetHints":{"allow":["GET"]}}],"collection":[{"href":"https:\/\/infigo.ee\/sv\/wp-json\/wp\/v2\/product"}],"about":[{"href":"https:\/\/infigo.ee\/sv\/wp-json\/wp\/v2\/types\/product"}],"replies":[{"embeddable":true,"href":"https:\/\/infigo.ee\/sv\/wp-json\/wp\/v2\/comments?post=52841"}],"wp:featuredmedia":[{"embeddable":true,"href":"https:\/\/infigo.ee\/sv\/wp-json\/wp\/v2\/media\/50620"}],"wp:attachment":[{"href":"https:\/\/infigo.ee\/sv\/wp-json\/wp\/v2\/media?parent=52841"}],"wp:term":[{"taxonomy":"product_brand","embeddable":true,"href":"https:\/\/infigo.ee\/sv\/wp-json\/wp\/v2\/product_brand?post=52841"},{"taxonomy":"product_cat","embeddable":true,"href":"https:\/\/infigo.ee\/sv\/wp-json\/wp\/v2\/product_cat?post=52841"},{"taxonomy":"product_tag","embeddable":true,"href":"https:\/\/infigo.ee\/sv\/wp-json\/wp\/v2\/product_tag?post=52841"}],"curies":[{"name":"wp","href":"https:\/\/api.w.org\/{rel}","templated":true}]}}