{"id":44119,"date":"2024-02-14T14:23:24","date_gmt":"2024-02-14T12:23:24","guid":{"rendered":"https:\/\/infigo.ee\/toode\/banners-flyers-covers\/"},"modified":"2024-03-06T13:06:17","modified_gmt":"2024-03-06T11:06:17","slug":"banderoller-flygblad-omslag","status":"publish","type":"product","link":"https:\/\/infigo.ee\/sv\/produkt\/banderoller-flygblad-omslag\/","title":{"rendered":"Banderoller. Flygblad. Omslag"},"content":{"rendered":"<p>Personliga och reklamartiklar, produktfodral, broschyrer, omslag. F\u00f6r aff\u00e4rspresenter, anst\u00e4llda, jul och speciella tillf\u00e4llen.<\/p>\n<p><strong>M\u00e5tt:<\/strong>\u00a0enligt kundens \u00f6nskem\u00e5l<br \/>\n<strong>Material:<\/strong> papper<br \/>\n<strong>Tryck:<\/strong> 1-4 f\u00e4rger (CMYK)<br \/>\n<strong>Best\u00e4llningskvantitet:<\/strong> fr\u00e5n 100 st<\/p>\n<p>Reklambroschyrer<br \/>\nMenyomslag och mappar<br \/>\nProdukt\u00e4rmar &amp; fodral<br \/>\nKort och inbjudningar &amp; listor<br \/>\nLotter med skrapf\u00e4rgad bl\u00e4ck<br \/>\nChoklad och godis box \u00e4rmar &amp; \u00f6verdrag<br \/>\nAnv\u00e4ndningsinstruktioner<br \/>\nAffischer och broschyrer<br \/>\nTryckta designpapper<br \/>\nTryckt kartong<br \/>\nFlyers &amp; wobblers<br \/>\nBr\u00e4dspelsfodral<br \/>\nPresentf\u00f6rpackning<br \/>\nBokomslag<br \/>\netc.<\/p>\n<p>Olika utskriftsalternativ och ytbehandlingsalternativ:<br \/>\nDigital printing \u2013 Silk screen printing \u2013 Offset printing \u2013 UV spot varnish \u2013 3D varnish \u2013 Spot varnish with added glitter \u2013 Tinted spot varnish \u2013 Luminescent spot varnish \u2013 Gold and Silver color printing- Laminating<\/p>\n","protected":false},"excerpt":{"rendered":"<p>Personliga och reklamartiklar, produktfodral, broschyrer, omslag. F\u00f6r aff\u00e4rspresenter, anst\u00e4llda, jul och speciella tillf\u00e4llen. M\u00e5tt:\u00a0enligt kundens \u00f6nskem\u00e5l Material: papper Tryck: 1-4 f\u00e4rger (CMYK) Best\u00e4llningskvantitet: fr\u00e5n 100 st Reklambroschyrer Menyomslag och mappar Produkt\u00e4rmar &amp; fodral Kort och inbjudningar &amp; listor Lotter med skrapf\u00e4rgad bl\u00e4ck Choklad och godis box \u00e4rmar &amp; \u00f6verdrag Anv\u00e4ndningsinstruktioner Affischer och broschyrer Tryckta designpapper [&hellip;]<\/p>\n","protected":false},"featured_media":44117,"comment_status":"open","ping_status":"closed","template":"","meta":{"_acf_changed":false},"product_brand":[],"product_cat":[1041],"product_tag":[],"class_list":{"0":"post-44119","1":"product","2":"type-product","3":"status-publish","4":"has-post-thumbnail","6":"product_cat-displayer-etiketter-flygblad","8":"first","9":"instock","10":"taxable","11":"shipping-taxable","12":"product-type-simple"},"acf":[],"yoast_head":"<!-- This site is optimized with the Yoast SEO plugin v27.1.1 - https:\/\/yoast.com\/product\/yoast-seo-wordpress\/ -->\n<title>Banderoller. Flygblad. Omslag - Infigo<\/title>\n<meta name=\"robots\" content=\"index, follow, max-snippet:-1, max-image-preview:large, max-video-preview:-1\" \/>\n<link rel=\"canonical\" href=\"https:\/\/infigo.ee\/sv\/produkt\/banderoller-flygblad-omslag\/\" \/>\n<meta property=\"og:locale\" content=\"sv_SE\" \/>\n<meta property=\"og:type\" content=\"article\" \/>\n<meta property=\"og:title\" content=\"Banderoller. Flygblad. Omslag - Infigo\" \/>\n<meta property=\"og:description\" content=\"Personliga och reklamartiklar, produktfodral, broschyrer, omslag. F\u00f6r aff\u00e4rspresenter, anst\u00e4llda, jul och speciella tillf\u00e4llen. M\u00e5tt:\u00a0enligt kundens \u00f6nskem\u00e5l Material: papper Tryck: 1-4 f\u00e4rger (CMYK) Best\u00e4llningskvantitet: fr\u00e5n 100 st Reklambroschyrer Menyomslag och mappar Produkt\u00e4rmar &amp; fodral Kort och inbjudningar &amp; listor Lotter med skrapf\u00e4rgad bl\u00e4ck Choklad och godis box \u00e4rmar &amp; \u00f6verdrag Anv\u00e4ndningsinstruktioner Affischer och broschyrer Tryckta designpapper [&hellip;]\" \/>\n<meta property=\"og:url\" content=\"https:\/\/infigo.ee\/sv\/produkt\/banderoller-flygblad-omslag\/\" \/>\n<meta property=\"og:site_name\" content=\"Infigo\" \/>\n<meta property=\"article:modified_time\" content=\"2024-03-06T11:06:17+00:00\" \/>\n<meta property=\"og:image\" content=\"https:\/\/infigo.ee\/wp-content\/uploads\/2024\/02\/print_stand-label6.jpg\" \/>\n\t<meta property=\"og:image:width\" content=\"1485\" \/>\n\t<meta property=\"og:image:height\" content=\"1485\" \/>\n\t<meta property=\"og:image:type\" content=\"image\/jpeg\" \/>\n<meta name=\"twitter:card\" content=\"summary_large_image\" \/>\n<meta name=\"twitter:label1\" content=\"Est. reading time\" \/>\n\t<meta name=\"twitter:data1\" content=\"1 minute\" \/>\n<script type=\"application\/ld+json\" class=\"yoast-schema-graph\">{\"@context\":\"https:\/\/schema.org\",\"@graph\":[{\"@type\":\"WebPage\",\"@id\":\"https:\/\/infigo.ee\/sv\/produkt\/banderoller-flygblad-omslag\/\",\"url\":\"https:\/\/infigo.ee\/sv\/produkt\/banderoller-flygblad-omslag\/\",\"name\":\"Banderoller. Flygblad. Omslag - Infigo\",\"isPartOf\":{\"@id\":\"https:\/\/infigo.ee\/#website\"},\"primaryImageOfPage\":{\"@id\":\"https:\/\/infigo.ee\/sv\/produkt\/banderoller-flygblad-omslag\/#primaryimage\"},\"image\":{\"@id\":\"https:\/\/infigo.ee\/sv\/produkt\/banderoller-flygblad-omslag\/#primaryimage\"},\"thumbnailUrl\":\"https:\/\/infigo.ee\/wp-content\/uploads\/2024\/02\/print_stand-label6.jpg\",\"datePublished\":\"2024-02-14T12:23:24+00:00\",\"dateModified\":\"2024-03-06T11:06:17+00:00\",\"breadcrumb\":{\"@id\":\"https:\/\/infigo.ee\/sv\/produkt\/banderoller-flygblad-omslag\/#breadcrumb\"},\"inLanguage\":\"sv-SE\",\"potentialAction\":[{\"@type\":\"ReadAction\",\"target\":[\"https:\/\/infigo.ee\/sv\/produkt\/banderoller-flygblad-omslag\/\"]}]},{\"@type\":\"ImageObject\",\"inLanguage\":\"sv-SE\",\"@id\":\"https:\/\/infigo.ee\/sv\/produkt\/banderoller-flygblad-omslag\/#primaryimage\",\"url\":\"https:\/\/infigo.ee\/wp-content\/uploads\/2024\/02\/print_stand-label6.jpg\",\"contentUrl\":\"https:\/\/infigo.ee\/wp-content\/uploads\/2024\/02\/print_stand-label6.jpg\",\"width\":1485,\"height\":1485},{\"@type\":\"BreadcrumbList\",\"@id\":\"https:\/\/infigo.ee\/sv\/produkt\/banderoller-flygblad-omslag\/#breadcrumb\",\"itemListElement\":[{\"@type\":\"ListItem\",\"position\":1,\"name\":\"Home\",\"item\":\"https:\/\/infigo.ee\/sv\/\"},{\"@type\":\"ListItem\",\"position\":2,\"name\":\"Webbutik\",\"item\":\"https:\/\/infigo.ee\/sv\/butik\/\"},{\"@type\":\"ListItem\",\"position\":3,\"name\":\"Banderoller. Flygblad. Omslag\"}]},{\"@type\":\"WebSite\",\"@id\":\"https:\/\/infigo.ee\/#website\",\"url\":\"https:\/\/infigo.ee\/\",\"name\":\"Infigo\",\"description\":\"\",\"publisher\":{\"@id\":\"https:\/\/infigo.ee\/#organization\"},\"potentialAction\":[{\"@type\":\"SearchAction\",\"target\":{\"@type\":\"EntryPoint\",\"urlTemplate\":\"https:\/\/infigo.ee\/?s={search_term_string}\"},\"query-input\":{\"@type\":\"PropertyValueSpecification\",\"valueRequired\":true,\"valueName\":\"search_term_string\"}}],\"inLanguage\":\"sv-SE\"},{\"@type\":\"Organization\",\"@id\":\"https:\/\/infigo.ee\/#organization\",\"name\":\"Infigo\",\"url\":\"https:\/\/infigo.ee\/\",\"logo\":{\"@type\":\"ImageObject\",\"inLanguage\":\"sv-SE\",\"@id\":\"https:\/\/infigo.ee\/#\/schema\/logo\/image\/\",\"url\":\"https:\/\/infigo.ee\/wp-content\/uploads\/2023\/11\/logo-1.jpg\",\"contentUrl\":\"https:\/\/infigo.ee\/wp-content\/uploads\/2023\/11\/logo-1.jpg\",\"width\":334,\"height\":114,\"caption\":\"Infigo\"},\"image\":{\"@id\":\"https:\/\/infigo.ee\/#\/schema\/logo\/image\/\"}}]}<\/script>\n<!-- \/ Yoast SEO plugin. -->","yoast_head_json":{"title":"Banderoller. Flygblad. Omslag - Infigo","robots":{"index":"index","follow":"follow","max-snippet":"max-snippet:-1","max-image-preview":"max-image-preview:large","max-video-preview":"max-video-preview:-1"},"canonical":"https:\/\/infigo.ee\/sv\/produkt\/banderoller-flygblad-omslag\/","og_locale":"sv_SE","og_type":"article","og_title":"Banderoller. Flygblad. Omslag - Infigo","og_description":"Personliga och reklamartiklar, produktfodral, broschyrer, omslag. F\u00f6r aff\u00e4rspresenter, anst\u00e4llda, jul och speciella tillf\u00e4llen. M\u00e5tt:\u00a0enligt kundens \u00f6nskem\u00e5l Material: papper Tryck: 1-4 f\u00e4rger (CMYK) Best\u00e4llningskvantitet: fr\u00e5n 100 st Reklambroschyrer Menyomslag och mappar Produkt\u00e4rmar &amp; fodral Kort och inbjudningar &amp; listor Lotter med skrapf\u00e4rgad bl\u00e4ck Choklad och godis box \u00e4rmar &amp; \u00f6verdrag Anv\u00e4ndningsinstruktioner Affischer och broschyrer Tryckta designpapper [&hellip;]","og_url":"https:\/\/infigo.ee\/sv\/produkt\/banderoller-flygblad-omslag\/","og_site_name":"Infigo","article_modified_time":"2024-03-06T11:06:17+00:00","og_image":[{"width":1485,"height":1485,"url":"https:\/\/infigo.ee\/wp-content\/uploads\/2024\/02\/print_stand-label6.jpg","type":"image\/jpeg"}],"twitter_card":"summary_large_image","twitter_misc":{"Est. reading time":"1 minute"},"schema":{"@context":"https:\/\/schema.org","@graph":[{"@type":"WebPage","@id":"https:\/\/infigo.ee\/sv\/produkt\/banderoller-flygblad-omslag\/","url":"https:\/\/infigo.ee\/sv\/produkt\/banderoller-flygblad-omslag\/","name":"Banderoller. Flygblad. Omslag - Infigo","isPartOf":{"@id":"https:\/\/infigo.ee\/#website"},"primaryImageOfPage":{"@id":"https:\/\/infigo.ee\/sv\/produkt\/banderoller-flygblad-omslag\/#primaryimage"},"image":{"@id":"https:\/\/infigo.ee\/sv\/produkt\/banderoller-flygblad-omslag\/#primaryimage"},"thumbnailUrl":"https:\/\/infigo.ee\/wp-content\/uploads\/2024\/02\/print_stand-label6.jpg","datePublished":"2024-02-14T12:23:24+00:00","dateModified":"2024-03-06T11:06:17+00:00","breadcrumb":{"@id":"https:\/\/infigo.ee\/sv\/produkt\/banderoller-flygblad-omslag\/#breadcrumb"},"inLanguage":"sv-SE","potentialAction":[{"@type":"ReadAction","target":["https:\/\/infigo.ee\/sv\/produkt\/banderoller-flygblad-omslag\/"]}]},{"@type":"ImageObject","inLanguage":"sv-SE","@id":"https:\/\/infigo.ee\/sv\/produkt\/banderoller-flygblad-omslag\/#primaryimage","url":"https:\/\/infigo.ee\/wp-content\/uploads\/2024\/02\/print_stand-label6.jpg","contentUrl":"https:\/\/infigo.ee\/wp-content\/uploads\/2024\/02\/print_stand-label6.jpg","width":1485,"height":1485},{"@type":"BreadcrumbList","@id":"https:\/\/infigo.ee\/sv\/produkt\/banderoller-flygblad-omslag\/#breadcrumb","itemListElement":[{"@type":"ListItem","position":1,"name":"Home","item":"https:\/\/infigo.ee\/sv\/"},{"@type":"ListItem","position":2,"name":"Webbutik","item":"https:\/\/infigo.ee\/sv\/butik\/"},{"@type":"ListItem","position":3,"name":"Banderoller. Flygblad. Omslag"}]},{"@type":"WebSite","@id":"https:\/\/infigo.ee\/#website","url":"https:\/\/infigo.ee\/","name":"Infigo","description":"","publisher":{"@id":"https:\/\/infigo.ee\/#organization"},"potentialAction":[{"@type":"SearchAction","target":{"@type":"EntryPoint","urlTemplate":"https:\/\/infigo.ee\/?s={search_term_string}"},"query-input":{"@type":"PropertyValueSpecification","valueRequired":true,"valueName":"search_term_string"}}],"inLanguage":"sv-SE"},{"@type":"Organization","@id":"https:\/\/infigo.ee\/#organization","name":"Infigo","url":"https:\/\/infigo.ee\/","logo":{"@type":"ImageObject","inLanguage":"sv-SE","@id":"https:\/\/infigo.ee\/#\/schema\/logo\/image\/","url":"https:\/\/infigo.ee\/wp-content\/uploads\/2023\/11\/logo-1.jpg","contentUrl":"https:\/\/infigo.ee\/wp-content\/uploads\/2023\/11\/logo-1.jpg","width":334,"height":114,"caption":"Infigo"},"image":{"@id":"https:\/\/infigo.ee\/#\/schema\/logo\/image\/"}}]}},"_links":{"self":[{"href":"https:\/\/infigo.ee\/sv\/wp-json\/wp\/v2\/product\/44119","targetHints":{"allow":["GET"]}}],"collection":[{"href":"https:\/\/infigo.ee\/sv\/wp-json\/wp\/v2\/product"}],"about":[{"href":"https:\/\/infigo.ee\/sv\/wp-json\/wp\/v2\/types\/product"}],"replies":[{"embeddable":true,"href":"https:\/\/infigo.ee\/sv\/wp-json\/wp\/v2\/comments?post=44119"}],"wp:featuredmedia":[{"embeddable":true,"href":"https:\/\/infigo.ee\/sv\/wp-json\/wp\/v2\/media\/44117"}],"wp:attachment":[{"href":"https:\/\/infigo.ee\/sv\/wp-json\/wp\/v2\/media?parent=44119"}],"wp:term":[{"taxonomy":"product_brand","embeddable":true,"href":"https:\/\/infigo.ee\/sv\/wp-json\/wp\/v2\/product_brand?post=44119"},{"taxonomy":"product_cat","embeddable":true,"href":"https:\/\/infigo.ee\/sv\/wp-json\/wp\/v2\/product_cat?post=44119"},{"taxonomy":"product_tag","embeddable":true,"href":"https:\/\/infigo.ee\/sv\/wp-json\/wp\/v2\/product_tag?post=44119"}],"curies":[{"name":"wp","href":"https:\/\/api.w.org\/{rel}","templated":true}]}}