{"id":44095,"date":"2024-02-14T14:19:33","date_gmt":"2024-02-14T12:19:33","guid":{"rendered":"https:\/\/infigo.ee\/toode\/stickers-labels\/"},"modified":"2024-03-06T12:45:40","modified_gmt":"2024-03-06T10:45:40","slug":"etiketter","status":"publish","type":"product","link":"https:\/\/infigo.ee\/sv\/produkt\/etiketter\/","title":{"rendered":"Klisterm\u00e4rken. Etiketter"},"content":{"rendered":"<p>Digitaltryckt, sidentryckt, med specialeffekter, pr\u00e4glade produktetiketter, klisterm\u00e4rken f\u00f6r alla \u00e4ndam\u00e5l och anv\u00e4ndning inom en m\u00e4ngd olika omr\u00e5den. De mest olika former och storlekar. Ett mycket brett urval av olika material.<\/p>\n<p><strong>M\u00e5tt:<\/strong> enligt kundens \u00f6nskem\u00e5l<br \/>\n<strong>Material:<\/strong> olika material<br \/>\n<strong>Tryck:<\/strong> 1-4 f\u00e4rger (CMYK)<br \/>\n<strong>Best\u00e4llningskvantitet:<\/strong> fr\u00e5n 100 st<\/p>\n<p>Etiketter f\u00f6r flaskor och burkar. Etiketter f\u00f6r kosmetiska produkter, tuber och aerosoler. Kemiska produktetiketter. Etiketter f\u00f6r livsmedelsf\u00f6rpackningar. Speciall\u00f6sningar. Fr\u00e5n enkla runda fyrkantiga klisterm\u00e4rken till de mest komplexa produktklisterm\u00e4rkena. Best\u00e4ll en provetikett med din egen design!<\/p>\n","protected":false},"excerpt":{"rendered":"<p>Digitaltryckt, sidentryckt, med specialeffekter, pr\u00e4glade produktetiketter, klisterm\u00e4rken f\u00f6r alla \u00e4ndam\u00e5l och anv\u00e4ndning inom en m\u00e4ngd olika omr\u00e5den. De mest olika former och storlekar. Ett mycket brett urval av olika material. M\u00e5tt: enligt kundens \u00f6nskem\u00e5l Material: olika material Tryck: 1-4 f\u00e4rger (CMYK) Best\u00e4llningskvantitet: fr\u00e5n 100 st Etiketter f\u00f6r flaskor och burkar. Etiketter f\u00f6r kosmetiska produkter, tuber [&hellip;]<\/p>\n","protected":false},"featured_media":44079,"comment_status":"open","ping_status":"closed","template":"","meta":{"_acf_changed":false},"product_brand":[],"product_cat":[1041],"product_tag":[],"class_list":{"0":"post-44095","1":"product","2":"type-product","3":"status-publish","4":"has-post-thumbnail","6":"product_cat-displayer-etiketter-flygblad","8":"first","9":"instock","10":"taxable","11":"shipping-taxable","12":"product-type-simple"},"acf":[],"yoast_head":"<!-- This site is optimized with the Yoast SEO plugin v27.1.1 - https:\/\/yoast.com\/product\/yoast-seo-wordpress\/ -->\n<title>Klisterm\u00e4rken. Etiketter - Infigo<\/title>\n<meta name=\"robots\" content=\"index, follow, max-snippet:-1, max-image-preview:large, max-video-preview:-1\" \/>\n<link rel=\"canonical\" href=\"https:\/\/infigo.ee\/sv\/produkt\/etiketter\/\" \/>\n<meta property=\"og:locale\" content=\"sv_SE\" \/>\n<meta property=\"og:type\" content=\"article\" \/>\n<meta property=\"og:title\" content=\"Klisterm\u00e4rken. Etiketter - Infigo\" \/>\n<meta property=\"og:description\" content=\"Digitaltryckt, sidentryckt, med specialeffekter, pr\u00e4glade produktetiketter, klisterm\u00e4rken f\u00f6r alla \u00e4ndam\u00e5l och anv\u00e4ndning inom en m\u00e4ngd olika omr\u00e5den. De mest olika former och storlekar. Ett mycket brett urval av olika material. M\u00e5tt: enligt kundens \u00f6nskem\u00e5l Material: olika material Tryck: 1-4 f\u00e4rger (CMYK) Best\u00e4llningskvantitet: fr\u00e5n 100 st Etiketter f\u00f6r flaskor och burkar. Etiketter f\u00f6r kosmetiska produkter, tuber [&hellip;]\" \/>\n<meta property=\"og:url\" content=\"https:\/\/infigo.ee\/sv\/produkt\/etiketter\/\" \/>\n<meta property=\"og:site_name\" content=\"Infigo\" \/>\n<meta property=\"article:modified_time\" content=\"2024-03-06T10:45:40+00:00\" \/>\n<meta property=\"og:image\" content=\"https:\/\/infigo.ee\/wp-content\/uploads\/2024\/02\/print_stand-label3.jpg\" \/>\n\t<meta property=\"og:image:width\" content=\"1485\" \/>\n\t<meta property=\"og:image:height\" content=\"1485\" \/>\n\t<meta property=\"og:image:type\" content=\"image\/jpeg\" \/>\n<meta name=\"twitter:card\" content=\"summary_large_image\" \/>\n<meta name=\"twitter:label1\" content=\"Est. reading time\" \/>\n\t<meta name=\"twitter:data1\" content=\"1 minute\" \/>\n<script type=\"application\/ld+json\" class=\"yoast-schema-graph\">{\"@context\":\"https:\/\/schema.org\",\"@graph\":[{\"@type\":\"WebPage\",\"@id\":\"https:\/\/infigo.ee\/sv\/produkt\/etiketter\/\",\"url\":\"https:\/\/infigo.ee\/sv\/produkt\/etiketter\/\",\"name\":\"Klisterm\u00e4rken. Etiketter - Infigo\",\"isPartOf\":{\"@id\":\"https:\/\/infigo.ee\/#website\"},\"primaryImageOfPage\":{\"@id\":\"https:\/\/infigo.ee\/sv\/produkt\/etiketter\/#primaryimage\"},\"image\":{\"@id\":\"https:\/\/infigo.ee\/sv\/produkt\/etiketter\/#primaryimage\"},\"thumbnailUrl\":\"https:\/\/infigo.ee\/wp-content\/uploads\/2024\/02\/print_stand-label3.jpg\",\"datePublished\":\"2024-02-14T12:19:33+00:00\",\"dateModified\":\"2024-03-06T10:45:40+00:00\",\"breadcrumb\":{\"@id\":\"https:\/\/infigo.ee\/sv\/produkt\/etiketter\/#breadcrumb\"},\"inLanguage\":\"sv-SE\",\"potentialAction\":[{\"@type\":\"ReadAction\",\"target\":[\"https:\/\/infigo.ee\/sv\/produkt\/etiketter\/\"]}]},{\"@type\":\"ImageObject\",\"inLanguage\":\"sv-SE\",\"@id\":\"https:\/\/infigo.ee\/sv\/produkt\/etiketter\/#primaryimage\",\"url\":\"https:\/\/infigo.ee\/wp-content\/uploads\/2024\/02\/print_stand-label3.jpg\",\"contentUrl\":\"https:\/\/infigo.ee\/wp-content\/uploads\/2024\/02\/print_stand-label3.jpg\",\"width\":1485,\"height\":1485},{\"@type\":\"BreadcrumbList\",\"@id\":\"https:\/\/infigo.ee\/sv\/produkt\/etiketter\/#breadcrumb\",\"itemListElement\":[{\"@type\":\"ListItem\",\"position\":1,\"name\":\"Home\",\"item\":\"https:\/\/infigo.ee\/sv\/\"},{\"@type\":\"ListItem\",\"position\":2,\"name\":\"Webbutik\",\"item\":\"https:\/\/infigo.ee\/sv\/butik\/\"},{\"@type\":\"ListItem\",\"position\":3,\"name\":\"Klisterm\u00e4rken. Etiketter\"}]},{\"@type\":\"WebSite\",\"@id\":\"https:\/\/infigo.ee\/#website\",\"url\":\"https:\/\/infigo.ee\/\",\"name\":\"Infigo\",\"description\":\"\",\"publisher\":{\"@id\":\"https:\/\/infigo.ee\/#organization\"},\"potentialAction\":[{\"@type\":\"SearchAction\",\"target\":{\"@type\":\"EntryPoint\",\"urlTemplate\":\"https:\/\/infigo.ee\/?s={search_term_string}\"},\"query-input\":{\"@type\":\"PropertyValueSpecification\",\"valueRequired\":true,\"valueName\":\"search_term_string\"}}],\"inLanguage\":\"sv-SE\"},{\"@type\":\"Organization\",\"@id\":\"https:\/\/infigo.ee\/#organization\",\"name\":\"Infigo\",\"url\":\"https:\/\/infigo.ee\/\",\"logo\":{\"@type\":\"ImageObject\",\"inLanguage\":\"sv-SE\",\"@id\":\"https:\/\/infigo.ee\/#\/schema\/logo\/image\/\",\"url\":\"https:\/\/infigo.ee\/wp-content\/uploads\/2023\/11\/logo-1.jpg\",\"contentUrl\":\"https:\/\/infigo.ee\/wp-content\/uploads\/2023\/11\/logo-1.jpg\",\"width\":334,\"height\":114,\"caption\":\"Infigo\"},\"image\":{\"@id\":\"https:\/\/infigo.ee\/#\/schema\/logo\/image\/\"}}]}<\/script>\n<!-- \/ Yoast SEO plugin. -->","yoast_head_json":{"title":"Klisterm\u00e4rken. Etiketter - Infigo","robots":{"index":"index","follow":"follow","max-snippet":"max-snippet:-1","max-image-preview":"max-image-preview:large","max-video-preview":"max-video-preview:-1"},"canonical":"https:\/\/infigo.ee\/sv\/produkt\/etiketter\/","og_locale":"sv_SE","og_type":"article","og_title":"Klisterm\u00e4rken. Etiketter - Infigo","og_description":"Digitaltryckt, sidentryckt, med specialeffekter, pr\u00e4glade produktetiketter, klisterm\u00e4rken f\u00f6r alla \u00e4ndam\u00e5l och anv\u00e4ndning inom en m\u00e4ngd olika omr\u00e5den. De mest olika former och storlekar. Ett mycket brett urval av olika material. M\u00e5tt: enligt kundens \u00f6nskem\u00e5l Material: olika material Tryck: 1-4 f\u00e4rger (CMYK) Best\u00e4llningskvantitet: fr\u00e5n 100 st Etiketter f\u00f6r flaskor och burkar. Etiketter f\u00f6r kosmetiska produkter, tuber [&hellip;]","og_url":"https:\/\/infigo.ee\/sv\/produkt\/etiketter\/","og_site_name":"Infigo","article_modified_time":"2024-03-06T10:45:40+00:00","og_image":[{"width":1485,"height":1485,"url":"https:\/\/infigo.ee\/wp-content\/uploads\/2024\/02\/print_stand-label3.jpg","type":"image\/jpeg"}],"twitter_card":"summary_large_image","twitter_misc":{"Est. reading time":"1 minute"},"schema":{"@context":"https:\/\/schema.org","@graph":[{"@type":"WebPage","@id":"https:\/\/infigo.ee\/sv\/produkt\/etiketter\/","url":"https:\/\/infigo.ee\/sv\/produkt\/etiketter\/","name":"Klisterm\u00e4rken. Etiketter - Infigo","isPartOf":{"@id":"https:\/\/infigo.ee\/#website"},"primaryImageOfPage":{"@id":"https:\/\/infigo.ee\/sv\/produkt\/etiketter\/#primaryimage"},"image":{"@id":"https:\/\/infigo.ee\/sv\/produkt\/etiketter\/#primaryimage"},"thumbnailUrl":"https:\/\/infigo.ee\/wp-content\/uploads\/2024\/02\/print_stand-label3.jpg","datePublished":"2024-02-14T12:19:33+00:00","dateModified":"2024-03-06T10:45:40+00:00","breadcrumb":{"@id":"https:\/\/infigo.ee\/sv\/produkt\/etiketter\/#breadcrumb"},"inLanguage":"sv-SE","potentialAction":[{"@type":"ReadAction","target":["https:\/\/infigo.ee\/sv\/produkt\/etiketter\/"]}]},{"@type":"ImageObject","inLanguage":"sv-SE","@id":"https:\/\/infigo.ee\/sv\/produkt\/etiketter\/#primaryimage","url":"https:\/\/infigo.ee\/wp-content\/uploads\/2024\/02\/print_stand-label3.jpg","contentUrl":"https:\/\/infigo.ee\/wp-content\/uploads\/2024\/02\/print_stand-label3.jpg","width":1485,"height":1485},{"@type":"BreadcrumbList","@id":"https:\/\/infigo.ee\/sv\/produkt\/etiketter\/#breadcrumb","itemListElement":[{"@type":"ListItem","position":1,"name":"Home","item":"https:\/\/infigo.ee\/sv\/"},{"@type":"ListItem","position":2,"name":"Webbutik","item":"https:\/\/infigo.ee\/sv\/butik\/"},{"@type":"ListItem","position":3,"name":"Klisterm\u00e4rken. Etiketter"}]},{"@type":"WebSite","@id":"https:\/\/infigo.ee\/#website","url":"https:\/\/infigo.ee\/","name":"Infigo","description":"","publisher":{"@id":"https:\/\/infigo.ee\/#organization"},"potentialAction":[{"@type":"SearchAction","target":{"@type":"EntryPoint","urlTemplate":"https:\/\/infigo.ee\/?s={search_term_string}"},"query-input":{"@type":"PropertyValueSpecification","valueRequired":true,"valueName":"search_term_string"}}],"inLanguage":"sv-SE"},{"@type":"Organization","@id":"https:\/\/infigo.ee\/#organization","name":"Infigo","url":"https:\/\/infigo.ee\/","logo":{"@type":"ImageObject","inLanguage":"sv-SE","@id":"https:\/\/infigo.ee\/#\/schema\/logo\/image\/","url":"https:\/\/infigo.ee\/wp-content\/uploads\/2023\/11\/logo-1.jpg","contentUrl":"https:\/\/infigo.ee\/wp-content\/uploads\/2023\/11\/logo-1.jpg","width":334,"height":114,"caption":"Infigo"},"image":{"@id":"https:\/\/infigo.ee\/#\/schema\/logo\/image\/"}}]}},"_links":{"self":[{"href":"https:\/\/infigo.ee\/sv\/wp-json\/wp\/v2\/product\/44095","targetHints":{"allow":["GET"]}}],"collection":[{"href":"https:\/\/infigo.ee\/sv\/wp-json\/wp\/v2\/product"}],"about":[{"href":"https:\/\/infigo.ee\/sv\/wp-json\/wp\/v2\/types\/product"}],"replies":[{"embeddable":true,"href":"https:\/\/infigo.ee\/sv\/wp-json\/wp\/v2\/comments?post=44095"}],"wp:featuredmedia":[{"embeddable":true,"href":"https:\/\/infigo.ee\/sv\/wp-json\/wp\/v2\/media\/44079"}],"wp:attachment":[{"href":"https:\/\/infigo.ee\/sv\/wp-json\/wp\/v2\/media?parent=44095"}],"wp:term":[{"taxonomy":"product_brand","embeddable":true,"href":"https:\/\/infigo.ee\/sv\/wp-json\/wp\/v2\/product_brand?post=44095"},{"taxonomy":"product_cat","embeddable":true,"href":"https:\/\/infigo.ee\/sv\/wp-json\/wp\/v2\/product_cat?post=44095"},{"taxonomy":"product_tag","embeddable":true,"href":"https:\/\/infigo.ee\/sv\/wp-json\/wp\/v2\/product_tag?post=44095"}],"curies":[{"name":"wp","href":"https:\/\/api.w.org\/{rel}","templated":true}]}}