{"id":44015,"date":"2024-02-13T15:47:57","date_gmt":"2024-02-13T13:47:57","guid":{"rendered":"https:\/\/infigo.ee\/toode\/cartons-with-tape\/"},"modified":"2024-03-05T18:30:43","modified_gmt":"2024-03-05T16:30:43","slug":"cartons-with-tape","status":"publish","type":"product","link":"https:\/\/infigo.ee\/sv\/produkt\/cartons-with-tape\/","title":{"rendered":"Presentf\u00f6rpackningar. Presentaskar. Presentl\u00e5dor"},"content":{"rendered":"<p>Stiliga presentf\u00f6rpackningar med er logotyp \u00e4r ett idealiskt alternativ f\u00f6r att f\u00f6rpacka era produkter och presenter.<\/p>\n<p><strong>M\u00e5tt:<\/strong> enligt kundens \u00f6nskem\u00e5l<br \/>\n<strong>Material:<\/strong> kartong<br \/>\n<strong>Materialf\u00e4rg:<\/strong> vit, brun<br \/>\n<strong>Tryck:<\/strong> 1 &#8211; 4 f\u00e4rger<br \/>\n<strong>Tillbeh\u00f6r:<\/strong> laminering, folief\u00f6nster, varmfoliepr\u00e4gling, UV-lack, satinband<br \/>\n<strong>Best\u00e4llningskvantitet:<\/strong> fr\u00e5n 500 st<\/p>\n","protected":false},"excerpt":{"rendered":"<p>Stiliga presentf\u00f6rpackningar med er logotyp \u00e4r ett idealiskt alternativ f\u00f6r att f\u00f6rpacka era produkter och presenter. M\u00e5tt: enligt kundens \u00f6nskem\u00e5l Material: kartong Materialf\u00e4rg: vit, brun Tryck: 1 &#8211; 4 f\u00e4rger Tillbeh\u00f6r: laminering, folief\u00f6nster, varmfoliepr\u00e4gling, UV-lack, satinband Best\u00e4llningskvantitet: fr\u00e5n 500 st<\/p>\n","protected":false},"featured_media":43983,"comment_status":"open","ping_status":"closed","template":"","meta":{"_acf_changed":false},"product_brand":[],"product_cat":[1040],"product_tag":[],"class_list":{"0":"post-44015","1":"product","2":"type-product","3":"status-publish","4":"has-post-thumbnail","6":"product_cat-kartonger-lador-tejp","8":"first","9":"instock","10":"taxable","11":"shipping-taxable","12":"product-type-simple"},"acf":[],"yoast_head":"<!-- This site is optimized with the Yoast SEO plugin v27.1.1 - https:\/\/yoast.com\/product\/yoast-seo-wordpress\/ -->\n<title>Presentf\u00f6rpackningar. Presentaskar. Presentl\u00e5dor - Infigo<\/title>\n<meta name=\"robots\" content=\"index, follow, max-snippet:-1, max-image-preview:large, max-video-preview:-1\" \/>\n<link rel=\"canonical\" href=\"https:\/\/infigo.ee\/sv\/produkt\/cartons-with-tape\/\" \/>\n<meta property=\"og:locale\" content=\"sv_SE\" \/>\n<meta property=\"og:type\" content=\"article\" \/>\n<meta property=\"og:title\" content=\"Presentf\u00f6rpackningar. Presentaskar. Presentl\u00e5dor - Infigo\" \/>\n<meta property=\"og:description\" content=\"Stiliga presentf\u00f6rpackningar med er logotyp \u00e4r ett idealiskt alternativ f\u00f6r att f\u00f6rpacka era produkter och presenter. M\u00e5tt: enligt kundens \u00f6nskem\u00e5l Material: kartong Materialf\u00e4rg: vit, brun Tryck: 1 &#8211; 4 f\u00e4rger Tillbeh\u00f6r: laminering, folief\u00f6nster, varmfoliepr\u00e4gling, UV-lack, satinband Best\u00e4llningskvantitet: fr\u00e5n 500 st\" \/>\n<meta property=\"og:url\" content=\"https:\/\/infigo.ee\/sv\/produkt\/cartons-with-tape\/\" \/>\n<meta property=\"og:site_name\" content=\"Infigo\" \/>\n<meta property=\"article:modified_time\" content=\"2024-03-05T16:30:43+00:00\" \/>\n<meta property=\"og:image\" content=\"https:\/\/infigo.ee\/wp-content\/uploads\/2024\/02\/print_box8.jpg\" \/>\n\t<meta property=\"og:image:width\" content=\"1485\" \/>\n\t<meta property=\"og:image:height\" content=\"1485\" \/>\n\t<meta property=\"og:image:type\" content=\"image\/jpeg\" \/>\n<meta name=\"twitter:card\" content=\"summary_large_image\" \/>\n<meta name=\"twitter:label1\" content=\"Est. reading time\" \/>\n\t<meta name=\"twitter:data1\" content=\"1 minute\" \/>\n<script type=\"application\/ld+json\" class=\"yoast-schema-graph\">{\"@context\":\"https:\/\/schema.org\",\"@graph\":[{\"@type\":\"WebPage\",\"@id\":\"https:\/\/infigo.ee\/sv\/produkt\/cartons-with-tape\/\",\"url\":\"https:\/\/infigo.ee\/sv\/produkt\/cartons-with-tape\/\",\"name\":\"Presentf\u00f6rpackningar. Presentaskar. Presentl\u00e5dor - Infigo\",\"isPartOf\":{\"@id\":\"https:\/\/infigo.ee\/#website\"},\"primaryImageOfPage\":{\"@id\":\"https:\/\/infigo.ee\/sv\/produkt\/cartons-with-tape\/#primaryimage\"},\"image\":{\"@id\":\"https:\/\/infigo.ee\/sv\/produkt\/cartons-with-tape\/#primaryimage\"},\"thumbnailUrl\":\"https:\/\/infigo.ee\/wp-content\/uploads\/2024\/02\/print_box8.jpg\",\"datePublished\":\"2024-02-13T13:47:57+00:00\",\"dateModified\":\"2024-03-05T16:30:43+00:00\",\"breadcrumb\":{\"@id\":\"https:\/\/infigo.ee\/sv\/produkt\/cartons-with-tape\/#breadcrumb\"},\"inLanguage\":\"sv-SE\",\"potentialAction\":[{\"@type\":\"ReadAction\",\"target\":[\"https:\/\/infigo.ee\/sv\/produkt\/cartons-with-tape\/\"]}]},{\"@type\":\"ImageObject\",\"inLanguage\":\"sv-SE\",\"@id\":\"https:\/\/infigo.ee\/sv\/produkt\/cartons-with-tape\/#primaryimage\",\"url\":\"https:\/\/infigo.ee\/wp-content\/uploads\/2024\/02\/print_box8.jpg\",\"contentUrl\":\"https:\/\/infigo.ee\/wp-content\/uploads\/2024\/02\/print_box8.jpg\",\"width\":1485,\"height\":1485},{\"@type\":\"BreadcrumbList\",\"@id\":\"https:\/\/infigo.ee\/sv\/produkt\/cartons-with-tape\/#breadcrumb\",\"itemListElement\":[{\"@type\":\"ListItem\",\"position\":1,\"name\":\"Home\",\"item\":\"https:\/\/infigo.ee\/sv\/\"},{\"@type\":\"ListItem\",\"position\":2,\"name\":\"Webbutik\",\"item\":\"https:\/\/infigo.ee\/sv\/butik\/\"},{\"@type\":\"ListItem\",\"position\":3,\"name\":\"Presentf\u00f6rpackningar. Presentaskar. Presentl\u00e5dor\"}]},{\"@type\":\"WebSite\",\"@id\":\"https:\/\/infigo.ee\/#website\",\"url\":\"https:\/\/infigo.ee\/\",\"name\":\"Infigo\",\"description\":\"\",\"publisher\":{\"@id\":\"https:\/\/infigo.ee\/#organization\"},\"potentialAction\":[{\"@type\":\"SearchAction\",\"target\":{\"@type\":\"EntryPoint\",\"urlTemplate\":\"https:\/\/infigo.ee\/?s={search_term_string}\"},\"query-input\":{\"@type\":\"PropertyValueSpecification\",\"valueRequired\":true,\"valueName\":\"search_term_string\"}}],\"inLanguage\":\"sv-SE\"},{\"@type\":\"Organization\",\"@id\":\"https:\/\/infigo.ee\/#organization\",\"name\":\"Infigo\",\"url\":\"https:\/\/infigo.ee\/\",\"logo\":{\"@type\":\"ImageObject\",\"inLanguage\":\"sv-SE\",\"@id\":\"https:\/\/infigo.ee\/#\/schema\/logo\/image\/\",\"url\":\"https:\/\/infigo.ee\/wp-content\/uploads\/2023\/11\/logo-1.jpg\",\"contentUrl\":\"https:\/\/infigo.ee\/wp-content\/uploads\/2023\/11\/logo-1.jpg\",\"width\":334,\"height\":114,\"caption\":\"Infigo\"},\"image\":{\"@id\":\"https:\/\/infigo.ee\/#\/schema\/logo\/image\/\"}}]}<\/script>\n<!-- \/ Yoast SEO plugin. -->","yoast_head_json":{"title":"Presentf\u00f6rpackningar. Presentaskar. Presentl\u00e5dor - Infigo","robots":{"index":"index","follow":"follow","max-snippet":"max-snippet:-1","max-image-preview":"max-image-preview:large","max-video-preview":"max-video-preview:-1"},"canonical":"https:\/\/infigo.ee\/sv\/produkt\/cartons-with-tape\/","og_locale":"sv_SE","og_type":"article","og_title":"Presentf\u00f6rpackningar. Presentaskar. Presentl\u00e5dor - Infigo","og_description":"Stiliga presentf\u00f6rpackningar med er logotyp \u00e4r ett idealiskt alternativ f\u00f6r att f\u00f6rpacka era produkter och presenter. M\u00e5tt: enligt kundens \u00f6nskem\u00e5l Material: kartong Materialf\u00e4rg: vit, brun Tryck: 1 &#8211; 4 f\u00e4rger Tillbeh\u00f6r: laminering, folief\u00f6nster, varmfoliepr\u00e4gling, UV-lack, satinband Best\u00e4llningskvantitet: fr\u00e5n 500 st","og_url":"https:\/\/infigo.ee\/sv\/produkt\/cartons-with-tape\/","og_site_name":"Infigo","article_modified_time":"2024-03-05T16:30:43+00:00","og_image":[{"width":1485,"height":1485,"url":"https:\/\/infigo.ee\/wp-content\/uploads\/2024\/02\/print_box8.jpg","type":"image\/jpeg"}],"twitter_card":"summary_large_image","twitter_misc":{"Est. reading time":"1 minute"},"schema":{"@context":"https:\/\/schema.org","@graph":[{"@type":"WebPage","@id":"https:\/\/infigo.ee\/sv\/produkt\/cartons-with-tape\/","url":"https:\/\/infigo.ee\/sv\/produkt\/cartons-with-tape\/","name":"Presentf\u00f6rpackningar. Presentaskar. Presentl\u00e5dor - Infigo","isPartOf":{"@id":"https:\/\/infigo.ee\/#website"},"primaryImageOfPage":{"@id":"https:\/\/infigo.ee\/sv\/produkt\/cartons-with-tape\/#primaryimage"},"image":{"@id":"https:\/\/infigo.ee\/sv\/produkt\/cartons-with-tape\/#primaryimage"},"thumbnailUrl":"https:\/\/infigo.ee\/wp-content\/uploads\/2024\/02\/print_box8.jpg","datePublished":"2024-02-13T13:47:57+00:00","dateModified":"2024-03-05T16:30:43+00:00","breadcrumb":{"@id":"https:\/\/infigo.ee\/sv\/produkt\/cartons-with-tape\/#breadcrumb"},"inLanguage":"sv-SE","potentialAction":[{"@type":"ReadAction","target":["https:\/\/infigo.ee\/sv\/produkt\/cartons-with-tape\/"]}]},{"@type":"ImageObject","inLanguage":"sv-SE","@id":"https:\/\/infigo.ee\/sv\/produkt\/cartons-with-tape\/#primaryimage","url":"https:\/\/infigo.ee\/wp-content\/uploads\/2024\/02\/print_box8.jpg","contentUrl":"https:\/\/infigo.ee\/wp-content\/uploads\/2024\/02\/print_box8.jpg","width":1485,"height":1485},{"@type":"BreadcrumbList","@id":"https:\/\/infigo.ee\/sv\/produkt\/cartons-with-tape\/#breadcrumb","itemListElement":[{"@type":"ListItem","position":1,"name":"Home","item":"https:\/\/infigo.ee\/sv\/"},{"@type":"ListItem","position":2,"name":"Webbutik","item":"https:\/\/infigo.ee\/sv\/butik\/"},{"@type":"ListItem","position":3,"name":"Presentf\u00f6rpackningar. Presentaskar. Presentl\u00e5dor"}]},{"@type":"WebSite","@id":"https:\/\/infigo.ee\/#website","url":"https:\/\/infigo.ee\/","name":"Infigo","description":"","publisher":{"@id":"https:\/\/infigo.ee\/#organization"},"potentialAction":[{"@type":"SearchAction","target":{"@type":"EntryPoint","urlTemplate":"https:\/\/infigo.ee\/?s={search_term_string}"},"query-input":{"@type":"PropertyValueSpecification","valueRequired":true,"valueName":"search_term_string"}}],"inLanguage":"sv-SE"},{"@type":"Organization","@id":"https:\/\/infigo.ee\/#organization","name":"Infigo","url":"https:\/\/infigo.ee\/","logo":{"@type":"ImageObject","inLanguage":"sv-SE","@id":"https:\/\/infigo.ee\/#\/schema\/logo\/image\/","url":"https:\/\/infigo.ee\/wp-content\/uploads\/2023\/11\/logo-1.jpg","contentUrl":"https:\/\/infigo.ee\/wp-content\/uploads\/2023\/11\/logo-1.jpg","width":334,"height":114,"caption":"Infigo"},"image":{"@id":"https:\/\/infigo.ee\/#\/schema\/logo\/image\/"}}]}},"_links":{"self":[{"href":"https:\/\/infigo.ee\/sv\/wp-json\/wp\/v2\/product\/44015","targetHints":{"allow":["GET"]}}],"collection":[{"href":"https:\/\/infigo.ee\/sv\/wp-json\/wp\/v2\/product"}],"about":[{"href":"https:\/\/infigo.ee\/sv\/wp-json\/wp\/v2\/types\/product"}],"replies":[{"embeddable":true,"href":"https:\/\/infigo.ee\/sv\/wp-json\/wp\/v2\/comments?post=44015"}],"wp:featuredmedia":[{"embeddable":true,"href":"https:\/\/infigo.ee\/sv\/wp-json\/wp\/v2\/media\/43983"}],"wp:attachment":[{"href":"https:\/\/infigo.ee\/sv\/wp-json\/wp\/v2\/media?parent=44015"}],"wp:term":[{"taxonomy":"product_brand","embeddable":true,"href":"https:\/\/infigo.ee\/sv\/wp-json\/wp\/v2\/product_brand?post=44015"},{"taxonomy":"product_cat","embeddable":true,"href":"https:\/\/infigo.ee\/sv\/wp-json\/wp\/v2\/product_cat?post=44015"},{"taxonomy":"product_tag","embeddable":true,"href":"https:\/\/infigo.ee\/sv\/wp-json\/wp\/v2\/product_tag?post=44015"}],"curies":[{"name":"wp","href":"https:\/\/api.w.org\/{rel}","templated":true}]}}