{"id":43924,"date":"2024-02-13T15:44:44","date_gmt":"2024-02-13T13:44:44","guid":{"rendered":"https:\/\/infigo.ee\/toode\/postituskotelot-painatuksella\/"},"modified":"2024-03-05T17:37:17","modified_gmt":"2024-03-05T15:37:17","slug":"postituskotelot-painatuksella","status":"publish","type":"product","link":"https:\/\/infigo.ee\/sv\/produkt\/postituskotelot-painatuksella\/","title":{"rendered":"E-handelsl\u00e5dor. Brevpack"},"content":{"rendered":"<p>E-handelsl\u00e5dor med er f\u00f6retagslogotyp och design sticker verkligen ut och \u00e4r utm\u00e4rkta reklamb\u00e4rare. E-handelsl\u00e5dor passar f\u00f6r att skicka en m\u00e4ngd olika produkter. De \u00e4r tillverkade av stark wellpapp och skyddar d\u00e4rf\u00f6r era produkter v\u00e4l.<\/p>\n<p><strong>M\u00e5tt:<\/strong> enligt kundens \u00f6nskem\u00e5l. De popul\u00e4raste m\u00e5tten finns i webbutiken:<br \/>\n<strong>Material:<\/strong> brunt eller vitt wellpapp. \u00c4ven FSC-certifierat material finns i urvalet.<br \/>\n<strong>Tryck:<\/strong> 1 &#8211; 4 f\u00e4rger (CMYK)<br \/>\n<strong>F\u00e4stning:<\/strong> Peel &amp; Seal tejpf\u00e4stning, rivremsa, utan tejp<br \/>\n<strong>Best\u00e4llningsm\u00e4ngd:<\/strong> fr\u00e5n 200 st<\/p>\n<p>F\u00f6r att skydda produkterna kan l\u00e5dan fodras med fyllnadsf\u00f6rpackningsmaterial. Se v\u00e5rt utbud i v\u00e5r webbutik<\/p>\n","protected":false},"excerpt":{"rendered":"<p>E-handelsl\u00e5dor med er f\u00f6retagslogotyp och design sticker verkligen ut och \u00e4r utm\u00e4rkta reklamb\u00e4rare. E-handelsl\u00e5dor passar f\u00f6r att skicka en m\u00e4ngd olika produkter. De \u00e4r tillverkade av stark wellpapp och skyddar d\u00e4rf\u00f6r era produkter v\u00e4l. M\u00e5tt: enligt kundens \u00f6nskem\u00e5l. De popul\u00e4raste m\u00e5tten finns i webbutiken: Material: brunt eller vitt wellpapp. \u00c4ven FSC-certifierat material finns i urvalet. [&hellip;]<\/p>\n","protected":false},"featured_media":43893,"comment_status":"open","ping_status":"closed","template":"","meta":{"_acf_changed":false},"product_brand":[],"product_cat":[1040],"product_tag":[],"class_list":{"0":"post-43924","1":"product","2":"type-product","3":"status-publish","4":"has-post-thumbnail","6":"product_cat-kartonger-lador-tejp","8":"first","9":"instock","10":"taxable","11":"shipping-taxable","12":"product-type-simple"},"acf":[],"yoast_head":"<!-- This site is optimized with the Yoast SEO plugin v27.1.1 - https:\/\/yoast.com\/product\/yoast-seo-wordpress\/ -->\n<title>E-handelsl\u00e5dor. Brevpack - Infigo<\/title>\n<meta name=\"robots\" content=\"index, follow, max-snippet:-1, max-image-preview:large, max-video-preview:-1\" \/>\n<link rel=\"canonical\" href=\"https:\/\/infigo.ee\/produkt\/pakiautomaadi-kastid\/\" \/>\n<meta property=\"og:locale\" content=\"sv_SE\" \/>\n<meta property=\"og:type\" content=\"article\" \/>\n<meta property=\"og:title\" content=\"E-handelsl\u00e5dor. Brevpack - Infigo\" \/>\n<meta property=\"og:description\" content=\"E-handelsl\u00e5dor med er f\u00f6retagslogotyp och design sticker verkligen ut och \u00e4r utm\u00e4rkta reklamb\u00e4rare. E-handelsl\u00e5dor passar f\u00f6r att skicka en m\u00e4ngd olika produkter. De \u00e4r tillverkade av stark wellpapp och skyddar d\u00e4rf\u00f6r era produkter v\u00e4l. M\u00e5tt: enligt kundens \u00f6nskem\u00e5l. De popul\u00e4raste m\u00e5tten finns i webbutiken: Material: brunt eller vitt wellpapp. \u00c4ven FSC-certifierat material finns i urvalet. [&hellip;]\" \/>\n<meta property=\"og:url\" content=\"https:\/\/infigo.ee\/produkt\/pakiautomaadi-kastid\/\" \/>\n<meta property=\"og:site_name\" content=\"Infigo\" \/>\n<meta property=\"article:modified_time\" content=\"2024-03-05T15:37:17+00:00\" \/>\n<meta property=\"og:image\" content=\"https:\/\/infigo.ee\/wp-content\/uploads\/2024\/02\/print_box1.jpg\" \/>\n\t<meta property=\"og:image:width\" content=\"1484\" \/>\n\t<meta property=\"og:image:height\" content=\"1484\" \/>\n\t<meta property=\"og:image:type\" content=\"image\/jpeg\" \/>\n<meta name=\"twitter:card\" content=\"summary_large_image\" \/>\n<meta name=\"twitter:label1\" content=\"Est. reading time\" \/>\n\t<meta name=\"twitter:data1\" content=\"1 minute\" \/>\n<script type=\"application\/ld+json\" class=\"yoast-schema-graph\">{\"@context\":\"https:\/\/schema.org\",\"@graph\":[{\"@type\":\"WebPage\",\"@id\":\"https:\/\/infigo.ee\/produkt\/pakiautomaadi-kastid\/\",\"url\":\"https:\/\/infigo.ee\/produkt\/pakiautomaadi-kastid\/\",\"name\":\"E-handelsl\u00e5dor. Brevpack - Infigo\",\"isPartOf\":{\"@id\":\"https:\/\/infigo.ee\/#website\"},\"primaryImageOfPage\":{\"@id\":\"https:\/\/infigo.ee\/produkt\/pakiautomaadi-kastid\/#primaryimage\"},\"image\":{\"@id\":\"https:\/\/infigo.ee\/produkt\/pakiautomaadi-kastid\/#primaryimage\"},\"thumbnailUrl\":\"https:\/\/infigo.ee\/wp-content\/uploads\/2024\/02\/print_box1.jpg\",\"datePublished\":\"2024-02-13T13:44:44+00:00\",\"dateModified\":\"2024-03-05T15:37:17+00:00\",\"breadcrumb\":{\"@id\":\"https:\/\/infigo.ee\/produkt\/pakiautomaadi-kastid\/#breadcrumb\"},\"inLanguage\":\"sv-SE\",\"potentialAction\":[{\"@type\":\"ReadAction\",\"target\":[\"https:\/\/infigo.ee\/produkt\/pakiautomaadi-kastid\/\"]}]},{\"@type\":\"ImageObject\",\"inLanguage\":\"sv-SE\",\"@id\":\"https:\/\/infigo.ee\/produkt\/pakiautomaadi-kastid\/#primaryimage\",\"url\":\"https:\/\/infigo.ee\/wp-content\/uploads\/2024\/02\/print_box1.jpg\",\"contentUrl\":\"https:\/\/infigo.ee\/wp-content\/uploads\/2024\/02\/print_box1.jpg\",\"width\":1484,\"height\":1484},{\"@type\":\"BreadcrumbList\",\"@id\":\"https:\/\/infigo.ee\/produkt\/pakiautomaadi-kastid\/#breadcrumb\",\"itemListElement\":[{\"@type\":\"ListItem\",\"position\":1,\"name\":\"Home\",\"item\":\"https:\/\/infigo.ee\/sv\/\"},{\"@type\":\"ListItem\",\"position\":2,\"name\":\"Webbutik\",\"item\":\"https:\/\/infigo.ee\/sv\/butik\/\"},{\"@type\":\"ListItem\",\"position\":3,\"name\":\"E-handelsl\u00e5dor. Brevpack\"}]},{\"@type\":\"WebSite\",\"@id\":\"https:\/\/infigo.ee\/#website\",\"url\":\"https:\/\/infigo.ee\/\",\"name\":\"Infigo\",\"description\":\"\",\"publisher\":{\"@id\":\"https:\/\/infigo.ee\/#organization\"},\"potentialAction\":[{\"@type\":\"SearchAction\",\"target\":{\"@type\":\"EntryPoint\",\"urlTemplate\":\"https:\/\/infigo.ee\/?s={search_term_string}\"},\"query-input\":{\"@type\":\"PropertyValueSpecification\",\"valueRequired\":true,\"valueName\":\"search_term_string\"}}],\"inLanguage\":\"sv-SE\"},{\"@type\":\"Organization\",\"@id\":\"https:\/\/infigo.ee\/#organization\",\"name\":\"Infigo\",\"url\":\"https:\/\/infigo.ee\/\",\"logo\":{\"@type\":\"ImageObject\",\"inLanguage\":\"sv-SE\",\"@id\":\"https:\/\/infigo.ee\/#\/schema\/logo\/image\/\",\"url\":\"https:\/\/infigo.ee\/wp-content\/uploads\/2023\/11\/logo-1.jpg\",\"contentUrl\":\"https:\/\/infigo.ee\/wp-content\/uploads\/2023\/11\/logo-1.jpg\",\"width\":334,\"height\":114,\"caption\":\"Infigo\"},\"image\":{\"@id\":\"https:\/\/infigo.ee\/#\/schema\/logo\/image\/\"}}]}<\/script>\n<!-- \/ Yoast SEO plugin. -->","yoast_head_json":{"title":"E-handelsl\u00e5dor. Brevpack - Infigo","robots":{"index":"index","follow":"follow","max-snippet":"max-snippet:-1","max-image-preview":"max-image-preview:large","max-video-preview":"max-video-preview:-1"},"canonical":"https:\/\/infigo.ee\/produkt\/pakiautomaadi-kastid\/","og_locale":"sv_SE","og_type":"article","og_title":"E-handelsl\u00e5dor. Brevpack - Infigo","og_description":"E-handelsl\u00e5dor med er f\u00f6retagslogotyp och design sticker verkligen ut och \u00e4r utm\u00e4rkta reklamb\u00e4rare. E-handelsl\u00e5dor passar f\u00f6r att skicka en m\u00e4ngd olika produkter. De \u00e4r tillverkade av stark wellpapp och skyddar d\u00e4rf\u00f6r era produkter v\u00e4l. M\u00e5tt: enligt kundens \u00f6nskem\u00e5l. De popul\u00e4raste m\u00e5tten finns i webbutiken: Material: brunt eller vitt wellpapp. \u00c4ven FSC-certifierat material finns i urvalet. [&hellip;]","og_url":"https:\/\/infigo.ee\/produkt\/pakiautomaadi-kastid\/","og_site_name":"Infigo","article_modified_time":"2024-03-05T15:37:17+00:00","og_image":[{"width":1484,"height":1484,"url":"https:\/\/infigo.ee\/wp-content\/uploads\/2024\/02\/print_box1.jpg","type":"image\/jpeg"}],"twitter_card":"summary_large_image","twitter_misc":{"Est. reading time":"1 minute"},"schema":{"@context":"https:\/\/schema.org","@graph":[{"@type":"WebPage","@id":"https:\/\/infigo.ee\/produkt\/pakiautomaadi-kastid\/","url":"https:\/\/infigo.ee\/produkt\/pakiautomaadi-kastid\/","name":"E-handelsl\u00e5dor. Brevpack - Infigo","isPartOf":{"@id":"https:\/\/infigo.ee\/#website"},"primaryImageOfPage":{"@id":"https:\/\/infigo.ee\/produkt\/pakiautomaadi-kastid\/#primaryimage"},"image":{"@id":"https:\/\/infigo.ee\/produkt\/pakiautomaadi-kastid\/#primaryimage"},"thumbnailUrl":"https:\/\/infigo.ee\/wp-content\/uploads\/2024\/02\/print_box1.jpg","datePublished":"2024-02-13T13:44:44+00:00","dateModified":"2024-03-05T15:37:17+00:00","breadcrumb":{"@id":"https:\/\/infigo.ee\/produkt\/pakiautomaadi-kastid\/#breadcrumb"},"inLanguage":"sv-SE","potentialAction":[{"@type":"ReadAction","target":["https:\/\/infigo.ee\/produkt\/pakiautomaadi-kastid\/"]}]},{"@type":"ImageObject","inLanguage":"sv-SE","@id":"https:\/\/infigo.ee\/produkt\/pakiautomaadi-kastid\/#primaryimage","url":"https:\/\/infigo.ee\/wp-content\/uploads\/2024\/02\/print_box1.jpg","contentUrl":"https:\/\/infigo.ee\/wp-content\/uploads\/2024\/02\/print_box1.jpg","width":1484,"height":1484},{"@type":"BreadcrumbList","@id":"https:\/\/infigo.ee\/produkt\/pakiautomaadi-kastid\/#breadcrumb","itemListElement":[{"@type":"ListItem","position":1,"name":"Home","item":"https:\/\/infigo.ee\/sv\/"},{"@type":"ListItem","position":2,"name":"Webbutik","item":"https:\/\/infigo.ee\/sv\/butik\/"},{"@type":"ListItem","position":3,"name":"E-handelsl\u00e5dor. Brevpack"}]},{"@type":"WebSite","@id":"https:\/\/infigo.ee\/#website","url":"https:\/\/infigo.ee\/","name":"Infigo","description":"","publisher":{"@id":"https:\/\/infigo.ee\/#organization"},"potentialAction":[{"@type":"SearchAction","target":{"@type":"EntryPoint","urlTemplate":"https:\/\/infigo.ee\/?s={search_term_string}"},"query-input":{"@type":"PropertyValueSpecification","valueRequired":true,"valueName":"search_term_string"}}],"inLanguage":"sv-SE"},{"@type":"Organization","@id":"https:\/\/infigo.ee\/#organization","name":"Infigo","url":"https:\/\/infigo.ee\/","logo":{"@type":"ImageObject","inLanguage":"sv-SE","@id":"https:\/\/infigo.ee\/#\/schema\/logo\/image\/","url":"https:\/\/infigo.ee\/wp-content\/uploads\/2023\/11\/logo-1.jpg","contentUrl":"https:\/\/infigo.ee\/wp-content\/uploads\/2023\/11\/logo-1.jpg","width":334,"height":114,"caption":"Infigo"},"image":{"@id":"https:\/\/infigo.ee\/#\/schema\/logo\/image\/"}}]}},"_links":{"self":[{"href":"https:\/\/infigo.ee\/sv\/wp-json\/wp\/v2\/product\/43924","targetHints":{"allow":["GET"]}}],"collection":[{"href":"https:\/\/infigo.ee\/sv\/wp-json\/wp\/v2\/product"}],"about":[{"href":"https:\/\/infigo.ee\/sv\/wp-json\/wp\/v2\/types\/product"}],"replies":[{"embeddable":true,"href":"https:\/\/infigo.ee\/sv\/wp-json\/wp\/v2\/comments?post=43924"}],"wp:featuredmedia":[{"embeddable":true,"href":"https:\/\/infigo.ee\/sv\/wp-json\/wp\/v2\/media\/43893"}],"wp:attachment":[{"href":"https:\/\/infigo.ee\/sv\/wp-json\/wp\/v2\/media?parent=43924"}],"wp:term":[{"taxonomy":"product_brand","embeddable":true,"href":"https:\/\/infigo.ee\/sv\/wp-json\/wp\/v2\/product_brand?post=43924"},{"taxonomy":"product_cat","embeddable":true,"href":"https:\/\/infigo.ee\/sv\/wp-json\/wp\/v2\/product_cat?post=43924"},{"taxonomy":"product_tag","embeddable":true,"href":"https:\/\/infigo.ee\/sv\/wp-json\/wp\/v2\/product_tag?post=43924"}],"curies":[{"name":"wp","href":"https:\/\/api.w.org\/{rel}","templated":true}]}}