{"id":43847,"date":"2024-03-05T16:04:32","date_gmt":"2024-03-05T14:04:32","guid":{"rendered":"https:\/\/infigo.ee\/toode\/siidipaberid\/"},"modified":"2024-03-05T16:27:43","modified_gmt":"2024-03-05T14:27:43","slug":"siidipaberid","status":"publish","type":"product","link":"https:\/\/infigo.ee\/sv\/produkt\/siidipaberid\/","title":{"rendered":"Silkespapper"},"content":{"rendered":"<p>Logotyptryckt silkespapper anv\u00e4nds ofta f\u00f6r att l\u00e4gga till lyx till f\u00f6rpackningar av kosmetika, kl\u00e4der, skor, smycken, presenter.<\/p>\n<p><strong>M\u00e5tt:<\/strong> popul\u00e4raste pappersbredder 35 cm, 50 cm, 70 cm<br \/>\ni ark<br \/>\n<strong>Material:<\/strong> silkespapper 20 gsm<br \/>\n<strong>Material f\u00e4rg:<\/strong> vit eller f\u00e4rgad<br \/>\n<strong>Tryck:<\/strong> 1 &#8211; 2 f\u00e4rger<br \/>\n<strong>Best\u00e4llningsm\u00e4ngd:<\/strong> fr\u00e5n 10 000 ark<\/p>\n","protected":false},"excerpt":{"rendered":"<p>Logotyptryckt silkespapper anv\u00e4nds ofta f\u00f6r att l\u00e4gga till lyx till f\u00f6rpackningar av kosmetika, kl\u00e4der, skor, smycken, presenter. M\u00e5tt: popul\u00e4raste pappersbredder 35 cm, 50 cm, 70 cm i ark Material: silkespapper 20 gsm Material f\u00e4rg: vit eller f\u00e4rgad Tryck: 1 &#8211; 2 f\u00e4rger Best\u00e4llningsm\u00e4ngd: fr\u00e5n 10 000 ark<\/p>\n","protected":false},"featured_media":43811,"comment_status":"open","ping_status":"closed","template":"","meta":{"_acf_changed":false},"product_brand":[],"product_cat":[1039],"product_tag":[],"class_list":{"0":"post-43847","1":"product","2":"type-product","3":"status-publish","4":"has-post-thumbnail","6":"product_cat-omslagspapper-servetter-presentpapper","8":"first","9":"instock","10":"taxable","11":"shipping-taxable","12":"product-type-simple"},"acf":[],"yoast_head":"<!-- This site is optimized with the Yoast SEO plugin v27.3 - https:\/\/yoast.com\/product\/yoast-seo-wordpress\/ -->\n<title>Silkespapper - Infigo<\/title>\n<meta name=\"robots\" content=\"index, follow, max-snippet:-1, max-image-preview:large, max-video-preview:-1\" \/>\n<link rel=\"canonical\" href=\"https:\/\/infigo.ee\/produkt\/siidipaberid\/\" \/>\n<meta property=\"og:locale\" content=\"sv_SE\" \/>\n<meta property=\"og:type\" content=\"article\" \/>\n<meta property=\"og:title\" content=\"Silkespapper - Infigo\" \/>\n<meta property=\"og:description\" content=\"Logotyptryckt silkespapper anv\u00e4nds ofta f\u00f6r att l\u00e4gga till lyx till f\u00f6rpackningar av kosmetika, kl\u00e4der, skor, smycken, presenter. M\u00e5tt: popul\u00e4raste pappersbredder 35 cm, 50 cm, 70 cm i ark Material: silkespapper 20 gsm Material f\u00e4rg: vit eller f\u00e4rgad Tryck: 1 &#8211; 2 f\u00e4rger Best\u00e4llningsm\u00e4ngd: fr\u00e5n 10 000 ark\" \/>\n<meta property=\"og:url\" content=\"https:\/\/infigo.ee\/produkt\/siidipaberid\/\" \/>\n<meta property=\"og:site_name\" content=\"Infigo\" \/>\n<meta property=\"article:modified_time\" content=\"2024-03-05T14:27:43+00:00\" \/>\n<meta property=\"og:image\" content=\"https:\/\/infigo.ee\/wp-content\/uploads\/2024\/03\/print_wrapping-paper5.jpg\" \/>\n\t<meta property=\"og:image:width\" content=\"1484\" \/>\n\t<meta property=\"og:image:height\" content=\"1484\" \/>\n\t<meta property=\"og:image:type\" content=\"image\/jpeg\" \/>\n<meta name=\"twitter:card\" content=\"summary_large_image\" \/>\n<meta name=\"twitter:label1\" content=\"Est. reading time\" \/>\n\t<meta name=\"twitter:data1\" content=\"1 minute\" \/>\n<script type=\"application\/ld+json\" class=\"yoast-schema-graph\">{\"@context\":\"https:\\\/\\\/schema.org\",\"@graph\":[{\"@type\":\"WebPage\",\"@id\":\"https:\\\/\\\/infigo.ee\\\/produkt\\\/siidipaberid\\\/\",\"url\":\"https:\\\/\\\/infigo.ee\\\/produkt\\\/siidipaberid\\\/\",\"name\":\"Silkespapper - Infigo\",\"isPartOf\":{\"@id\":\"https:\\\/\\\/infigo.ee\\\/#website\"},\"primaryImageOfPage\":{\"@id\":\"https:\\\/\\\/infigo.ee\\\/produkt\\\/siidipaberid\\\/#primaryimage\"},\"image\":{\"@id\":\"https:\\\/\\\/infigo.ee\\\/produkt\\\/siidipaberid\\\/#primaryimage\"},\"thumbnailUrl\":\"https:\\\/\\\/infigo.ee\\\/wp-content\\\/uploads\\\/2024\\\/03\\\/print_wrapping-paper5.jpg\",\"datePublished\":\"2024-03-05T14:04:32+00:00\",\"dateModified\":\"2024-03-05T14:27:43+00:00\",\"breadcrumb\":{\"@id\":\"https:\\\/\\\/infigo.ee\\\/produkt\\\/siidipaberid\\\/#breadcrumb\"},\"inLanguage\":\"sv-SE\",\"potentialAction\":[{\"@type\":\"ReadAction\",\"target\":[\"https:\\\/\\\/infigo.ee\\\/produkt\\\/siidipaberid\\\/\"]}]},{\"@type\":\"ImageObject\",\"inLanguage\":\"sv-SE\",\"@id\":\"https:\\\/\\\/infigo.ee\\\/produkt\\\/siidipaberid\\\/#primaryimage\",\"url\":\"https:\\\/\\\/infigo.ee\\\/wp-content\\\/uploads\\\/2024\\\/03\\\/print_wrapping-paper5.jpg\",\"contentUrl\":\"https:\\\/\\\/infigo.ee\\\/wp-content\\\/uploads\\\/2024\\\/03\\\/print_wrapping-paper5.jpg\",\"width\":1484,\"height\":1484},{\"@type\":\"BreadcrumbList\",\"@id\":\"https:\\\/\\\/infigo.ee\\\/produkt\\\/siidipaberid\\\/#breadcrumb\",\"itemListElement\":[{\"@type\":\"ListItem\",\"position\":1,\"name\":\"Home\",\"item\":\"https:\\\/\\\/infigo.ee\\\/sv\\\/\"},{\"@type\":\"ListItem\",\"position\":2,\"name\":\"Webbutik\",\"item\":\"https:\\\/\\\/infigo.ee\\\/sv\\\/butik\\\/\"},{\"@type\":\"ListItem\",\"position\":3,\"name\":\"Silkespapper\"}]},{\"@type\":\"WebSite\",\"@id\":\"https:\\\/\\\/infigo.ee\\\/#website\",\"url\":\"https:\\\/\\\/infigo.ee\\\/\",\"name\":\"Infigo\",\"description\":\"\",\"publisher\":{\"@id\":\"https:\\\/\\\/infigo.ee\\\/#organization\"},\"potentialAction\":[{\"@type\":\"SearchAction\",\"target\":{\"@type\":\"EntryPoint\",\"urlTemplate\":\"https:\\\/\\\/infigo.ee\\\/?s={search_term_string}\"},\"query-input\":{\"@type\":\"PropertyValueSpecification\",\"valueRequired\":true,\"valueName\":\"search_term_string\"}}],\"inLanguage\":\"sv-SE\"},{\"@type\":\"Organization\",\"@id\":\"https:\\\/\\\/infigo.ee\\\/#organization\",\"name\":\"Infigo\",\"url\":\"https:\\\/\\\/infigo.ee\\\/\",\"logo\":{\"@type\":\"ImageObject\",\"inLanguage\":\"sv-SE\",\"@id\":\"https:\\\/\\\/infigo.ee\\\/#\\\/schema\\\/logo\\\/image\\\/\",\"url\":\"https:\\\/\\\/infigo.ee\\\/wp-content\\\/uploads\\\/2023\\\/11\\\/logo-1.jpg\",\"contentUrl\":\"https:\\\/\\\/infigo.ee\\\/wp-content\\\/uploads\\\/2023\\\/11\\\/logo-1.jpg\",\"width\":334,\"height\":114,\"caption\":\"Infigo\"},\"image\":{\"@id\":\"https:\\\/\\\/infigo.ee\\\/#\\\/schema\\\/logo\\\/image\\\/\"}}]}<\/script>\n<!-- \/ Yoast SEO plugin. -->","yoast_head_json":{"title":"Silkespapper - Infigo","robots":{"index":"index","follow":"follow","max-snippet":"max-snippet:-1","max-image-preview":"max-image-preview:large","max-video-preview":"max-video-preview:-1"},"canonical":"https:\/\/infigo.ee\/produkt\/siidipaberid\/","og_locale":"sv_SE","og_type":"article","og_title":"Silkespapper - Infigo","og_description":"Logotyptryckt silkespapper anv\u00e4nds ofta f\u00f6r att l\u00e4gga till lyx till f\u00f6rpackningar av kosmetika, kl\u00e4der, skor, smycken, presenter. M\u00e5tt: popul\u00e4raste pappersbredder 35 cm, 50 cm, 70 cm i ark Material: silkespapper 20 gsm Material f\u00e4rg: vit eller f\u00e4rgad Tryck: 1 &#8211; 2 f\u00e4rger Best\u00e4llningsm\u00e4ngd: fr\u00e5n 10 000 ark","og_url":"https:\/\/infigo.ee\/produkt\/siidipaberid\/","og_site_name":"Infigo","article_modified_time":"2024-03-05T14:27:43+00:00","og_image":[{"width":1484,"height":1484,"url":"https:\/\/infigo.ee\/wp-content\/uploads\/2024\/03\/print_wrapping-paper5.jpg","type":"image\/jpeg"}],"twitter_card":"summary_large_image","twitter_misc":{"Est. reading time":"1 minute"},"schema":{"@context":"https:\/\/schema.org","@graph":[{"@type":"WebPage","@id":"https:\/\/infigo.ee\/produkt\/siidipaberid\/","url":"https:\/\/infigo.ee\/produkt\/siidipaberid\/","name":"Silkespapper - Infigo","isPartOf":{"@id":"https:\/\/infigo.ee\/#website"},"primaryImageOfPage":{"@id":"https:\/\/infigo.ee\/produkt\/siidipaberid\/#primaryimage"},"image":{"@id":"https:\/\/infigo.ee\/produkt\/siidipaberid\/#primaryimage"},"thumbnailUrl":"https:\/\/infigo.ee\/wp-content\/uploads\/2024\/03\/print_wrapping-paper5.jpg","datePublished":"2024-03-05T14:04:32+00:00","dateModified":"2024-03-05T14:27:43+00:00","breadcrumb":{"@id":"https:\/\/infigo.ee\/produkt\/siidipaberid\/#breadcrumb"},"inLanguage":"sv-SE","potentialAction":[{"@type":"ReadAction","target":["https:\/\/infigo.ee\/produkt\/siidipaberid\/"]}]},{"@type":"ImageObject","inLanguage":"sv-SE","@id":"https:\/\/infigo.ee\/produkt\/siidipaberid\/#primaryimage","url":"https:\/\/infigo.ee\/wp-content\/uploads\/2024\/03\/print_wrapping-paper5.jpg","contentUrl":"https:\/\/infigo.ee\/wp-content\/uploads\/2024\/03\/print_wrapping-paper5.jpg","width":1484,"height":1484},{"@type":"BreadcrumbList","@id":"https:\/\/infigo.ee\/produkt\/siidipaberid\/#breadcrumb","itemListElement":[{"@type":"ListItem","position":1,"name":"Home","item":"https:\/\/infigo.ee\/sv\/"},{"@type":"ListItem","position":2,"name":"Webbutik","item":"https:\/\/infigo.ee\/sv\/butik\/"},{"@type":"ListItem","position":3,"name":"Silkespapper"}]},{"@type":"WebSite","@id":"https:\/\/infigo.ee\/#website","url":"https:\/\/infigo.ee\/","name":"Infigo","description":"","publisher":{"@id":"https:\/\/infigo.ee\/#organization"},"potentialAction":[{"@type":"SearchAction","target":{"@type":"EntryPoint","urlTemplate":"https:\/\/infigo.ee\/?s={search_term_string}"},"query-input":{"@type":"PropertyValueSpecification","valueRequired":true,"valueName":"search_term_string"}}],"inLanguage":"sv-SE"},{"@type":"Organization","@id":"https:\/\/infigo.ee\/#organization","name":"Infigo","url":"https:\/\/infigo.ee\/","logo":{"@type":"ImageObject","inLanguage":"sv-SE","@id":"https:\/\/infigo.ee\/#\/schema\/logo\/image\/","url":"https:\/\/infigo.ee\/wp-content\/uploads\/2023\/11\/logo-1.jpg","contentUrl":"https:\/\/infigo.ee\/wp-content\/uploads\/2023\/11\/logo-1.jpg","width":334,"height":114,"caption":"Infigo"},"image":{"@id":"https:\/\/infigo.ee\/#\/schema\/logo\/image\/"}}]}},"_links":{"self":[{"href":"https:\/\/infigo.ee\/sv\/wp-json\/wp\/v2\/product\/43847","targetHints":{"allow":["GET"]}}],"collection":[{"href":"https:\/\/infigo.ee\/sv\/wp-json\/wp\/v2\/product"}],"about":[{"href":"https:\/\/infigo.ee\/sv\/wp-json\/wp\/v2\/types\/product"}],"replies":[{"embeddable":true,"href":"https:\/\/infigo.ee\/sv\/wp-json\/wp\/v2\/comments?post=43847"}],"wp:featuredmedia":[{"embeddable":true,"href":"https:\/\/infigo.ee\/sv\/wp-json\/wp\/v2\/media\/43811"}],"wp:attachment":[{"href":"https:\/\/infigo.ee\/sv\/wp-json\/wp\/v2\/media?parent=43847"}],"wp:term":[{"taxonomy":"product_brand","embeddable":true,"href":"https:\/\/infigo.ee\/sv\/wp-json\/wp\/v2\/product_brand?post=43847"},{"taxonomy":"product_cat","embeddable":true,"href":"https:\/\/infigo.ee\/sv\/wp-json\/wp\/v2\/product_cat?post=43847"},{"taxonomy":"product_tag","embeddable":true,"href":"https:\/\/infigo.ee\/sv\/wp-json\/wp\/v2\/product_tag?post=43847"}],"curies":[{"name":"wp","href":"https:\/\/api.w.org\/{rel}","templated":true}]}}