{"id":43733,"date":"2024-02-14T14:08:46","date_gmt":"2024-02-14T12:08:46","guid":{"rendered":"https:\/\/infigo.ee\/toode\/elintarvikepaperi\/"},"modified":"2024-03-05T16:07:05","modified_gmt":"2024-03-05T14:07:05","slug":"elintarvikepaperi","status":"publish","type":"product","link":"https:\/\/infigo.ee\/sv\/produkt\/elintarvikepaperi\/","title":{"rendered":"Livsmedelspapper vaxat. Hamburgare papper. Slaktarpapper. Slaktarpapper"},"content":{"rendered":"<p>Livsmedelspapper, slaktarpapper,hamburgare papper med er f\u00f6retags logotyp f\u00f6r att f\u00f6rpacka k\u00f6tt, fisk, korv, hamburgare, bullar och andra livsmedel.<br \/>\nI rullar eller ark.<\/p>\n<p><strong>M\u00e5tt:<\/strong> enligt kundens \u00f6nskem\u00e5l.<br \/>\n<strong>Material:<\/strong> vitt eller brunt fettresistent papper, vaxat papper, vitt eller brunt kraftpapper. \u00c4ven FSC-certifierat papper finns i sortimentet.<br \/>\n<strong>Tryck:<\/strong> 1 &#8211; 4 f\u00e4rger.<br \/>\n<strong>Best\u00e4llningsm\u00e4ngd:<\/strong> fr\u00e5n 10 000 ark.<\/p>\n<p>Vi erbjuder \u00e4ven en passande pappersklippare f\u00f6r rullpapper, se utbudet i v\u00e5r webbutik:<\/p>\n","protected":false},"excerpt":{"rendered":"<p>Livsmedelspapper, slaktarpapper,hamburgare papper med er f\u00f6retags logotyp f\u00f6r att f\u00f6rpacka k\u00f6tt, fisk, korv, hamburgare, bullar och andra livsmedel. I rullar eller ark. M\u00e5tt: enligt kundens \u00f6nskem\u00e5l. Material: vitt eller brunt fettresistent papper, vaxat papper, vitt eller brunt kraftpapper. \u00c4ven FSC-certifierat papper finns i sortimentet. Tryck: 1 &#8211; 4 f\u00e4rger. Best\u00e4llningsm\u00e4ngd: fr\u00e5n 10 000 ark. Vi [&hellip;]<\/p>\n","protected":false},"featured_media":43717,"comment_status":"open","ping_status":"closed","template":"","meta":{"_acf_changed":false},"product_brand":[],"product_cat":[1039],"product_tag":[],"class_list":{"0":"post-43733","1":"product","2":"type-product","3":"status-publish","4":"has-post-thumbnail","6":"product_cat-omslagspapper-servetter-presentpapper","8":"first","9":"instock","10":"taxable","11":"shipping-taxable","12":"product-type-simple"},"acf":[],"yoast_head":"<!-- This site is optimized with the Yoast SEO plugin v27.3 - https:\/\/yoast.com\/product\/yoast-seo-wordpress\/ -->\n<title>Livsmedelspapper vaxat. Hamburgare papper. Slaktarpapper. Slaktarpapper - Infigo<\/title>\n<meta name=\"robots\" content=\"index, follow, max-snippet:-1, max-image-preview:large, max-video-preview:-1\" \/>\n<link rel=\"canonical\" href=\"https:\/\/infigo.ee\/sv\/produkt\/elintarvikepaperi\/\" \/>\n<meta property=\"og:locale\" content=\"sv_SE\" \/>\n<meta property=\"og:type\" content=\"article\" \/>\n<meta property=\"og:title\" content=\"Livsmedelspapper vaxat. Hamburgare papper. Slaktarpapper. Slaktarpapper - Infigo\" \/>\n<meta property=\"og:description\" content=\"Livsmedelspapper, slaktarpapper,hamburgare papper med er f\u00f6retags logotyp f\u00f6r att f\u00f6rpacka k\u00f6tt, fisk, korv, hamburgare, bullar och andra livsmedel. I rullar eller ark. M\u00e5tt: enligt kundens \u00f6nskem\u00e5l. Material: vitt eller brunt fettresistent papper, vaxat papper, vitt eller brunt kraftpapper. \u00c4ven FSC-certifierat papper finns i sortimentet. Tryck: 1 &#8211; 4 f\u00e4rger. Best\u00e4llningsm\u00e4ngd: fr\u00e5n 10 000 ark. Vi [&hellip;]\" \/>\n<meta property=\"og:url\" content=\"https:\/\/infigo.ee\/sv\/produkt\/elintarvikepaperi\/\" \/>\n<meta property=\"og:site_name\" content=\"Infigo\" \/>\n<meta property=\"article:modified_time\" content=\"2024-03-05T14:07:05+00:00\" \/>\n<meta property=\"og:image\" content=\"https:\/\/infigo.ee\/wp-content\/uploads\/2024\/02\/print_wrapping-paper1.jpg\" \/>\n\t<meta property=\"og:image:width\" content=\"1484\" \/>\n\t<meta property=\"og:image:height\" content=\"1484\" \/>\n\t<meta property=\"og:image:type\" content=\"image\/jpeg\" \/>\n<meta name=\"twitter:card\" content=\"summary_large_image\" \/>\n<meta name=\"twitter:label1\" content=\"Est. reading time\" \/>\n\t<meta name=\"twitter:data1\" content=\"1 minute\" \/>\n<script type=\"application\/ld+json\" class=\"yoast-schema-graph\">{\"@context\":\"https:\\\/\\\/schema.org\",\"@graph\":[{\"@type\":\"WebPage\",\"@id\":\"https:\\\/\\\/infigo.ee\\\/sv\\\/produkt\\\/elintarvikepaperi\\\/\",\"url\":\"https:\\\/\\\/infigo.ee\\\/sv\\\/produkt\\\/elintarvikepaperi\\\/\",\"name\":\"Livsmedelspapper vaxat. Hamburgare papper. Slaktarpapper. Slaktarpapper - Infigo\",\"isPartOf\":{\"@id\":\"https:\\\/\\\/infigo.ee\\\/#website\"},\"primaryImageOfPage\":{\"@id\":\"https:\\\/\\\/infigo.ee\\\/sv\\\/produkt\\\/elintarvikepaperi\\\/#primaryimage\"},\"image\":{\"@id\":\"https:\\\/\\\/infigo.ee\\\/sv\\\/produkt\\\/elintarvikepaperi\\\/#primaryimage\"},\"thumbnailUrl\":\"https:\\\/\\\/infigo.ee\\\/wp-content\\\/uploads\\\/2024\\\/02\\\/print_wrapping-paper1.jpg\",\"datePublished\":\"2024-02-14T12:08:46+00:00\",\"dateModified\":\"2024-03-05T14:07:05+00:00\",\"breadcrumb\":{\"@id\":\"https:\\\/\\\/infigo.ee\\\/sv\\\/produkt\\\/elintarvikepaperi\\\/#breadcrumb\"},\"inLanguage\":\"sv-SE\",\"potentialAction\":[{\"@type\":\"ReadAction\",\"target\":[\"https:\\\/\\\/infigo.ee\\\/sv\\\/produkt\\\/elintarvikepaperi\\\/\"]}]},{\"@type\":\"ImageObject\",\"inLanguage\":\"sv-SE\",\"@id\":\"https:\\\/\\\/infigo.ee\\\/sv\\\/produkt\\\/elintarvikepaperi\\\/#primaryimage\",\"url\":\"https:\\\/\\\/infigo.ee\\\/wp-content\\\/uploads\\\/2024\\\/02\\\/print_wrapping-paper1.jpg\",\"contentUrl\":\"https:\\\/\\\/infigo.ee\\\/wp-content\\\/uploads\\\/2024\\\/02\\\/print_wrapping-paper1.jpg\",\"width\":1484,\"height\":1484},{\"@type\":\"BreadcrumbList\",\"@id\":\"https:\\\/\\\/infigo.ee\\\/sv\\\/produkt\\\/elintarvikepaperi\\\/#breadcrumb\",\"itemListElement\":[{\"@type\":\"ListItem\",\"position\":1,\"name\":\"Home\",\"item\":\"https:\\\/\\\/infigo.ee\\\/sv\\\/\"},{\"@type\":\"ListItem\",\"position\":2,\"name\":\"Webbutik\",\"item\":\"https:\\\/\\\/infigo.ee\\\/sv\\\/butik\\\/\"},{\"@type\":\"ListItem\",\"position\":3,\"name\":\"Livsmedelspapper vaxat. Hamburgare papper. Slaktarpapper. Slaktarpapper\"}]},{\"@type\":\"WebSite\",\"@id\":\"https:\\\/\\\/infigo.ee\\\/#website\",\"url\":\"https:\\\/\\\/infigo.ee\\\/\",\"name\":\"Infigo\",\"description\":\"\",\"publisher\":{\"@id\":\"https:\\\/\\\/infigo.ee\\\/#organization\"},\"potentialAction\":[{\"@type\":\"SearchAction\",\"target\":{\"@type\":\"EntryPoint\",\"urlTemplate\":\"https:\\\/\\\/infigo.ee\\\/?s={search_term_string}\"},\"query-input\":{\"@type\":\"PropertyValueSpecification\",\"valueRequired\":true,\"valueName\":\"search_term_string\"}}],\"inLanguage\":\"sv-SE\"},{\"@type\":\"Organization\",\"@id\":\"https:\\\/\\\/infigo.ee\\\/#organization\",\"name\":\"Infigo\",\"url\":\"https:\\\/\\\/infigo.ee\\\/\",\"logo\":{\"@type\":\"ImageObject\",\"inLanguage\":\"sv-SE\",\"@id\":\"https:\\\/\\\/infigo.ee\\\/#\\\/schema\\\/logo\\\/image\\\/\",\"url\":\"https:\\\/\\\/infigo.ee\\\/wp-content\\\/uploads\\\/2023\\\/11\\\/logo-1.jpg\",\"contentUrl\":\"https:\\\/\\\/infigo.ee\\\/wp-content\\\/uploads\\\/2023\\\/11\\\/logo-1.jpg\",\"width\":334,\"height\":114,\"caption\":\"Infigo\"},\"image\":{\"@id\":\"https:\\\/\\\/infigo.ee\\\/#\\\/schema\\\/logo\\\/image\\\/\"}}]}<\/script>\n<!-- \/ Yoast SEO plugin. -->","yoast_head_json":{"title":"Livsmedelspapper vaxat. Hamburgare papper. Slaktarpapper. Slaktarpapper - Infigo","robots":{"index":"index","follow":"follow","max-snippet":"max-snippet:-1","max-image-preview":"max-image-preview:large","max-video-preview":"max-video-preview:-1"},"canonical":"https:\/\/infigo.ee\/sv\/produkt\/elintarvikepaperi\/","og_locale":"sv_SE","og_type":"article","og_title":"Livsmedelspapper vaxat. Hamburgare papper. Slaktarpapper. Slaktarpapper - Infigo","og_description":"Livsmedelspapper, slaktarpapper,hamburgare papper med er f\u00f6retags logotyp f\u00f6r att f\u00f6rpacka k\u00f6tt, fisk, korv, hamburgare, bullar och andra livsmedel. I rullar eller ark. M\u00e5tt: enligt kundens \u00f6nskem\u00e5l. Material: vitt eller brunt fettresistent papper, vaxat papper, vitt eller brunt kraftpapper. \u00c4ven FSC-certifierat papper finns i sortimentet. Tryck: 1 &#8211; 4 f\u00e4rger. Best\u00e4llningsm\u00e4ngd: fr\u00e5n 10 000 ark. Vi [&hellip;]","og_url":"https:\/\/infigo.ee\/sv\/produkt\/elintarvikepaperi\/","og_site_name":"Infigo","article_modified_time":"2024-03-05T14:07:05+00:00","og_image":[{"width":1484,"height":1484,"url":"https:\/\/infigo.ee\/wp-content\/uploads\/2024\/02\/print_wrapping-paper1.jpg","type":"image\/jpeg"}],"twitter_card":"summary_large_image","twitter_misc":{"Est. reading time":"1 minute"},"schema":{"@context":"https:\/\/schema.org","@graph":[{"@type":"WebPage","@id":"https:\/\/infigo.ee\/sv\/produkt\/elintarvikepaperi\/","url":"https:\/\/infigo.ee\/sv\/produkt\/elintarvikepaperi\/","name":"Livsmedelspapper vaxat. Hamburgare papper. Slaktarpapper. Slaktarpapper - Infigo","isPartOf":{"@id":"https:\/\/infigo.ee\/#website"},"primaryImageOfPage":{"@id":"https:\/\/infigo.ee\/sv\/produkt\/elintarvikepaperi\/#primaryimage"},"image":{"@id":"https:\/\/infigo.ee\/sv\/produkt\/elintarvikepaperi\/#primaryimage"},"thumbnailUrl":"https:\/\/infigo.ee\/wp-content\/uploads\/2024\/02\/print_wrapping-paper1.jpg","datePublished":"2024-02-14T12:08:46+00:00","dateModified":"2024-03-05T14:07:05+00:00","breadcrumb":{"@id":"https:\/\/infigo.ee\/sv\/produkt\/elintarvikepaperi\/#breadcrumb"},"inLanguage":"sv-SE","potentialAction":[{"@type":"ReadAction","target":["https:\/\/infigo.ee\/sv\/produkt\/elintarvikepaperi\/"]}]},{"@type":"ImageObject","inLanguage":"sv-SE","@id":"https:\/\/infigo.ee\/sv\/produkt\/elintarvikepaperi\/#primaryimage","url":"https:\/\/infigo.ee\/wp-content\/uploads\/2024\/02\/print_wrapping-paper1.jpg","contentUrl":"https:\/\/infigo.ee\/wp-content\/uploads\/2024\/02\/print_wrapping-paper1.jpg","width":1484,"height":1484},{"@type":"BreadcrumbList","@id":"https:\/\/infigo.ee\/sv\/produkt\/elintarvikepaperi\/#breadcrumb","itemListElement":[{"@type":"ListItem","position":1,"name":"Home","item":"https:\/\/infigo.ee\/sv\/"},{"@type":"ListItem","position":2,"name":"Webbutik","item":"https:\/\/infigo.ee\/sv\/butik\/"},{"@type":"ListItem","position":3,"name":"Livsmedelspapper vaxat. Hamburgare papper. Slaktarpapper. Slaktarpapper"}]},{"@type":"WebSite","@id":"https:\/\/infigo.ee\/#website","url":"https:\/\/infigo.ee\/","name":"Infigo","description":"","publisher":{"@id":"https:\/\/infigo.ee\/#organization"},"potentialAction":[{"@type":"SearchAction","target":{"@type":"EntryPoint","urlTemplate":"https:\/\/infigo.ee\/?s={search_term_string}"},"query-input":{"@type":"PropertyValueSpecification","valueRequired":true,"valueName":"search_term_string"}}],"inLanguage":"sv-SE"},{"@type":"Organization","@id":"https:\/\/infigo.ee\/#organization","name":"Infigo","url":"https:\/\/infigo.ee\/","logo":{"@type":"ImageObject","inLanguage":"sv-SE","@id":"https:\/\/infigo.ee\/#\/schema\/logo\/image\/","url":"https:\/\/infigo.ee\/wp-content\/uploads\/2023\/11\/logo-1.jpg","contentUrl":"https:\/\/infigo.ee\/wp-content\/uploads\/2023\/11\/logo-1.jpg","width":334,"height":114,"caption":"Infigo"},"image":{"@id":"https:\/\/infigo.ee\/#\/schema\/logo\/image\/"}}]}},"_links":{"self":[{"href":"https:\/\/infigo.ee\/sv\/wp-json\/wp\/v2\/product\/43733","targetHints":{"allow":["GET"]}}],"collection":[{"href":"https:\/\/infigo.ee\/sv\/wp-json\/wp\/v2\/product"}],"about":[{"href":"https:\/\/infigo.ee\/sv\/wp-json\/wp\/v2\/types\/product"}],"replies":[{"embeddable":true,"href":"https:\/\/infigo.ee\/sv\/wp-json\/wp\/v2\/comments?post=43733"}],"wp:featuredmedia":[{"embeddable":true,"href":"https:\/\/infigo.ee\/sv\/wp-json\/wp\/v2\/media\/43717"}],"wp:attachment":[{"href":"https:\/\/infigo.ee\/sv\/wp-json\/wp\/v2\/media?parent=43733"}],"wp:term":[{"taxonomy":"product_brand","embeddable":true,"href":"https:\/\/infigo.ee\/sv\/wp-json\/wp\/v2\/product_brand?post=43733"},{"taxonomy":"product_cat","embeddable":true,"href":"https:\/\/infigo.ee\/sv\/wp-json\/wp\/v2\/product_cat?post=43733"},{"taxonomy":"product_tag","embeddable":true,"href":"https:\/\/infigo.ee\/sv\/wp-json\/wp\/v2\/product_tag?post=43733"}],"curies":[{"name":"wp","href":"https:\/\/api.w.org\/{rel}","templated":true}]}}