{"id":43590,"date":"2024-02-14T13:50:44","date_gmt":"2024-02-14T11:50:44","guid":{"rendered":"https:\/\/infigo.ee\/toode\/boxes-for-foodstuff\/"},"modified":"2024-03-05T18:39:03","modified_gmt":"2024-03-05T16:39:03","slug":"boxes-for-foodstuff","status":"publish","type":"product","link":"https:\/\/infigo.ee\/sv\/produkt\/boxes-for-foodstuff\/","title":{"rendered":"Produktf\u00f6rpackningsl\u00e5dor. Produktl\u00e5dor"},"content":{"rendered":"<p>Pappkartong l\u00e5dor f\u00f6r f\u00f6rpackning av olika livsmedel och andra produkter: kakor, \u00f6rtteer, k\u00f6ttprodukter, kosmetika, strumpor etc. L\u00e5dor med ditt f\u00f6retags logotyp och en enast\u00e5ende design sticker ut fr\u00e5n andra liknande f\u00f6rpackningar i butikshyllan och f\u00e5r kunderna att v\u00e4lja till f\u00f6rm\u00e5n f\u00f6r dina produkter.<\/p>\n<p><strong>M\u00e5tt:<\/strong> enligt kundens \u00f6nskem\u00e5l<br \/>\n<strong>Material:<\/strong> kartong, fettbest\u00e4ndig kartong, nedbrytbart material<br \/>\n<strong>Materialf\u00e4rg:<\/strong> vit eller brun<br \/>\n<strong>Tillbeh\u00f6r:<\/strong> plastf\u00f6nster, perforering, lack etc.<br \/>\n<strong>Tryck:<\/strong> 1-4 f\u00e4rger (CMYK)<br \/>\n<strong>Best\u00e4llningsm\u00e4ngd:<\/strong> enligt \u00f6verenskommelse<\/p>\n","protected":false},"excerpt":{"rendered":"<p>Pappkartong l\u00e5dor f\u00f6r f\u00f6rpackning av olika livsmedel och andra produkter: kakor, \u00f6rtteer, k\u00f6ttprodukter, kosmetika, strumpor etc. L\u00e5dor med ditt f\u00f6retags logotyp och en enast\u00e5ende design sticker ut fr\u00e5n andra liknande f\u00f6rpackningar i butikshyllan och f\u00e5r kunderna att v\u00e4lja till f\u00f6rm\u00e5n f\u00f6r dina produkter. M\u00e5tt: enligt kundens \u00f6nskem\u00e5l Material: kartong, fettbest\u00e4ndig kartong, nedbrytbart material Materialf\u00e4rg: vit [&hellip;]<\/p>\n","protected":false},"featured_media":43560,"comment_status":"open","ping_status":"closed","template":"","meta":{"_acf_changed":false},"product_brand":[],"product_cat":[1040,1038],"product_tag":[],"class_list":{"0":"post-43590","1":"product","2":"type-product","3":"status-publish","4":"has-post-thumbnail","6":"product_cat-kartonger-lador-tejp","7":"product_cat-matforpackningar-engangsmuggar","9":"first","10":"instock","11":"taxable","12":"shipping-taxable","13":"product-type-simple"},"acf":[],"yoast_head":"<!-- This site is optimized with the Yoast SEO plugin v27.3 - https:\/\/yoast.com\/product\/yoast-seo-wordpress\/ -->\n<title>Produktf\u00f6rpackningsl\u00e5dor. Produktl\u00e5dor - Infigo<\/title>\n<meta name=\"robots\" content=\"index, follow, max-snippet:-1, max-image-preview:large, max-video-preview:-1\" \/>\n<link rel=\"canonical\" href=\"https:\/\/infigo.ee\/sv\/produkt\/boxes-for-foodstuff\/\" \/>\n<meta property=\"og:locale\" content=\"sv_SE\" \/>\n<meta property=\"og:type\" content=\"article\" \/>\n<meta property=\"og:title\" content=\"Produktf\u00f6rpackningsl\u00e5dor. Produktl\u00e5dor - Infigo\" \/>\n<meta property=\"og:description\" content=\"Pappkartong l\u00e5dor f\u00f6r f\u00f6rpackning av olika livsmedel och andra produkter: kakor, \u00f6rtteer, k\u00f6ttprodukter, kosmetika, strumpor etc. L\u00e5dor med ditt f\u00f6retags logotyp och en enast\u00e5ende design sticker ut fr\u00e5n andra liknande f\u00f6rpackningar i butikshyllan och f\u00e5r kunderna att v\u00e4lja till f\u00f6rm\u00e5n f\u00f6r dina produkter. M\u00e5tt: enligt kundens \u00f6nskem\u00e5l Material: kartong, fettbest\u00e4ndig kartong, nedbrytbart material Materialf\u00e4rg: vit [&hellip;]\" \/>\n<meta property=\"og:url\" content=\"https:\/\/infigo.ee\/sv\/produkt\/boxes-for-foodstuff\/\" \/>\n<meta property=\"og:site_name\" content=\"Infigo\" \/>\n<meta property=\"article:modified_time\" content=\"2024-03-05T16:39:03+00:00\" \/>\n<meta property=\"og:image\" content=\"https:\/\/infigo.ee\/wp-content\/uploads\/2024\/02\/print_food-box3.jpg\" \/>\n\t<meta property=\"og:image:width\" content=\"1485\" \/>\n\t<meta property=\"og:image:height\" content=\"1485\" \/>\n\t<meta property=\"og:image:type\" content=\"image\/jpeg\" \/>\n<meta name=\"twitter:card\" content=\"summary_large_image\" \/>\n<meta name=\"twitter:label1\" content=\"Est. reading time\" \/>\n\t<meta name=\"twitter:data1\" content=\"1 minute\" \/>\n<script type=\"application\/ld+json\" class=\"yoast-schema-graph\">{\"@context\":\"https:\\\/\\\/schema.org\",\"@graph\":[{\"@type\":\"WebPage\",\"@id\":\"https:\\\/\\\/infigo.ee\\\/sv\\\/produkt\\\/boxes-for-foodstuff\\\/\",\"url\":\"https:\\\/\\\/infigo.ee\\\/sv\\\/produkt\\\/boxes-for-foodstuff\\\/\",\"name\":\"Produktf\u00f6rpackningsl\u00e5dor. Produktl\u00e5dor - Infigo\",\"isPartOf\":{\"@id\":\"https:\\\/\\\/infigo.ee\\\/#website\"},\"primaryImageOfPage\":{\"@id\":\"https:\\\/\\\/infigo.ee\\\/sv\\\/produkt\\\/boxes-for-foodstuff\\\/#primaryimage\"},\"image\":{\"@id\":\"https:\\\/\\\/infigo.ee\\\/sv\\\/produkt\\\/boxes-for-foodstuff\\\/#primaryimage\"},\"thumbnailUrl\":\"https:\\\/\\\/infigo.ee\\\/wp-content\\\/uploads\\\/2024\\\/02\\\/print_food-box3.jpg\",\"datePublished\":\"2024-02-14T11:50:44+00:00\",\"dateModified\":\"2024-03-05T16:39:03+00:00\",\"breadcrumb\":{\"@id\":\"https:\\\/\\\/infigo.ee\\\/sv\\\/produkt\\\/boxes-for-foodstuff\\\/#breadcrumb\"},\"inLanguage\":\"sv-SE\",\"potentialAction\":[{\"@type\":\"ReadAction\",\"target\":[\"https:\\\/\\\/infigo.ee\\\/sv\\\/produkt\\\/boxes-for-foodstuff\\\/\"]}]},{\"@type\":\"ImageObject\",\"inLanguage\":\"sv-SE\",\"@id\":\"https:\\\/\\\/infigo.ee\\\/sv\\\/produkt\\\/boxes-for-foodstuff\\\/#primaryimage\",\"url\":\"https:\\\/\\\/infigo.ee\\\/wp-content\\\/uploads\\\/2024\\\/02\\\/print_food-box3.jpg\",\"contentUrl\":\"https:\\\/\\\/infigo.ee\\\/wp-content\\\/uploads\\\/2024\\\/02\\\/print_food-box3.jpg\",\"width\":1485,\"height\":1485},{\"@type\":\"BreadcrumbList\",\"@id\":\"https:\\\/\\\/infigo.ee\\\/sv\\\/produkt\\\/boxes-for-foodstuff\\\/#breadcrumb\",\"itemListElement\":[{\"@type\":\"ListItem\",\"position\":1,\"name\":\"Home\",\"item\":\"https:\\\/\\\/infigo.ee\\\/sv\\\/\"},{\"@type\":\"ListItem\",\"position\":2,\"name\":\"Webbutik\",\"item\":\"https:\\\/\\\/infigo.ee\\\/sv\\\/butik\\\/\"},{\"@type\":\"ListItem\",\"position\":3,\"name\":\"Produktf\u00f6rpackningsl\u00e5dor. Produktl\u00e5dor\"}]},{\"@type\":\"WebSite\",\"@id\":\"https:\\\/\\\/infigo.ee\\\/#website\",\"url\":\"https:\\\/\\\/infigo.ee\\\/\",\"name\":\"Infigo\",\"description\":\"\",\"publisher\":{\"@id\":\"https:\\\/\\\/infigo.ee\\\/#organization\"},\"potentialAction\":[{\"@type\":\"SearchAction\",\"target\":{\"@type\":\"EntryPoint\",\"urlTemplate\":\"https:\\\/\\\/infigo.ee\\\/?s={search_term_string}\"},\"query-input\":{\"@type\":\"PropertyValueSpecification\",\"valueRequired\":true,\"valueName\":\"search_term_string\"}}],\"inLanguage\":\"sv-SE\"},{\"@type\":\"Organization\",\"@id\":\"https:\\\/\\\/infigo.ee\\\/#organization\",\"name\":\"Infigo\",\"url\":\"https:\\\/\\\/infigo.ee\\\/\",\"logo\":{\"@type\":\"ImageObject\",\"inLanguage\":\"sv-SE\",\"@id\":\"https:\\\/\\\/infigo.ee\\\/#\\\/schema\\\/logo\\\/image\\\/\",\"url\":\"https:\\\/\\\/infigo.ee\\\/wp-content\\\/uploads\\\/2023\\\/11\\\/logo-1.jpg\",\"contentUrl\":\"https:\\\/\\\/infigo.ee\\\/wp-content\\\/uploads\\\/2023\\\/11\\\/logo-1.jpg\",\"width\":334,\"height\":114,\"caption\":\"Infigo\"},\"image\":{\"@id\":\"https:\\\/\\\/infigo.ee\\\/#\\\/schema\\\/logo\\\/image\\\/\"}}]}<\/script>\n<!-- \/ Yoast SEO plugin. -->","yoast_head_json":{"title":"Produktf\u00f6rpackningsl\u00e5dor. Produktl\u00e5dor - Infigo","robots":{"index":"index","follow":"follow","max-snippet":"max-snippet:-1","max-image-preview":"max-image-preview:large","max-video-preview":"max-video-preview:-1"},"canonical":"https:\/\/infigo.ee\/sv\/produkt\/boxes-for-foodstuff\/","og_locale":"sv_SE","og_type":"article","og_title":"Produktf\u00f6rpackningsl\u00e5dor. Produktl\u00e5dor - Infigo","og_description":"Pappkartong l\u00e5dor f\u00f6r f\u00f6rpackning av olika livsmedel och andra produkter: kakor, \u00f6rtteer, k\u00f6ttprodukter, kosmetika, strumpor etc. L\u00e5dor med ditt f\u00f6retags logotyp och en enast\u00e5ende design sticker ut fr\u00e5n andra liknande f\u00f6rpackningar i butikshyllan och f\u00e5r kunderna att v\u00e4lja till f\u00f6rm\u00e5n f\u00f6r dina produkter. M\u00e5tt: enligt kundens \u00f6nskem\u00e5l Material: kartong, fettbest\u00e4ndig kartong, nedbrytbart material Materialf\u00e4rg: vit [&hellip;]","og_url":"https:\/\/infigo.ee\/sv\/produkt\/boxes-for-foodstuff\/","og_site_name":"Infigo","article_modified_time":"2024-03-05T16:39:03+00:00","og_image":[{"width":1485,"height":1485,"url":"https:\/\/infigo.ee\/wp-content\/uploads\/2024\/02\/print_food-box3.jpg","type":"image\/jpeg"}],"twitter_card":"summary_large_image","twitter_misc":{"Est. reading time":"1 minute"},"schema":{"@context":"https:\/\/schema.org","@graph":[{"@type":"WebPage","@id":"https:\/\/infigo.ee\/sv\/produkt\/boxes-for-foodstuff\/","url":"https:\/\/infigo.ee\/sv\/produkt\/boxes-for-foodstuff\/","name":"Produktf\u00f6rpackningsl\u00e5dor. Produktl\u00e5dor - Infigo","isPartOf":{"@id":"https:\/\/infigo.ee\/#website"},"primaryImageOfPage":{"@id":"https:\/\/infigo.ee\/sv\/produkt\/boxes-for-foodstuff\/#primaryimage"},"image":{"@id":"https:\/\/infigo.ee\/sv\/produkt\/boxes-for-foodstuff\/#primaryimage"},"thumbnailUrl":"https:\/\/infigo.ee\/wp-content\/uploads\/2024\/02\/print_food-box3.jpg","datePublished":"2024-02-14T11:50:44+00:00","dateModified":"2024-03-05T16:39:03+00:00","breadcrumb":{"@id":"https:\/\/infigo.ee\/sv\/produkt\/boxes-for-foodstuff\/#breadcrumb"},"inLanguage":"sv-SE","potentialAction":[{"@type":"ReadAction","target":["https:\/\/infigo.ee\/sv\/produkt\/boxes-for-foodstuff\/"]}]},{"@type":"ImageObject","inLanguage":"sv-SE","@id":"https:\/\/infigo.ee\/sv\/produkt\/boxes-for-foodstuff\/#primaryimage","url":"https:\/\/infigo.ee\/wp-content\/uploads\/2024\/02\/print_food-box3.jpg","contentUrl":"https:\/\/infigo.ee\/wp-content\/uploads\/2024\/02\/print_food-box3.jpg","width":1485,"height":1485},{"@type":"BreadcrumbList","@id":"https:\/\/infigo.ee\/sv\/produkt\/boxes-for-foodstuff\/#breadcrumb","itemListElement":[{"@type":"ListItem","position":1,"name":"Home","item":"https:\/\/infigo.ee\/sv\/"},{"@type":"ListItem","position":2,"name":"Webbutik","item":"https:\/\/infigo.ee\/sv\/butik\/"},{"@type":"ListItem","position":3,"name":"Produktf\u00f6rpackningsl\u00e5dor. Produktl\u00e5dor"}]},{"@type":"WebSite","@id":"https:\/\/infigo.ee\/#website","url":"https:\/\/infigo.ee\/","name":"Infigo","description":"","publisher":{"@id":"https:\/\/infigo.ee\/#organization"},"potentialAction":[{"@type":"SearchAction","target":{"@type":"EntryPoint","urlTemplate":"https:\/\/infigo.ee\/?s={search_term_string}"},"query-input":{"@type":"PropertyValueSpecification","valueRequired":true,"valueName":"search_term_string"}}],"inLanguage":"sv-SE"},{"@type":"Organization","@id":"https:\/\/infigo.ee\/#organization","name":"Infigo","url":"https:\/\/infigo.ee\/","logo":{"@type":"ImageObject","inLanguage":"sv-SE","@id":"https:\/\/infigo.ee\/#\/schema\/logo\/image\/","url":"https:\/\/infigo.ee\/wp-content\/uploads\/2023\/11\/logo-1.jpg","contentUrl":"https:\/\/infigo.ee\/wp-content\/uploads\/2023\/11\/logo-1.jpg","width":334,"height":114,"caption":"Infigo"},"image":{"@id":"https:\/\/infigo.ee\/#\/schema\/logo\/image\/"}}]}},"_links":{"self":[{"href":"https:\/\/infigo.ee\/sv\/wp-json\/wp\/v2\/product\/43590","targetHints":{"allow":["GET"]}}],"collection":[{"href":"https:\/\/infigo.ee\/sv\/wp-json\/wp\/v2\/product"}],"about":[{"href":"https:\/\/infigo.ee\/sv\/wp-json\/wp\/v2\/types\/product"}],"replies":[{"embeddable":true,"href":"https:\/\/infigo.ee\/sv\/wp-json\/wp\/v2\/comments?post=43590"}],"wp:featuredmedia":[{"embeddable":true,"href":"https:\/\/infigo.ee\/sv\/wp-json\/wp\/v2\/media\/43560"}],"wp:attachment":[{"href":"https:\/\/infigo.ee\/sv\/wp-json\/wp\/v2\/media?parent=43590"}],"wp:term":[{"taxonomy":"product_brand","embeddable":true,"href":"https:\/\/infigo.ee\/sv\/wp-json\/wp\/v2\/product_brand?post=43590"},{"taxonomy":"product_cat","embeddable":true,"href":"https:\/\/infigo.ee\/sv\/wp-json\/wp\/v2\/product_cat?post=43590"},{"taxonomy":"product_tag","embeddable":true,"href":"https:\/\/infigo.ee\/sv\/wp-json\/wp\/v2\/product_tag?post=43590"}],"curies":[{"name":"wp","href":"https:\/\/api.w.org\/{rel}","templated":true}]}}