{"id":43481,"date":"2024-02-14T13:54:32","date_gmt":"2024-02-14T11:54:32","guid":{"rendered":"https:\/\/infigo.ee\/toode\/pizza-boxes\/"},"modified":"2024-03-03T17:12:30","modified_gmt":"2024-03-03T15:12:30","slug":"pizza-boxes","status":"publish","type":"product","link":"https:\/\/infigo.ee\/sv\/produkt\/pizza-boxes\/","title":{"rendered":"Pizzakartonger"},"content":{"rendered":"<p>Pizzakartong \u00e4r stor och i\u00f6gonfallande, ingen b\u00f6r missa loggan p\u00e5 kartongen och vara f\u00f6rvirrad \u00f6ver vilket f\u00f6retag de b\u00e4sta pizzorna kommer ifr\u00e5n! Best\u00e4ll pizzakartonger med din egen f\u00f6retagslogga hos oss!<br \/>\n<strong>M\u00e5tt:<\/strong> standardm\u00e5tt:<br \/>\n24&#215;24+3,5 cm (bredd x l\u00e4ngd + h\u00f6jds)<br \/>\n30&#215;30+3,5 cm<br \/>\n40&#215;40+4 cm<br \/>\n<strong>Material:<\/strong> wellpapp<br \/>\n<strong>Materialf\u00e4rg:<\/strong> vit eller brun<br \/>\n<strong>Tryck:<\/strong> 1-4 f\u00e4rger (CMYK)<br \/>\n<strong>Best\u00e4llningsm\u00e4ngd:<\/strong> fr\u00e5n 200 st<\/p>\n","protected":false},"excerpt":{"rendered":"<p>Pizzakartong \u00e4r stor och i\u00f6gonfallande, ingen b\u00f6r missa loggan p\u00e5 kartongen och vara f\u00f6rvirrad \u00f6ver vilket f\u00f6retag de b\u00e4sta pizzorna kommer ifr\u00e5n! Best\u00e4ll pizzakartonger med din egen f\u00f6retagslogga hos oss! M\u00e5tt: standardm\u00e5tt: 24&#215;24+3,5 cm (bredd x l\u00e4ngd + h\u00f6jds) 30&#215;30+3,5 cm 40&#215;40+4 cm Material: wellpapp Materialf\u00e4rg: vit eller brun Tryck: 1-4 f\u00e4rger (CMYK) Best\u00e4llningsm\u00e4ngd: fr\u00e5n [&hellip;]<\/p>\n","protected":false},"featured_media":43467,"comment_status":"open","ping_status":"closed","template":"","meta":{"_acf_changed":false},"product_brand":[],"product_cat":[1038],"product_tag":[],"class_list":{"0":"post-43481","1":"product","2":"type-product","3":"status-publish","4":"has-post-thumbnail","6":"product_cat-matforpackningar-engangsmuggar","8":"first","9":"instock","10":"taxable","11":"shipping-taxable","12":"product-type-simple"},"acf":[],"yoast_head":"<!-- This site is optimized with the Yoast SEO plugin v27.3 - https:\/\/yoast.com\/product\/yoast-seo-wordpress\/ -->\n<title>Pizzakartonger - Infigo<\/title>\n<meta name=\"robots\" content=\"index, follow, max-snippet:-1, max-image-preview:large, max-video-preview:-1\" \/>\n<link rel=\"canonical\" href=\"https:\/\/infigo.ee\/sv\/produkt\/pizza-boxes\/\" \/>\n<meta property=\"og:locale\" content=\"sv_SE\" \/>\n<meta property=\"og:type\" content=\"article\" \/>\n<meta property=\"og:title\" content=\"Pizzakartonger - Infigo\" \/>\n<meta property=\"og:description\" content=\"Pizzakartong \u00e4r stor och i\u00f6gonfallande, ingen b\u00f6r missa loggan p\u00e5 kartongen och vara f\u00f6rvirrad \u00f6ver vilket f\u00f6retag de b\u00e4sta pizzorna kommer ifr\u00e5n! Best\u00e4ll pizzakartonger med din egen f\u00f6retagslogga hos oss! M\u00e5tt: standardm\u00e5tt: 24&#215;24+3,5 cm (bredd x l\u00e4ngd + h\u00f6jds) 30&#215;30+3,5 cm 40&#215;40+4 cm Material: wellpapp Materialf\u00e4rg: vit eller brun Tryck: 1-4 f\u00e4rger (CMYK) Best\u00e4llningsm\u00e4ngd: fr\u00e5n [&hellip;]\" \/>\n<meta property=\"og:url\" content=\"https:\/\/infigo.ee\/sv\/produkt\/pizza-boxes\/\" \/>\n<meta property=\"og:site_name\" content=\"Infigo\" \/>\n<meta property=\"article:modified_time\" content=\"2024-03-03T15:12:30+00:00\" \/>\n<meta property=\"og:image\" content=\"https:\/\/infigo.ee\/wp-content\/uploads\/2024\/02\/print_food-box5.jpg\" \/>\n\t<meta property=\"og:image:width\" content=\"1485\" \/>\n\t<meta property=\"og:image:height\" content=\"1485\" \/>\n\t<meta property=\"og:image:type\" content=\"image\/jpeg\" \/>\n<meta name=\"twitter:card\" content=\"summary_large_image\" \/>\n<meta name=\"twitter:label1\" content=\"Est. reading time\" \/>\n\t<meta name=\"twitter:data1\" content=\"1 minute\" \/>\n<script type=\"application\/ld+json\" class=\"yoast-schema-graph\">{\"@context\":\"https:\\\/\\\/schema.org\",\"@graph\":[{\"@type\":\"WebPage\",\"@id\":\"https:\\\/\\\/infigo.ee\\\/sv\\\/produkt\\\/pizza-boxes\\\/\",\"url\":\"https:\\\/\\\/infigo.ee\\\/sv\\\/produkt\\\/pizza-boxes\\\/\",\"name\":\"Pizzakartonger - Infigo\",\"isPartOf\":{\"@id\":\"https:\\\/\\\/infigo.ee\\\/#website\"},\"primaryImageOfPage\":{\"@id\":\"https:\\\/\\\/infigo.ee\\\/sv\\\/produkt\\\/pizza-boxes\\\/#primaryimage\"},\"image\":{\"@id\":\"https:\\\/\\\/infigo.ee\\\/sv\\\/produkt\\\/pizza-boxes\\\/#primaryimage\"},\"thumbnailUrl\":\"https:\\\/\\\/infigo.ee\\\/wp-content\\\/uploads\\\/2024\\\/02\\\/print_food-box5.jpg\",\"datePublished\":\"2024-02-14T11:54:32+00:00\",\"dateModified\":\"2024-03-03T15:12:30+00:00\",\"breadcrumb\":{\"@id\":\"https:\\\/\\\/infigo.ee\\\/sv\\\/produkt\\\/pizza-boxes\\\/#breadcrumb\"},\"inLanguage\":\"sv-SE\",\"potentialAction\":[{\"@type\":\"ReadAction\",\"target\":[\"https:\\\/\\\/infigo.ee\\\/sv\\\/produkt\\\/pizza-boxes\\\/\"]}]},{\"@type\":\"ImageObject\",\"inLanguage\":\"sv-SE\",\"@id\":\"https:\\\/\\\/infigo.ee\\\/sv\\\/produkt\\\/pizza-boxes\\\/#primaryimage\",\"url\":\"https:\\\/\\\/infigo.ee\\\/wp-content\\\/uploads\\\/2024\\\/02\\\/print_food-box5.jpg\",\"contentUrl\":\"https:\\\/\\\/infigo.ee\\\/wp-content\\\/uploads\\\/2024\\\/02\\\/print_food-box5.jpg\",\"width\":1485,\"height\":1485},{\"@type\":\"BreadcrumbList\",\"@id\":\"https:\\\/\\\/infigo.ee\\\/sv\\\/produkt\\\/pizza-boxes\\\/#breadcrumb\",\"itemListElement\":[{\"@type\":\"ListItem\",\"position\":1,\"name\":\"Home\",\"item\":\"https:\\\/\\\/infigo.ee\\\/sv\\\/\"},{\"@type\":\"ListItem\",\"position\":2,\"name\":\"Webbutik\",\"item\":\"https:\\\/\\\/infigo.ee\\\/sv\\\/butik\\\/\"},{\"@type\":\"ListItem\",\"position\":3,\"name\":\"Pizzakartonger\"}]},{\"@type\":\"WebSite\",\"@id\":\"https:\\\/\\\/infigo.ee\\\/#website\",\"url\":\"https:\\\/\\\/infigo.ee\\\/\",\"name\":\"Infigo\",\"description\":\"\",\"publisher\":{\"@id\":\"https:\\\/\\\/infigo.ee\\\/#organization\"},\"potentialAction\":[{\"@type\":\"SearchAction\",\"target\":{\"@type\":\"EntryPoint\",\"urlTemplate\":\"https:\\\/\\\/infigo.ee\\\/?s={search_term_string}\"},\"query-input\":{\"@type\":\"PropertyValueSpecification\",\"valueRequired\":true,\"valueName\":\"search_term_string\"}}],\"inLanguage\":\"sv-SE\"},{\"@type\":\"Organization\",\"@id\":\"https:\\\/\\\/infigo.ee\\\/#organization\",\"name\":\"Infigo\",\"url\":\"https:\\\/\\\/infigo.ee\\\/\",\"logo\":{\"@type\":\"ImageObject\",\"inLanguage\":\"sv-SE\",\"@id\":\"https:\\\/\\\/infigo.ee\\\/#\\\/schema\\\/logo\\\/image\\\/\",\"url\":\"https:\\\/\\\/infigo.ee\\\/wp-content\\\/uploads\\\/2023\\\/11\\\/logo-1.jpg\",\"contentUrl\":\"https:\\\/\\\/infigo.ee\\\/wp-content\\\/uploads\\\/2023\\\/11\\\/logo-1.jpg\",\"width\":334,\"height\":114,\"caption\":\"Infigo\"},\"image\":{\"@id\":\"https:\\\/\\\/infigo.ee\\\/#\\\/schema\\\/logo\\\/image\\\/\"}}]}<\/script>\n<!-- \/ Yoast SEO plugin. -->","yoast_head_json":{"title":"Pizzakartonger - Infigo","robots":{"index":"index","follow":"follow","max-snippet":"max-snippet:-1","max-image-preview":"max-image-preview:large","max-video-preview":"max-video-preview:-1"},"canonical":"https:\/\/infigo.ee\/sv\/produkt\/pizza-boxes\/","og_locale":"sv_SE","og_type":"article","og_title":"Pizzakartonger - Infigo","og_description":"Pizzakartong \u00e4r stor och i\u00f6gonfallande, ingen b\u00f6r missa loggan p\u00e5 kartongen och vara f\u00f6rvirrad \u00f6ver vilket f\u00f6retag de b\u00e4sta pizzorna kommer ifr\u00e5n! Best\u00e4ll pizzakartonger med din egen f\u00f6retagslogga hos oss! M\u00e5tt: standardm\u00e5tt: 24&#215;24+3,5 cm (bredd x l\u00e4ngd + h\u00f6jds) 30&#215;30+3,5 cm 40&#215;40+4 cm Material: wellpapp Materialf\u00e4rg: vit eller brun Tryck: 1-4 f\u00e4rger (CMYK) Best\u00e4llningsm\u00e4ngd: fr\u00e5n [&hellip;]","og_url":"https:\/\/infigo.ee\/sv\/produkt\/pizza-boxes\/","og_site_name":"Infigo","article_modified_time":"2024-03-03T15:12:30+00:00","og_image":[{"width":1485,"height":1485,"url":"https:\/\/infigo.ee\/wp-content\/uploads\/2024\/02\/print_food-box5.jpg","type":"image\/jpeg"}],"twitter_card":"summary_large_image","twitter_misc":{"Est. reading time":"1 minute"},"schema":{"@context":"https:\/\/schema.org","@graph":[{"@type":"WebPage","@id":"https:\/\/infigo.ee\/sv\/produkt\/pizza-boxes\/","url":"https:\/\/infigo.ee\/sv\/produkt\/pizza-boxes\/","name":"Pizzakartonger - Infigo","isPartOf":{"@id":"https:\/\/infigo.ee\/#website"},"primaryImageOfPage":{"@id":"https:\/\/infigo.ee\/sv\/produkt\/pizza-boxes\/#primaryimage"},"image":{"@id":"https:\/\/infigo.ee\/sv\/produkt\/pizza-boxes\/#primaryimage"},"thumbnailUrl":"https:\/\/infigo.ee\/wp-content\/uploads\/2024\/02\/print_food-box5.jpg","datePublished":"2024-02-14T11:54:32+00:00","dateModified":"2024-03-03T15:12:30+00:00","breadcrumb":{"@id":"https:\/\/infigo.ee\/sv\/produkt\/pizza-boxes\/#breadcrumb"},"inLanguage":"sv-SE","potentialAction":[{"@type":"ReadAction","target":["https:\/\/infigo.ee\/sv\/produkt\/pizza-boxes\/"]}]},{"@type":"ImageObject","inLanguage":"sv-SE","@id":"https:\/\/infigo.ee\/sv\/produkt\/pizza-boxes\/#primaryimage","url":"https:\/\/infigo.ee\/wp-content\/uploads\/2024\/02\/print_food-box5.jpg","contentUrl":"https:\/\/infigo.ee\/wp-content\/uploads\/2024\/02\/print_food-box5.jpg","width":1485,"height":1485},{"@type":"BreadcrumbList","@id":"https:\/\/infigo.ee\/sv\/produkt\/pizza-boxes\/#breadcrumb","itemListElement":[{"@type":"ListItem","position":1,"name":"Home","item":"https:\/\/infigo.ee\/sv\/"},{"@type":"ListItem","position":2,"name":"Webbutik","item":"https:\/\/infigo.ee\/sv\/butik\/"},{"@type":"ListItem","position":3,"name":"Pizzakartonger"}]},{"@type":"WebSite","@id":"https:\/\/infigo.ee\/#website","url":"https:\/\/infigo.ee\/","name":"Infigo","description":"","publisher":{"@id":"https:\/\/infigo.ee\/#organization"},"potentialAction":[{"@type":"SearchAction","target":{"@type":"EntryPoint","urlTemplate":"https:\/\/infigo.ee\/?s={search_term_string}"},"query-input":{"@type":"PropertyValueSpecification","valueRequired":true,"valueName":"search_term_string"}}],"inLanguage":"sv-SE"},{"@type":"Organization","@id":"https:\/\/infigo.ee\/#organization","name":"Infigo","url":"https:\/\/infigo.ee\/","logo":{"@type":"ImageObject","inLanguage":"sv-SE","@id":"https:\/\/infigo.ee\/#\/schema\/logo\/image\/","url":"https:\/\/infigo.ee\/wp-content\/uploads\/2023\/11\/logo-1.jpg","contentUrl":"https:\/\/infigo.ee\/wp-content\/uploads\/2023\/11\/logo-1.jpg","width":334,"height":114,"caption":"Infigo"},"image":{"@id":"https:\/\/infigo.ee\/#\/schema\/logo\/image\/"}}]}},"_links":{"self":[{"href":"https:\/\/infigo.ee\/sv\/wp-json\/wp\/v2\/product\/43481","targetHints":{"allow":["GET"]}}],"collection":[{"href":"https:\/\/infigo.ee\/sv\/wp-json\/wp\/v2\/product"}],"about":[{"href":"https:\/\/infigo.ee\/sv\/wp-json\/wp\/v2\/types\/product"}],"replies":[{"embeddable":true,"href":"https:\/\/infigo.ee\/sv\/wp-json\/wp\/v2\/comments?post=43481"}],"wp:featuredmedia":[{"embeddable":true,"href":"https:\/\/infigo.ee\/sv\/wp-json\/wp\/v2\/media\/43467"}],"wp:attachment":[{"href":"https:\/\/infigo.ee\/sv\/wp-json\/wp\/v2\/media?parent=43481"}],"wp:term":[{"taxonomy":"product_brand","embeddable":true,"href":"https:\/\/infigo.ee\/sv\/wp-json\/wp\/v2\/product_brand?post=43481"},{"taxonomy":"product_cat","embeddable":true,"href":"https:\/\/infigo.ee\/sv\/wp-json\/wp\/v2\/product_cat?post=43481"},{"taxonomy":"product_tag","embeddable":true,"href":"https:\/\/infigo.ee\/sv\/wp-json\/wp\/v2\/product_tag?post=43481"}],"curies":[{"name":"wp","href":"https:\/\/api.w.org\/{rel}","templated":true}]}}