{"id":43462,"date":"2024-02-14T13:52:14","date_gmt":"2024-02-14T11:52:14","guid":{"rendered":"https:\/\/infigo.ee\/toode\/bakery-pastry-boxes\/"},"modified":"2024-03-03T16:59:30","modified_gmt":"2024-03-03T14:59:30","slug":"bakery-pastry-boxes","status":"publish","type":"product","link":"https:\/\/infigo.ee\/sv\/produkt\/bakery-pastry-boxes\/","title":{"rendered":"Bageri l\u00e5dor. T\u00e5rtl\u00e5dor"},"content":{"rendered":"<p>T\u00e5rta representerar en speciell h\u00e4ndelse. G\u00f6r detta evenemang extra minnesv\u00e4rt f\u00f6r dina kunder. Best\u00e4ll en t\u00e5rtl\u00e5da med din logotyp eller design fr\u00e5n oss!<br \/>\n<strong>M\u00e5tt:<\/strong> enligt kundens \u00f6nskem\u00e5l<br \/>\n<strong>Material:<\/strong> kartong, fettresistent kartong, nedbrytbart material<br \/>\n<strong>Materialf\u00e4rg:<\/strong> vit eller brun<br \/>\n<strong>Tillbeh\u00f6r<\/strong>: plastf\u00f6nster, handtag<br \/>\n<strong>Tryck:<\/strong> 1-4 f\u00e4rger (CMYK)<br \/>\n<strong>Best\u00e4llningsm\u00e4ngd:<\/strong> enligt \u00f6verenskommelse<\/p>\n","protected":false},"excerpt":{"rendered":"<p>T\u00e5rta representerar en speciell h\u00e4ndelse. G\u00f6r detta evenemang extra minnesv\u00e4rt f\u00f6r dina kunder. Best\u00e4ll en t\u00e5rtl\u00e5da med din logotyp eller design fr\u00e5n oss! M\u00e5tt: enligt kundens \u00f6nskem\u00e5l Material: kartong, fettresistent kartong, nedbrytbart material Materialf\u00e4rg: vit eller brun Tillbeh\u00f6r: plastf\u00f6nster, handtag Tryck: 1-4 f\u00e4rger (CMYK) Best\u00e4llningsm\u00e4ngd: enligt \u00f6verenskommelse<\/p>\n","protected":false},"featured_media":43447,"comment_status":"open","ping_status":"closed","template":"","meta":{"_acf_changed":false},"product_brand":[],"product_cat":[1038],"product_tag":[],"class_list":{"0":"post-43462","1":"product","2":"type-product","3":"status-publish","4":"has-post-thumbnail","6":"product_cat-matforpackningar-engangsmuggar","8":"first","9":"instock","10":"taxable","11":"shipping-taxable","12":"product-type-simple"},"acf":[],"yoast_head":"<!-- This site is optimized with the Yoast SEO plugin v27.3 - https:\/\/yoast.com\/product\/yoast-seo-wordpress\/ -->\n<title>Bageri l\u00e5dor. T\u00e5rtl\u00e5dor - Infigo<\/title>\n<meta name=\"robots\" content=\"index, follow, max-snippet:-1, max-image-preview:large, max-video-preview:-1\" \/>\n<link rel=\"canonical\" href=\"https:\/\/infigo.ee\/sv\/produkt\/bakery-pastry-boxes\/\" \/>\n<meta property=\"og:locale\" content=\"sv_SE\" \/>\n<meta property=\"og:type\" content=\"article\" \/>\n<meta property=\"og:title\" content=\"Bageri l\u00e5dor. T\u00e5rtl\u00e5dor - Infigo\" \/>\n<meta property=\"og:description\" content=\"T\u00e5rta representerar en speciell h\u00e4ndelse. G\u00f6r detta evenemang extra minnesv\u00e4rt f\u00f6r dina kunder. Best\u00e4ll en t\u00e5rtl\u00e5da med din logotyp eller design fr\u00e5n oss! M\u00e5tt: enligt kundens \u00f6nskem\u00e5l Material: kartong, fettresistent kartong, nedbrytbart material Materialf\u00e4rg: vit eller brun Tillbeh\u00f6r: plastf\u00f6nster, handtag Tryck: 1-4 f\u00e4rger (CMYK) Best\u00e4llningsm\u00e4ngd: enligt \u00f6verenskommelse\" \/>\n<meta property=\"og:url\" content=\"https:\/\/infigo.ee\/sv\/produkt\/bakery-pastry-boxes\/\" \/>\n<meta property=\"og:site_name\" content=\"Infigo\" \/>\n<meta property=\"article:modified_time\" content=\"2024-03-03T14:59:30+00:00\" \/>\n<meta property=\"og:image\" content=\"https:\/\/infigo.ee\/wp-content\/uploads\/2024\/02\/print_food-box4.jpg\" \/>\n\t<meta property=\"og:image:width\" content=\"1485\" \/>\n\t<meta property=\"og:image:height\" content=\"1485\" \/>\n\t<meta property=\"og:image:type\" content=\"image\/jpeg\" \/>\n<meta name=\"twitter:card\" content=\"summary_large_image\" \/>\n<meta name=\"twitter:label1\" content=\"Est. reading time\" \/>\n\t<meta name=\"twitter:data1\" content=\"1 minute\" \/>\n<script type=\"application\/ld+json\" class=\"yoast-schema-graph\">{\"@context\":\"https:\\\/\\\/schema.org\",\"@graph\":[{\"@type\":\"WebPage\",\"@id\":\"https:\\\/\\\/infigo.ee\\\/sv\\\/produkt\\\/bakery-pastry-boxes\\\/\",\"url\":\"https:\\\/\\\/infigo.ee\\\/sv\\\/produkt\\\/bakery-pastry-boxes\\\/\",\"name\":\"Bageri l\u00e5dor. T\u00e5rtl\u00e5dor - Infigo\",\"isPartOf\":{\"@id\":\"https:\\\/\\\/infigo.ee\\\/#website\"},\"primaryImageOfPage\":{\"@id\":\"https:\\\/\\\/infigo.ee\\\/sv\\\/produkt\\\/bakery-pastry-boxes\\\/#primaryimage\"},\"image\":{\"@id\":\"https:\\\/\\\/infigo.ee\\\/sv\\\/produkt\\\/bakery-pastry-boxes\\\/#primaryimage\"},\"thumbnailUrl\":\"https:\\\/\\\/infigo.ee\\\/wp-content\\\/uploads\\\/2024\\\/02\\\/print_food-box4.jpg\",\"datePublished\":\"2024-02-14T11:52:14+00:00\",\"dateModified\":\"2024-03-03T14:59:30+00:00\",\"breadcrumb\":{\"@id\":\"https:\\\/\\\/infigo.ee\\\/sv\\\/produkt\\\/bakery-pastry-boxes\\\/#breadcrumb\"},\"inLanguage\":\"sv-SE\",\"potentialAction\":[{\"@type\":\"ReadAction\",\"target\":[\"https:\\\/\\\/infigo.ee\\\/sv\\\/produkt\\\/bakery-pastry-boxes\\\/\"]}]},{\"@type\":\"ImageObject\",\"inLanguage\":\"sv-SE\",\"@id\":\"https:\\\/\\\/infigo.ee\\\/sv\\\/produkt\\\/bakery-pastry-boxes\\\/#primaryimage\",\"url\":\"https:\\\/\\\/infigo.ee\\\/wp-content\\\/uploads\\\/2024\\\/02\\\/print_food-box4.jpg\",\"contentUrl\":\"https:\\\/\\\/infigo.ee\\\/wp-content\\\/uploads\\\/2024\\\/02\\\/print_food-box4.jpg\",\"width\":1485,\"height\":1485},{\"@type\":\"BreadcrumbList\",\"@id\":\"https:\\\/\\\/infigo.ee\\\/sv\\\/produkt\\\/bakery-pastry-boxes\\\/#breadcrumb\",\"itemListElement\":[{\"@type\":\"ListItem\",\"position\":1,\"name\":\"Home\",\"item\":\"https:\\\/\\\/infigo.ee\\\/sv\\\/\"},{\"@type\":\"ListItem\",\"position\":2,\"name\":\"Webbutik\",\"item\":\"https:\\\/\\\/infigo.ee\\\/sv\\\/butik\\\/\"},{\"@type\":\"ListItem\",\"position\":3,\"name\":\"Bageri l\u00e5dor. T\u00e5rtl\u00e5dor\"}]},{\"@type\":\"WebSite\",\"@id\":\"https:\\\/\\\/infigo.ee\\\/#website\",\"url\":\"https:\\\/\\\/infigo.ee\\\/\",\"name\":\"Infigo\",\"description\":\"\",\"publisher\":{\"@id\":\"https:\\\/\\\/infigo.ee\\\/#organization\"},\"potentialAction\":[{\"@type\":\"SearchAction\",\"target\":{\"@type\":\"EntryPoint\",\"urlTemplate\":\"https:\\\/\\\/infigo.ee\\\/?s={search_term_string}\"},\"query-input\":{\"@type\":\"PropertyValueSpecification\",\"valueRequired\":true,\"valueName\":\"search_term_string\"}}],\"inLanguage\":\"sv-SE\"},{\"@type\":\"Organization\",\"@id\":\"https:\\\/\\\/infigo.ee\\\/#organization\",\"name\":\"Infigo\",\"url\":\"https:\\\/\\\/infigo.ee\\\/\",\"logo\":{\"@type\":\"ImageObject\",\"inLanguage\":\"sv-SE\",\"@id\":\"https:\\\/\\\/infigo.ee\\\/#\\\/schema\\\/logo\\\/image\\\/\",\"url\":\"https:\\\/\\\/infigo.ee\\\/wp-content\\\/uploads\\\/2023\\\/11\\\/logo-1.jpg\",\"contentUrl\":\"https:\\\/\\\/infigo.ee\\\/wp-content\\\/uploads\\\/2023\\\/11\\\/logo-1.jpg\",\"width\":334,\"height\":114,\"caption\":\"Infigo\"},\"image\":{\"@id\":\"https:\\\/\\\/infigo.ee\\\/#\\\/schema\\\/logo\\\/image\\\/\"}}]}<\/script>\n<!-- \/ Yoast SEO plugin. -->","yoast_head_json":{"title":"Bageri l\u00e5dor. T\u00e5rtl\u00e5dor - Infigo","robots":{"index":"index","follow":"follow","max-snippet":"max-snippet:-1","max-image-preview":"max-image-preview:large","max-video-preview":"max-video-preview:-1"},"canonical":"https:\/\/infigo.ee\/sv\/produkt\/bakery-pastry-boxes\/","og_locale":"sv_SE","og_type":"article","og_title":"Bageri l\u00e5dor. T\u00e5rtl\u00e5dor - Infigo","og_description":"T\u00e5rta representerar en speciell h\u00e4ndelse. G\u00f6r detta evenemang extra minnesv\u00e4rt f\u00f6r dina kunder. Best\u00e4ll en t\u00e5rtl\u00e5da med din logotyp eller design fr\u00e5n oss! M\u00e5tt: enligt kundens \u00f6nskem\u00e5l Material: kartong, fettresistent kartong, nedbrytbart material Materialf\u00e4rg: vit eller brun Tillbeh\u00f6r: plastf\u00f6nster, handtag Tryck: 1-4 f\u00e4rger (CMYK) Best\u00e4llningsm\u00e4ngd: enligt \u00f6verenskommelse","og_url":"https:\/\/infigo.ee\/sv\/produkt\/bakery-pastry-boxes\/","og_site_name":"Infigo","article_modified_time":"2024-03-03T14:59:30+00:00","og_image":[{"width":1485,"height":1485,"url":"https:\/\/infigo.ee\/wp-content\/uploads\/2024\/02\/print_food-box4.jpg","type":"image\/jpeg"}],"twitter_card":"summary_large_image","twitter_misc":{"Est. reading time":"1 minute"},"schema":{"@context":"https:\/\/schema.org","@graph":[{"@type":"WebPage","@id":"https:\/\/infigo.ee\/sv\/produkt\/bakery-pastry-boxes\/","url":"https:\/\/infigo.ee\/sv\/produkt\/bakery-pastry-boxes\/","name":"Bageri l\u00e5dor. T\u00e5rtl\u00e5dor - Infigo","isPartOf":{"@id":"https:\/\/infigo.ee\/#website"},"primaryImageOfPage":{"@id":"https:\/\/infigo.ee\/sv\/produkt\/bakery-pastry-boxes\/#primaryimage"},"image":{"@id":"https:\/\/infigo.ee\/sv\/produkt\/bakery-pastry-boxes\/#primaryimage"},"thumbnailUrl":"https:\/\/infigo.ee\/wp-content\/uploads\/2024\/02\/print_food-box4.jpg","datePublished":"2024-02-14T11:52:14+00:00","dateModified":"2024-03-03T14:59:30+00:00","breadcrumb":{"@id":"https:\/\/infigo.ee\/sv\/produkt\/bakery-pastry-boxes\/#breadcrumb"},"inLanguage":"sv-SE","potentialAction":[{"@type":"ReadAction","target":["https:\/\/infigo.ee\/sv\/produkt\/bakery-pastry-boxes\/"]}]},{"@type":"ImageObject","inLanguage":"sv-SE","@id":"https:\/\/infigo.ee\/sv\/produkt\/bakery-pastry-boxes\/#primaryimage","url":"https:\/\/infigo.ee\/wp-content\/uploads\/2024\/02\/print_food-box4.jpg","contentUrl":"https:\/\/infigo.ee\/wp-content\/uploads\/2024\/02\/print_food-box4.jpg","width":1485,"height":1485},{"@type":"BreadcrumbList","@id":"https:\/\/infigo.ee\/sv\/produkt\/bakery-pastry-boxes\/#breadcrumb","itemListElement":[{"@type":"ListItem","position":1,"name":"Home","item":"https:\/\/infigo.ee\/sv\/"},{"@type":"ListItem","position":2,"name":"Webbutik","item":"https:\/\/infigo.ee\/sv\/butik\/"},{"@type":"ListItem","position":3,"name":"Bageri l\u00e5dor. T\u00e5rtl\u00e5dor"}]},{"@type":"WebSite","@id":"https:\/\/infigo.ee\/#website","url":"https:\/\/infigo.ee\/","name":"Infigo","description":"","publisher":{"@id":"https:\/\/infigo.ee\/#organization"},"potentialAction":[{"@type":"SearchAction","target":{"@type":"EntryPoint","urlTemplate":"https:\/\/infigo.ee\/?s={search_term_string}"},"query-input":{"@type":"PropertyValueSpecification","valueRequired":true,"valueName":"search_term_string"}}],"inLanguage":"sv-SE"},{"@type":"Organization","@id":"https:\/\/infigo.ee\/#organization","name":"Infigo","url":"https:\/\/infigo.ee\/","logo":{"@type":"ImageObject","inLanguage":"sv-SE","@id":"https:\/\/infigo.ee\/#\/schema\/logo\/image\/","url":"https:\/\/infigo.ee\/wp-content\/uploads\/2023\/11\/logo-1.jpg","contentUrl":"https:\/\/infigo.ee\/wp-content\/uploads\/2023\/11\/logo-1.jpg","width":334,"height":114,"caption":"Infigo"},"image":{"@id":"https:\/\/infigo.ee\/#\/schema\/logo\/image\/"}}]}},"_links":{"self":[{"href":"https:\/\/infigo.ee\/sv\/wp-json\/wp\/v2\/product\/43462","targetHints":{"allow":["GET"]}}],"collection":[{"href":"https:\/\/infigo.ee\/sv\/wp-json\/wp\/v2\/product"}],"about":[{"href":"https:\/\/infigo.ee\/sv\/wp-json\/wp\/v2\/types\/product"}],"replies":[{"embeddable":true,"href":"https:\/\/infigo.ee\/sv\/wp-json\/wp\/v2\/comments?post=43462"}],"wp:featuredmedia":[{"embeddable":true,"href":"https:\/\/infigo.ee\/sv\/wp-json\/wp\/v2\/media\/43447"}],"wp:attachment":[{"href":"https:\/\/infigo.ee\/sv\/wp-json\/wp\/v2\/media?parent=43462"}],"wp:term":[{"taxonomy":"product_brand","embeddable":true,"href":"https:\/\/infigo.ee\/sv\/wp-json\/wp\/v2\/product_brand?post=43462"},{"taxonomy":"product_cat","embeddable":true,"href":"https:\/\/infigo.ee\/sv\/wp-json\/wp\/v2\/product_cat?post=43462"},{"taxonomy":"product_tag","embeddable":true,"href":"https:\/\/infigo.ee\/sv\/wp-json\/wp\/v2\/product_tag?post=43462"}],"curies":[{"name":"wp","href":"https:\/\/api.w.org\/{rel}","templated":true}]}}