{"id":43402,"date":"2024-02-14T13:47:17","date_gmt":"2024-02-14T11:47:17","guid":{"rendered":"https:\/\/infigo.ee\/toode\/box_sushi_meal\/"},"modified":"2024-03-03T16:15:37","modified_gmt":"2024-03-03T14:15:37","slug":"box_sushi_meal","status":"publish","type":"product","link":"https:\/\/infigo.ee\/sv\/produkt\/box_sushi_meal\/","title":{"rendered":"Salladsl\u00e5dor. Sushil\u00e5dor. Nudell\u00e5dor"},"content":{"rendered":"<p>Sushil\u00e5dor, salladsl\u00e5dor och nudell\u00e5dor av kartong \u00e4r ett milj\u00f6v\u00e4nligare alternativ till matl\u00e5dor i plast. sushi, sallad och nudell\u00e5dor med logotyp g\u00f6r dina produkter mer synliga och minnesv\u00e4rda f\u00f6r kunderna.<br \/>\n<strong>M\u00e5tt:<\/strong> enligt kundens \u00f6nskem\u00e5l<br \/>\n<strong>Material:<\/strong> kartong, fettresistent kartong, nedbrytbart material<br \/>\n<strong>Materialf\u00e4rg:<\/strong> vit eller brun<br \/>\n<strong>Tillbeh\u00f6r:<\/strong> plastf\u00f6nster<br \/>\n<strong>Tryck:<\/strong> 1-4 f\u00e4rger (CMYK)<br \/>\n<strong>Best\u00e4llningsm\u00e4ngd:<\/strong> enligt \u00f6verenskommelse<\/p>\n","protected":false},"excerpt":{"rendered":"<p>Sushil\u00e5dor, salladsl\u00e5dor och nudell\u00e5dor av kartong \u00e4r ett milj\u00f6v\u00e4nligare alternativ till matl\u00e5dor i plast. sushi, sallad och nudell\u00e5dor med logotyp g\u00f6r dina produkter mer synliga och minnesv\u00e4rda f\u00f6r kunderna. M\u00e5tt: enligt kundens \u00f6nskem\u00e5l Material: kartong, fettresistent kartong, nedbrytbart material Materialf\u00e4rg: vit eller brun Tillbeh\u00f6r: plastf\u00f6nster Tryck: 1-4 f\u00e4rger (CMYK) Best\u00e4llningsm\u00e4ngd: enligt \u00f6verenskommelse<\/p>\n","protected":false},"featured_media":43371,"comment_status":"open","ping_status":"closed","template":"","meta":{"_acf_changed":false},"product_brand":[],"product_cat":[1038],"product_tag":[],"class_list":{"0":"post-43402","1":"product","2":"type-product","3":"status-publish","4":"has-post-thumbnail","6":"product_cat-matforpackningar-engangsmuggar","8":"first","9":"instock","10":"taxable","11":"shipping-taxable","12":"product-type-simple"},"acf":[],"yoast_head":"<!-- This site is optimized with the Yoast SEO plugin v27.3 - https:\/\/yoast.com\/product\/yoast-seo-wordpress\/ -->\n<title>Salladsl\u00e5dor. Sushil\u00e5dor. Nudell\u00e5dor - Infigo<\/title>\n<meta name=\"robots\" content=\"index, follow, max-snippet:-1, max-image-preview:large, max-video-preview:-1\" \/>\n<link rel=\"canonical\" href=\"https:\/\/infigo.ee\/produkt\/sushikarp-nuudlikarp\/\" \/>\n<meta property=\"og:locale\" content=\"sv_SE\" \/>\n<meta property=\"og:type\" content=\"article\" \/>\n<meta property=\"og:title\" content=\"Salladsl\u00e5dor. Sushil\u00e5dor. Nudell\u00e5dor - Infigo\" \/>\n<meta property=\"og:description\" content=\"Sushil\u00e5dor, salladsl\u00e5dor och nudell\u00e5dor av kartong \u00e4r ett milj\u00f6v\u00e4nligare alternativ till matl\u00e5dor i plast. sushi, sallad och nudell\u00e5dor med logotyp g\u00f6r dina produkter mer synliga och minnesv\u00e4rda f\u00f6r kunderna. M\u00e5tt: enligt kundens \u00f6nskem\u00e5l Material: kartong, fettresistent kartong, nedbrytbart material Materialf\u00e4rg: vit eller brun Tillbeh\u00f6r: plastf\u00f6nster Tryck: 1-4 f\u00e4rger (CMYK) Best\u00e4llningsm\u00e4ngd: enligt \u00f6verenskommelse\" \/>\n<meta property=\"og:url\" content=\"https:\/\/infigo.ee\/produkt\/sushikarp-nuudlikarp\/\" \/>\n<meta property=\"og:site_name\" content=\"Infigo\" \/>\n<meta property=\"article:modified_time\" content=\"2024-03-03T14:15:37+00:00\" \/>\n<meta property=\"og:image\" content=\"https:\/\/infigo.ee\/wp-content\/uploads\/2024\/02\/print_food-box1.jpg\" \/>\n\t<meta property=\"og:image:width\" content=\"1484\" \/>\n\t<meta property=\"og:image:height\" content=\"1484\" \/>\n\t<meta property=\"og:image:type\" content=\"image\/jpeg\" \/>\n<meta name=\"twitter:card\" content=\"summary_large_image\" \/>\n<meta name=\"twitter:label1\" content=\"Est. reading time\" \/>\n\t<meta name=\"twitter:data1\" content=\"1 minute\" \/>\n<script type=\"application\/ld+json\" class=\"yoast-schema-graph\">{\"@context\":\"https:\\\/\\\/schema.org\",\"@graph\":[{\"@type\":\"WebPage\",\"@id\":\"https:\\\/\\\/infigo.ee\\\/produkt\\\/sushikarp-nuudlikarp\\\/\",\"url\":\"https:\\\/\\\/infigo.ee\\\/produkt\\\/sushikarp-nuudlikarp\\\/\",\"name\":\"Salladsl\u00e5dor. Sushil\u00e5dor. Nudell\u00e5dor - Infigo\",\"isPartOf\":{\"@id\":\"https:\\\/\\\/infigo.ee\\\/#website\"},\"primaryImageOfPage\":{\"@id\":\"https:\\\/\\\/infigo.ee\\\/produkt\\\/sushikarp-nuudlikarp\\\/#primaryimage\"},\"image\":{\"@id\":\"https:\\\/\\\/infigo.ee\\\/produkt\\\/sushikarp-nuudlikarp\\\/#primaryimage\"},\"thumbnailUrl\":\"https:\\\/\\\/infigo.ee\\\/wp-content\\\/uploads\\\/2024\\\/02\\\/print_food-box1.jpg\",\"datePublished\":\"2024-02-14T11:47:17+00:00\",\"dateModified\":\"2024-03-03T14:15:37+00:00\",\"breadcrumb\":{\"@id\":\"https:\\\/\\\/infigo.ee\\\/produkt\\\/sushikarp-nuudlikarp\\\/#breadcrumb\"},\"inLanguage\":\"sv-SE\",\"potentialAction\":[{\"@type\":\"ReadAction\",\"target\":[\"https:\\\/\\\/infigo.ee\\\/produkt\\\/sushikarp-nuudlikarp\\\/\"]}]},{\"@type\":\"ImageObject\",\"inLanguage\":\"sv-SE\",\"@id\":\"https:\\\/\\\/infigo.ee\\\/produkt\\\/sushikarp-nuudlikarp\\\/#primaryimage\",\"url\":\"https:\\\/\\\/infigo.ee\\\/wp-content\\\/uploads\\\/2024\\\/02\\\/print_food-box1.jpg\",\"contentUrl\":\"https:\\\/\\\/infigo.ee\\\/wp-content\\\/uploads\\\/2024\\\/02\\\/print_food-box1.jpg\",\"width\":1484,\"height\":1484},{\"@type\":\"BreadcrumbList\",\"@id\":\"https:\\\/\\\/infigo.ee\\\/produkt\\\/sushikarp-nuudlikarp\\\/#breadcrumb\",\"itemListElement\":[{\"@type\":\"ListItem\",\"position\":1,\"name\":\"Home\",\"item\":\"https:\\\/\\\/infigo.ee\\\/sv\\\/\"},{\"@type\":\"ListItem\",\"position\":2,\"name\":\"Webbutik\",\"item\":\"https:\\\/\\\/infigo.ee\\\/sv\\\/butik\\\/\"},{\"@type\":\"ListItem\",\"position\":3,\"name\":\"Salladsl\u00e5dor. Sushil\u00e5dor. Nudell\u00e5dor\"}]},{\"@type\":\"WebSite\",\"@id\":\"https:\\\/\\\/infigo.ee\\\/#website\",\"url\":\"https:\\\/\\\/infigo.ee\\\/\",\"name\":\"Infigo\",\"description\":\"\",\"publisher\":{\"@id\":\"https:\\\/\\\/infigo.ee\\\/#organization\"},\"potentialAction\":[{\"@type\":\"SearchAction\",\"target\":{\"@type\":\"EntryPoint\",\"urlTemplate\":\"https:\\\/\\\/infigo.ee\\\/?s={search_term_string}\"},\"query-input\":{\"@type\":\"PropertyValueSpecification\",\"valueRequired\":true,\"valueName\":\"search_term_string\"}}],\"inLanguage\":\"sv-SE\"},{\"@type\":\"Organization\",\"@id\":\"https:\\\/\\\/infigo.ee\\\/#organization\",\"name\":\"Infigo\",\"url\":\"https:\\\/\\\/infigo.ee\\\/\",\"logo\":{\"@type\":\"ImageObject\",\"inLanguage\":\"sv-SE\",\"@id\":\"https:\\\/\\\/infigo.ee\\\/#\\\/schema\\\/logo\\\/image\\\/\",\"url\":\"https:\\\/\\\/infigo.ee\\\/wp-content\\\/uploads\\\/2023\\\/11\\\/logo-1.jpg\",\"contentUrl\":\"https:\\\/\\\/infigo.ee\\\/wp-content\\\/uploads\\\/2023\\\/11\\\/logo-1.jpg\",\"width\":334,\"height\":114,\"caption\":\"Infigo\"},\"image\":{\"@id\":\"https:\\\/\\\/infigo.ee\\\/#\\\/schema\\\/logo\\\/image\\\/\"}}]}<\/script>\n<!-- \/ Yoast SEO plugin. -->","yoast_head_json":{"title":"Salladsl\u00e5dor. Sushil\u00e5dor. Nudell\u00e5dor - Infigo","robots":{"index":"index","follow":"follow","max-snippet":"max-snippet:-1","max-image-preview":"max-image-preview:large","max-video-preview":"max-video-preview:-1"},"canonical":"https:\/\/infigo.ee\/produkt\/sushikarp-nuudlikarp\/","og_locale":"sv_SE","og_type":"article","og_title":"Salladsl\u00e5dor. Sushil\u00e5dor. Nudell\u00e5dor - Infigo","og_description":"Sushil\u00e5dor, salladsl\u00e5dor och nudell\u00e5dor av kartong \u00e4r ett milj\u00f6v\u00e4nligare alternativ till matl\u00e5dor i plast. sushi, sallad och nudell\u00e5dor med logotyp g\u00f6r dina produkter mer synliga och minnesv\u00e4rda f\u00f6r kunderna. M\u00e5tt: enligt kundens \u00f6nskem\u00e5l Material: kartong, fettresistent kartong, nedbrytbart material Materialf\u00e4rg: vit eller brun Tillbeh\u00f6r: plastf\u00f6nster Tryck: 1-4 f\u00e4rger (CMYK) Best\u00e4llningsm\u00e4ngd: enligt \u00f6verenskommelse","og_url":"https:\/\/infigo.ee\/produkt\/sushikarp-nuudlikarp\/","og_site_name":"Infigo","article_modified_time":"2024-03-03T14:15:37+00:00","og_image":[{"width":1484,"height":1484,"url":"https:\/\/infigo.ee\/wp-content\/uploads\/2024\/02\/print_food-box1.jpg","type":"image\/jpeg"}],"twitter_card":"summary_large_image","twitter_misc":{"Est. reading time":"1 minute"},"schema":{"@context":"https:\/\/schema.org","@graph":[{"@type":"WebPage","@id":"https:\/\/infigo.ee\/produkt\/sushikarp-nuudlikarp\/","url":"https:\/\/infigo.ee\/produkt\/sushikarp-nuudlikarp\/","name":"Salladsl\u00e5dor. Sushil\u00e5dor. Nudell\u00e5dor - Infigo","isPartOf":{"@id":"https:\/\/infigo.ee\/#website"},"primaryImageOfPage":{"@id":"https:\/\/infigo.ee\/produkt\/sushikarp-nuudlikarp\/#primaryimage"},"image":{"@id":"https:\/\/infigo.ee\/produkt\/sushikarp-nuudlikarp\/#primaryimage"},"thumbnailUrl":"https:\/\/infigo.ee\/wp-content\/uploads\/2024\/02\/print_food-box1.jpg","datePublished":"2024-02-14T11:47:17+00:00","dateModified":"2024-03-03T14:15:37+00:00","breadcrumb":{"@id":"https:\/\/infigo.ee\/produkt\/sushikarp-nuudlikarp\/#breadcrumb"},"inLanguage":"sv-SE","potentialAction":[{"@type":"ReadAction","target":["https:\/\/infigo.ee\/produkt\/sushikarp-nuudlikarp\/"]}]},{"@type":"ImageObject","inLanguage":"sv-SE","@id":"https:\/\/infigo.ee\/produkt\/sushikarp-nuudlikarp\/#primaryimage","url":"https:\/\/infigo.ee\/wp-content\/uploads\/2024\/02\/print_food-box1.jpg","contentUrl":"https:\/\/infigo.ee\/wp-content\/uploads\/2024\/02\/print_food-box1.jpg","width":1484,"height":1484},{"@type":"BreadcrumbList","@id":"https:\/\/infigo.ee\/produkt\/sushikarp-nuudlikarp\/#breadcrumb","itemListElement":[{"@type":"ListItem","position":1,"name":"Home","item":"https:\/\/infigo.ee\/sv\/"},{"@type":"ListItem","position":2,"name":"Webbutik","item":"https:\/\/infigo.ee\/sv\/butik\/"},{"@type":"ListItem","position":3,"name":"Salladsl\u00e5dor. Sushil\u00e5dor. Nudell\u00e5dor"}]},{"@type":"WebSite","@id":"https:\/\/infigo.ee\/#website","url":"https:\/\/infigo.ee\/","name":"Infigo","description":"","publisher":{"@id":"https:\/\/infigo.ee\/#organization"},"potentialAction":[{"@type":"SearchAction","target":{"@type":"EntryPoint","urlTemplate":"https:\/\/infigo.ee\/?s={search_term_string}"},"query-input":{"@type":"PropertyValueSpecification","valueRequired":true,"valueName":"search_term_string"}}],"inLanguage":"sv-SE"},{"@type":"Organization","@id":"https:\/\/infigo.ee\/#organization","name":"Infigo","url":"https:\/\/infigo.ee\/","logo":{"@type":"ImageObject","inLanguage":"sv-SE","@id":"https:\/\/infigo.ee\/#\/schema\/logo\/image\/","url":"https:\/\/infigo.ee\/wp-content\/uploads\/2023\/11\/logo-1.jpg","contentUrl":"https:\/\/infigo.ee\/wp-content\/uploads\/2023\/11\/logo-1.jpg","width":334,"height":114,"caption":"Infigo"},"image":{"@id":"https:\/\/infigo.ee\/#\/schema\/logo\/image\/"}}]}},"_links":{"self":[{"href":"https:\/\/infigo.ee\/sv\/wp-json\/wp\/v2\/product\/43402","targetHints":{"allow":["GET"]}}],"collection":[{"href":"https:\/\/infigo.ee\/sv\/wp-json\/wp\/v2\/product"}],"about":[{"href":"https:\/\/infigo.ee\/sv\/wp-json\/wp\/v2\/types\/product"}],"replies":[{"embeddable":true,"href":"https:\/\/infigo.ee\/sv\/wp-json\/wp\/v2\/comments?post=43402"}],"wp:featuredmedia":[{"embeddable":true,"href":"https:\/\/infigo.ee\/sv\/wp-json\/wp\/v2\/media\/43371"}],"wp:attachment":[{"href":"https:\/\/infigo.ee\/sv\/wp-json\/wp\/v2\/media?parent=43402"}],"wp:term":[{"taxonomy":"product_brand","embeddable":true,"href":"https:\/\/infigo.ee\/sv\/wp-json\/wp\/v2\/product_brand?post=43402"},{"taxonomy":"product_cat","embeddable":true,"href":"https:\/\/infigo.ee\/sv\/wp-json\/wp\/v2\/product_cat?post=43402"},{"taxonomy":"product_tag","embeddable":true,"href":"https:\/\/infigo.ee\/sv\/wp-json\/wp\/v2\/product_tag?post=43402"}],"curies":[{"name":"wp","href":"https:\/\/api.w.org\/{rel}","templated":true}]}}