{"id":43367,"date":"2024-02-14T12:13:52","date_gmt":"2024-02-14T10:13:52","guid":{"rendered":"https:\/\/infigo.ee\/toode\/tekstiilipussit-kosmetiikkalaukut\/"},"modified":"2024-03-03T15:44:21","modified_gmt":"2024-03-03T13:44:21","slug":"tekstiilipussit-kosmetiikkalaukut","status":"publish","type":"product","link":"https:\/\/infigo.ee\/sv\/produkt\/tekstiilipussit-kosmetiikkalaukut\/","title":{"rendered":"Gymnastikp\u00e5sar. Smyckesp\u00e5sar"},"content":{"rendered":"<p>V\u00e4skor i olika former och storlekar med er f\u00f6retagslogotyp \u00e4r speciella och minnesv\u00e4rda f\u00f6rpackningar f\u00f6r era produkter.<br \/>\nSmyckesp\u00e5sar, sminkp\u00e5sar, gymnastikp\u00e5sar och necess\u00e4rer m.m. \u00c5teranv\u00e4ndbara.<br \/>\nVi hj\u00e4lper er att v\u00e4lja och designa r\u00e4tt v\u00e4ska f\u00f6r era produkter. Ber\u00e4tta g\u00e4rna om era \u00f6nskem\u00e5l!<br \/>\n<strong>M\u00e5tt:<\/strong> enligt kundens \u00f6nskem\u00e5l<br \/>\n<strong>Material:<\/strong> olika material, vi hj\u00e4lper er att hitta det mest l\u00e4mpliga<br \/>\n<strong>Tillbeh\u00f6r:<\/strong> dragkedja, kardborreband, p\u00e5sningar med sn\u00f6re, handtag m.m.<br \/>\n<strong>Tryck:<\/strong> 1-4 f\u00e4rger (CMYK)<br \/>\n<strong>Best\u00e4llningsm\u00e4ngd:<\/strong> f\u00f6rhandlingsbar<\/p>\n","protected":false},"excerpt":{"rendered":"<p>V\u00e4skor i olika former och storlekar med er f\u00f6retagslogotyp \u00e4r speciella och minnesv\u00e4rda f\u00f6rpackningar f\u00f6r era produkter. Smyckesp\u00e5sar, sminkp\u00e5sar, gymnastikp\u00e5sar och necess\u00e4rer m.m. \u00c5teranv\u00e4ndbara. Vi hj\u00e4lper er att v\u00e4lja och designa r\u00e4tt v\u00e4ska f\u00f6r era produkter. Ber\u00e4tta g\u00e4rna om era \u00f6nskem\u00e5l! M\u00e5tt: enligt kundens \u00f6nskem\u00e5l Material: olika material, vi hj\u00e4lper er att hitta det mest [&hellip;]<\/p>\n","protected":false},"featured_media":43350,"comment_status":"open","ping_status":"closed","template":"","meta":{"_acf_changed":false},"product_brand":[],"product_cat":[1037],"product_tag":[],"class_list":{"0":"post-43367","1":"product","2":"type-product","3":"status-publish","4":"has-post-thumbnail","6":"product_cat-bomullspasar-non-wovenkassar","8":"first","9":"instock","10":"taxable","11":"shipping-taxable","12":"product-type-simple"},"acf":[],"yoast_head":"<!-- This site is optimized with the Yoast SEO plugin v27.1.1 - https:\/\/yoast.com\/product\/yoast-seo-wordpress\/ -->\n<title>Gymnastikp\u00e5sar. Smyckesp\u00e5sar - Infigo<\/title>\n<meta name=\"robots\" content=\"index, follow, max-snippet:-1, max-image-preview:large, max-video-preview:-1\" \/>\n<link rel=\"canonical\" href=\"https:\/\/infigo.ee\/produkt\/tekstiilist-kotid-kosmeetikakotid\/\" \/>\n<meta property=\"og:locale\" content=\"sv_SE\" \/>\n<meta property=\"og:type\" content=\"article\" \/>\n<meta property=\"og:title\" content=\"Gymnastikp\u00e5sar. Smyckesp\u00e5sar - Infigo\" \/>\n<meta property=\"og:description\" content=\"V\u00e4skor i olika former och storlekar med er f\u00f6retagslogotyp \u00e4r speciella och minnesv\u00e4rda f\u00f6rpackningar f\u00f6r era produkter. Smyckesp\u00e5sar, sminkp\u00e5sar, gymnastikp\u00e5sar och necess\u00e4rer m.m. \u00c5teranv\u00e4ndbara. Vi hj\u00e4lper er att v\u00e4lja och designa r\u00e4tt v\u00e4ska f\u00f6r era produkter. Ber\u00e4tta g\u00e4rna om era \u00f6nskem\u00e5l! M\u00e5tt: enligt kundens \u00f6nskem\u00e5l Material: olika material, vi hj\u00e4lper er att hitta det mest [&hellip;]\" \/>\n<meta property=\"og:url\" content=\"https:\/\/infigo.ee\/produkt\/tekstiilist-kotid-kosmeetikakotid\/\" \/>\n<meta property=\"og:site_name\" content=\"Infigo\" \/>\n<meta property=\"article:modified_time\" content=\"2024-03-03T13:44:21+00:00\" \/>\n<meta property=\"og:image\" content=\"https:\/\/infigo.ee\/wp-content\/uploads\/2024\/02\/print_tote-bag4.jpg\" \/>\n\t<meta property=\"og:image:width\" content=\"1485\" \/>\n\t<meta property=\"og:image:height\" content=\"1485\" \/>\n\t<meta property=\"og:image:type\" content=\"image\/jpeg\" \/>\n<meta name=\"twitter:card\" content=\"summary_large_image\" \/>\n<meta name=\"twitter:label1\" content=\"Est. reading time\" \/>\n\t<meta name=\"twitter:data1\" content=\"1 minute\" \/>\n<script type=\"application\/ld+json\" class=\"yoast-schema-graph\">{\"@context\":\"https:\/\/schema.org\",\"@graph\":[{\"@type\":\"WebPage\",\"@id\":\"https:\/\/infigo.ee\/produkt\/tekstiilist-kotid-kosmeetikakotid\/\",\"url\":\"https:\/\/infigo.ee\/produkt\/tekstiilist-kotid-kosmeetikakotid\/\",\"name\":\"Gymnastikp\u00e5sar. Smyckesp\u00e5sar - Infigo\",\"isPartOf\":{\"@id\":\"https:\/\/infigo.ee\/#website\"},\"primaryImageOfPage\":{\"@id\":\"https:\/\/infigo.ee\/produkt\/tekstiilist-kotid-kosmeetikakotid\/#primaryimage\"},\"image\":{\"@id\":\"https:\/\/infigo.ee\/produkt\/tekstiilist-kotid-kosmeetikakotid\/#primaryimage\"},\"thumbnailUrl\":\"https:\/\/infigo.ee\/wp-content\/uploads\/2024\/02\/print_tote-bag4.jpg\",\"datePublished\":\"2024-02-14T10:13:52+00:00\",\"dateModified\":\"2024-03-03T13:44:21+00:00\",\"breadcrumb\":{\"@id\":\"https:\/\/infigo.ee\/produkt\/tekstiilist-kotid-kosmeetikakotid\/#breadcrumb\"},\"inLanguage\":\"sv-SE\",\"potentialAction\":[{\"@type\":\"ReadAction\",\"target\":[\"https:\/\/infigo.ee\/produkt\/tekstiilist-kotid-kosmeetikakotid\/\"]}]},{\"@type\":\"ImageObject\",\"inLanguage\":\"sv-SE\",\"@id\":\"https:\/\/infigo.ee\/produkt\/tekstiilist-kotid-kosmeetikakotid\/#primaryimage\",\"url\":\"https:\/\/infigo.ee\/wp-content\/uploads\/2024\/02\/print_tote-bag4.jpg\",\"contentUrl\":\"https:\/\/infigo.ee\/wp-content\/uploads\/2024\/02\/print_tote-bag4.jpg\",\"width\":1485,\"height\":1485},{\"@type\":\"BreadcrumbList\",\"@id\":\"https:\/\/infigo.ee\/produkt\/tekstiilist-kotid-kosmeetikakotid\/#breadcrumb\",\"itemListElement\":[{\"@type\":\"ListItem\",\"position\":1,\"name\":\"Home\",\"item\":\"https:\/\/infigo.ee\/sv\/\"},{\"@type\":\"ListItem\",\"position\":2,\"name\":\"Webbutik\",\"item\":\"https:\/\/infigo.ee\/sv\/butik\/\"},{\"@type\":\"ListItem\",\"position\":3,\"name\":\"Gymnastikp\u00e5sar. Smyckesp\u00e5sar\"}]},{\"@type\":\"WebSite\",\"@id\":\"https:\/\/infigo.ee\/#website\",\"url\":\"https:\/\/infigo.ee\/\",\"name\":\"Infigo\",\"description\":\"\",\"publisher\":{\"@id\":\"https:\/\/infigo.ee\/#organization\"},\"potentialAction\":[{\"@type\":\"SearchAction\",\"target\":{\"@type\":\"EntryPoint\",\"urlTemplate\":\"https:\/\/infigo.ee\/?s={search_term_string}\"},\"query-input\":{\"@type\":\"PropertyValueSpecification\",\"valueRequired\":true,\"valueName\":\"search_term_string\"}}],\"inLanguage\":\"sv-SE\"},{\"@type\":\"Organization\",\"@id\":\"https:\/\/infigo.ee\/#organization\",\"name\":\"Infigo\",\"url\":\"https:\/\/infigo.ee\/\",\"logo\":{\"@type\":\"ImageObject\",\"inLanguage\":\"sv-SE\",\"@id\":\"https:\/\/infigo.ee\/#\/schema\/logo\/image\/\",\"url\":\"https:\/\/infigo.ee\/wp-content\/uploads\/2023\/11\/logo-1.jpg\",\"contentUrl\":\"https:\/\/infigo.ee\/wp-content\/uploads\/2023\/11\/logo-1.jpg\",\"width\":334,\"height\":114,\"caption\":\"Infigo\"},\"image\":{\"@id\":\"https:\/\/infigo.ee\/#\/schema\/logo\/image\/\"}}]}<\/script>\n<!-- \/ Yoast SEO plugin. -->","yoast_head_json":{"title":"Gymnastikp\u00e5sar. Smyckesp\u00e5sar - Infigo","robots":{"index":"index","follow":"follow","max-snippet":"max-snippet:-1","max-image-preview":"max-image-preview:large","max-video-preview":"max-video-preview:-1"},"canonical":"https:\/\/infigo.ee\/produkt\/tekstiilist-kotid-kosmeetikakotid\/","og_locale":"sv_SE","og_type":"article","og_title":"Gymnastikp\u00e5sar. Smyckesp\u00e5sar - Infigo","og_description":"V\u00e4skor i olika former och storlekar med er f\u00f6retagslogotyp \u00e4r speciella och minnesv\u00e4rda f\u00f6rpackningar f\u00f6r era produkter. Smyckesp\u00e5sar, sminkp\u00e5sar, gymnastikp\u00e5sar och necess\u00e4rer m.m. \u00c5teranv\u00e4ndbara. Vi hj\u00e4lper er att v\u00e4lja och designa r\u00e4tt v\u00e4ska f\u00f6r era produkter. Ber\u00e4tta g\u00e4rna om era \u00f6nskem\u00e5l! M\u00e5tt: enligt kundens \u00f6nskem\u00e5l Material: olika material, vi hj\u00e4lper er att hitta det mest [&hellip;]","og_url":"https:\/\/infigo.ee\/produkt\/tekstiilist-kotid-kosmeetikakotid\/","og_site_name":"Infigo","article_modified_time":"2024-03-03T13:44:21+00:00","og_image":[{"width":1485,"height":1485,"url":"https:\/\/infigo.ee\/wp-content\/uploads\/2024\/02\/print_tote-bag4.jpg","type":"image\/jpeg"}],"twitter_card":"summary_large_image","twitter_misc":{"Est. reading time":"1 minute"},"schema":{"@context":"https:\/\/schema.org","@graph":[{"@type":"WebPage","@id":"https:\/\/infigo.ee\/produkt\/tekstiilist-kotid-kosmeetikakotid\/","url":"https:\/\/infigo.ee\/produkt\/tekstiilist-kotid-kosmeetikakotid\/","name":"Gymnastikp\u00e5sar. Smyckesp\u00e5sar - Infigo","isPartOf":{"@id":"https:\/\/infigo.ee\/#website"},"primaryImageOfPage":{"@id":"https:\/\/infigo.ee\/produkt\/tekstiilist-kotid-kosmeetikakotid\/#primaryimage"},"image":{"@id":"https:\/\/infigo.ee\/produkt\/tekstiilist-kotid-kosmeetikakotid\/#primaryimage"},"thumbnailUrl":"https:\/\/infigo.ee\/wp-content\/uploads\/2024\/02\/print_tote-bag4.jpg","datePublished":"2024-02-14T10:13:52+00:00","dateModified":"2024-03-03T13:44:21+00:00","breadcrumb":{"@id":"https:\/\/infigo.ee\/produkt\/tekstiilist-kotid-kosmeetikakotid\/#breadcrumb"},"inLanguage":"sv-SE","potentialAction":[{"@type":"ReadAction","target":["https:\/\/infigo.ee\/produkt\/tekstiilist-kotid-kosmeetikakotid\/"]}]},{"@type":"ImageObject","inLanguage":"sv-SE","@id":"https:\/\/infigo.ee\/produkt\/tekstiilist-kotid-kosmeetikakotid\/#primaryimage","url":"https:\/\/infigo.ee\/wp-content\/uploads\/2024\/02\/print_tote-bag4.jpg","contentUrl":"https:\/\/infigo.ee\/wp-content\/uploads\/2024\/02\/print_tote-bag4.jpg","width":1485,"height":1485},{"@type":"BreadcrumbList","@id":"https:\/\/infigo.ee\/produkt\/tekstiilist-kotid-kosmeetikakotid\/#breadcrumb","itemListElement":[{"@type":"ListItem","position":1,"name":"Home","item":"https:\/\/infigo.ee\/sv\/"},{"@type":"ListItem","position":2,"name":"Webbutik","item":"https:\/\/infigo.ee\/sv\/butik\/"},{"@type":"ListItem","position":3,"name":"Gymnastikp\u00e5sar. Smyckesp\u00e5sar"}]},{"@type":"WebSite","@id":"https:\/\/infigo.ee\/#website","url":"https:\/\/infigo.ee\/","name":"Infigo","description":"","publisher":{"@id":"https:\/\/infigo.ee\/#organization"},"potentialAction":[{"@type":"SearchAction","target":{"@type":"EntryPoint","urlTemplate":"https:\/\/infigo.ee\/?s={search_term_string}"},"query-input":{"@type":"PropertyValueSpecification","valueRequired":true,"valueName":"search_term_string"}}],"inLanguage":"sv-SE"},{"@type":"Organization","@id":"https:\/\/infigo.ee\/#organization","name":"Infigo","url":"https:\/\/infigo.ee\/","logo":{"@type":"ImageObject","inLanguage":"sv-SE","@id":"https:\/\/infigo.ee\/#\/schema\/logo\/image\/","url":"https:\/\/infigo.ee\/wp-content\/uploads\/2023\/11\/logo-1.jpg","contentUrl":"https:\/\/infigo.ee\/wp-content\/uploads\/2023\/11\/logo-1.jpg","width":334,"height":114,"caption":"Infigo"},"image":{"@id":"https:\/\/infigo.ee\/#\/schema\/logo\/image\/"}}]}},"_links":{"self":[{"href":"https:\/\/infigo.ee\/sv\/wp-json\/wp\/v2\/product\/43367","targetHints":{"allow":["GET"]}}],"collection":[{"href":"https:\/\/infigo.ee\/sv\/wp-json\/wp\/v2\/product"}],"about":[{"href":"https:\/\/infigo.ee\/sv\/wp-json\/wp\/v2\/types\/product"}],"replies":[{"embeddable":true,"href":"https:\/\/infigo.ee\/sv\/wp-json\/wp\/v2\/comments?post=43367"}],"wp:featuredmedia":[{"embeddable":true,"href":"https:\/\/infigo.ee\/sv\/wp-json\/wp\/v2\/media\/43350"}],"wp:attachment":[{"href":"https:\/\/infigo.ee\/sv\/wp-json\/wp\/v2\/media?parent=43367"}],"wp:term":[{"taxonomy":"product_brand","embeddable":true,"href":"https:\/\/infigo.ee\/sv\/wp-json\/wp\/v2\/product_brand?post=43367"},{"taxonomy":"product_cat","embeddable":true,"href":"https:\/\/infigo.ee\/sv\/wp-json\/wp\/v2\/product_cat?post=43367"},{"taxonomy":"product_tag","embeddable":true,"href":"https:\/\/infigo.ee\/sv\/wp-json\/wp\/v2\/product_tag?post=43367"}],"curies":[{"name":"wp","href":"https:\/\/api.w.org\/{rel}","templated":true}]}}