{"id":43106,"date":"2024-02-14T11:39:53","date_gmt":"2024-02-14T09:39:53","guid":{"rendered":"https:\/\/infigo.ee\/toode\/stand-up-pouch-bag\/"},"modified":"2025-06-30T17:24:21","modified_gmt":"2025-06-30T14:24:21","slug":"stand-up-pouch-bag","status":"publish","type":"product","link":"https:\/\/infigo.ee\/sv\/produkt\/stand-up-pouch-bag\/","title":{"rendered":"Pouch f\u00f6rpackning. Doypack"},"content":{"rendered":"<p>Doypack p\u00e5sar \u00e4r mycket h\u00e5llbara, l\u00e4tt\u00f6ppnade och t\u00e4tt \u00e5terf\u00f6rslutbara f\u00f6rpackningar som l\u00e4mpar sig f\u00f6r att packa b\u00e5de mat och m\u00e5nga andra produkter. Vi erbjuder v\u00e4skor med platt botten och \u00e4ven v\u00e4skor utan bottenveck.<br \/>\n<strong>Storlekar:<\/strong>\u00a0enligt kundens \u00f6nskem\u00e5l<br \/>\n<strong>Material:<\/strong>\u00a0plast\/plast (monomaterialf\u00f6rpackningar eller enmaterialf\u00f6rpackningar), papper\/plast, papper\/bioplast \u2013 (utsida\/inuti), etc.<br \/>\n<strong>St\u00e4ngning:<\/strong>\u00a0zip lock<br \/>\n<strong>Ytterligare funktioner:<\/strong>\u00a0h\u00e4ngande h\u00e5l, plastf\u00f6nster, degassing valve<br \/>\n<strong>Tryck:<\/strong>\u00a01 \u2013 4 f\u00e4rger (CMYK)<\/p>\n","protected":false},"excerpt":{"rendered":"<p>Doypack p\u00e5sar \u00e4r mycket h\u00e5llbara, l\u00e4tt\u00f6ppnade och t\u00e4tt \u00e5terf\u00f6rslutbara f\u00f6rpackningar som l\u00e4mpar sig f\u00f6r att packa b\u00e5de mat och m\u00e5nga andra produkter. Vi erbjuder v\u00e4skor med platt botten och \u00e4ven v\u00e4skor utan bottenveck. Storlekar:\u00a0enligt kundens \u00f6nskem\u00e5l Material:\u00a0plast\/plast (monomaterialf\u00f6rpackningar eller enmaterialf\u00f6rpackningar), papper\/plast, papper\/bioplast \u2013 (utsida\/inuti), etc. St\u00e4ngning:\u00a0zip lock Ytterligare funktioner:\u00a0h\u00e4ngande h\u00e5l, plastf\u00f6nster, degassing valve Tryck:\u00a01 \u2013 [&hellip;]<\/p>\n","protected":false},"featured_media":43093,"comment_status":"open","ping_status":"closed","template":"","meta":{"_acf_changed":false},"product_brand":[],"product_cat":[1036],"product_tag":[],"class_list":{"0":"post-43106","1":"product","2":"type-product","3":"status-publish","4":"has-post-thumbnail","6":"product_cat-plastpasar","8":"first","9":"instock","10":"taxable","11":"shipping-taxable","12":"product-type-simple"},"acf":[],"yoast_head":"<!-- This site is optimized with the Yoast SEO plugin v27.3 - https:\/\/yoast.com\/product\/yoast-seo-wordpress\/ -->\n<title>Pouch f\u00f6rpackning. Doypack - Infigo<\/title>\n<meta name=\"robots\" content=\"index, follow, max-snippet:-1, max-image-preview:large, max-video-preview:-1\" \/>\n<link rel=\"canonical\" href=\"https:\/\/infigo.ee\/produkt\/doypack-kotid\/\" \/>\n<meta property=\"og:locale\" content=\"sv_SE\" \/>\n<meta property=\"og:type\" content=\"article\" \/>\n<meta property=\"og:title\" content=\"Pouch f\u00f6rpackning. Doypack - Infigo\" \/>\n<meta property=\"og:description\" content=\"Doypack p\u00e5sar \u00e4r mycket h\u00e5llbara, l\u00e4tt\u00f6ppnade och t\u00e4tt \u00e5terf\u00f6rslutbara f\u00f6rpackningar som l\u00e4mpar sig f\u00f6r att packa b\u00e5de mat och m\u00e5nga andra produkter. Vi erbjuder v\u00e4skor med platt botten och \u00e4ven v\u00e4skor utan bottenveck. Storlekar:\u00a0enligt kundens \u00f6nskem\u00e5l Material:\u00a0plast\/plast (monomaterialf\u00f6rpackningar eller enmaterialf\u00f6rpackningar), papper\/plast, papper\/bioplast \u2013 (utsida\/inuti), etc. St\u00e4ngning:\u00a0zip lock Ytterligare funktioner:\u00a0h\u00e4ngande h\u00e5l, plastf\u00f6nster, degassing valve Tryck:\u00a01 \u2013 [&hellip;]\" \/>\n<meta property=\"og:url\" content=\"https:\/\/infigo.ee\/produkt\/doypack-kotid\/\" \/>\n<meta property=\"og:site_name\" content=\"Infigo\" \/>\n<meta property=\"article:modified_time\" content=\"2025-06-30T14:24:21+00:00\" \/>\n<meta property=\"og:image\" content=\"https:\/\/infigo.ee\/wp-content\/uploads\/2024\/02\/print_paper-bag7.jpg\" \/>\n\t<meta property=\"og:image:width\" content=\"1485\" \/>\n\t<meta property=\"og:image:height\" content=\"1485\" \/>\n\t<meta property=\"og:image:type\" content=\"image\/jpeg\" \/>\n<meta name=\"twitter:card\" content=\"summary_large_image\" \/>\n<meta name=\"twitter:label1\" content=\"Est. reading time\" \/>\n\t<meta name=\"twitter:data1\" content=\"1 minute\" \/>\n<script type=\"application\/ld+json\" class=\"yoast-schema-graph\">{\"@context\":\"https:\\\/\\\/schema.org\",\"@graph\":[{\"@type\":\"WebPage\",\"@id\":\"https:\\\/\\\/infigo.ee\\\/produkt\\\/doypack-kotid\\\/\",\"url\":\"https:\\\/\\\/infigo.ee\\\/produkt\\\/doypack-kotid\\\/\",\"name\":\"Pouch f\u00f6rpackning. Doypack - Infigo\",\"isPartOf\":{\"@id\":\"https:\\\/\\\/infigo.ee\\\/#website\"},\"primaryImageOfPage\":{\"@id\":\"https:\\\/\\\/infigo.ee\\\/produkt\\\/doypack-kotid\\\/#primaryimage\"},\"image\":{\"@id\":\"https:\\\/\\\/infigo.ee\\\/produkt\\\/doypack-kotid\\\/#primaryimage\"},\"thumbnailUrl\":\"https:\\\/\\\/infigo.ee\\\/wp-content\\\/uploads\\\/2024\\\/02\\\/print_paper-bag7.jpg\",\"datePublished\":\"2024-02-14T09:39:53+00:00\",\"dateModified\":\"2025-06-30T14:24:21+00:00\",\"breadcrumb\":{\"@id\":\"https:\\\/\\\/infigo.ee\\\/produkt\\\/doypack-kotid\\\/#breadcrumb\"},\"inLanguage\":\"sv-SE\",\"potentialAction\":[{\"@type\":\"ReadAction\",\"target\":[\"https:\\\/\\\/infigo.ee\\\/produkt\\\/doypack-kotid\\\/\"]}]},{\"@type\":\"ImageObject\",\"inLanguage\":\"sv-SE\",\"@id\":\"https:\\\/\\\/infigo.ee\\\/produkt\\\/doypack-kotid\\\/#primaryimage\",\"url\":\"https:\\\/\\\/infigo.ee\\\/wp-content\\\/uploads\\\/2024\\\/02\\\/print_paper-bag7.jpg\",\"contentUrl\":\"https:\\\/\\\/infigo.ee\\\/wp-content\\\/uploads\\\/2024\\\/02\\\/print_paper-bag7.jpg\",\"width\":1485,\"height\":1485},{\"@type\":\"BreadcrumbList\",\"@id\":\"https:\\\/\\\/infigo.ee\\\/produkt\\\/doypack-kotid\\\/#breadcrumb\",\"itemListElement\":[{\"@type\":\"ListItem\",\"position\":1,\"name\":\"Home\",\"item\":\"https:\\\/\\\/infigo.ee\\\/sv\\\/\"},{\"@type\":\"ListItem\",\"position\":2,\"name\":\"Webbutik\",\"item\":\"https:\\\/\\\/infigo.ee\\\/sv\\\/butik\\\/\"},{\"@type\":\"ListItem\",\"position\":3,\"name\":\"Pouch f\u00f6rpackning. Doypack\"}]},{\"@type\":\"WebSite\",\"@id\":\"https:\\\/\\\/infigo.ee\\\/#website\",\"url\":\"https:\\\/\\\/infigo.ee\\\/\",\"name\":\"Infigo\",\"description\":\"\",\"publisher\":{\"@id\":\"https:\\\/\\\/infigo.ee\\\/#organization\"},\"potentialAction\":[{\"@type\":\"SearchAction\",\"target\":{\"@type\":\"EntryPoint\",\"urlTemplate\":\"https:\\\/\\\/infigo.ee\\\/?s={search_term_string}\"},\"query-input\":{\"@type\":\"PropertyValueSpecification\",\"valueRequired\":true,\"valueName\":\"search_term_string\"}}],\"inLanguage\":\"sv-SE\"},{\"@type\":\"Organization\",\"@id\":\"https:\\\/\\\/infigo.ee\\\/#organization\",\"name\":\"Infigo\",\"url\":\"https:\\\/\\\/infigo.ee\\\/\",\"logo\":{\"@type\":\"ImageObject\",\"inLanguage\":\"sv-SE\",\"@id\":\"https:\\\/\\\/infigo.ee\\\/#\\\/schema\\\/logo\\\/image\\\/\",\"url\":\"https:\\\/\\\/infigo.ee\\\/wp-content\\\/uploads\\\/2023\\\/11\\\/logo-1.jpg\",\"contentUrl\":\"https:\\\/\\\/infigo.ee\\\/wp-content\\\/uploads\\\/2023\\\/11\\\/logo-1.jpg\",\"width\":334,\"height\":114,\"caption\":\"Infigo\"},\"image\":{\"@id\":\"https:\\\/\\\/infigo.ee\\\/#\\\/schema\\\/logo\\\/image\\\/\"}}]}<\/script>\n<!-- \/ Yoast SEO plugin. -->","yoast_head_json":{"title":"Pouch f\u00f6rpackning. Doypack - Infigo","robots":{"index":"index","follow":"follow","max-snippet":"max-snippet:-1","max-image-preview":"max-image-preview:large","max-video-preview":"max-video-preview:-1"},"canonical":"https:\/\/infigo.ee\/produkt\/doypack-kotid\/","og_locale":"sv_SE","og_type":"article","og_title":"Pouch f\u00f6rpackning. Doypack - Infigo","og_description":"Doypack p\u00e5sar \u00e4r mycket h\u00e5llbara, l\u00e4tt\u00f6ppnade och t\u00e4tt \u00e5terf\u00f6rslutbara f\u00f6rpackningar som l\u00e4mpar sig f\u00f6r att packa b\u00e5de mat och m\u00e5nga andra produkter. Vi erbjuder v\u00e4skor med platt botten och \u00e4ven v\u00e4skor utan bottenveck. Storlekar:\u00a0enligt kundens \u00f6nskem\u00e5l Material:\u00a0plast\/plast (monomaterialf\u00f6rpackningar eller enmaterialf\u00f6rpackningar), papper\/plast, papper\/bioplast \u2013 (utsida\/inuti), etc. St\u00e4ngning:\u00a0zip lock Ytterligare funktioner:\u00a0h\u00e4ngande h\u00e5l, plastf\u00f6nster, degassing valve Tryck:\u00a01 \u2013 [&hellip;]","og_url":"https:\/\/infigo.ee\/produkt\/doypack-kotid\/","og_site_name":"Infigo","article_modified_time":"2025-06-30T14:24:21+00:00","og_image":[{"width":1485,"height":1485,"url":"https:\/\/infigo.ee\/wp-content\/uploads\/2024\/02\/print_paper-bag7.jpg","type":"image\/jpeg"}],"twitter_card":"summary_large_image","twitter_misc":{"Est. reading time":"1 minute"},"schema":{"@context":"https:\/\/schema.org","@graph":[{"@type":"WebPage","@id":"https:\/\/infigo.ee\/produkt\/doypack-kotid\/","url":"https:\/\/infigo.ee\/produkt\/doypack-kotid\/","name":"Pouch f\u00f6rpackning. Doypack - Infigo","isPartOf":{"@id":"https:\/\/infigo.ee\/#website"},"primaryImageOfPage":{"@id":"https:\/\/infigo.ee\/produkt\/doypack-kotid\/#primaryimage"},"image":{"@id":"https:\/\/infigo.ee\/produkt\/doypack-kotid\/#primaryimage"},"thumbnailUrl":"https:\/\/infigo.ee\/wp-content\/uploads\/2024\/02\/print_paper-bag7.jpg","datePublished":"2024-02-14T09:39:53+00:00","dateModified":"2025-06-30T14:24:21+00:00","breadcrumb":{"@id":"https:\/\/infigo.ee\/produkt\/doypack-kotid\/#breadcrumb"},"inLanguage":"sv-SE","potentialAction":[{"@type":"ReadAction","target":["https:\/\/infigo.ee\/produkt\/doypack-kotid\/"]}]},{"@type":"ImageObject","inLanguage":"sv-SE","@id":"https:\/\/infigo.ee\/produkt\/doypack-kotid\/#primaryimage","url":"https:\/\/infigo.ee\/wp-content\/uploads\/2024\/02\/print_paper-bag7.jpg","contentUrl":"https:\/\/infigo.ee\/wp-content\/uploads\/2024\/02\/print_paper-bag7.jpg","width":1485,"height":1485},{"@type":"BreadcrumbList","@id":"https:\/\/infigo.ee\/produkt\/doypack-kotid\/#breadcrumb","itemListElement":[{"@type":"ListItem","position":1,"name":"Home","item":"https:\/\/infigo.ee\/sv\/"},{"@type":"ListItem","position":2,"name":"Webbutik","item":"https:\/\/infigo.ee\/sv\/butik\/"},{"@type":"ListItem","position":3,"name":"Pouch f\u00f6rpackning. Doypack"}]},{"@type":"WebSite","@id":"https:\/\/infigo.ee\/#website","url":"https:\/\/infigo.ee\/","name":"Infigo","description":"","publisher":{"@id":"https:\/\/infigo.ee\/#organization"},"potentialAction":[{"@type":"SearchAction","target":{"@type":"EntryPoint","urlTemplate":"https:\/\/infigo.ee\/?s={search_term_string}"},"query-input":{"@type":"PropertyValueSpecification","valueRequired":true,"valueName":"search_term_string"}}],"inLanguage":"sv-SE"},{"@type":"Organization","@id":"https:\/\/infigo.ee\/#organization","name":"Infigo","url":"https:\/\/infigo.ee\/","logo":{"@type":"ImageObject","inLanguage":"sv-SE","@id":"https:\/\/infigo.ee\/#\/schema\/logo\/image\/","url":"https:\/\/infigo.ee\/wp-content\/uploads\/2023\/11\/logo-1.jpg","contentUrl":"https:\/\/infigo.ee\/wp-content\/uploads\/2023\/11\/logo-1.jpg","width":334,"height":114,"caption":"Infigo"},"image":{"@id":"https:\/\/infigo.ee\/#\/schema\/logo\/image\/"}}]}},"_links":{"self":[{"href":"https:\/\/infigo.ee\/sv\/wp-json\/wp\/v2\/product\/43106","targetHints":{"allow":["GET"]}}],"collection":[{"href":"https:\/\/infigo.ee\/sv\/wp-json\/wp\/v2\/product"}],"about":[{"href":"https:\/\/infigo.ee\/sv\/wp-json\/wp\/v2\/types\/product"}],"replies":[{"embeddable":true,"href":"https:\/\/infigo.ee\/sv\/wp-json\/wp\/v2\/comments?post=43106"}],"wp:featuredmedia":[{"embeddable":true,"href":"https:\/\/infigo.ee\/sv\/wp-json\/wp\/v2\/media\/43093"}],"wp:attachment":[{"href":"https:\/\/infigo.ee\/sv\/wp-json\/wp\/v2\/media?parent=43106"}],"wp:term":[{"taxonomy":"product_brand","embeddable":true,"href":"https:\/\/infigo.ee\/sv\/wp-json\/wp\/v2\/product_brand?post=43106"},{"taxonomy":"product_cat","embeddable":true,"href":"https:\/\/infigo.ee\/sv\/wp-json\/wp\/v2\/product_cat?post=43106"},{"taxonomy":"product_tag","embeddable":true,"href":"https:\/\/infigo.ee\/sv\/wp-json\/wp\/v2\/product_tag?post=43106"}],"curies":[{"name":"wp","href":"https:\/\/api.w.org\/{rel}","templated":true}]}}