{"id":42914,"date":"2024-02-14T11:20:03","date_gmt":"2024-02-14T09:20:03","guid":{"rendered":"https:\/\/infigo.ee\/toode\/paperikassit-narukahvoilla\/"},"modified":"2024-03-01T16:48:28","modified_gmt":"2024-03-01T14:48:28","slug":"paperikassit-narukahvoilla","status":"publish","type":"product","link":"https:\/\/infigo.ee\/sv\/produkt\/paperikassit-narukahvoilla\/","title":{"rendered":"Lyxiga pappersp\u00e5sar av laminerat papper"},"content":{"rendered":"<p>Lyxiga pappersp\u00e5sar gjorda av laminerat papper och utrustade med textilhandtag \u00e4r perfekta f\u00f6r reklam f\u00f6r ditt f\u00f6retag och f\u00f6r f\u00f6rpackning av presenter och produkter.<br \/>\n<strong>Storlekar:<\/strong> enligt kundens \u00f6nskem\u00e5l<br \/>\n<strong>Material:<\/strong> olika papper. \u00c4ven FSC-certifierat papper finns i urvalet.<br \/>\n<strong>Laminering<\/strong>: matt eller blank<br \/>\n<strong>Ytterligare funktioner:<\/strong> folietryck, UV-lack, relieftryck, tryck p\u00e5 insidan av pappersp\u00e5sen, satinband f\u00f6r st\u00e4ngning<br \/>\n<strong>F\u00f6rst\u00e4rkningar:<\/strong> kartongf\u00f6rst\u00e4rkningar upptill och nedtill<br \/>\n<strong>Handtag:<\/strong> bomullssladd eller PP-sladd. Satinband, grosgrainband, bomullsband<br \/>\n<strong>Tryck:<\/strong> 1 &#8211; 4 f\u00e4rger (CMYK)<br \/>\n<strong>Best\u00e4llningsm\u00e4ngd:<\/strong> fr\u00e5n 500 st<\/p>\n","protected":false},"excerpt":{"rendered":"<p>Lyxiga pappersp\u00e5sar gjorda av laminerat papper och utrustade med textilhandtag \u00e4r perfekta f\u00f6r reklam f\u00f6r ditt f\u00f6retag och f\u00f6r f\u00f6rpackning av presenter och produkter. Storlekar: enligt kundens \u00f6nskem\u00e5l Material: olika papper. \u00c4ven FSC-certifierat papper finns i urvalet. Laminering: matt eller blank Ytterligare funktioner: folietryck, UV-lack, relieftryck, tryck p\u00e5 insidan av pappersp\u00e5sen, satinband f\u00f6r st\u00e4ngning F\u00f6rst\u00e4rkningar: [&hellip;]<\/p>\n","protected":false},"featured_media":42884,"comment_status":"open","ping_status":"closed","template":"","meta":{"_acf_changed":false},"product_brand":[],"product_cat":[1035],"product_tag":[],"class_list":{"0":"post-42914","1":"product","2":"type-product","3":"status-publish","4":"has-post-thumbnail","6":"product_cat-papperspasar-papperskassar-sv","8":"first","9":"instock","10":"taxable","11":"shipping-taxable","12":"product-type-simple"},"acf":[],"yoast_head":"<!-- This site is optimized with the Yoast SEO plugin v27.1.1 - https:\/\/yoast.com\/product\/yoast-seo-wordpress\/ -->\n<title>Lyxiga pappersp\u00e5sar av laminerat papper - Infigo<\/title>\n<meta name=\"robots\" content=\"index, follow, max-snippet:-1, max-image-preview:large, max-video-preview:-1\" \/>\n<link rel=\"canonical\" href=\"https:\/\/infigo.ee\/sv\/produkt\/paperikassit-narukahvoilla\/\" \/>\n<meta property=\"og:locale\" content=\"sv_SE\" \/>\n<meta property=\"og:type\" content=\"article\" \/>\n<meta property=\"og:title\" content=\"Lyxiga pappersp\u00e5sar av laminerat papper - Infigo\" \/>\n<meta property=\"og:description\" content=\"Lyxiga pappersp\u00e5sar gjorda av laminerat papper och utrustade med textilhandtag \u00e4r perfekta f\u00f6r reklam f\u00f6r ditt f\u00f6retag och f\u00f6r f\u00f6rpackning av presenter och produkter. Storlekar: enligt kundens \u00f6nskem\u00e5l Material: olika papper. \u00c4ven FSC-certifierat papper finns i urvalet. Laminering: matt eller blank Ytterligare funktioner: folietryck, UV-lack, relieftryck, tryck p\u00e5 insidan av pappersp\u00e5sen, satinband f\u00f6r st\u00e4ngning F\u00f6rst\u00e4rkningar: [&hellip;]\" \/>\n<meta property=\"og:url\" content=\"https:\/\/infigo.ee\/sv\/produkt\/paperikassit-narukahvoilla\/\" \/>\n<meta property=\"og:site_name\" content=\"Infigo\" \/>\n<meta property=\"article:modified_time\" content=\"2024-03-01T14:48:28+00:00\" \/>\n<meta property=\"og:image\" content=\"https:\/\/infigo.ee\/wp-content\/uploads\/2024\/02\/print_paper-bag1.jpg\" \/>\n\t<meta property=\"og:image:width\" content=\"1484\" \/>\n\t<meta property=\"og:image:height\" content=\"1484\" \/>\n\t<meta property=\"og:image:type\" content=\"image\/jpeg\" \/>\n<meta name=\"twitter:card\" content=\"summary_large_image\" \/>\n<meta name=\"twitter:label1\" content=\"Est. reading time\" \/>\n\t<meta name=\"twitter:data1\" content=\"1 minute\" \/>\n<script type=\"application\/ld+json\" class=\"yoast-schema-graph\">{\"@context\":\"https:\/\/schema.org\",\"@graph\":[{\"@type\":\"WebPage\",\"@id\":\"https:\/\/infigo.ee\/sv\/produkt\/paperikassit-narukahvoilla\/\",\"url\":\"https:\/\/infigo.ee\/sv\/produkt\/paperikassit-narukahvoilla\/\",\"name\":\"Lyxiga pappersp\u00e5sar av laminerat papper - Infigo\",\"isPartOf\":{\"@id\":\"https:\/\/infigo.ee\/#website\"},\"primaryImageOfPage\":{\"@id\":\"https:\/\/infigo.ee\/sv\/produkt\/paperikassit-narukahvoilla\/#primaryimage\"},\"image\":{\"@id\":\"https:\/\/infigo.ee\/sv\/produkt\/paperikassit-narukahvoilla\/#primaryimage\"},\"thumbnailUrl\":\"https:\/\/infigo.ee\/wp-content\/uploads\/2024\/02\/print_paper-bag1.jpg\",\"datePublished\":\"2024-02-14T09:20:03+00:00\",\"dateModified\":\"2024-03-01T14:48:28+00:00\",\"breadcrumb\":{\"@id\":\"https:\/\/infigo.ee\/sv\/produkt\/paperikassit-narukahvoilla\/#breadcrumb\"},\"inLanguage\":\"sv-SE\",\"potentialAction\":[{\"@type\":\"ReadAction\",\"target\":[\"https:\/\/infigo.ee\/sv\/produkt\/paperikassit-narukahvoilla\/\"]}]},{\"@type\":\"ImageObject\",\"inLanguage\":\"sv-SE\",\"@id\":\"https:\/\/infigo.ee\/sv\/produkt\/paperikassit-narukahvoilla\/#primaryimage\",\"url\":\"https:\/\/infigo.ee\/wp-content\/uploads\/2024\/02\/print_paper-bag1.jpg\",\"contentUrl\":\"https:\/\/infigo.ee\/wp-content\/uploads\/2024\/02\/print_paper-bag1.jpg\",\"width\":1484,\"height\":1484},{\"@type\":\"BreadcrumbList\",\"@id\":\"https:\/\/infigo.ee\/sv\/produkt\/paperikassit-narukahvoilla\/#breadcrumb\",\"itemListElement\":[{\"@type\":\"ListItem\",\"position\":1,\"name\":\"Home\",\"item\":\"https:\/\/infigo.ee\/sv\/\"},{\"@type\":\"ListItem\",\"position\":2,\"name\":\"Webbutik\",\"item\":\"https:\/\/infigo.ee\/sv\/butik\/\"},{\"@type\":\"ListItem\",\"position\":3,\"name\":\"Lyxiga pappersp\u00e5sar av laminerat papper\"}]},{\"@type\":\"WebSite\",\"@id\":\"https:\/\/infigo.ee\/#website\",\"url\":\"https:\/\/infigo.ee\/\",\"name\":\"Infigo\",\"description\":\"\",\"publisher\":{\"@id\":\"https:\/\/infigo.ee\/#organization\"},\"potentialAction\":[{\"@type\":\"SearchAction\",\"target\":{\"@type\":\"EntryPoint\",\"urlTemplate\":\"https:\/\/infigo.ee\/?s={search_term_string}\"},\"query-input\":{\"@type\":\"PropertyValueSpecification\",\"valueRequired\":true,\"valueName\":\"search_term_string\"}}],\"inLanguage\":\"sv-SE\"},{\"@type\":\"Organization\",\"@id\":\"https:\/\/infigo.ee\/#organization\",\"name\":\"Infigo\",\"url\":\"https:\/\/infigo.ee\/\",\"logo\":{\"@type\":\"ImageObject\",\"inLanguage\":\"sv-SE\",\"@id\":\"https:\/\/infigo.ee\/#\/schema\/logo\/image\/\",\"url\":\"https:\/\/infigo.ee\/wp-content\/uploads\/2023\/11\/logo-1.jpg\",\"contentUrl\":\"https:\/\/infigo.ee\/wp-content\/uploads\/2023\/11\/logo-1.jpg\",\"width\":334,\"height\":114,\"caption\":\"Infigo\"},\"image\":{\"@id\":\"https:\/\/infigo.ee\/#\/schema\/logo\/image\/\"}}]}<\/script>\n<!-- \/ Yoast SEO plugin. -->","yoast_head_json":{"title":"Lyxiga pappersp\u00e5sar av laminerat papper - Infigo","robots":{"index":"index","follow":"follow","max-snippet":"max-snippet:-1","max-image-preview":"max-image-preview:large","max-video-preview":"max-video-preview:-1"},"canonical":"https:\/\/infigo.ee\/sv\/produkt\/paperikassit-narukahvoilla\/","og_locale":"sv_SE","og_type":"article","og_title":"Lyxiga pappersp\u00e5sar av laminerat papper - Infigo","og_description":"Lyxiga pappersp\u00e5sar gjorda av laminerat papper och utrustade med textilhandtag \u00e4r perfekta f\u00f6r reklam f\u00f6r ditt f\u00f6retag och f\u00f6r f\u00f6rpackning av presenter och produkter. Storlekar: enligt kundens \u00f6nskem\u00e5l Material: olika papper. \u00c4ven FSC-certifierat papper finns i urvalet. Laminering: matt eller blank Ytterligare funktioner: folietryck, UV-lack, relieftryck, tryck p\u00e5 insidan av pappersp\u00e5sen, satinband f\u00f6r st\u00e4ngning F\u00f6rst\u00e4rkningar: [&hellip;]","og_url":"https:\/\/infigo.ee\/sv\/produkt\/paperikassit-narukahvoilla\/","og_site_name":"Infigo","article_modified_time":"2024-03-01T14:48:28+00:00","og_image":[{"width":1484,"height":1484,"url":"https:\/\/infigo.ee\/wp-content\/uploads\/2024\/02\/print_paper-bag1.jpg","type":"image\/jpeg"}],"twitter_card":"summary_large_image","twitter_misc":{"Est. reading time":"1 minute"},"schema":{"@context":"https:\/\/schema.org","@graph":[{"@type":"WebPage","@id":"https:\/\/infigo.ee\/sv\/produkt\/paperikassit-narukahvoilla\/","url":"https:\/\/infigo.ee\/sv\/produkt\/paperikassit-narukahvoilla\/","name":"Lyxiga pappersp\u00e5sar av laminerat papper - Infigo","isPartOf":{"@id":"https:\/\/infigo.ee\/#website"},"primaryImageOfPage":{"@id":"https:\/\/infigo.ee\/sv\/produkt\/paperikassit-narukahvoilla\/#primaryimage"},"image":{"@id":"https:\/\/infigo.ee\/sv\/produkt\/paperikassit-narukahvoilla\/#primaryimage"},"thumbnailUrl":"https:\/\/infigo.ee\/wp-content\/uploads\/2024\/02\/print_paper-bag1.jpg","datePublished":"2024-02-14T09:20:03+00:00","dateModified":"2024-03-01T14:48:28+00:00","breadcrumb":{"@id":"https:\/\/infigo.ee\/sv\/produkt\/paperikassit-narukahvoilla\/#breadcrumb"},"inLanguage":"sv-SE","potentialAction":[{"@type":"ReadAction","target":["https:\/\/infigo.ee\/sv\/produkt\/paperikassit-narukahvoilla\/"]}]},{"@type":"ImageObject","inLanguage":"sv-SE","@id":"https:\/\/infigo.ee\/sv\/produkt\/paperikassit-narukahvoilla\/#primaryimage","url":"https:\/\/infigo.ee\/wp-content\/uploads\/2024\/02\/print_paper-bag1.jpg","contentUrl":"https:\/\/infigo.ee\/wp-content\/uploads\/2024\/02\/print_paper-bag1.jpg","width":1484,"height":1484},{"@type":"BreadcrumbList","@id":"https:\/\/infigo.ee\/sv\/produkt\/paperikassit-narukahvoilla\/#breadcrumb","itemListElement":[{"@type":"ListItem","position":1,"name":"Home","item":"https:\/\/infigo.ee\/sv\/"},{"@type":"ListItem","position":2,"name":"Webbutik","item":"https:\/\/infigo.ee\/sv\/butik\/"},{"@type":"ListItem","position":3,"name":"Lyxiga pappersp\u00e5sar av laminerat papper"}]},{"@type":"WebSite","@id":"https:\/\/infigo.ee\/#website","url":"https:\/\/infigo.ee\/","name":"Infigo","description":"","publisher":{"@id":"https:\/\/infigo.ee\/#organization"},"potentialAction":[{"@type":"SearchAction","target":{"@type":"EntryPoint","urlTemplate":"https:\/\/infigo.ee\/?s={search_term_string}"},"query-input":{"@type":"PropertyValueSpecification","valueRequired":true,"valueName":"search_term_string"}}],"inLanguage":"sv-SE"},{"@type":"Organization","@id":"https:\/\/infigo.ee\/#organization","name":"Infigo","url":"https:\/\/infigo.ee\/","logo":{"@type":"ImageObject","inLanguage":"sv-SE","@id":"https:\/\/infigo.ee\/#\/schema\/logo\/image\/","url":"https:\/\/infigo.ee\/wp-content\/uploads\/2023\/11\/logo-1.jpg","contentUrl":"https:\/\/infigo.ee\/wp-content\/uploads\/2023\/11\/logo-1.jpg","width":334,"height":114,"caption":"Infigo"},"image":{"@id":"https:\/\/infigo.ee\/#\/schema\/logo\/image\/"}}]}},"_links":{"self":[{"href":"https:\/\/infigo.ee\/sv\/wp-json\/wp\/v2\/product\/42914","targetHints":{"allow":["GET"]}}],"collection":[{"href":"https:\/\/infigo.ee\/sv\/wp-json\/wp\/v2\/product"}],"about":[{"href":"https:\/\/infigo.ee\/sv\/wp-json\/wp\/v2\/types\/product"}],"replies":[{"embeddable":true,"href":"https:\/\/infigo.ee\/sv\/wp-json\/wp\/v2\/comments?post=42914"}],"wp:featuredmedia":[{"embeddable":true,"href":"https:\/\/infigo.ee\/sv\/wp-json\/wp\/v2\/media\/42884"}],"wp:attachment":[{"href":"https:\/\/infigo.ee\/sv\/wp-json\/wp\/v2\/media?parent=42914"}],"wp:term":[{"taxonomy":"product_brand","embeddable":true,"href":"https:\/\/infigo.ee\/sv\/wp-json\/wp\/v2\/product_brand?post=42914"},{"taxonomy":"product_cat","embeddable":true,"href":"https:\/\/infigo.ee\/sv\/wp-json\/wp\/v2\/product_cat?post=42914"},{"taxonomy":"product_tag","embeddable":true,"href":"https:\/\/infigo.ee\/sv\/wp-json\/wp\/v2\/product_tag?post=42914"}],"curies":[{"name":"wp","href":"https:\/\/api.w.org\/{rel}","templated":true}]}}