{"id":42539,"date":"2023-12-08T06:54:47","date_gmt":"2023-12-08T04:54:47","guid":{"rendered":"https:\/\/infigo.ee\/?page_id=42539"},"modified":"2025-04-24T21:21:12","modified_gmt":"2025-04-24T18:21:12","slug":"infigo","status":"publish","type":"page","link":"https:\/\/infigo.ee\/sv\/infigo\/","title":{"rendered":"Om oss"},"content":{"rendered":"<div id=\"pl-42539\"  class=\"panel-layout\" ><div id=\"pg-42539-0\"  class=\"panel-grid panel-no-style\"  style=\"margin-bottom: 20px\" ><div id=\"pgc-42539-0-0\"  class=\"panel-grid-cell\" ><div id=\"panel-42539-0-0-0\" class=\"so-panel widget widget_sow-editor panel-first-child\" data-index=\"0\" style=\"margin-bottom: 20px\" ><div\n\t\t\t\n\t\t\tclass=\"so-widget-sow-editor so-widget-sow-editor-base\"\n\t\t\t\n\t\t><h3 class=\"widget-title\">Infigo<\/h3>\n<div class=\"siteorigin-widget-tinymce textwidget\">\n\t<div class=\"siteorigin-widget-tinymce textwidget\">\n<p>Ordet infigo kommer fr\u00e5n latin och betyder imponerande, enast\u00e5ende i \u00f6vers\u00e4ttning.<\/p>\n<p>Det \u00e4r s\u00e5 vi \u00e4r \u2013 enast\u00e5ende experter inom omr\u00e5det tryckta f\u00f6rpackningar, som skapar imponerande produkter och l\u00f6sningar. Mer \u00e4n 15 \u00e5rs erfarenhet av tryckprodukter har gett oss en m\u00e4ngd erfarenhet som vi g\u00e4rna delar med v\u00e5ra kunder varje dag.<\/p>\n<p>Material, utrustning och f\u00f6rpackningsl\u00f6sningar. St\u00e4ndigt \u00f6kande utbud och alltid till ett bra pris!<br \/>\nV\u00e5r passion \u00e4r f\u00f6rpackning!<\/p>\n<\/div>\n<\/div>\n<\/div><\/div><div id=\"panel-42539-0-0-1\" class=\"so-panel widget widget_sow-image panel-last-child\" data-index=\"1\" ><div\n\t\t\t\n\t\t\tclass=\"so-widget-sow-image so-widget-sow-image-default-8b5b6f678277-42539\"\n\t\t\t\n\t\t><\/div><\/div><\/div><div id=\"pgc-42539-0-1\"  class=\"panel-grid-cell\" ><div id=\"panel-42539-0-1-0\" class=\"so-panel widget widget_sow-image panel-first-child\" data-index=\"2\" style=\"margin-bottom: 20px\" ><div\n\t\t\t\n\t\t\tclass=\"so-widget-sow-image so-widget-sow-image-default-8b5b6f678277-42539\"\n\t\t\t\n\t\t><\/div><\/div><div id=\"panel-42539-0-1-1\" class=\"so-panel widget widget_sow-editor panel-last-child\" data-index=\"3\" ><div\n\t\t\t\n\t\t\tclass=\"so-widget-sow-editor so-widget-sow-editor-base\"\n\t\t\t\n\t\t><h3 class=\"widget-title\">V\u00e5rt m\u00e5l<\/h3>\n<div class=\"siteorigin-widget-tinymce textwidget\">\n\t<p>\u00e4r att ge omfattande hj\u00e4lp med att hitta dina f\u00f6rpackningsl\u00f6sningar.<br \/>\nDet finns inga om\u00f6jliga situationer, det finns bara ett antal m\u00f6jliga varianter, fr\u00e5n vilka vi hj\u00e4lper till att v\u00e4lja det b\u00e4sta.<\/p>\n<\/div>\n<\/div><\/div><\/div><\/div><div id=\"pg-42539-1\"  class=\"panel-grid panel-no-style\" ><div id=\"pgc-42539-1-0\"  class=\"panel-grid-cell\" ><div id=\"panel-42539-1-0-0\" class=\"so-panel widget widget_sow-editor panel-first-child panel-last-child\" data-index=\"4\" ><div\n\t\t\t\n\t\t\tclass=\"so-widget-sow-editor so-widget-sow-editor-base\"\n\t\t\t\n\t\t>\n<div class=\"siteorigin-widget-tinymce textwidget\">\n\t<\/p>\n<\/div>\n<\/div><\/div><\/div><\/div><\/div>","protected":false},"excerpt":{"rendered":"<p>Ordet infigo kommer fr\u00e5n latin och betyder imponerande, enast\u00e5ende i \u00f6vers\u00e4ttning. Det \u00e4r s\u00e5 vi \u00e4r \u2013 enast\u00e5ende experter inom omr\u00e5det tryckta f\u00f6rpackningar, som skapar imponerande produkter och l\u00f6sningar. Mer \u00e4n 15 \u00e5rs erfarenhet av tryckprodukter har gett oss en m\u00e4ngd erfarenhet som vi g\u00e4rna delar med v\u00e5ra kunder varje dag. Material, utrustning och f\u00f6rpackningsl\u00f6sningar. [&hellip;]<\/p>\n","protected":false},"author":1,"featured_media":0,"parent":0,"menu_order":0,"comment_status":"closed","ping_status":"closed","template":"","meta":{"_acf_changed":false,"footnotes":""},"class_list":["post-42539","page","type-page","status-publish","hentry"],"acf":[],"yoast_head":"<!-- This site is optimized with the Yoast SEO plugin v27.1.1 - https:\/\/yoast.com\/product\/yoast-seo-wordpress\/ -->\n<title>Om oss - Infigo<\/title>\n<meta name=\"description\" content=\"Pakendi disainide loomine on meie kujundajate igap\u00e4evane t\u00f6\u00f6 - meile lihtsalt meeldib seda teha! Loome, kujundame ja toodame Teie ettev\u00f5tte logoga pakendid.\" \/>\n<meta name=\"robots\" content=\"index, follow, max-snippet:-1, max-image-preview:large, max-video-preview:-1\" \/>\n<link rel=\"canonical\" href=\"https:\/\/infigo.ee\/sv\/infigo\/\" \/>\n<meta property=\"og:locale\" content=\"sv_SE\" \/>\n<meta property=\"og:type\" content=\"article\" \/>\n<meta property=\"og:title\" content=\"Om oss - Infigo\" \/>\n<meta property=\"og:description\" content=\"Pakendi disainide loomine on meie kujundajate igap\u00e4evane t\u00f6\u00f6 - meile lihtsalt meeldib seda teha! Loome, kujundame ja toodame Teie ettev\u00f5tte logoga pakendid.\" \/>\n<meta property=\"og:url\" content=\"https:\/\/infigo.ee\/sv\/infigo\/\" \/>\n<meta property=\"og:site_name\" content=\"Infigo\" \/>\n<meta property=\"article:modified_time\" content=\"2025-04-24T18:21:12+00:00\" \/>\n<meta property=\"og:image\" content=\"https:\/\/infigo.ee\/wp-content\/uploads\/2024\/03\/119196591_3218683694889625_8641204450253517827_n.jpeg\" \/>\n\t<meta property=\"og:image:width\" content=\"452\" \/>\n\t<meta property=\"og:image:height\" content=\"452\" \/>\n\t<meta property=\"og:image:type\" content=\"image\/jpeg\" \/>\n<meta name=\"twitter:card\" content=\"summary_large_image\" \/>\n<meta name=\"twitter:label1\" content=\"Est. reading time\" \/>\n\t<meta name=\"twitter:data1\" content=\"1 minute\" \/>\n<script type=\"application\/ld+json\" class=\"yoast-schema-graph\">{\"@context\":\"https:\/\/schema.org\",\"@graph\":[{\"@type\":\"WebPage\",\"@id\":\"https:\/\/infigo.ee\/sv\/infigo\/\",\"url\":\"https:\/\/infigo.ee\/sv\/infigo\/\",\"name\":\"Om oss - Infigo\",\"isPartOf\":{\"@id\":\"https:\/\/infigo.ee\/#website\"},\"datePublished\":\"2023-12-08T04:54:47+00:00\",\"dateModified\":\"2025-04-24T18:21:12+00:00\",\"description\":\"Pakendi disainide loomine on meie kujundajate igap\u00e4evane t\u00f6\u00f6 - meile lihtsalt meeldib seda teha! Loome, kujundame ja toodame Teie ettev\u00f5tte logoga pakendid.\",\"breadcrumb\":{\"@id\":\"https:\/\/infigo.ee\/sv\/infigo\/#breadcrumb\"},\"inLanguage\":\"sv-SE\",\"potentialAction\":[{\"@type\":\"ReadAction\",\"target\":[\"https:\/\/infigo.ee\/sv\/infigo\/\"]}]},{\"@type\":\"BreadcrumbList\",\"@id\":\"https:\/\/infigo.ee\/sv\/infigo\/#breadcrumb\",\"itemListElement\":[{\"@type\":\"ListItem\",\"position\":1,\"name\":\"Home\",\"item\":\"https:\/\/infigo.ee\/sv\/\"},{\"@type\":\"ListItem\",\"position\":2,\"name\":\"Om oss\"}]},{\"@type\":\"WebSite\",\"@id\":\"https:\/\/infigo.ee\/#website\",\"url\":\"https:\/\/infigo.ee\/\",\"name\":\"Infigo\",\"description\":\"\",\"publisher\":{\"@id\":\"https:\/\/infigo.ee\/#organization\"},\"potentialAction\":[{\"@type\":\"SearchAction\",\"target\":{\"@type\":\"EntryPoint\",\"urlTemplate\":\"https:\/\/infigo.ee\/?s={search_term_string}\"},\"query-input\":{\"@type\":\"PropertyValueSpecification\",\"valueRequired\":true,\"valueName\":\"search_term_string\"}}],\"inLanguage\":\"sv-SE\"},{\"@type\":\"Organization\",\"@id\":\"https:\/\/infigo.ee\/#organization\",\"name\":\"Infigo\",\"url\":\"https:\/\/infigo.ee\/\",\"logo\":{\"@type\":\"ImageObject\",\"inLanguage\":\"sv-SE\",\"@id\":\"https:\/\/infigo.ee\/#\/schema\/logo\/image\/\",\"url\":\"https:\/\/infigo.ee\/wp-content\/uploads\/2023\/11\/logo-1.jpg\",\"contentUrl\":\"https:\/\/infigo.ee\/wp-content\/uploads\/2023\/11\/logo-1.jpg\",\"width\":334,\"height\":114,\"caption\":\"Infigo\"},\"image\":{\"@id\":\"https:\/\/infigo.ee\/#\/schema\/logo\/image\/\"}}]}<\/script>\n<!-- \/ Yoast SEO plugin. -->","yoast_head_json":{"title":"Om oss - Infigo","description":"Pakendi disainide loomine on meie kujundajate igap\u00e4evane t\u00f6\u00f6 - meile lihtsalt meeldib seda teha! Loome, kujundame ja toodame Teie ettev\u00f5tte logoga pakendid.","robots":{"index":"index","follow":"follow","max-snippet":"max-snippet:-1","max-image-preview":"max-image-preview:large","max-video-preview":"max-video-preview:-1"},"canonical":"https:\/\/infigo.ee\/sv\/infigo\/","og_locale":"sv_SE","og_type":"article","og_title":"Om oss - Infigo","og_description":"Pakendi disainide loomine on meie kujundajate igap\u00e4evane t\u00f6\u00f6 - meile lihtsalt meeldib seda teha! Loome, kujundame ja toodame Teie ettev\u00f5tte logoga pakendid.","og_url":"https:\/\/infigo.ee\/sv\/infigo\/","og_site_name":"Infigo","article_modified_time":"2025-04-24T18:21:12+00:00","og_image":[{"width":452,"height":452,"url":"https:\/\/infigo.ee\/wp-content\/uploads\/2024\/03\/119196591_3218683694889625_8641204450253517827_n.jpeg","type":"image\/jpeg"}],"twitter_card":"summary_large_image","twitter_misc":{"Est. reading time":"1 minute"},"schema":{"@context":"https:\/\/schema.org","@graph":[{"@type":"WebPage","@id":"https:\/\/infigo.ee\/sv\/infigo\/","url":"https:\/\/infigo.ee\/sv\/infigo\/","name":"Om oss - Infigo","isPartOf":{"@id":"https:\/\/infigo.ee\/#website"},"datePublished":"2023-12-08T04:54:47+00:00","dateModified":"2025-04-24T18:21:12+00:00","description":"Pakendi disainide loomine on meie kujundajate igap\u00e4evane t\u00f6\u00f6 - meile lihtsalt meeldib seda teha! Loome, kujundame ja toodame Teie ettev\u00f5tte logoga pakendid.","breadcrumb":{"@id":"https:\/\/infigo.ee\/sv\/infigo\/#breadcrumb"},"inLanguage":"sv-SE","potentialAction":[{"@type":"ReadAction","target":["https:\/\/infigo.ee\/sv\/infigo\/"]}]},{"@type":"BreadcrumbList","@id":"https:\/\/infigo.ee\/sv\/infigo\/#breadcrumb","itemListElement":[{"@type":"ListItem","position":1,"name":"Home","item":"https:\/\/infigo.ee\/sv\/"},{"@type":"ListItem","position":2,"name":"Om oss"}]},{"@type":"WebSite","@id":"https:\/\/infigo.ee\/#website","url":"https:\/\/infigo.ee\/","name":"Infigo","description":"","publisher":{"@id":"https:\/\/infigo.ee\/#organization"},"potentialAction":[{"@type":"SearchAction","target":{"@type":"EntryPoint","urlTemplate":"https:\/\/infigo.ee\/?s={search_term_string}"},"query-input":{"@type":"PropertyValueSpecification","valueRequired":true,"valueName":"search_term_string"}}],"inLanguage":"sv-SE"},{"@type":"Organization","@id":"https:\/\/infigo.ee\/#organization","name":"Infigo","url":"https:\/\/infigo.ee\/","logo":{"@type":"ImageObject","inLanguage":"sv-SE","@id":"https:\/\/infigo.ee\/#\/schema\/logo\/image\/","url":"https:\/\/infigo.ee\/wp-content\/uploads\/2023\/11\/logo-1.jpg","contentUrl":"https:\/\/infigo.ee\/wp-content\/uploads\/2023\/11\/logo-1.jpg","width":334,"height":114,"caption":"Infigo"},"image":{"@id":"https:\/\/infigo.ee\/#\/schema\/logo\/image\/"}}]}},"_links":{"self":[{"href":"https:\/\/infigo.ee\/sv\/wp-json\/wp\/v2\/pages\/42539","targetHints":{"allow":["GET"]}}],"collection":[{"href":"https:\/\/infigo.ee\/sv\/wp-json\/wp\/v2\/pages"}],"about":[{"href":"https:\/\/infigo.ee\/sv\/wp-json\/wp\/v2\/types\/page"}],"author":[{"embeddable":true,"href":"https:\/\/infigo.ee\/sv\/wp-json\/wp\/v2\/users\/1"}],"replies":[{"embeddable":true,"href":"https:\/\/infigo.ee\/sv\/wp-json\/wp\/v2\/comments?post=42539"}],"version-history":[{"count":8,"href":"https:\/\/infigo.ee\/sv\/wp-json\/wp\/v2\/pages\/42539\/revisions"}],"predecessor-version":[{"id":56467,"href":"https:\/\/infigo.ee\/sv\/wp-json\/wp\/v2\/pages\/42539\/revisions\/56467"}],"wp:attachment":[{"href":"https:\/\/infigo.ee\/sv\/wp-json\/wp\/v2\/media?parent=42539"}],"curies":[{"name":"wp","href":"https:\/\/api.w.org\/{rel}","templated":true}]}}