{"id":42405,"date":"2023-12-07T09:44:18","date_gmt":"2023-12-07T07:44:18","guid":{"rendered":"https:\/\/infigo.ee\/kontakt\/"},"modified":"2025-09-26T12:13:22","modified_gmt":"2025-09-26T09:13:22","slug":"kontakt","status":"publish","type":"page","link":"https:\/\/infigo.ee\/sv\/kontakt\/","title":{"rendered":"Kontakt"},"content":{"rendered":"<div id=\"pl-42405\"  class=\"panel-layout\" ><div id=\"pg-42405-0\"  class=\"panel-grid panel-no-style\"  style=\"margin-bottom: 20px\" ><div id=\"pgc-42405-0-0\"  class=\"panel-grid-cell\" ><div id=\"panel-42405-0-0-0\" class=\"so-panel widget widget_sow-editor panel-first-child panel-last-child\" data-index=\"0\" ><div\n\t\t\t\n\t\t\tclass=\"so-widget-sow-editor so-widget-sow-editor-base\"\n\t\t\t\n\t\t>\n<div class=\"siteorigin-widget-tinymce textwidget\">\n\t<h3><strong>Estland<\/strong><\/h3>\n<p><a href=\"mailto:sales@infigo.ee\">sales@infigo.ee<\/a><br \/>\n<a href=\"mailto:office@infigo.ee\">office@infigo.ee<\/a><br \/>\n+372 5694 3669<\/p>\n<\/div>\n<\/div><\/div><\/div><div id=\"pgc-42405-0-1\"  class=\"panel-grid-cell\" ><div id=\"panel-42405-0-1-0\" class=\"so-panel widget widget_sow-editor panel-first-child panel-last-child\" data-index=\"1\" ><div\n\t\t\t\n\t\t\tclass=\"so-widget-sow-editor so-widget-sow-editor-base\"\n\t\t\t\n\t\t>\n<div class=\"siteorigin-widget-tinymce textwidget\">\n\t<h3><strong>Finland<\/strong><\/h3>\n<p><a href=\"mailto:sales@infigo.ee\">sales@infigo.ee<\/a><br \/>\n<a href=\"mailto:office@infigo.ee\">office@infigo.ee<\/a><br \/>\n+372 5694 3669<\/p>\n<\/div>\n<\/div><\/div><\/div><div id=\"pgc-42405-0-2\"  class=\"panel-grid-cell\" ><div id=\"panel-42405-0-2-0\" class=\"so-panel widget widget_sow-editor panel-first-child panel-last-child\" data-index=\"2\" ><div\n\t\t\t\n\t\t\tclass=\"so-widget-sow-editor so-widget-sow-editor-base\"\n\t\t\t\n\t\t>\n<div class=\"siteorigin-widget-tinymce textwidget\">\n\t<h3><strong>Sverige<\/strong><\/h3>\n<p><a href=\"mailto:info@infigo.se\">info@infigo.se<\/a><br \/>\n<a href=\"mailto:info@infigogroup.com\">info@infigogroup.com<\/a><br \/>\n+48 5391 04899<\/p>\n<\/div>\n<\/div><\/div><\/div><div id=\"pgc-42405-0-3\"  class=\"panel-grid-cell\" ><div id=\"panel-42405-0-3-0\" class=\"so-panel widget widget_sow-editor panel-first-child panel-last-child\" data-index=\"3\" ><div\n\t\t\t\n\t\t\tclass=\"so-widget-sow-editor so-widget-sow-editor-base\"\n\t\t\t\n\t\t>\n<div class=\"siteorigin-widget-tinymce textwidget\">\n\t<h3><strong>Tyskland \/ Polen<\/strong><\/h3>\n<p><a href=\"mailto:info@infigogroup.com\">info@infigogroup.com<\/a><br \/>\n+49 152 0733 8699<br \/>\nWhatsApp<\/p>\n<\/div>\n<\/div><\/div><\/div><\/div><div id=\"pg-42405-1\"  class=\"panel-grid panel-no-style\" ><div id=\"pgc-42405-1-0\"  class=\"panel-grid-cell\" ><div id=\"panel-42405-1-0-0\" class=\"so-panel widget widget_sow-editor panel-first-child\" data-index=\"4\" style=\"margin-bottom: 20px\" ><div class=\"panel-widget-style panel-widget-style-for-42405-1-0-0\" ><div\n\t\t\t\n\t\t\tclass=\"so-widget-sow-editor so-widget-sow-editor-base\"\n\t\t\t\n\t\t>\n<div class=\"siteorigin-widget-tinymce textwidget\">\n\t<p style=\"text-align: center;\">Har du n\u00e5gra fr\u00e5gor \u00e4r du v\u00e4lkommen att kontakta oss. Skicka ett meddelande till oss s\u00e5 kontaktar v\u00e5r f\u00f6rs\u00e4ljningsavdelning dig inom kort.<\/p>\n<\/div>\n<\/div><\/div><\/div><div id=\"panel-42405-1-0-1\" class=\"so-panel widget widget_sow-editor\" data-index=\"5\" style=\"margin-bottom: 20px\" ><div style=\"padding: 0px 0px 20px 0px;\" class=\"panel-widget-style panel-widget-style-for-42405-1-0-1\" ><div\n\t\t\t\n\t\t\tclass=\"so-widget-sow-editor so-widget-sow-editor-base\"\n\t\t\t\n\t\t>\n<div class=\"siteorigin-widget-tinymce textwidget\">\n\t\n<div class=\"wpcf7 no-js\" id=\"wpcf7-f45740-o1\" lang=\"sv-SE\" dir=\"ltr\" data-wpcf7-id=\"45740\">\n<div class=\"screen-reader-response\"><p role=\"status\" aria-live=\"polite\" aria-atomic=\"true\"><\/p> <ul><\/ul><\/div>\n<form action=\"\/sv\/wp-json\/wp\/v2\/pages\/42405#wpcf7-f45740-o1\" method=\"post\" class=\"wpcf7-form init\" aria-label=\"Contact form\" novalidate=\"novalidate\" data-status=\"init\">\n<fieldset class=\"hidden-fields-container\"><input type=\"hidden\" name=\"_wpcf7\" value=\"45740\" \/><input type=\"hidden\" name=\"_wpcf7_version\" value=\"6.1.5\" \/><input type=\"hidden\" name=\"_wpcf7_locale\" value=\"sv_SE\" \/><input type=\"hidden\" name=\"_wpcf7_unit_tag\" value=\"wpcf7-f45740-o1\" \/><input type=\"hidden\" name=\"_wpcf7_container_post\" value=\"0\" \/><input type=\"hidden\" name=\"_wpcf7_posted_data_hash\" value=\"\" \/><input type=\"hidden\" name=\"_wpcf7_recaptcha_response\" value=\"\" \/>\n<\/fieldset>\n<div class=\"contact-form__content\">\n    <div class=\"content__row\">\n        <div class=\"row__col col-3\">\n            <span class=\"wpcf7-form-control-wrap\" data-name=\"nimi-ettevote\"><input size=\"40\" maxlength=\"400\" class=\"wpcf7-form-control wpcf7-text wpcf7-validates-as-required\" aria-required=\"true\" aria-invalid=\"false\" placeholder=\"Ditt namn \/ f\u00f6retag*\" value=\"\" type=\"text\" name=\"nimi-ettevote\" \/><\/span>\n        <\/div>\n        <div class=\"row__col col-3\">\n            <span class=\"wpcf7-form-control-wrap\" data-name=\"telefon\"><input size=\"40\" maxlength=\"400\" class=\"wpcf7-form-control wpcf7-tel wpcf7-validates-as-required wpcf7-text wpcf7-validates-as-tel\" aria-required=\"true\" aria-invalid=\"false\" placeholder=\"Telefonnummer*\" value=\"\" type=\"tel\" name=\"telefon\" \/><\/span>\n        <\/div>\n        <div class=\"row__col col-3\">\n            <span class=\"wpcf7-form-control-wrap\" data-name=\"epost\"><input size=\"40\" maxlength=\"400\" class=\"wpcf7-form-control wpcf7-email wpcf7-validates-as-required wpcf7-text wpcf7-validates-as-email\" aria-required=\"true\" aria-invalid=\"false\" placeholder=\"E-postadress*\" value=\"\" type=\"email\" name=\"epost\" \/><\/span>\n        <\/div>\n        <div class=\"row__col col-3\">\n            <span class=\"wpcf7-form-control-wrap\" data-name=\"toodete-nimi\"><input size=\"40\" maxlength=\"400\" class=\"wpcf7-form-control wpcf7-text\" aria-invalid=\"false\" placeholder=\"Produktnamn\" value=\"\" type=\"text\" name=\"toodete-nimi\" \/><\/span>\n        <\/div>\n    <\/div>\n    <div class=\"content__row\">\n        <div class=\"row__col\">\n            <span class=\"wpcf7-form-control-wrap\" data-name=\"soovid-ja-kusimused\"><textarea cols=\"40\" rows=\"10\" maxlength=\"2000\" class=\"wpcf7-form-control wpcf7-textarea wpcf7-validates-as-required\" aria-required=\"true\" aria-invalid=\"false\" placeholder=\"Skriv din f\u00f6rfr\u00e5gan och fr\u00e5gor h\u00e4r. Vi svarar inom 2 dagar\" name=\"soovid-ja-kusimused\"><\/textarea><\/span>\n        <\/div>\n    <\/div>\n    <div class=\"content__row\">\n        <div class=\"row__col\" style=\"text-align: center;\">\n            <input class=\"wpcf7-form-control wpcf7-submit has-spinner\" type=\"submit\" value=\"Skicka\" \/>\n        <\/div>\n    <\/div>\n<\/div><div class=\"wpcf7-response-output\" aria-hidden=\"true\"><\/div>\n<\/form>\n<\/div>\n\n<\/div>\n<\/div><\/div><\/div><div id=\"panel-42405-1-0-2\" class=\"widget_text so-panel widget widget_custom_html\" data-index=\"6\" style=\"margin-bottom: 20px\" ><div class=\"textwidget custom-html-widget\"><iframe src=\"https:\/\/www.google.com\/maps\/embed?pb=!1m18!1m12!1m3!1d2406.438658681577!2d24.75779357727758!3d59.43809270230989!2m3!1f0!2f0!3f0!3m2!1i1024!2i768!4f13.1!3m3!1m2!1s0x4692935e1cef6107%3A0xc9f4c7b9412fc575!2sNarva%20mnt%207d%2C%2010117%20Tallinn%2C%20Eesti!5e1!3m2!1set!2sth!4v1736353516573!5m2!1set!2sth\" width=\"100%\" height=\"450\" style=\"border:0;\" allowfullscreen=\"\" loading=\"lazy\" referrerpolicy=\"no-referrer-when-downgrade\"><\/iframe><\/div><\/div><div id=\"panel-42405-1-0-3\" class=\"so-panel widget widget_sow-headline panel-last-child\" data-index=\"7\" style=\"margin: 50px 0px 30px 0px;\" ><div class=\"panel-widget-style panel-widget-style-for-42405-1-0-3\" ><div\n\t\t\t\n\t\t\tclass=\"so-widget-sow-headline so-widget-sow-headline-default-29ce13e3831c-42405\"\n\t\t\t\n\t\t><div class=\"sow-headline-container \">\n\t\t\t\t\t\t\t<p class=\"sow-headline\">\n\t\t\t\t\t\tInfigo O\u00dc : Narva mnt 7d \/ 2k. 10117 Tallinn, Estonia\t\t\t\t\t\t<\/p>\n\t\t\t\t\t\t<\/div>\n<\/div><\/div><\/div><\/div><\/div><\/div>","protected":false},"excerpt":{"rendered":"<p>Estland sales@infigo.ee office@infigo.ee +372 5694 3669 Finland sales@infigo.ee office@infigo.ee +372 5694 3669 Sverige info@infigo.se info@infigogroup.com +48 5391 04899 Tyskland \/ Polen info@infigogroup.com +49 152 0733 8699 WhatsApp Har du n\u00e5gra fr\u00e5gor \u00e4r du v\u00e4lkommen att kontakta oss. Skicka ett meddelande till oss s\u00e5 kontaktar v\u00e5r f\u00f6rs\u00e4ljningsavdelning dig inom kort.<\/p>\n","protected":false},"author":1,"featured_media":0,"parent":0,"menu_order":0,"comment_status":"closed","ping_status":"closed","template":"","meta":{"_acf_changed":false,"footnotes":""},"class_list":["post-42405","page","type-page","status-publish","hentry"],"acf":[],"yoast_head":"<!-- This site is optimized with the Yoast SEO plugin v27.1.1 - https:\/\/yoast.com\/product\/yoast-seo-wordpress\/ -->\n<title>Kontakt - Infigo<\/title>\n<meta name=\"description\" content=\"Pakendi disainide loomine on meie kujundajate igap\u00e4evane t\u00f6\u00f6 - meile lihtsalt meeldib seda teha! Loome, kujundame ja toodame Teie ettev\u00f5tte logoga pakendid.\" \/>\n<meta name=\"robots\" content=\"index, follow, max-snippet:-1, max-image-preview:large, max-video-preview:-1\" \/>\n<link rel=\"canonical\" href=\"https:\/\/infigo.ee\/sv\/kontakt\/\" \/>\n<meta property=\"og:locale\" content=\"sv_SE\" \/>\n<meta property=\"og:type\" content=\"article\" \/>\n<meta property=\"og:title\" content=\"Kontakt - Infigo\" \/>\n<meta property=\"og:description\" content=\"Pakendi disainide loomine on meie kujundajate igap\u00e4evane t\u00f6\u00f6 - meile lihtsalt meeldib seda teha! Loome, kujundame ja toodame Teie ettev\u00f5tte logoga pakendid.\" \/>\n<meta property=\"og:url\" content=\"https:\/\/infigo.ee\/sv\/kontakt\/\" \/>\n<meta property=\"og:site_name\" content=\"Infigo\" \/>\n<meta property=\"article:modified_time\" content=\"2025-09-26T09:13:22+00:00\" \/>\n<meta property=\"og:image\" content=\"https:\/\/infigo.ee\/wp-content\/uploads\/2024\/03\/119196591_3218683694889625_8641204450253517827_n.jpeg\" \/>\n\t<meta property=\"og:image:width\" content=\"452\" \/>\n\t<meta property=\"og:image:height\" content=\"452\" \/>\n\t<meta property=\"og:image:type\" content=\"image\/jpeg\" \/>\n<meta name=\"twitter:card\" content=\"summary_large_image\" \/>\n<meta name=\"twitter:label1\" content=\"Est. reading time\" \/>\n\t<meta name=\"twitter:data1\" content=\"1 minute\" \/>\n<script type=\"application\/ld+json\" class=\"yoast-schema-graph\">{\"@context\":\"https:\/\/schema.org\",\"@graph\":[{\"@type\":\"WebPage\",\"@id\":\"https:\/\/infigo.ee\/sv\/kontakt\/\",\"url\":\"https:\/\/infigo.ee\/sv\/kontakt\/\",\"name\":\"Kontakt - Infigo\",\"isPartOf\":{\"@id\":\"https:\/\/infigo.ee\/#website\"},\"datePublished\":\"2023-12-07T07:44:18+00:00\",\"dateModified\":\"2025-09-26T09:13:22+00:00\",\"description\":\"Pakendi disainide loomine on meie kujundajate igap\u00e4evane t\u00f6\u00f6 - meile lihtsalt meeldib seda teha! Loome, kujundame ja toodame Teie ettev\u00f5tte logoga pakendid.\",\"breadcrumb\":{\"@id\":\"https:\/\/infigo.ee\/sv\/kontakt\/#breadcrumb\"},\"inLanguage\":\"sv-SE\",\"potentialAction\":[{\"@type\":\"ReadAction\",\"target\":[\"https:\/\/infigo.ee\/sv\/kontakt\/\"]}]},{\"@type\":\"BreadcrumbList\",\"@id\":\"https:\/\/infigo.ee\/sv\/kontakt\/#breadcrumb\",\"itemListElement\":[{\"@type\":\"ListItem\",\"position\":1,\"name\":\"Home\",\"item\":\"https:\/\/infigo.ee\/sv\/\"},{\"@type\":\"ListItem\",\"position\":2,\"name\":\"Kontakt\"}]},{\"@type\":\"WebSite\",\"@id\":\"https:\/\/infigo.ee\/#website\",\"url\":\"https:\/\/infigo.ee\/\",\"name\":\"Infigo\",\"description\":\"\",\"publisher\":{\"@id\":\"https:\/\/infigo.ee\/#organization\"},\"potentialAction\":[{\"@type\":\"SearchAction\",\"target\":{\"@type\":\"EntryPoint\",\"urlTemplate\":\"https:\/\/infigo.ee\/?s={search_term_string}\"},\"query-input\":{\"@type\":\"PropertyValueSpecification\",\"valueRequired\":true,\"valueName\":\"search_term_string\"}}],\"inLanguage\":\"sv-SE\"},{\"@type\":\"Organization\",\"@id\":\"https:\/\/infigo.ee\/#organization\",\"name\":\"Infigo\",\"url\":\"https:\/\/infigo.ee\/\",\"logo\":{\"@type\":\"ImageObject\",\"inLanguage\":\"sv-SE\",\"@id\":\"https:\/\/infigo.ee\/#\/schema\/logo\/image\/\",\"url\":\"https:\/\/infigo.ee\/wp-content\/uploads\/2023\/11\/logo-1.jpg\",\"contentUrl\":\"https:\/\/infigo.ee\/wp-content\/uploads\/2023\/11\/logo-1.jpg\",\"width\":334,\"height\":114,\"caption\":\"Infigo\"},\"image\":{\"@id\":\"https:\/\/infigo.ee\/#\/schema\/logo\/image\/\"}}]}<\/script>\n<!-- \/ Yoast SEO plugin. -->","yoast_head_json":{"title":"Kontakt - Infigo","description":"Pakendi disainide loomine on meie kujundajate igap\u00e4evane t\u00f6\u00f6 - meile lihtsalt meeldib seda teha! Loome, kujundame ja toodame Teie ettev\u00f5tte logoga pakendid.","robots":{"index":"index","follow":"follow","max-snippet":"max-snippet:-1","max-image-preview":"max-image-preview:large","max-video-preview":"max-video-preview:-1"},"canonical":"https:\/\/infigo.ee\/sv\/kontakt\/","og_locale":"sv_SE","og_type":"article","og_title":"Kontakt - Infigo","og_description":"Pakendi disainide loomine on meie kujundajate igap\u00e4evane t\u00f6\u00f6 - meile lihtsalt meeldib seda teha! Loome, kujundame ja toodame Teie ettev\u00f5tte logoga pakendid.","og_url":"https:\/\/infigo.ee\/sv\/kontakt\/","og_site_name":"Infigo","article_modified_time":"2025-09-26T09:13:22+00:00","og_image":[{"width":452,"height":452,"url":"https:\/\/infigo.ee\/wp-content\/uploads\/2024\/03\/119196591_3218683694889625_8641204450253517827_n.jpeg","type":"image\/jpeg"}],"twitter_card":"summary_large_image","twitter_misc":{"Est. reading time":"1 minute"},"schema":{"@context":"https:\/\/schema.org","@graph":[{"@type":"WebPage","@id":"https:\/\/infigo.ee\/sv\/kontakt\/","url":"https:\/\/infigo.ee\/sv\/kontakt\/","name":"Kontakt - Infigo","isPartOf":{"@id":"https:\/\/infigo.ee\/#website"},"datePublished":"2023-12-07T07:44:18+00:00","dateModified":"2025-09-26T09:13:22+00:00","description":"Pakendi disainide loomine on meie kujundajate igap\u00e4evane t\u00f6\u00f6 - meile lihtsalt meeldib seda teha! Loome, kujundame ja toodame Teie ettev\u00f5tte logoga pakendid.","breadcrumb":{"@id":"https:\/\/infigo.ee\/sv\/kontakt\/#breadcrumb"},"inLanguage":"sv-SE","potentialAction":[{"@type":"ReadAction","target":["https:\/\/infigo.ee\/sv\/kontakt\/"]}]},{"@type":"BreadcrumbList","@id":"https:\/\/infigo.ee\/sv\/kontakt\/#breadcrumb","itemListElement":[{"@type":"ListItem","position":1,"name":"Home","item":"https:\/\/infigo.ee\/sv\/"},{"@type":"ListItem","position":2,"name":"Kontakt"}]},{"@type":"WebSite","@id":"https:\/\/infigo.ee\/#website","url":"https:\/\/infigo.ee\/","name":"Infigo","description":"","publisher":{"@id":"https:\/\/infigo.ee\/#organization"},"potentialAction":[{"@type":"SearchAction","target":{"@type":"EntryPoint","urlTemplate":"https:\/\/infigo.ee\/?s={search_term_string}"},"query-input":{"@type":"PropertyValueSpecification","valueRequired":true,"valueName":"search_term_string"}}],"inLanguage":"sv-SE"},{"@type":"Organization","@id":"https:\/\/infigo.ee\/#organization","name":"Infigo","url":"https:\/\/infigo.ee\/","logo":{"@type":"ImageObject","inLanguage":"sv-SE","@id":"https:\/\/infigo.ee\/#\/schema\/logo\/image\/","url":"https:\/\/infigo.ee\/wp-content\/uploads\/2023\/11\/logo-1.jpg","contentUrl":"https:\/\/infigo.ee\/wp-content\/uploads\/2023\/11\/logo-1.jpg","width":334,"height":114,"caption":"Infigo"},"image":{"@id":"https:\/\/infigo.ee\/#\/schema\/logo\/image\/"}}]}},"_links":{"self":[{"href":"https:\/\/infigo.ee\/sv\/wp-json\/wp\/v2\/pages\/42405","targetHints":{"allow":["GET"]}}],"collection":[{"href":"https:\/\/infigo.ee\/sv\/wp-json\/wp\/v2\/pages"}],"about":[{"href":"https:\/\/infigo.ee\/sv\/wp-json\/wp\/v2\/types\/page"}],"author":[{"embeddable":true,"href":"https:\/\/infigo.ee\/sv\/wp-json\/wp\/v2\/users\/1"}],"replies":[{"embeddable":true,"href":"https:\/\/infigo.ee\/sv\/wp-json\/wp\/v2\/comments?post=42405"}],"version-history":[{"count":13,"href":"https:\/\/infigo.ee\/sv\/wp-json\/wp\/v2\/pages\/42405\/revisions"}],"predecessor-version":[{"id":56624,"href":"https:\/\/infigo.ee\/sv\/wp-json\/wp\/v2\/pages\/42405\/revisions\/56624"}],"wp:attachment":[{"href":"https:\/\/infigo.ee\/sv\/wp-json\/wp\/v2\/media?parent=42405"}],"curies":[{"name":"wp","href":"https:\/\/api.w.org\/{rel}","templated":true}]}}