{"id":56704,"date":"2025-12-07T12:02:31","date_gmt":"2025-12-07T10:02:31","guid":{"rendered":"https:\/\/infigo.ee\/toode\/paperwave-bio-8-4-42-cm-x-200-m-arkki-42x30-cm-ilmatyynykalvo-pakkaustayte-sopii-keskikokoisten-ja-suurten-onteloiden-tayttamiseen-materiaali-kierratyspaperi-fsc-sertifioitu-100-biohajoavia\/"},"modified":"2025-12-07T12:02:31","modified_gmt":"2025-12-07T10:02:31","slug":"paperwave-bio-8-4-42-cm-x-200-m-arkki-42x30-cm-ilmatyynykalvo-pakkaustayte-sopii-keskikokoisten-ja-suurten-onteloiden-tayttamiseen-materiaali-kierratyspaperi-fsc-sertifioitu-100-biohajoavia","status":"publish","type":"product","link":"https:\/\/infigo.ee\/fi\/tuote\/paperwave-bio-8-4-42-cm-x-200-m-arkki-42x30-cm-ilmatyynykalvo-pakkaustayte-sopii-keskikokoisten-ja-suurten-onteloiden-tayttamiseen-materiaali-kierratyspaperi-fsc-sertifioitu-100-biohajoavia\/","title":{"rendered":"PaperWave Bio 8.4, 42 cm x 200 m \/ arkki 42&#215;30 cm ilmatyynykalvo pakkaust\u00e4yte, sopii keskikokoisten ja suurten onteloiden t\u00e4ytt\u00e4miseen, materiaali Kierr\u00e4tyspaperi FSC-sertifioitu, 100 % biohajoavia"},"content":{"rendered":"","protected":false},"excerpt":{"rendered":"","protected":false},"featured_media":44442,"comment_status":"open","ping_status":"closed","template":"","meta":{"_acf_changed":false},"product_brand":[],"product_cat":[1149],"product_tag":[],"class_list":{"0":"post-56704","1":"product","2":"type-product","3":"status-publish","4":"has-post-thumbnail","6":"product_cat-maarittelematon","8":"first","9":"instock","10":"taxable","11":"shipping-taxable","12":"purchasable","13":"product-type-simple"},"acf":[],"yoast_head":"<!-- This site is optimized with the Yoast SEO plugin v27.1.1 - https:\/\/yoast.com\/product\/yoast-seo-wordpress\/ -->\n<title>PaperWave Bio 8.4, 42 cm x 200 m \/ arkki 42x30 cm ilmatyynykalvo pakkaust\u00e4yte, sopii keskikokoisten ja suurten onteloiden t\u00e4ytt\u00e4miseen, materiaali Kierr\u00e4tyspaperi FSC-sertifioitu, 100 % biohajoavia - Infigo<\/title>\n<meta name=\"robots\" content=\"index, follow, max-snippet:-1, max-image-preview:large, max-video-preview:-1\" \/>\n<link rel=\"canonical\" href=\"https:\/\/infigo.ee\/tuote\/airwave-paperwave-bio-typ-8-4-42-cm-x-200-m-lakan-42x30-cm-luftkudde-material-100-atervunnet-papper-fsc-certifierat\/\" \/>\n<meta property=\"og:locale\" content=\"fi_FI\" \/>\n<meta property=\"og:type\" content=\"article\" \/>\n<meta property=\"og:title\" content=\"PaperWave Bio 8.4, 42 cm x 200 m \/ arkki 42x30 cm ilmatyynykalvo pakkaust\u00e4yte, sopii keskikokoisten ja suurten onteloiden t\u00e4ytt\u00e4miseen, materiaali Kierr\u00e4tyspaperi FSC-sertifioitu, 100 % biohajoavia - Infigo\" \/>\n<meta property=\"og:url\" content=\"https:\/\/infigo.ee\/tuote\/airwave-paperwave-bio-typ-8-4-42-cm-x-200-m-lakan-42x30-cm-luftkudde-material-100-atervunnet-papper-fsc-certifierat\/\" \/>\n<meta property=\"og:site_name\" content=\"Infigo\" \/>\n<meta property=\"og:image\" content=\"https:\/\/infigo.ee\/wp-content\/uploads\/2024\/03\/PaperWave841.jpg\" \/>\n\t<meta property=\"og:image:width\" content=\"1500\" \/>\n\t<meta property=\"og:image:height\" content=\"1848\" \/>\n\t<meta property=\"og:image:type\" content=\"image\/jpeg\" \/>\n<meta name=\"twitter:card\" content=\"summary_large_image\" \/>\n<script type=\"application\/ld+json\" class=\"yoast-schema-graph\">{\"@context\":\"https:\/\/schema.org\",\"@graph\":[{\"@type\":\"WebPage\",\"@id\":\"https:\/\/infigo.ee\/tuote\/airwave-paperwave-bio-typ-8-4-42-cm-x-200-m-lakan-42x30-cm-luftkudde-material-100-atervunnet-papper-fsc-certifierat\/\",\"url\":\"https:\/\/infigo.ee\/tuote\/airwave-paperwave-bio-typ-8-4-42-cm-x-200-m-lakan-42x30-cm-luftkudde-material-100-atervunnet-papper-fsc-certifierat\/\",\"name\":\"PaperWave Bio 8.4, 42 cm x 200 m \/ arkki 42x30 cm ilmatyynykalvo pakkaust\u00e4yte, sopii keskikokoisten ja suurten onteloiden t\u00e4ytt\u00e4miseen, materiaali Kierr\u00e4tyspaperi FSC-sertifioitu, 100 % biohajoavia - Infigo\",\"isPartOf\":{\"@id\":\"https:\/\/infigo.ee\/#website\"},\"primaryImageOfPage\":{\"@id\":\"https:\/\/infigo.ee\/tuote\/airwave-paperwave-bio-typ-8-4-42-cm-x-200-m-lakan-42x30-cm-luftkudde-material-100-atervunnet-papper-fsc-certifierat\/#primaryimage\"},\"image\":{\"@id\":\"https:\/\/infigo.ee\/tuote\/airwave-paperwave-bio-typ-8-4-42-cm-x-200-m-lakan-42x30-cm-luftkudde-material-100-atervunnet-papper-fsc-certifierat\/#primaryimage\"},\"thumbnailUrl\":\"https:\/\/infigo.ee\/wp-content\/uploads\/2024\/03\/PaperWave841.jpg\",\"datePublished\":\"2025-12-07T10:02:31+00:00\",\"breadcrumb\":{\"@id\":\"https:\/\/infigo.ee\/tuote\/airwave-paperwave-bio-typ-8-4-42-cm-x-200-m-lakan-42x30-cm-luftkudde-material-100-atervunnet-papper-fsc-certifierat\/#breadcrumb\"},\"inLanguage\":\"fi\",\"potentialAction\":[{\"@type\":\"ReadAction\",\"target\":[\"https:\/\/infigo.ee\/tuote\/airwave-paperwave-bio-typ-8-4-42-cm-x-200-m-lakan-42x30-cm-luftkudde-material-100-atervunnet-papper-fsc-certifierat\/\"]}]},{\"@type\":\"ImageObject\",\"inLanguage\":\"fi\",\"@id\":\"https:\/\/infigo.ee\/tuote\/airwave-paperwave-bio-typ-8-4-42-cm-x-200-m-lakan-42x30-cm-luftkudde-material-100-atervunnet-papper-fsc-certifierat\/#primaryimage\",\"url\":\"https:\/\/infigo.ee\/wp-content\/uploads\/2024\/03\/PaperWave841.jpg\",\"contentUrl\":\"https:\/\/infigo.ee\/wp-content\/uploads\/2024\/03\/PaperWave841.jpg\",\"width\":1500,\"height\":1848},{\"@type\":\"BreadcrumbList\",\"@id\":\"https:\/\/infigo.ee\/tuote\/airwave-paperwave-bio-typ-8-4-42-cm-x-200-m-lakan-42x30-cm-luftkudde-material-100-atervunnet-papper-fsc-certifierat\/#breadcrumb\",\"itemListElement\":[{\"@type\":\"ListItem\",\"position\":1,\"name\":\"Home\",\"item\":\"https:\/\/infigo.ee\/fi\/\"},{\"@type\":\"ListItem\",\"position\":2,\"name\":\"Verkkokauppa\",\"item\":\"https:\/\/infigo.ee\/fi\/myymala\/\"},{\"@type\":\"ListItem\",\"position\":3,\"name\":\"PaperWave Bio 8.4, 42 cm x 200 m \/ arkki 42&#215;30 cm ilmatyynykalvo pakkaust\u00e4yte, sopii keskikokoisten ja suurten onteloiden t\u00e4ytt\u00e4miseen, materiaali Kierr\u00e4tyspaperi FSC-sertifioitu, 100 % biohajoavia\"}]},{\"@type\":\"WebSite\",\"@id\":\"https:\/\/infigo.ee\/#website\",\"url\":\"https:\/\/infigo.ee\/\",\"name\":\"Infigo\",\"description\":\"\",\"publisher\":{\"@id\":\"https:\/\/infigo.ee\/#organization\"},\"potentialAction\":[{\"@type\":\"SearchAction\",\"target\":{\"@type\":\"EntryPoint\",\"urlTemplate\":\"https:\/\/infigo.ee\/?s={search_term_string}\"},\"query-input\":{\"@type\":\"PropertyValueSpecification\",\"valueRequired\":true,\"valueName\":\"search_term_string\"}}],\"inLanguage\":\"fi\"},{\"@type\":\"Organization\",\"@id\":\"https:\/\/infigo.ee\/#organization\",\"name\":\"Infigo\",\"url\":\"https:\/\/infigo.ee\/\",\"logo\":{\"@type\":\"ImageObject\",\"inLanguage\":\"fi\",\"@id\":\"https:\/\/infigo.ee\/#\/schema\/logo\/image\/\",\"url\":\"https:\/\/infigo.ee\/wp-content\/uploads\/2023\/11\/logo-1.jpg\",\"contentUrl\":\"https:\/\/infigo.ee\/wp-content\/uploads\/2023\/11\/logo-1.jpg\",\"width\":334,\"height\":114,\"caption\":\"Infigo\"},\"image\":{\"@id\":\"https:\/\/infigo.ee\/#\/schema\/logo\/image\/\"}}]}<\/script>\n<!-- \/ Yoast SEO plugin. -->","yoast_head_json":{"title":"PaperWave Bio 8.4, 42 cm x 200 m \/ arkki 42x30 cm ilmatyynykalvo pakkaust\u00e4yte, sopii keskikokoisten ja suurten onteloiden t\u00e4ytt\u00e4miseen, materiaali Kierr\u00e4tyspaperi FSC-sertifioitu, 100 % biohajoavia - Infigo","robots":{"index":"index","follow":"follow","max-snippet":"max-snippet:-1","max-image-preview":"max-image-preview:large","max-video-preview":"max-video-preview:-1"},"canonical":"https:\/\/infigo.ee\/tuote\/airwave-paperwave-bio-typ-8-4-42-cm-x-200-m-lakan-42x30-cm-luftkudde-material-100-atervunnet-papper-fsc-certifierat\/","og_locale":"fi_FI","og_type":"article","og_title":"PaperWave Bio 8.4, 42 cm x 200 m \/ arkki 42x30 cm ilmatyynykalvo pakkaust\u00e4yte, sopii keskikokoisten ja suurten onteloiden t\u00e4ytt\u00e4miseen, materiaali Kierr\u00e4tyspaperi FSC-sertifioitu, 100 % biohajoavia - Infigo","og_url":"https:\/\/infigo.ee\/tuote\/airwave-paperwave-bio-typ-8-4-42-cm-x-200-m-lakan-42x30-cm-luftkudde-material-100-atervunnet-papper-fsc-certifierat\/","og_site_name":"Infigo","og_image":[{"width":1500,"height":1848,"url":"https:\/\/infigo.ee\/wp-content\/uploads\/2024\/03\/PaperWave841.jpg","type":"image\/jpeg"}],"twitter_card":"summary_large_image","schema":{"@context":"https:\/\/schema.org","@graph":[{"@type":"WebPage","@id":"https:\/\/infigo.ee\/tuote\/airwave-paperwave-bio-typ-8-4-42-cm-x-200-m-lakan-42x30-cm-luftkudde-material-100-atervunnet-papper-fsc-certifierat\/","url":"https:\/\/infigo.ee\/tuote\/airwave-paperwave-bio-typ-8-4-42-cm-x-200-m-lakan-42x30-cm-luftkudde-material-100-atervunnet-papper-fsc-certifierat\/","name":"PaperWave Bio 8.4, 42 cm x 200 m \/ arkki 42x30 cm ilmatyynykalvo pakkaust\u00e4yte, sopii keskikokoisten ja suurten onteloiden t\u00e4ytt\u00e4miseen, materiaali Kierr\u00e4tyspaperi FSC-sertifioitu, 100 % biohajoavia - Infigo","isPartOf":{"@id":"https:\/\/infigo.ee\/#website"},"primaryImageOfPage":{"@id":"https:\/\/infigo.ee\/tuote\/airwave-paperwave-bio-typ-8-4-42-cm-x-200-m-lakan-42x30-cm-luftkudde-material-100-atervunnet-papper-fsc-certifierat\/#primaryimage"},"image":{"@id":"https:\/\/infigo.ee\/tuote\/airwave-paperwave-bio-typ-8-4-42-cm-x-200-m-lakan-42x30-cm-luftkudde-material-100-atervunnet-papper-fsc-certifierat\/#primaryimage"},"thumbnailUrl":"https:\/\/infigo.ee\/wp-content\/uploads\/2024\/03\/PaperWave841.jpg","datePublished":"2025-12-07T10:02:31+00:00","breadcrumb":{"@id":"https:\/\/infigo.ee\/tuote\/airwave-paperwave-bio-typ-8-4-42-cm-x-200-m-lakan-42x30-cm-luftkudde-material-100-atervunnet-papper-fsc-certifierat\/#breadcrumb"},"inLanguage":"fi","potentialAction":[{"@type":"ReadAction","target":["https:\/\/infigo.ee\/tuote\/airwave-paperwave-bio-typ-8-4-42-cm-x-200-m-lakan-42x30-cm-luftkudde-material-100-atervunnet-papper-fsc-certifierat\/"]}]},{"@type":"ImageObject","inLanguage":"fi","@id":"https:\/\/infigo.ee\/tuote\/airwave-paperwave-bio-typ-8-4-42-cm-x-200-m-lakan-42x30-cm-luftkudde-material-100-atervunnet-papper-fsc-certifierat\/#primaryimage","url":"https:\/\/infigo.ee\/wp-content\/uploads\/2024\/03\/PaperWave841.jpg","contentUrl":"https:\/\/infigo.ee\/wp-content\/uploads\/2024\/03\/PaperWave841.jpg","width":1500,"height":1848},{"@type":"BreadcrumbList","@id":"https:\/\/infigo.ee\/tuote\/airwave-paperwave-bio-typ-8-4-42-cm-x-200-m-lakan-42x30-cm-luftkudde-material-100-atervunnet-papper-fsc-certifierat\/#breadcrumb","itemListElement":[{"@type":"ListItem","position":1,"name":"Home","item":"https:\/\/infigo.ee\/fi\/"},{"@type":"ListItem","position":2,"name":"Verkkokauppa","item":"https:\/\/infigo.ee\/fi\/myymala\/"},{"@type":"ListItem","position":3,"name":"PaperWave Bio 8.4, 42 cm x 200 m \/ arkki 42&#215;30 cm ilmatyynykalvo pakkaust\u00e4yte, sopii keskikokoisten ja suurten onteloiden t\u00e4ytt\u00e4miseen, materiaali Kierr\u00e4tyspaperi FSC-sertifioitu, 100 % biohajoavia"}]},{"@type":"WebSite","@id":"https:\/\/infigo.ee\/#website","url":"https:\/\/infigo.ee\/","name":"Infigo","description":"","publisher":{"@id":"https:\/\/infigo.ee\/#organization"},"potentialAction":[{"@type":"SearchAction","target":{"@type":"EntryPoint","urlTemplate":"https:\/\/infigo.ee\/?s={search_term_string}"},"query-input":{"@type":"PropertyValueSpecification","valueRequired":true,"valueName":"search_term_string"}}],"inLanguage":"fi"},{"@type":"Organization","@id":"https:\/\/infigo.ee\/#organization","name":"Infigo","url":"https:\/\/infigo.ee\/","logo":{"@type":"ImageObject","inLanguage":"fi","@id":"https:\/\/infigo.ee\/#\/schema\/logo\/image\/","url":"https:\/\/infigo.ee\/wp-content\/uploads\/2023\/11\/logo-1.jpg","contentUrl":"https:\/\/infigo.ee\/wp-content\/uploads\/2023\/11\/logo-1.jpg","width":334,"height":114,"caption":"Infigo"},"image":{"@id":"https:\/\/infigo.ee\/#\/schema\/logo\/image\/"}}]}},"_links":{"self":[{"href":"https:\/\/infigo.ee\/fi\/wp-json\/wp\/v2\/product\/56704","targetHints":{"allow":["GET"]}}],"collection":[{"href":"https:\/\/infigo.ee\/fi\/wp-json\/wp\/v2\/product"}],"about":[{"href":"https:\/\/infigo.ee\/fi\/wp-json\/wp\/v2\/types\/product"}],"replies":[{"embeddable":true,"href":"https:\/\/infigo.ee\/fi\/wp-json\/wp\/v2\/comments?post=56704"}],"wp:featuredmedia":[{"embeddable":true,"href":"https:\/\/infigo.ee\/fi\/wp-json\/wp\/v2\/media\/44442"}],"wp:attachment":[{"href":"https:\/\/infigo.ee\/fi\/wp-json\/wp\/v2\/media?parent=56704"}],"wp:term":[{"taxonomy":"product_brand","embeddable":true,"href":"https:\/\/infigo.ee\/fi\/wp-json\/wp\/v2\/product_brand?post=56704"},{"taxonomy":"product_cat","embeddable":true,"href":"https:\/\/infigo.ee\/fi\/wp-json\/wp\/v2\/product_cat?post=56704"},{"taxonomy":"product_tag","embeddable":true,"href":"https:\/\/infigo.ee\/fi\/wp-json\/wp\/v2\/product_tag?post=56704"}],"curies":[{"name":"wp","href":"https:\/\/api.w.org\/{rel}","templated":true}]}}