{"id":56009,"date":"2024-11-07T11:36:58","date_gmt":"2024-11-07T09:36:58","guid":{"rendered":"https:\/\/infigo.ee\/toode\/annostelija-myos-honeycomb-paperirullalla-laatikko-rulla-vain-kaarimiseen-40-cm-x-100-m-rulla-honeypack-eco-n-170-m-pituus-venyttamisen-jalkeen-ruskea-voimapaperi-70-gsm-laatikon-koko-200x25\/"},"modified":"2026-01-29T09:31:46","modified_gmt":"2026-01-29T07:31:46","slug":"annostelija-myos-honeycomb-paperirullalla-laatikko-rulla-vain-kaarimiseen-40-cm-x-100-m-rulla-honeypack-eco-n-170-m-pituus-venyttamisen-jalkeen-ruskea-voimapaperi-70-gsm-laatikon-koko-200x25","status":"publish","type":"product","link":"https:\/\/infigo.ee\/fi\/tuote\/annostelija-myos-honeycomb-paperirullalla-laatikko-rulla-vain-kaarimiseen-40-cm-x-100-m-rulla-honeypack-eco-n-170-m-pituus-venyttamisen-jalkeen-ruskea-voimapaperi-70-gsm-laatikon-koko-200x25\/","title":{"rendered":"Annostelija my\u00f6s Honeycomb-paperirullalla (laatikko + rulla) vain k\u00e4\u00e4rimiseen, 40 cm x 100 m\/rulla, HoneyPack ECO, n. 170 m pituus venytt\u00e4misen j\u00e4lkeen, ruskea voimapaperi 70 gsm, laatikon koko 200x250x450 mm"},"content":{"rendered":"<p>Honeycomb-paperin annostelija paperirullalla 100 % pahvista ja paperista. Laite on tarkoitettu k\u00e4\u00e4rimiseen ja pakkaamiseen paperiin.<br \/>\nHunajakennopaperin kireys on s\u00e4\u00e4dett\u00e4viss\u00e4. K\u00e4tevill\u00e4 klipsikiinnikkeill\u00e4.<br \/>\nKertak\u00e4ytt\u00f6inen<\/p>\n","protected":false},"excerpt":{"rendered":"<p>Honeycomb-paperin annostelija paperirullalla 100 % pahvista ja paperista. Laite on tarkoitettu k\u00e4\u00e4rimiseen ja pakkaamiseen paperiin. Hunajakennopaperin kireys on s\u00e4\u00e4dett\u00e4viss\u00e4. K\u00e4tevill\u00e4 klipsikiinnikkeill\u00e4. Kertak\u00e4ytt\u00f6inen<\/p>\n","protected":false},"featured_media":56023,"comment_status":"open","ping_status":"closed","template":"","meta":{"_acf_changed":false},"product_brand":[],"product_cat":[792],"product_tag":[],"class_list":{"0":"post-56009","1":"product","2":"type-product","3":"status-publish","4":"has-post-thumbnail","6":"product_cat-pakkaustayte-annostelijat-sarjat","8":"first","9":"instock","10":"taxable","11":"shipping-taxable","12":"purchasable","13":"product-type-simple"},"acf":[],"yoast_head":"<!-- This site is optimized with the Yoast SEO plugin v27.1.1 - https:\/\/yoast.com\/product\/yoast-seo-wordpress\/ -->\n<title>Annostelija my\u00f6s Honeycomb-paperirullalla (laatikko + rulla) vain k\u00e4\u00e4rimiseen, 40 cm x 100 m\/rulla, HoneyPack ECO, n. 170 m pituus venytt\u00e4misen j\u00e4lkeen, ruskea voimapaperi 70 gsm, laatikon koko 200x250x450 mm - Infigo<\/title>\n<meta name=\"robots\" content=\"index, follow, max-snippet:-1, max-image-preview:large, max-video-preview:-1\" \/>\n<link rel=\"canonical\" href=\"https:\/\/infigo.ee\/tuote\/dispenser-koos-honeycomb-paberirulliga-karp-rull-ainult-pakendamiseks-40-cm-x-100-m-rull-honeypack-eco-ca-170-m-pikkus-peale-valjavenitamist-pruun-joupaber-70-gsm-karbi-suurus-200x250x450-mm\/\" \/>\n<meta property=\"og:locale\" content=\"fi_FI\" \/>\n<meta property=\"og:type\" content=\"article\" \/>\n<meta property=\"og:title\" content=\"Annostelija my\u00f6s Honeycomb-paperirullalla (laatikko + rulla) vain k\u00e4\u00e4rimiseen, 40 cm x 100 m\/rulla, HoneyPack ECO, n. 170 m pituus venytt\u00e4misen j\u00e4lkeen, ruskea voimapaperi 70 gsm, laatikon koko 200x250x450 mm - Infigo\" \/>\n<meta property=\"og:description\" content=\"Honeycomb-paperin annostelija paperirullalla 100 % pahvista ja paperista. Laite on tarkoitettu k\u00e4\u00e4rimiseen ja pakkaamiseen paperiin. Hunajakennopaperin kireys on s\u00e4\u00e4dett\u00e4viss\u00e4. K\u00e4tevill\u00e4 klipsikiinnikkeill\u00e4. Kertak\u00e4ytt\u00f6inen\" \/>\n<meta property=\"og:url\" content=\"https:\/\/infigo.ee\/tuote\/dispenser-koos-honeycomb-paberirulliga-karp-rull-ainult-pakendamiseks-40-cm-x-100-m-rull-honeypack-eco-ca-170-m-pikkus-peale-valjavenitamist-pruun-joupaber-70-gsm-karbi-suurus-200x250x450-mm\/\" \/>\n<meta property=\"og:site_name\" content=\"Infigo\" \/>\n<meta property=\"article:modified_time\" content=\"2026-01-29T07:31:46+00:00\" \/>\n<meta property=\"og:image\" content=\"https:\/\/infigo.ee\/wp-content\/uploads\/2024\/11\/dispenser-hp-V11.jpg\" \/>\n\t<meta property=\"og:image:width\" content=\"2000\" \/>\n\t<meta property=\"og:image:height\" content=\"2000\" \/>\n\t<meta property=\"og:image:type\" content=\"image\/jpeg\" \/>\n<meta name=\"twitter:card\" content=\"summary_large_image\" \/>\n<meta name=\"twitter:label1\" content=\"Arvioitu lukuaika\" \/>\n\t<meta name=\"twitter:data1\" content=\"1 minuutti\" \/>\n<script type=\"application\/ld+json\" class=\"yoast-schema-graph\">{\"@context\":\"https:\/\/schema.org\",\"@graph\":[{\"@type\":\"WebPage\",\"@id\":\"https:\/\/infigo.ee\/tuote\/dispenser-koos-honeycomb-paberirulliga-karp-rull-ainult-pakendamiseks-40-cm-x-100-m-rull-honeypack-eco-ca-170-m-pikkus-peale-valjavenitamist-pruun-joupaber-70-gsm-karbi-suurus-200x250x450-mm\/\",\"url\":\"https:\/\/infigo.ee\/tuote\/dispenser-koos-honeycomb-paberirulliga-karp-rull-ainult-pakendamiseks-40-cm-x-100-m-rull-honeypack-eco-ca-170-m-pikkus-peale-valjavenitamist-pruun-joupaber-70-gsm-karbi-suurus-200x250x450-mm\/\",\"name\":\"Annostelija my\u00f6s Honeycomb-paperirullalla (laatikko + rulla) vain k\u00e4\u00e4rimiseen, 40 cm x 100 m\/rulla, HoneyPack ECO, n. 170 m pituus venytt\u00e4misen j\u00e4lkeen, ruskea voimapaperi 70 gsm, laatikon koko 200x250x450 mm - Infigo\",\"isPartOf\":{\"@id\":\"https:\/\/infigo.ee\/#website\"},\"primaryImageOfPage\":{\"@id\":\"https:\/\/infigo.ee\/tuote\/dispenser-koos-honeycomb-paberirulliga-karp-rull-ainult-pakendamiseks-40-cm-x-100-m-rull-honeypack-eco-ca-170-m-pikkus-peale-valjavenitamist-pruun-joupaber-70-gsm-karbi-suurus-200x250x450-mm\/#primaryimage\"},\"image\":{\"@id\":\"https:\/\/infigo.ee\/tuote\/dispenser-koos-honeycomb-paberirulliga-karp-rull-ainult-pakendamiseks-40-cm-x-100-m-rull-honeypack-eco-ca-170-m-pikkus-peale-valjavenitamist-pruun-joupaber-70-gsm-karbi-suurus-200x250x450-mm\/#primaryimage\"},\"thumbnailUrl\":\"https:\/\/infigo.ee\/wp-content\/uploads\/2024\/11\/dispenser-hp-V11.jpg\",\"datePublished\":\"2024-11-07T09:36:58+00:00\",\"dateModified\":\"2026-01-29T07:31:46+00:00\",\"breadcrumb\":{\"@id\":\"https:\/\/infigo.ee\/tuote\/dispenser-koos-honeycomb-paberirulliga-karp-rull-ainult-pakendamiseks-40-cm-x-100-m-rull-honeypack-eco-ca-170-m-pikkus-peale-valjavenitamist-pruun-joupaber-70-gsm-karbi-suurus-200x250x450-mm\/#breadcrumb\"},\"inLanguage\":\"fi\",\"potentialAction\":[{\"@type\":\"ReadAction\",\"target\":[\"https:\/\/infigo.ee\/tuote\/dispenser-koos-honeycomb-paberirulliga-karp-rull-ainult-pakendamiseks-40-cm-x-100-m-rull-honeypack-eco-ca-170-m-pikkus-peale-valjavenitamist-pruun-joupaber-70-gsm-karbi-suurus-200x250x450-mm\/\"]}]},{\"@type\":\"ImageObject\",\"inLanguage\":\"fi\",\"@id\":\"https:\/\/infigo.ee\/tuote\/dispenser-koos-honeycomb-paberirulliga-karp-rull-ainult-pakendamiseks-40-cm-x-100-m-rull-honeypack-eco-ca-170-m-pikkus-peale-valjavenitamist-pruun-joupaber-70-gsm-karbi-suurus-200x250x450-mm\/#primaryimage\",\"url\":\"https:\/\/infigo.ee\/wp-content\/uploads\/2024\/11\/dispenser-hp-V11.jpg\",\"contentUrl\":\"https:\/\/infigo.ee\/wp-content\/uploads\/2024\/11\/dispenser-hp-V11.jpg\",\"width\":2000,\"height\":2000},{\"@type\":\"BreadcrumbList\",\"@id\":\"https:\/\/infigo.ee\/tuote\/dispenser-koos-honeycomb-paberirulliga-karp-rull-ainult-pakendamiseks-40-cm-x-100-m-rull-honeypack-eco-ca-170-m-pikkus-peale-valjavenitamist-pruun-joupaber-70-gsm-karbi-suurus-200x250x450-mm\/#breadcrumb\",\"itemListElement\":[{\"@type\":\"ListItem\",\"position\":1,\"name\":\"Home\",\"item\":\"https:\/\/infigo.ee\/fi\/\"},{\"@type\":\"ListItem\",\"position\":2,\"name\":\"Verkkokauppa\",\"item\":\"https:\/\/infigo.ee\/fi\/myymala\/\"},{\"@type\":\"ListItem\",\"position\":3,\"name\":\"Annostelija my\u00f6s Honeycomb-paperirullalla (laatikko + rulla) vain k\u00e4\u00e4rimiseen, 40 cm x 100 m\/rulla, HoneyPack ECO, n. 170 m pituus venytt\u00e4misen j\u00e4lkeen, ruskea voimapaperi 70 gsm, laatikon koko 200x250x450 mm\"}]},{\"@type\":\"WebSite\",\"@id\":\"https:\/\/infigo.ee\/#website\",\"url\":\"https:\/\/infigo.ee\/\",\"name\":\"Infigo\",\"description\":\"\",\"publisher\":{\"@id\":\"https:\/\/infigo.ee\/#organization\"},\"potentialAction\":[{\"@type\":\"SearchAction\",\"target\":{\"@type\":\"EntryPoint\",\"urlTemplate\":\"https:\/\/infigo.ee\/?s={search_term_string}\"},\"query-input\":{\"@type\":\"PropertyValueSpecification\",\"valueRequired\":true,\"valueName\":\"search_term_string\"}}],\"inLanguage\":\"fi\"},{\"@type\":\"Organization\",\"@id\":\"https:\/\/infigo.ee\/#organization\",\"name\":\"Infigo\",\"url\":\"https:\/\/infigo.ee\/\",\"logo\":{\"@type\":\"ImageObject\",\"inLanguage\":\"fi\",\"@id\":\"https:\/\/infigo.ee\/#\/schema\/logo\/image\/\",\"url\":\"https:\/\/infigo.ee\/wp-content\/uploads\/2023\/11\/logo-1.jpg\",\"contentUrl\":\"https:\/\/infigo.ee\/wp-content\/uploads\/2023\/11\/logo-1.jpg\",\"width\":334,\"height\":114,\"caption\":\"Infigo\"},\"image\":{\"@id\":\"https:\/\/infigo.ee\/#\/schema\/logo\/image\/\"}}]}<\/script>\n<!-- \/ Yoast SEO plugin. -->","yoast_head_json":{"title":"Annostelija my\u00f6s Honeycomb-paperirullalla (laatikko + rulla) vain k\u00e4\u00e4rimiseen, 40 cm x 100 m\/rulla, HoneyPack ECO, n. 170 m pituus venytt\u00e4misen j\u00e4lkeen, ruskea voimapaperi 70 gsm, laatikon koko 200x250x450 mm - Infigo","robots":{"index":"index","follow":"follow","max-snippet":"max-snippet:-1","max-image-preview":"max-image-preview:large","max-video-preview":"max-video-preview:-1"},"canonical":"https:\/\/infigo.ee\/tuote\/dispenser-koos-honeycomb-paberirulliga-karp-rull-ainult-pakendamiseks-40-cm-x-100-m-rull-honeypack-eco-ca-170-m-pikkus-peale-valjavenitamist-pruun-joupaber-70-gsm-karbi-suurus-200x250x450-mm\/","og_locale":"fi_FI","og_type":"article","og_title":"Annostelija my\u00f6s Honeycomb-paperirullalla (laatikko + rulla) vain k\u00e4\u00e4rimiseen, 40 cm x 100 m\/rulla, HoneyPack ECO, n. 170 m pituus venytt\u00e4misen j\u00e4lkeen, ruskea voimapaperi 70 gsm, laatikon koko 200x250x450 mm - Infigo","og_description":"Honeycomb-paperin annostelija paperirullalla 100 % pahvista ja paperista. Laite on tarkoitettu k\u00e4\u00e4rimiseen ja pakkaamiseen paperiin. Hunajakennopaperin kireys on s\u00e4\u00e4dett\u00e4viss\u00e4. K\u00e4tevill\u00e4 klipsikiinnikkeill\u00e4. Kertak\u00e4ytt\u00f6inen","og_url":"https:\/\/infigo.ee\/tuote\/dispenser-koos-honeycomb-paberirulliga-karp-rull-ainult-pakendamiseks-40-cm-x-100-m-rull-honeypack-eco-ca-170-m-pikkus-peale-valjavenitamist-pruun-joupaber-70-gsm-karbi-suurus-200x250x450-mm\/","og_site_name":"Infigo","article_modified_time":"2026-01-29T07:31:46+00:00","og_image":[{"width":2000,"height":2000,"url":"https:\/\/infigo.ee\/wp-content\/uploads\/2024\/11\/dispenser-hp-V11.jpg","type":"image\/jpeg"}],"twitter_card":"summary_large_image","twitter_misc":{"Arvioitu lukuaika":"1 minuutti"},"schema":{"@context":"https:\/\/schema.org","@graph":[{"@type":"WebPage","@id":"https:\/\/infigo.ee\/tuote\/dispenser-koos-honeycomb-paberirulliga-karp-rull-ainult-pakendamiseks-40-cm-x-100-m-rull-honeypack-eco-ca-170-m-pikkus-peale-valjavenitamist-pruun-joupaber-70-gsm-karbi-suurus-200x250x450-mm\/","url":"https:\/\/infigo.ee\/tuote\/dispenser-koos-honeycomb-paberirulliga-karp-rull-ainult-pakendamiseks-40-cm-x-100-m-rull-honeypack-eco-ca-170-m-pikkus-peale-valjavenitamist-pruun-joupaber-70-gsm-karbi-suurus-200x250x450-mm\/","name":"Annostelija my\u00f6s Honeycomb-paperirullalla (laatikko + rulla) vain k\u00e4\u00e4rimiseen, 40 cm x 100 m\/rulla, HoneyPack ECO, n. 170 m pituus venytt\u00e4misen j\u00e4lkeen, ruskea voimapaperi 70 gsm, laatikon koko 200x250x450 mm - Infigo","isPartOf":{"@id":"https:\/\/infigo.ee\/#website"},"primaryImageOfPage":{"@id":"https:\/\/infigo.ee\/tuote\/dispenser-koos-honeycomb-paberirulliga-karp-rull-ainult-pakendamiseks-40-cm-x-100-m-rull-honeypack-eco-ca-170-m-pikkus-peale-valjavenitamist-pruun-joupaber-70-gsm-karbi-suurus-200x250x450-mm\/#primaryimage"},"image":{"@id":"https:\/\/infigo.ee\/tuote\/dispenser-koos-honeycomb-paberirulliga-karp-rull-ainult-pakendamiseks-40-cm-x-100-m-rull-honeypack-eco-ca-170-m-pikkus-peale-valjavenitamist-pruun-joupaber-70-gsm-karbi-suurus-200x250x450-mm\/#primaryimage"},"thumbnailUrl":"https:\/\/infigo.ee\/wp-content\/uploads\/2024\/11\/dispenser-hp-V11.jpg","datePublished":"2024-11-07T09:36:58+00:00","dateModified":"2026-01-29T07:31:46+00:00","breadcrumb":{"@id":"https:\/\/infigo.ee\/tuote\/dispenser-koos-honeycomb-paberirulliga-karp-rull-ainult-pakendamiseks-40-cm-x-100-m-rull-honeypack-eco-ca-170-m-pikkus-peale-valjavenitamist-pruun-joupaber-70-gsm-karbi-suurus-200x250x450-mm\/#breadcrumb"},"inLanguage":"fi","potentialAction":[{"@type":"ReadAction","target":["https:\/\/infigo.ee\/tuote\/dispenser-koos-honeycomb-paberirulliga-karp-rull-ainult-pakendamiseks-40-cm-x-100-m-rull-honeypack-eco-ca-170-m-pikkus-peale-valjavenitamist-pruun-joupaber-70-gsm-karbi-suurus-200x250x450-mm\/"]}]},{"@type":"ImageObject","inLanguage":"fi","@id":"https:\/\/infigo.ee\/tuote\/dispenser-koos-honeycomb-paberirulliga-karp-rull-ainult-pakendamiseks-40-cm-x-100-m-rull-honeypack-eco-ca-170-m-pikkus-peale-valjavenitamist-pruun-joupaber-70-gsm-karbi-suurus-200x250x450-mm\/#primaryimage","url":"https:\/\/infigo.ee\/wp-content\/uploads\/2024\/11\/dispenser-hp-V11.jpg","contentUrl":"https:\/\/infigo.ee\/wp-content\/uploads\/2024\/11\/dispenser-hp-V11.jpg","width":2000,"height":2000},{"@type":"BreadcrumbList","@id":"https:\/\/infigo.ee\/tuote\/dispenser-koos-honeycomb-paberirulliga-karp-rull-ainult-pakendamiseks-40-cm-x-100-m-rull-honeypack-eco-ca-170-m-pikkus-peale-valjavenitamist-pruun-joupaber-70-gsm-karbi-suurus-200x250x450-mm\/#breadcrumb","itemListElement":[{"@type":"ListItem","position":1,"name":"Home","item":"https:\/\/infigo.ee\/fi\/"},{"@type":"ListItem","position":2,"name":"Verkkokauppa","item":"https:\/\/infigo.ee\/fi\/myymala\/"},{"@type":"ListItem","position":3,"name":"Annostelija my\u00f6s Honeycomb-paperirullalla (laatikko + rulla) vain k\u00e4\u00e4rimiseen, 40 cm x 100 m\/rulla, HoneyPack ECO, n. 170 m pituus venytt\u00e4misen j\u00e4lkeen, ruskea voimapaperi 70 gsm, laatikon koko 200x250x450 mm"}]},{"@type":"WebSite","@id":"https:\/\/infigo.ee\/#website","url":"https:\/\/infigo.ee\/","name":"Infigo","description":"","publisher":{"@id":"https:\/\/infigo.ee\/#organization"},"potentialAction":[{"@type":"SearchAction","target":{"@type":"EntryPoint","urlTemplate":"https:\/\/infigo.ee\/?s={search_term_string}"},"query-input":{"@type":"PropertyValueSpecification","valueRequired":true,"valueName":"search_term_string"}}],"inLanguage":"fi"},{"@type":"Organization","@id":"https:\/\/infigo.ee\/#organization","name":"Infigo","url":"https:\/\/infigo.ee\/","logo":{"@type":"ImageObject","inLanguage":"fi","@id":"https:\/\/infigo.ee\/#\/schema\/logo\/image\/","url":"https:\/\/infigo.ee\/wp-content\/uploads\/2023\/11\/logo-1.jpg","contentUrl":"https:\/\/infigo.ee\/wp-content\/uploads\/2023\/11\/logo-1.jpg","width":334,"height":114,"caption":"Infigo"},"image":{"@id":"https:\/\/infigo.ee\/#\/schema\/logo\/image\/"}}]}},"_links":{"self":[{"href":"https:\/\/infigo.ee\/fi\/wp-json\/wp\/v2\/product\/56009","targetHints":{"allow":["GET"]}}],"collection":[{"href":"https:\/\/infigo.ee\/fi\/wp-json\/wp\/v2\/product"}],"about":[{"href":"https:\/\/infigo.ee\/fi\/wp-json\/wp\/v2\/types\/product"}],"replies":[{"embeddable":true,"href":"https:\/\/infigo.ee\/fi\/wp-json\/wp\/v2\/comments?post=56009"}],"wp:featuredmedia":[{"embeddable":true,"href":"https:\/\/infigo.ee\/fi\/wp-json\/wp\/v2\/media\/56023"}],"wp:attachment":[{"href":"https:\/\/infigo.ee\/fi\/wp-json\/wp\/v2\/media?parent=56009"}],"wp:term":[{"taxonomy":"product_brand","embeddable":true,"href":"https:\/\/infigo.ee\/fi\/wp-json\/wp\/v2\/product_brand?post=56009"},{"taxonomy":"product_cat","embeddable":true,"href":"https:\/\/infigo.ee\/fi\/wp-json\/wp\/v2\/product_cat?post=56009"},{"taxonomy":"product_tag","embeddable":true,"href":"https:\/\/infigo.ee\/fi\/wp-json\/wp\/v2\/product_tag?post=56009"}],"curies":[{"name":"wp","href":"https:\/\/api.w.org\/{rel}","templated":true}]}}