{"id":54173,"date":"2024-10-21T08:24:30","date_gmt":"2024-10-21T05:24:30","guid":{"rendered":"https:\/\/infigo.ee\/toode\/airwave-paperwave-bio-typ-9-8-3-nano-42-cm-x-100-m-ark-42x32-cm-luftkudde-lamplig-for-att-fylla-stora-halrum-material-100-atervunnet-papper-fsc-certifierat-kompatibelt-med-airboy-nano3-amp\/"},"modified":"2025-01-09T13:06:26","modified_gmt":"2025-01-09T11:06:26","slug":"airwave-paperwave-bio-typ-9-8-3-nano-42-cm-x-100-m-ark-42x32-cm-luftkudde-lamplig-for-att-fylla-stora-halrum-material-100-atervunnet-papper-fsc-certifierat-kompatibelt-med-airboy-nano3-amp","status":"publish","type":"product","link":"https:\/\/infigo.ee\/fi\/tuote\/airwave-paperwave-bio-typ-9-8-3-nano-42-cm-x-100-m-ark-42x32-cm-luftkudde-lamplig-for-att-fylla-stora-halrum-material-100-atervunnet-papper-fsc-certifierat-kompatibelt-med-airboy-nano3-amp\/","title":{"rendered":"AirWave PaperWave Bio typ, 9.8.3 nano, 42 cm x 100 m \/ ark 42&#215;32 cm luftkudde, l\u00e4mplig f\u00f6r att fylla stora h\u00e5lrum, material &#8211; 100 % \u00e5tervunnet papper FSC-certifierat \/ kompatibelt med AirBoy nano3 &amp; nano4-maskiner"},"content":{"rendered":"","protected":false},"excerpt":{"rendered":"","protected":false},"featured_media":44434,"comment_status":"open","ping_status":"closed","template":"","meta":{"_acf_changed":false},"product_brand":[],"product_cat":[1147],"product_tag":[],"class_list":{"0":"post-54173","1":"product","2":"type-product","3":"status-publish","4":"has-post-thumbnail","6":"product_cat-maaramata","8":"first","9":"instock","10":"taxable","11":"shipping-taxable","12":"purchasable","13":"product-type-simple"},"acf":[],"yoast_head":"<!-- This site is optimized with the Yoast SEO plugin v27.3 - https:\/\/yoast.com\/product\/yoast-seo-wordpress\/ -->\n<title>AirWave PaperWave Bio typ, 9.8.3 nano, 42 cm x 100 m \/ ark 42x32 cm luftkudde, l\u00e4mplig f\u00f6r att fylla stora h\u00e5lrum, material - 100 % \u00e5tervunnet papper FSC-certifierat \/ kompatibelt med AirBoy nano3 &amp; nano4-maskiner - Infigo<\/title>\n<meta name=\"robots\" content=\"index, follow, max-snippet:-1, max-image-preview:large, max-video-preview:-1\" \/>\n<link rel=\"canonical\" href=\"https:\/\/infigo.ee\/toode\/airwave-paperwave-bio-typ-9-8-3-nano-42-cm-x-100-m-ark-42x32-cm-luftkudde-lamplig-for-att-fylla-stora-halrum-material-100-atervunnet-papper-fsc-certifierat-kompatibelt-med-airboy-nano3-amp\/\" \/>\n<meta property=\"og:locale\" content=\"fi_FI\" \/>\n<meta property=\"og:type\" content=\"article\" \/>\n<meta property=\"og:title\" content=\"AirWave PaperWave Bio typ, 9.8.3 nano, 42 cm x 100 m \/ ark 42x32 cm luftkudde, l\u00e4mplig f\u00f6r att fylla stora h\u00e5lrum, material - 100 % \u00e5tervunnet papper FSC-certifierat \/ kompatibelt med AirBoy nano3 &amp; nano4-maskiner - Infigo\" \/>\n<meta property=\"og:url\" content=\"https:\/\/infigo.ee\/toode\/airwave-paperwave-bio-typ-9-8-3-nano-42-cm-x-100-m-ark-42x32-cm-luftkudde-lamplig-for-att-fylla-stora-halrum-material-100-atervunnet-papper-fsc-certifierat-kompatibelt-med-airboy-nano3-amp\/\" \/>\n<meta property=\"og:site_name\" content=\"Infigo\" \/>\n<meta property=\"article:modified_time\" content=\"2025-01-09T11:06:26+00:00\" \/>\n<meta property=\"og:image\" content=\"https:\/\/infigo.ee\/wp-content\/uploads\/2024\/03\/PaperWave-83-1.jpg\" \/>\n\t<meta property=\"og:image:width\" content=\"1000\" \/>\n\t<meta property=\"og:image:height\" content=\"852\" \/>\n\t<meta property=\"og:image:type\" content=\"image\/jpeg\" \/>\n<meta name=\"twitter:card\" content=\"summary_large_image\" \/>\n<meta name=\"twitter:label1\" content=\"Arvioitu lukuaika\" \/>\n\t<meta name=\"twitter:data1\" content=\"1 minuutti\" \/>\n<script type=\"application\/ld+json\" class=\"yoast-schema-graph\">{\"@context\":\"https:\\\/\\\/schema.org\",\"@graph\":[{\"@type\":\"WebPage\",\"@id\":\"https:\\\/\\\/infigo.ee\\\/toode\\\/airwave-paperwave-bio-typ-9-8-3-nano-42-cm-x-100-m-ark-42x32-cm-luftkudde-lamplig-for-att-fylla-stora-halrum-material-100-atervunnet-papper-fsc-certifierat-kompatibelt-med-airboy-nano3-amp\\\/\",\"url\":\"https:\\\/\\\/infigo.ee\\\/toode\\\/airwave-paperwave-bio-typ-9-8-3-nano-42-cm-x-100-m-ark-42x32-cm-luftkudde-lamplig-for-att-fylla-stora-halrum-material-100-atervunnet-papper-fsc-certifierat-kompatibelt-med-airboy-nano3-amp\\\/\",\"name\":\"AirWave PaperWave Bio typ, 9.8.3 nano, 42 cm x 100 m \\\/ ark 42x32 cm luftkudde, l\u00e4mplig f\u00f6r att fylla stora h\u00e5lrum, material - 100 % \u00e5tervunnet papper FSC-certifierat \\\/ kompatibelt med AirBoy nano3 &amp; nano4-maskiner - Infigo\",\"isPartOf\":{\"@id\":\"https:\\\/\\\/infigo.ee\\\/#website\"},\"primaryImageOfPage\":{\"@id\":\"https:\\\/\\\/infigo.ee\\\/toode\\\/airwave-paperwave-bio-typ-9-8-3-nano-42-cm-x-100-m-ark-42x32-cm-luftkudde-lamplig-for-att-fylla-stora-halrum-material-100-atervunnet-papper-fsc-certifierat-kompatibelt-med-airboy-nano3-amp\\\/#primaryimage\"},\"image\":{\"@id\":\"https:\\\/\\\/infigo.ee\\\/toode\\\/airwave-paperwave-bio-typ-9-8-3-nano-42-cm-x-100-m-ark-42x32-cm-luftkudde-lamplig-for-att-fylla-stora-halrum-material-100-atervunnet-papper-fsc-certifierat-kompatibelt-med-airboy-nano3-amp\\\/#primaryimage\"},\"thumbnailUrl\":\"https:\\\/\\\/infigo.ee\\\/wp-content\\\/uploads\\\/2024\\\/03\\\/PaperWave-83-1.jpg\",\"datePublished\":\"2024-10-21T05:24:30+00:00\",\"dateModified\":\"2025-01-09T11:06:26+00:00\",\"breadcrumb\":{\"@id\":\"https:\\\/\\\/infigo.ee\\\/toode\\\/airwave-paperwave-bio-typ-9-8-3-nano-42-cm-x-100-m-ark-42x32-cm-luftkudde-lamplig-for-att-fylla-stora-halrum-material-100-atervunnet-papper-fsc-certifierat-kompatibelt-med-airboy-nano3-amp\\\/#breadcrumb\"},\"inLanguage\":\"fi\",\"potentialAction\":[{\"@type\":\"ReadAction\",\"target\":[\"https:\\\/\\\/infigo.ee\\\/toode\\\/airwave-paperwave-bio-typ-9-8-3-nano-42-cm-x-100-m-ark-42x32-cm-luftkudde-lamplig-for-att-fylla-stora-halrum-material-100-atervunnet-papper-fsc-certifierat-kompatibelt-med-airboy-nano3-amp\\\/\"]}]},{\"@type\":\"ImageObject\",\"inLanguage\":\"fi\",\"@id\":\"https:\\\/\\\/infigo.ee\\\/toode\\\/airwave-paperwave-bio-typ-9-8-3-nano-42-cm-x-100-m-ark-42x32-cm-luftkudde-lamplig-for-att-fylla-stora-halrum-material-100-atervunnet-papper-fsc-certifierat-kompatibelt-med-airboy-nano3-amp\\\/#primaryimage\",\"url\":\"https:\\\/\\\/infigo.ee\\\/wp-content\\\/uploads\\\/2024\\\/03\\\/PaperWave-83-1.jpg\",\"contentUrl\":\"https:\\\/\\\/infigo.ee\\\/wp-content\\\/uploads\\\/2024\\\/03\\\/PaperWave-83-1.jpg\",\"width\":1000,\"height\":852},{\"@type\":\"BreadcrumbList\",\"@id\":\"https:\\\/\\\/infigo.ee\\\/toode\\\/airwave-paperwave-bio-typ-9-8-3-nano-42-cm-x-100-m-ark-42x32-cm-luftkudde-lamplig-for-att-fylla-stora-halrum-material-100-atervunnet-papper-fsc-certifierat-kompatibelt-med-airboy-nano3-amp\\\/#breadcrumb\",\"itemListElement\":[{\"@type\":\"ListItem\",\"position\":1,\"name\":\"Home\",\"item\":\"https:\\\/\\\/infigo.ee\\\/fi\\\/\"},{\"@type\":\"ListItem\",\"position\":2,\"name\":\"Verkkokauppa\",\"item\":\"https:\\\/\\\/infigo.ee\\\/fi\\\/myymala\\\/\"},{\"@type\":\"ListItem\",\"position\":3,\"name\":\"AirWave PaperWave Bio typ, 9.8.3 nano, 42 cm x 100 m \\\/ ark 42&#215;32 cm luftkudde, l\u00e4mplig f\u00f6r att fylla stora h\u00e5lrum, material &#8211; 100 % \u00e5tervunnet papper FSC-certifierat \\\/ kompatibelt med AirBoy nano3 &amp; nano4-maskiner\"}]},{\"@type\":\"WebSite\",\"@id\":\"https:\\\/\\\/infigo.ee\\\/#website\",\"url\":\"https:\\\/\\\/infigo.ee\\\/\",\"name\":\"Infigo\",\"description\":\"\",\"publisher\":{\"@id\":\"https:\\\/\\\/infigo.ee\\\/#organization\"},\"potentialAction\":[{\"@type\":\"SearchAction\",\"target\":{\"@type\":\"EntryPoint\",\"urlTemplate\":\"https:\\\/\\\/infigo.ee\\\/?s={search_term_string}\"},\"query-input\":{\"@type\":\"PropertyValueSpecification\",\"valueRequired\":true,\"valueName\":\"search_term_string\"}}],\"inLanguage\":\"fi\"},{\"@type\":\"Organization\",\"@id\":\"https:\\\/\\\/infigo.ee\\\/#organization\",\"name\":\"Infigo\",\"url\":\"https:\\\/\\\/infigo.ee\\\/\",\"logo\":{\"@type\":\"ImageObject\",\"inLanguage\":\"fi\",\"@id\":\"https:\\\/\\\/infigo.ee\\\/#\\\/schema\\\/logo\\\/image\\\/\",\"url\":\"https:\\\/\\\/infigo.ee\\\/wp-content\\\/uploads\\\/2023\\\/11\\\/logo-1.jpg\",\"contentUrl\":\"https:\\\/\\\/infigo.ee\\\/wp-content\\\/uploads\\\/2023\\\/11\\\/logo-1.jpg\",\"width\":334,\"height\":114,\"caption\":\"Infigo\"},\"image\":{\"@id\":\"https:\\\/\\\/infigo.ee\\\/#\\\/schema\\\/logo\\\/image\\\/\"}}]}<\/script>\n<!-- \/ Yoast SEO plugin. -->","yoast_head_json":{"title":"AirWave PaperWave Bio typ, 9.8.3 nano, 42 cm x 100 m \/ ark 42x32 cm luftkudde, l\u00e4mplig f\u00f6r att fylla stora h\u00e5lrum, material - 100 % \u00e5tervunnet papper FSC-certifierat \/ kompatibelt med AirBoy nano3 &amp; nano4-maskiner - Infigo","robots":{"index":"index","follow":"follow","max-snippet":"max-snippet:-1","max-image-preview":"max-image-preview:large","max-video-preview":"max-video-preview:-1"},"canonical":"https:\/\/infigo.ee\/toode\/airwave-paperwave-bio-typ-9-8-3-nano-42-cm-x-100-m-ark-42x32-cm-luftkudde-lamplig-for-att-fylla-stora-halrum-material-100-atervunnet-papper-fsc-certifierat-kompatibelt-med-airboy-nano3-amp\/","og_locale":"fi_FI","og_type":"article","og_title":"AirWave PaperWave Bio typ, 9.8.3 nano, 42 cm x 100 m \/ ark 42x32 cm luftkudde, l\u00e4mplig f\u00f6r att fylla stora h\u00e5lrum, material - 100 % \u00e5tervunnet papper FSC-certifierat \/ kompatibelt med AirBoy nano3 &amp; nano4-maskiner - Infigo","og_url":"https:\/\/infigo.ee\/toode\/airwave-paperwave-bio-typ-9-8-3-nano-42-cm-x-100-m-ark-42x32-cm-luftkudde-lamplig-for-att-fylla-stora-halrum-material-100-atervunnet-papper-fsc-certifierat-kompatibelt-med-airboy-nano3-amp\/","og_site_name":"Infigo","article_modified_time":"2025-01-09T11:06:26+00:00","og_image":[{"width":1000,"height":852,"url":"https:\/\/infigo.ee\/wp-content\/uploads\/2024\/03\/PaperWave-83-1.jpg","type":"image\/jpeg"}],"twitter_card":"summary_large_image","twitter_misc":{"Arvioitu lukuaika":"1 minuutti"},"schema":{"@context":"https:\/\/schema.org","@graph":[{"@type":"WebPage","@id":"https:\/\/infigo.ee\/toode\/airwave-paperwave-bio-typ-9-8-3-nano-42-cm-x-100-m-ark-42x32-cm-luftkudde-lamplig-for-att-fylla-stora-halrum-material-100-atervunnet-papper-fsc-certifierat-kompatibelt-med-airboy-nano3-amp\/","url":"https:\/\/infigo.ee\/toode\/airwave-paperwave-bio-typ-9-8-3-nano-42-cm-x-100-m-ark-42x32-cm-luftkudde-lamplig-for-att-fylla-stora-halrum-material-100-atervunnet-papper-fsc-certifierat-kompatibelt-med-airboy-nano3-amp\/","name":"AirWave PaperWave Bio typ, 9.8.3 nano, 42 cm x 100 m \/ ark 42x32 cm luftkudde, l\u00e4mplig f\u00f6r att fylla stora h\u00e5lrum, material - 100 % \u00e5tervunnet papper FSC-certifierat \/ kompatibelt med AirBoy nano3 &amp; nano4-maskiner - Infigo","isPartOf":{"@id":"https:\/\/infigo.ee\/#website"},"primaryImageOfPage":{"@id":"https:\/\/infigo.ee\/toode\/airwave-paperwave-bio-typ-9-8-3-nano-42-cm-x-100-m-ark-42x32-cm-luftkudde-lamplig-for-att-fylla-stora-halrum-material-100-atervunnet-papper-fsc-certifierat-kompatibelt-med-airboy-nano3-amp\/#primaryimage"},"image":{"@id":"https:\/\/infigo.ee\/toode\/airwave-paperwave-bio-typ-9-8-3-nano-42-cm-x-100-m-ark-42x32-cm-luftkudde-lamplig-for-att-fylla-stora-halrum-material-100-atervunnet-papper-fsc-certifierat-kompatibelt-med-airboy-nano3-amp\/#primaryimage"},"thumbnailUrl":"https:\/\/infigo.ee\/wp-content\/uploads\/2024\/03\/PaperWave-83-1.jpg","datePublished":"2024-10-21T05:24:30+00:00","dateModified":"2025-01-09T11:06:26+00:00","breadcrumb":{"@id":"https:\/\/infigo.ee\/toode\/airwave-paperwave-bio-typ-9-8-3-nano-42-cm-x-100-m-ark-42x32-cm-luftkudde-lamplig-for-att-fylla-stora-halrum-material-100-atervunnet-papper-fsc-certifierat-kompatibelt-med-airboy-nano3-amp\/#breadcrumb"},"inLanguage":"fi","potentialAction":[{"@type":"ReadAction","target":["https:\/\/infigo.ee\/toode\/airwave-paperwave-bio-typ-9-8-3-nano-42-cm-x-100-m-ark-42x32-cm-luftkudde-lamplig-for-att-fylla-stora-halrum-material-100-atervunnet-papper-fsc-certifierat-kompatibelt-med-airboy-nano3-amp\/"]}]},{"@type":"ImageObject","inLanguage":"fi","@id":"https:\/\/infigo.ee\/toode\/airwave-paperwave-bio-typ-9-8-3-nano-42-cm-x-100-m-ark-42x32-cm-luftkudde-lamplig-for-att-fylla-stora-halrum-material-100-atervunnet-papper-fsc-certifierat-kompatibelt-med-airboy-nano3-amp\/#primaryimage","url":"https:\/\/infigo.ee\/wp-content\/uploads\/2024\/03\/PaperWave-83-1.jpg","contentUrl":"https:\/\/infigo.ee\/wp-content\/uploads\/2024\/03\/PaperWave-83-1.jpg","width":1000,"height":852},{"@type":"BreadcrumbList","@id":"https:\/\/infigo.ee\/toode\/airwave-paperwave-bio-typ-9-8-3-nano-42-cm-x-100-m-ark-42x32-cm-luftkudde-lamplig-for-att-fylla-stora-halrum-material-100-atervunnet-papper-fsc-certifierat-kompatibelt-med-airboy-nano3-amp\/#breadcrumb","itemListElement":[{"@type":"ListItem","position":1,"name":"Home","item":"https:\/\/infigo.ee\/fi\/"},{"@type":"ListItem","position":2,"name":"Verkkokauppa","item":"https:\/\/infigo.ee\/fi\/myymala\/"},{"@type":"ListItem","position":3,"name":"AirWave PaperWave Bio typ, 9.8.3 nano, 42 cm x 100 m \/ ark 42&#215;32 cm luftkudde, l\u00e4mplig f\u00f6r att fylla stora h\u00e5lrum, material &#8211; 100 % \u00e5tervunnet papper FSC-certifierat \/ kompatibelt med AirBoy nano3 &amp; nano4-maskiner"}]},{"@type":"WebSite","@id":"https:\/\/infigo.ee\/#website","url":"https:\/\/infigo.ee\/","name":"Infigo","description":"","publisher":{"@id":"https:\/\/infigo.ee\/#organization"},"potentialAction":[{"@type":"SearchAction","target":{"@type":"EntryPoint","urlTemplate":"https:\/\/infigo.ee\/?s={search_term_string}"},"query-input":{"@type":"PropertyValueSpecification","valueRequired":true,"valueName":"search_term_string"}}],"inLanguage":"fi"},{"@type":"Organization","@id":"https:\/\/infigo.ee\/#organization","name":"Infigo","url":"https:\/\/infigo.ee\/","logo":{"@type":"ImageObject","inLanguage":"fi","@id":"https:\/\/infigo.ee\/#\/schema\/logo\/image\/","url":"https:\/\/infigo.ee\/wp-content\/uploads\/2023\/11\/logo-1.jpg","contentUrl":"https:\/\/infigo.ee\/wp-content\/uploads\/2023\/11\/logo-1.jpg","width":334,"height":114,"caption":"Infigo"},"image":{"@id":"https:\/\/infigo.ee\/#\/schema\/logo\/image\/"}}]}},"_links":{"self":[{"href":"https:\/\/infigo.ee\/fi\/wp-json\/wp\/v2\/product\/54173","targetHints":{"allow":["GET"]}}],"collection":[{"href":"https:\/\/infigo.ee\/fi\/wp-json\/wp\/v2\/product"}],"about":[{"href":"https:\/\/infigo.ee\/fi\/wp-json\/wp\/v2\/types\/product"}],"replies":[{"embeddable":true,"href":"https:\/\/infigo.ee\/fi\/wp-json\/wp\/v2\/comments?post=54173"}],"wp:featuredmedia":[{"embeddable":true,"href":"https:\/\/infigo.ee\/fi\/wp-json\/wp\/v2\/media\/44434"}],"wp:attachment":[{"href":"https:\/\/infigo.ee\/fi\/wp-json\/wp\/v2\/media?parent=54173"}],"wp:term":[{"taxonomy":"product_brand","embeddable":true,"href":"https:\/\/infigo.ee\/fi\/wp-json\/wp\/v2\/product_brand?post=54173"},{"taxonomy":"product_cat","embeddable":true,"href":"https:\/\/infigo.ee\/fi\/wp-json\/wp\/v2\/product_cat?post=54173"},{"taxonomy":"product_tag","embeddable":true,"href":"https:\/\/infigo.ee\/fi\/wp-json\/wp\/v2\/product_tag?post=54173"}],"curies":[{"name":"wp","href":"https:\/\/api.w.org\/{rel}","templated":true}]}}