{"id":53934,"date":"2024-10-21T08:23:37","date_gmt":"2024-10-21T05:23:37","guid":{"rendered":"https:\/\/infigo.ee\/toode\/airwave2-ilmatyynykone-saadettavat-nopeustilat-jopa-20-m-min-tehonkulutus-200-w-koko-316x413x233-cm-leveys-x-pituus-x-korkeus-paino-65-kg\/"},"modified":"2026-02-26T16:33:12","modified_gmt":"2026-02-26T14:33:12","slug":"airwave2-ilmatyynykone-saadettavat-nopeustilat-jopa-20-m-min-tehonkulutus-200-w-koko-316x413x233-cm-leveys-x-pituus-x-korkeus-paino-65-kg","status":"publish","type":"product","link":"https:\/\/infigo.ee\/fi\/tuote\/airwave2-ilmatyynykone-saadettavat-nopeustilat-jopa-20-m-min-tehonkulutus-200-w-koko-316x413x233-cm-leveys-x-pituus-x-korkeus-paino-65-kg\/","title":{"rendered":"AirWave2 ilmatyynykone, s\u00e4\u00e4dett\u00e4v\u00e4t nopeustilat jopa 20 m\/min, tehonkulutus 200 W, koko 31,6&#215;41,3&#215;23,3 cm (leveys x pituus x korkeus), paino 6,5 kg"},"content":{"rendered":"","protected":false},"excerpt":{"rendered":"","protected":false},"featured_media":44373,"comment_status":"open","ping_status":"closed","template":"","meta":{"_acf_changed":false},"product_brand":[],"product_cat":[751],"product_tag":[],"class_list":{"0":"post-53934","1":"product","2":"type-product","3":"status-publish","4":"has-post-thumbnail","6":"product_cat-ilmatyynykoneet-ilmataytekoneet","8":"first","9":"instock","10":"taxable","11":"shipping-taxable","12":"purchasable","13":"product-type-simple"},"acf":[],"yoast_head":"<!-- This site is optimized with the Yoast SEO plugin v27.1.1 - https:\/\/yoast.com\/product\/yoast-seo-wordpress\/ -->\n<title>AirWave2 ilmatyynykone, s\u00e4\u00e4dett\u00e4v\u00e4t nopeustilat jopa 20 m\/min, tehonkulutus 200 W, koko 31,6x41,3x23,3 cm (leveys x pituus x korkeus), paino 6,5 kg - Infigo<\/title>\n<meta name=\"robots\" content=\"index, follow, max-snippet:-1, max-image-preview:large, max-video-preview:-1\" \/>\n<link rel=\"canonical\" href=\"https:\/\/infigo.ee\/tuote\/airwave2-ohk-taitepakendite-valmistamise-seade-reguleeritava-tootmiskiirusega-kuni-20-m-min-voimsus-200-w-mootmed-316x413x233-cm-laius-x-sugavus-x-korgus-kaal-65-kg\/\" \/>\n<meta property=\"og:locale\" content=\"fi_FI\" \/>\n<meta property=\"og:type\" content=\"article\" \/>\n<meta property=\"og:title\" content=\"AirWave2 ilmatyynykone, s\u00e4\u00e4dett\u00e4v\u00e4t nopeustilat jopa 20 m\/min, tehonkulutus 200 W, koko 31,6x41,3x23,3 cm (leveys x pituus x korkeus), paino 6,5 kg - Infigo\" \/>\n<meta property=\"og:url\" content=\"https:\/\/infigo.ee\/tuote\/airwave2-ohk-taitepakendite-valmistamise-seade-reguleeritava-tootmiskiirusega-kuni-20-m-min-voimsus-200-w-mootmed-316x413x233-cm-laius-x-sugavus-x-korgus-kaal-65-kg\/\" \/>\n<meta property=\"og:site_name\" content=\"Infigo\" \/>\n<meta property=\"article:modified_time\" content=\"2026-02-26T14:33:12+00:00\" \/>\n<meta property=\"og:image\" content=\"https:\/\/infigo.ee\/wp-content\/uploads\/2024\/03\/AirWave2-1.jpg\" \/>\n\t<meta property=\"og:image:width\" content=\"1000\" \/>\n\t<meta property=\"og:image:height\" content=\"667\" \/>\n\t<meta property=\"og:image:type\" content=\"image\/jpeg\" \/>\n<meta name=\"twitter:card\" content=\"summary_large_image\" \/>\n<script type=\"application\/ld+json\" class=\"yoast-schema-graph\">{\"@context\":\"https:\/\/schema.org\",\"@graph\":[{\"@type\":\"WebPage\",\"@id\":\"https:\/\/infigo.ee\/tuote\/airwave2-ohk-taitepakendite-valmistamise-seade-reguleeritava-tootmiskiirusega-kuni-20-m-min-voimsus-200-w-mootmed-316x413x233-cm-laius-x-sugavus-x-korgus-kaal-65-kg\/\",\"url\":\"https:\/\/infigo.ee\/tuote\/airwave2-ohk-taitepakendite-valmistamise-seade-reguleeritava-tootmiskiirusega-kuni-20-m-min-voimsus-200-w-mootmed-316x413x233-cm-laius-x-sugavus-x-korgus-kaal-65-kg\/\",\"name\":\"AirWave2 ilmatyynykone, s\u00e4\u00e4dett\u00e4v\u00e4t nopeustilat jopa 20 m\/min, tehonkulutus 200 W, koko 31,6x41,3x23,3 cm (leveys x pituus x korkeus), paino 6,5 kg - Infigo\",\"isPartOf\":{\"@id\":\"https:\/\/infigo.ee\/#website\"},\"primaryImageOfPage\":{\"@id\":\"https:\/\/infigo.ee\/tuote\/airwave2-ohk-taitepakendite-valmistamise-seade-reguleeritava-tootmiskiirusega-kuni-20-m-min-voimsus-200-w-mootmed-316x413x233-cm-laius-x-sugavus-x-korgus-kaal-65-kg\/#primaryimage\"},\"image\":{\"@id\":\"https:\/\/infigo.ee\/tuote\/airwave2-ohk-taitepakendite-valmistamise-seade-reguleeritava-tootmiskiirusega-kuni-20-m-min-voimsus-200-w-mootmed-316x413x233-cm-laius-x-sugavus-x-korgus-kaal-65-kg\/#primaryimage\"},\"thumbnailUrl\":\"https:\/\/infigo.ee\/wp-content\/uploads\/2024\/03\/AirWave2-1.jpg\",\"datePublished\":\"2024-10-21T05:23:37+00:00\",\"dateModified\":\"2026-02-26T14:33:12+00:00\",\"breadcrumb\":{\"@id\":\"https:\/\/infigo.ee\/tuote\/airwave2-ohk-taitepakendite-valmistamise-seade-reguleeritava-tootmiskiirusega-kuni-20-m-min-voimsus-200-w-mootmed-316x413x233-cm-laius-x-sugavus-x-korgus-kaal-65-kg\/#breadcrumb\"},\"inLanguage\":\"fi\",\"potentialAction\":[{\"@type\":\"ReadAction\",\"target\":[\"https:\/\/infigo.ee\/tuote\/airwave2-ohk-taitepakendite-valmistamise-seade-reguleeritava-tootmiskiirusega-kuni-20-m-min-voimsus-200-w-mootmed-316x413x233-cm-laius-x-sugavus-x-korgus-kaal-65-kg\/\"]}]},{\"@type\":\"ImageObject\",\"inLanguage\":\"fi\",\"@id\":\"https:\/\/infigo.ee\/tuote\/airwave2-ohk-taitepakendite-valmistamise-seade-reguleeritava-tootmiskiirusega-kuni-20-m-min-voimsus-200-w-mootmed-316x413x233-cm-laius-x-sugavus-x-korgus-kaal-65-kg\/#primaryimage\",\"url\":\"https:\/\/infigo.ee\/wp-content\/uploads\/2024\/03\/AirWave2-1.jpg\",\"contentUrl\":\"https:\/\/infigo.ee\/wp-content\/uploads\/2024\/03\/AirWave2-1.jpg\",\"width\":1000,\"height\":667},{\"@type\":\"BreadcrumbList\",\"@id\":\"https:\/\/infigo.ee\/tuote\/airwave2-ohk-taitepakendite-valmistamise-seade-reguleeritava-tootmiskiirusega-kuni-20-m-min-voimsus-200-w-mootmed-316x413x233-cm-laius-x-sugavus-x-korgus-kaal-65-kg\/#breadcrumb\",\"itemListElement\":[{\"@type\":\"ListItem\",\"position\":1,\"name\":\"Home\",\"item\":\"https:\/\/infigo.ee\/fi\/\"},{\"@type\":\"ListItem\",\"position\":2,\"name\":\"Verkkokauppa\",\"item\":\"https:\/\/infigo.ee\/fi\/myymala\/\"},{\"@type\":\"ListItem\",\"position\":3,\"name\":\"AirWave2 ilmatyynykone, s\u00e4\u00e4dett\u00e4v\u00e4t nopeustilat jopa 20 m\/min, tehonkulutus 200 W, koko 31,6&#215;41,3&#215;23,3 cm (leveys x pituus x korkeus), paino 6,5 kg\"}]},{\"@type\":\"WebSite\",\"@id\":\"https:\/\/infigo.ee\/#website\",\"url\":\"https:\/\/infigo.ee\/\",\"name\":\"Infigo\",\"description\":\"\",\"publisher\":{\"@id\":\"https:\/\/infigo.ee\/#organization\"},\"potentialAction\":[{\"@type\":\"SearchAction\",\"target\":{\"@type\":\"EntryPoint\",\"urlTemplate\":\"https:\/\/infigo.ee\/?s={search_term_string}\"},\"query-input\":{\"@type\":\"PropertyValueSpecification\",\"valueRequired\":true,\"valueName\":\"search_term_string\"}}],\"inLanguage\":\"fi\"},{\"@type\":\"Organization\",\"@id\":\"https:\/\/infigo.ee\/#organization\",\"name\":\"Infigo\",\"url\":\"https:\/\/infigo.ee\/\",\"logo\":{\"@type\":\"ImageObject\",\"inLanguage\":\"fi\",\"@id\":\"https:\/\/infigo.ee\/#\/schema\/logo\/image\/\",\"url\":\"https:\/\/infigo.ee\/wp-content\/uploads\/2023\/11\/logo-1.jpg\",\"contentUrl\":\"https:\/\/infigo.ee\/wp-content\/uploads\/2023\/11\/logo-1.jpg\",\"width\":334,\"height\":114,\"caption\":\"Infigo\"},\"image\":{\"@id\":\"https:\/\/infigo.ee\/#\/schema\/logo\/image\/\"}}]}<\/script>\n<!-- \/ Yoast SEO plugin. -->","yoast_head_json":{"title":"AirWave2 ilmatyynykone, s\u00e4\u00e4dett\u00e4v\u00e4t nopeustilat jopa 20 m\/min, tehonkulutus 200 W, koko 31,6x41,3x23,3 cm (leveys x pituus x korkeus), paino 6,5 kg - Infigo","robots":{"index":"index","follow":"follow","max-snippet":"max-snippet:-1","max-image-preview":"max-image-preview:large","max-video-preview":"max-video-preview:-1"},"canonical":"https:\/\/infigo.ee\/tuote\/airwave2-ohk-taitepakendite-valmistamise-seade-reguleeritava-tootmiskiirusega-kuni-20-m-min-voimsus-200-w-mootmed-316x413x233-cm-laius-x-sugavus-x-korgus-kaal-65-kg\/","og_locale":"fi_FI","og_type":"article","og_title":"AirWave2 ilmatyynykone, s\u00e4\u00e4dett\u00e4v\u00e4t nopeustilat jopa 20 m\/min, tehonkulutus 200 W, koko 31,6x41,3x23,3 cm (leveys x pituus x korkeus), paino 6,5 kg - Infigo","og_url":"https:\/\/infigo.ee\/tuote\/airwave2-ohk-taitepakendite-valmistamise-seade-reguleeritava-tootmiskiirusega-kuni-20-m-min-voimsus-200-w-mootmed-316x413x233-cm-laius-x-sugavus-x-korgus-kaal-65-kg\/","og_site_name":"Infigo","article_modified_time":"2026-02-26T14:33:12+00:00","og_image":[{"width":1000,"height":667,"url":"https:\/\/infigo.ee\/wp-content\/uploads\/2024\/03\/AirWave2-1.jpg","type":"image\/jpeg"}],"twitter_card":"summary_large_image","schema":{"@context":"https:\/\/schema.org","@graph":[{"@type":"WebPage","@id":"https:\/\/infigo.ee\/tuote\/airwave2-ohk-taitepakendite-valmistamise-seade-reguleeritava-tootmiskiirusega-kuni-20-m-min-voimsus-200-w-mootmed-316x413x233-cm-laius-x-sugavus-x-korgus-kaal-65-kg\/","url":"https:\/\/infigo.ee\/tuote\/airwave2-ohk-taitepakendite-valmistamise-seade-reguleeritava-tootmiskiirusega-kuni-20-m-min-voimsus-200-w-mootmed-316x413x233-cm-laius-x-sugavus-x-korgus-kaal-65-kg\/","name":"AirWave2 ilmatyynykone, s\u00e4\u00e4dett\u00e4v\u00e4t nopeustilat jopa 20 m\/min, tehonkulutus 200 W, koko 31,6x41,3x23,3 cm (leveys x pituus x korkeus), paino 6,5 kg - Infigo","isPartOf":{"@id":"https:\/\/infigo.ee\/#website"},"primaryImageOfPage":{"@id":"https:\/\/infigo.ee\/tuote\/airwave2-ohk-taitepakendite-valmistamise-seade-reguleeritava-tootmiskiirusega-kuni-20-m-min-voimsus-200-w-mootmed-316x413x233-cm-laius-x-sugavus-x-korgus-kaal-65-kg\/#primaryimage"},"image":{"@id":"https:\/\/infigo.ee\/tuote\/airwave2-ohk-taitepakendite-valmistamise-seade-reguleeritava-tootmiskiirusega-kuni-20-m-min-voimsus-200-w-mootmed-316x413x233-cm-laius-x-sugavus-x-korgus-kaal-65-kg\/#primaryimage"},"thumbnailUrl":"https:\/\/infigo.ee\/wp-content\/uploads\/2024\/03\/AirWave2-1.jpg","datePublished":"2024-10-21T05:23:37+00:00","dateModified":"2026-02-26T14:33:12+00:00","breadcrumb":{"@id":"https:\/\/infigo.ee\/tuote\/airwave2-ohk-taitepakendite-valmistamise-seade-reguleeritava-tootmiskiirusega-kuni-20-m-min-voimsus-200-w-mootmed-316x413x233-cm-laius-x-sugavus-x-korgus-kaal-65-kg\/#breadcrumb"},"inLanguage":"fi","potentialAction":[{"@type":"ReadAction","target":["https:\/\/infigo.ee\/tuote\/airwave2-ohk-taitepakendite-valmistamise-seade-reguleeritava-tootmiskiirusega-kuni-20-m-min-voimsus-200-w-mootmed-316x413x233-cm-laius-x-sugavus-x-korgus-kaal-65-kg\/"]}]},{"@type":"ImageObject","inLanguage":"fi","@id":"https:\/\/infigo.ee\/tuote\/airwave2-ohk-taitepakendite-valmistamise-seade-reguleeritava-tootmiskiirusega-kuni-20-m-min-voimsus-200-w-mootmed-316x413x233-cm-laius-x-sugavus-x-korgus-kaal-65-kg\/#primaryimage","url":"https:\/\/infigo.ee\/wp-content\/uploads\/2024\/03\/AirWave2-1.jpg","contentUrl":"https:\/\/infigo.ee\/wp-content\/uploads\/2024\/03\/AirWave2-1.jpg","width":1000,"height":667},{"@type":"BreadcrumbList","@id":"https:\/\/infigo.ee\/tuote\/airwave2-ohk-taitepakendite-valmistamise-seade-reguleeritava-tootmiskiirusega-kuni-20-m-min-voimsus-200-w-mootmed-316x413x233-cm-laius-x-sugavus-x-korgus-kaal-65-kg\/#breadcrumb","itemListElement":[{"@type":"ListItem","position":1,"name":"Home","item":"https:\/\/infigo.ee\/fi\/"},{"@type":"ListItem","position":2,"name":"Verkkokauppa","item":"https:\/\/infigo.ee\/fi\/myymala\/"},{"@type":"ListItem","position":3,"name":"AirWave2 ilmatyynykone, s\u00e4\u00e4dett\u00e4v\u00e4t nopeustilat jopa 20 m\/min, tehonkulutus 200 W, koko 31,6&#215;41,3&#215;23,3 cm (leveys x pituus x korkeus), paino 6,5 kg"}]},{"@type":"WebSite","@id":"https:\/\/infigo.ee\/#website","url":"https:\/\/infigo.ee\/","name":"Infigo","description":"","publisher":{"@id":"https:\/\/infigo.ee\/#organization"},"potentialAction":[{"@type":"SearchAction","target":{"@type":"EntryPoint","urlTemplate":"https:\/\/infigo.ee\/?s={search_term_string}"},"query-input":{"@type":"PropertyValueSpecification","valueRequired":true,"valueName":"search_term_string"}}],"inLanguage":"fi"},{"@type":"Organization","@id":"https:\/\/infigo.ee\/#organization","name":"Infigo","url":"https:\/\/infigo.ee\/","logo":{"@type":"ImageObject","inLanguage":"fi","@id":"https:\/\/infigo.ee\/#\/schema\/logo\/image\/","url":"https:\/\/infigo.ee\/wp-content\/uploads\/2023\/11\/logo-1.jpg","contentUrl":"https:\/\/infigo.ee\/wp-content\/uploads\/2023\/11\/logo-1.jpg","width":334,"height":114,"caption":"Infigo"},"image":{"@id":"https:\/\/infigo.ee\/#\/schema\/logo\/image\/"}}]}},"_links":{"self":[{"href":"https:\/\/infigo.ee\/fi\/wp-json\/wp\/v2\/product\/53934","targetHints":{"allow":["GET"]}}],"collection":[{"href":"https:\/\/infigo.ee\/fi\/wp-json\/wp\/v2\/product"}],"about":[{"href":"https:\/\/infigo.ee\/fi\/wp-json\/wp\/v2\/types\/product"}],"replies":[{"embeddable":true,"href":"https:\/\/infigo.ee\/fi\/wp-json\/wp\/v2\/comments?post=53934"}],"wp:featuredmedia":[{"embeddable":true,"href":"https:\/\/infigo.ee\/fi\/wp-json\/wp\/v2\/media\/44373"}],"wp:attachment":[{"href":"https:\/\/infigo.ee\/fi\/wp-json\/wp\/v2\/media?parent=53934"}],"wp:term":[{"taxonomy":"product_brand","embeddable":true,"href":"https:\/\/infigo.ee\/fi\/wp-json\/wp\/v2\/product_brand?post=53934"},{"taxonomy":"product_cat","embeddable":true,"href":"https:\/\/infigo.ee\/fi\/wp-json\/wp\/v2\/product_cat?post=53934"},{"taxonomy":"product_tag","embeddable":true,"href":"https:\/\/infigo.ee\/fi\/wp-json\/wp\/v2\/product_tag?post=53934"}],"curies":[{"name":"wp","href":"https:\/\/api.w.org\/{rel}","templated":true}]}}