{"id":52894,"date":"2024-10-21T07:31:40","date_gmt":"2024-10-21T04:31:40","guid":{"rendered":"https:\/\/infigo.ee\/toode\/elintarvikkeiden-kaarepaperi-375x25-cm-leveys-x-pituus-arkkeina-valkoinen-rasvankestava-paperi-50-gsm-125-kg-ltk-n-2600-arkkia\/"},"modified":"2026-02-26T16:29:56","modified_gmt":"2026-02-26T14:29:56","slug":"elintarvikkeiden-kaarepaperi-375x25-cm-leveys-x-pituus-arkkeina-valkoinen-rasvankestava-paperi-50-gsm-125-kg-ltk-n-2600-arkkia","status":"publish","type":"product","link":"https:\/\/infigo.ee\/fi\/tuote\/elintarvikkeiden-kaarepaperi-375x25-cm-leveys-x-pituus-arkkeina-valkoinen-rasvankestava-paperi-50-gsm-125-kg-ltk-n-2600-arkkia\/","title":{"rendered":"Elintarvikkeiden k\u00e4\u00e4repaperi 37,5&#215;25 cm (leveys x pituus) arkkeina, valkoinen rasvankest\u00e4v\u00e4 paperi 50 gsm, 12,5 kg\/ltk n. 2600 arkkia"},"content":{"rendered":"","protected":false},"excerpt":{"rendered":"","protected":false},"featured_media":50981,"comment_status":"open","ping_status":"closed","template":"","meta":{"_acf_changed":false},"product_brand":[],"product_cat":[1126],"product_tag":[],"class_list":{"0":"post-52894","1":"product","2":"type-product","3":"status-publish","4":"has-post-thumbnail","6":"product_cat-elintarvikepaperit","8":"first","9":"instock","10":"taxable","11":"shipping-taxable","12":"purchasable","13":"product-type-simple"},"acf":[],"yoast_head":"<!-- This site is optimized with the Yoast SEO plugin v27.1.1 - https:\/\/yoast.com\/product\/yoast-seo-wordpress\/ -->\n<title>Elintarvikkeiden k\u00e4\u00e4repaperi 37,5x25 cm (leveys x pituus) arkkeina, valkoinen rasvankest\u00e4v\u00e4 paperi 50 gsm, 12,5 kg\/ltk n. 2600 arkkia - Infigo<\/title>\n<meta name=\"robots\" content=\"index, follow, max-snippet:-1, max-image-preview:large, max-video-preview:-1\" \/>\n<link rel=\"canonical\" href=\"https:\/\/infigo.ee\/tuote\/toiduainete-pakkepaber-375x25-cm-laius-x-pikkus-lehtedena-ja-rasvakindel-valge-rasvakindel-paber-50-gsm-125-kg-kast-ca-2600-lehte\/\" \/>\n<meta property=\"og:locale\" content=\"fi_FI\" \/>\n<meta property=\"og:type\" content=\"article\" \/>\n<meta property=\"og:title\" content=\"Elintarvikkeiden k\u00e4\u00e4repaperi 37,5x25 cm (leveys x pituus) arkkeina, valkoinen rasvankest\u00e4v\u00e4 paperi 50 gsm, 12,5 kg\/ltk n. 2600 arkkia - Infigo\" \/>\n<meta property=\"og:url\" content=\"https:\/\/infigo.ee\/tuote\/toiduainete-pakkepaber-375x25-cm-laius-x-pikkus-lehtedena-ja-rasvakindel-valge-rasvakindel-paber-50-gsm-125-kg-kast-ca-2600-lehte\/\" \/>\n<meta property=\"og:site_name\" content=\"Infigo\" \/>\n<meta property=\"article:modified_time\" content=\"2026-02-26T14:29:56+00:00\" \/>\n<meta property=\"og:image\" content=\"https:\/\/infigo.ee\/wp-content\/uploads\/2024\/08\/foodpaper_124681.jpg\" \/>\n\t<meta property=\"og:image:width\" content=\"1485\" \/>\n\t<meta property=\"og:image:height\" content=\"1485\" \/>\n\t<meta property=\"og:image:type\" content=\"image\/jpeg\" \/>\n<meta name=\"twitter:card\" content=\"summary_large_image\" \/>\n<script type=\"application\/ld+json\" class=\"yoast-schema-graph\">{\"@context\":\"https:\/\/schema.org\",\"@graph\":[{\"@type\":\"WebPage\",\"@id\":\"https:\/\/infigo.ee\/tuote\/toiduainete-pakkepaber-375x25-cm-laius-x-pikkus-lehtedena-ja-rasvakindel-valge-rasvakindel-paber-50-gsm-125-kg-kast-ca-2600-lehte\/\",\"url\":\"https:\/\/infigo.ee\/tuote\/toiduainete-pakkepaber-375x25-cm-laius-x-pikkus-lehtedena-ja-rasvakindel-valge-rasvakindel-paber-50-gsm-125-kg-kast-ca-2600-lehte\/\",\"name\":\"Elintarvikkeiden k\u00e4\u00e4repaperi 37,5x25 cm (leveys x pituus) arkkeina, valkoinen rasvankest\u00e4v\u00e4 paperi 50 gsm, 12,5 kg\/ltk n. 2600 arkkia - Infigo\",\"isPartOf\":{\"@id\":\"https:\/\/infigo.ee\/#website\"},\"primaryImageOfPage\":{\"@id\":\"https:\/\/infigo.ee\/tuote\/toiduainete-pakkepaber-375x25-cm-laius-x-pikkus-lehtedena-ja-rasvakindel-valge-rasvakindel-paber-50-gsm-125-kg-kast-ca-2600-lehte\/#primaryimage\"},\"image\":{\"@id\":\"https:\/\/infigo.ee\/tuote\/toiduainete-pakkepaber-375x25-cm-laius-x-pikkus-lehtedena-ja-rasvakindel-valge-rasvakindel-paber-50-gsm-125-kg-kast-ca-2600-lehte\/#primaryimage\"},\"thumbnailUrl\":\"https:\/\/infigo.ee\/wp-content\/uploads\/2024\/08\/foodpaper_124681.jpg\",\"datePublished\":\"2024-10-21T04:31:40+00:00\",\"dateModified\":\"2026-02-26T14:29:56+00:00\",\"breadcrumb\":{\"@id\":\"https:\/\/infigo.ee\/tuote\/toiduainete-pakkepaber-375x25-cm-laius-x-pikkus-lehtedena-ja-rasvakindel-valge-rasvakindel-paber-50-gsm-125-kg-kast-ca-2600-lehte\/#breadcrumb\"},\"inLanguage\":\"fi\",\"potentialAction\":[{\"@type\":\"ReadAction\",\"target\":[\"https:\/\/infigo.ee\/tuote\/toiduainete-pakkepaber-375x25-cm-laius-x-pikkus-lehtedena-ja-rasvakindel-valge-rasvakindel-paber-50-gsm-125-kg-kast-ca-2600-lehte\/\"]}]},{\"@type\":\"ImageObject\",\"inLanguage\":\"fi\",\"@id\":\"https:\/\/infigo.ee\/tuote\/toiduainete-pakkepaber-375x25-cm-laius-x-pikkus-lehtedena-ja-rasvakindel-valge-rasvakindel-paber-50-gsm-125-kg-kast-ca-2600-lehte\/#primaryimage\",\"url\":\"https:\/\/infigo.ee\/wp-content\/uploads\/2024\/08\/foodpaper_124681.jpg\",\"contentUrl\":\"https:\/\/infigo.ee\/wp-content\/uploads\/2024\/08\/foodpaper_124681.jpg\",\"width\":1485,\"height\":1485},{\"@type\":\"BreadcrumbList\",\"@id\":\"https:\/\/infigo.ee\/tuote\/toiduainete-pakkepaber-375x25-cm-laius-x-pikkus-lehtedena-ja-rasvakindel-valge-rasvakindel-paber-50-gsm-125-kg-kast-ca-2600-lehte\/#breadcrumb\",\"itemListElement\":[{\"@type\":\"ListItem\",\"position\":1,\"name\":\"Home\",\"item\":\"https:\/\/infigo.ee\/fi\/\"},{\"@type\":\"ListItem\",\"position\":2,\"name\":\"Verkkokauppa\",\"item\":\"https:\/\/infigo.ee\/fi\/myymala\/\"},{\"@type\":\"ListItem\",\"position\":3,\"name\":\"Elintarvikkeiden k\u00e4\u00e4repaperi 37,5&#215;25 cm (leveys x pituus) arkkeina, valkoinen rasvankest\u00e4v\u00e4 paperi 50 gsm, 12,5 kg\/ltk n. 2600 arkkia\"}]},{\"@type\":\"WebSite\",\"@id\":\"https:\/\/infigo.ee\/#website\",\"url\":\"https:\/\/infigo.ee\/\",\"name\":\"Infigo\",\"description\":\"\",\"publisher\":{\"@id\":\"https:\/\/infigo.ee\/#organization\"},\"potentialAction\":[{\"@type\":\"SearchAction\",\"target\":{\"@type\":\"EntryPoint\",\"urlTemplate\":\"https:\/\/infigo.ee\/?s={search_term_string}\"},\"query-input\":{\"@type\":\"PropertyValueSpecification\",\"valueRequired\":true,\"valueName\":\"search_term_string\"}}],\"inLanguage\":\"fi\"},{\"@type\":\"Organization\",\"@id\":\"https:\/\/infigo.ee\/#organization\",\"name\":\"Infigo\",\"url\":\"https:\/\/infigo.ee\/\",\"logo\":{\"@type\":\"ImageObject\",\"inLanguage\":\"fi\",\"@id\":\"https:\/\/infigo.ee\/#\/schema\/logo\/image\/\",\"url\":\"https:\/\/infigo.ee\/wp-content\/uploads\/2023\/11\/logo-1.jpg\",\"contentUrl\":\"https:\/\/infigo.ee\/wp-content\/uploads\/2023\/11\/logo-1.jpg\",\"width\":334,\"height\":114,\"caption\":\"Infigo\"},\"image\":{\"@id\":\"https:\/\/infigo.ee\/#\/schema\/logo\/image\/\"}}]}<\/script>\n<!-- \/ Yoast SEO plugin. -->","yoast_head_json":{"title":"Elintarvikkeiden k\u00e4\u00e4repaperi 37,5x25 cm (leveys x pituus) arkkeina, valkoinen rasvankest\u00e4v\u00e4 paperi 50 gsm, 12,5 kg\/ltk n. 2600 arkkia - Infigo","robots":{"index":"index","follow":"follow","max-snippet":"max-snippet:-1","max-image-preview":"max-image-preview:large","max-video-preview":"max-video-preview:-1"},"canonical":"https:\/\/infigo.ee\/tuote\/toiduainete-pakkepaber-375x25-cm-laius-x-pikkus-lehtedena-ja-rasvakindel-valge-rasvakindel-paber-50-gsm-125-kg-kast-ca-2600-lehte\/","og_locale":"fi_FI","og_type":"article","og_title":"Elintarvikkeiden k\u00e4\u00e4repaperi 37,5x25 cm (leveys x pituus) arkkeina, valkoinen rasvankest\u00e4v\u00e4 paperi 50 gsm, 12,5 kg\/ltk n. 2600 arkkia - Infigo","og_url":"https:\/\/infigo.ee\/tuote\/toiduainete-pakkepaber-375x25-cm-laius-x-pikkus-lehtedena-ja-rasvakindel-valge-rasvakindel-paber-50-gsm-125-kg-kast-ca-2600-lehte\/","og_site_name":"Infigo","article_modified_time":"2026-02-26T14:29:56+00:00","og_image":[{"width":1485,"height":1485,"url":"https:\/\/infigo.ee\/wp-content\/uploads\/2024\/08\/foodpaper_124681.jpg","type":"image\/jpeg"}],"twitter_card":"summary_large_image","schema":{"@context":"https:\/\/schema.org","@graph":[{"@type":"WebPage","@id":"https:\/\/infigo.ee\/tuote\/toiduainete-pakkepaber-375x25-cm-laius-x-pikkus-lehtedena-ja-rasvakindel-valge-rasvakindel-paber-50-gsm-125-kg-kast-ca-2600-lehte\/","url":"https:\/\/infigo.ee\/tuote\/toiduainete-pakkepaber-375x25-cm-laius-x-pikkus-lehtedena-ja-rasvakindel-valge-rasvakindel-paber-50-gsm-125-kg-kast-ca-2600-lehte\/","name":"Elintarvikkeiden k\u00e4\u00e4repaperi 37,5x25 cm (leveys x pituus) arkkeina, valkoinen rasvankest\u00e4v\u00e4 paperi 50 gsm, 12,5 kg\/ltk n. 2600 arkkia - Infigo","isPartOf":{"@id":"https:\/\/infigo.ee\/#website"},"primaryImageOfPage":{"@id":"https:\/\/infigo.ee\/tuote\/toiduainete-pakkepaber-375x25-cm-laius-x-pikkus-lehtedena-ja-rasvakindel-valge-rasvakindel-paber-50-gsm-125-kg-kast-ca-2600-lehte\/#primaryimage"},"image":{"@id":"https:\/\/infigo.ee\/tuote\/toiduainete-pakkepaber-375x25-cm-laius-x-pikkus-lehtedena-ja-rasvakindel-valge-rasvakindel-paber-50-gsm-125-kg-kast-ca-2600-lehte\/#primaryimage"},"thumbnailUrl":"https:\/\/infigo.ee\/wp-content\/uploads\/2024\/08\/foodpaper_124681.jpg","datePublished":"2024-10-21T04:31:40+00:00","dateModified":"2026-02-26T14:29:56+00:00","breadcrumb":{"@id":"https:\/\/infigo.ee\/tuote\/toiduainete-pakkepaber-375x25-cm-laius-x-pikkus-lehtedena-ja-rasvakindel-valge-rasvakindel-paber-50-gsm-125-kg-kast-ca-2600-lehte\/#breadcrumb"},"inLanguage":"fi","potentialAction":[{"@type":"ReadAction","target":["https:\/\/infigo.ee\/tuote\/toiduainete-pakkepaber-375x25-cm-laius-x-pikkus-lehtedena-ja-rasvakindel-valge-rasvakindel-paber-50-gsm-125-kg-kast-ca-2600-lehte\/"]}]},{"@type":"ImageObject","inLanguage":"fi","@id":"https:\/\/infigo.ee\/tuote\/toiduainete-pakkepaber-375x25-cm-laius-x-pikkus-lehtedena-ja-rasvakindel-valge-rasvakindel-paber-50-gsm-125-kg-kast-ca-2600-lehte\/#primaryimage","url":"https:\/\/infigo.ee\/wp-content\/uploads\/2024\/08\/foodpaper_124681.jpg","contentUrl":"https:\/\/infigo.ee\/wp-content\/uploads\/2024\/08\/foodpaper_124681.jpg","width":1485,"height":1485},{"@type":"BreadcrumbList","@id":"https:\/\/infigo.ee\/tuote\/toiduainete-pakkepaber-375x25-cm-laius-x-pikkus-lehtedena-ja-rasvakindel-valge-rasvakindel-paber-50-gsm-125-kg-kast-ca-2600-lehte\/#breadcrumb","itemListElement":[{"@type":"ListItem","position":1,"name":"Home","item":"https:\/\/infigo.ee\/fi\/"},{"@type":"ListItem","position":2,"name":"Verkkokauppa","item":"https:\/\/infigo.ee\/fi\/myymala\/"},{"@type":"ListItem","position":3,"name":"Elintarvikkeiden k\u00e4\u00e4repaperi 37,5&#215;25 cm (leveys x pituus) arkkeina, valkoinen rasvankest\u00e4v\u00e4 paperi 50 gsm, 12,5 kg\/ltk n. 2600 arkkia"}]},{"@type":"WebSite","@id":"https:\/\/infigo.ee\/#website","url":"https:\/\/infigo.ee\/","name":"Infigo","description":"","publisher":{"@id":"https:\/\/infigo.ee\/#organization"},"potentialAction":[{"@type":"SearchAction","target":{"@type":"EntryPoint","urlTemplate":"https:\/\/infigo.ee\/?s={search_term_string}"},"query-input":{"@type":"PropertyValueSpecification","valueRequired":true,"valueName":"search_term_string"}}],"inLanguage":"fi"},{"@type":"Organization","@id":"https:\/\/infigo.ee\/#organization","name":"Infigo","url":"https:\/\/infigo.ee\/","logo":{"@type":"ImageObject","inLanguage":"fi","@id":"https:\/\/infigo.ee\/#\/schema\/logo\/image\/","url":"https:\/\/infigo.ee\/wp-content\/uploads\/2023\/11\/logo-1.jpg","contentUrl":"https:\/\/infigo.ee\/wp-content\/uploads\/2023\/11\/logo-1.jpg","width":334,"height":114,"caption":"Infigo"},"image":{"@id":"https:\/\/infigo.ee\/#\/schema\/logo\/image\/"}}]}},"_links":{"self":[{"href":"https:\/\/infigo.ee\/fi\/wp-json\/wp\/v2\/product\/52894","targetHints":{"allow":["GET"]}}],"collection":[{"href":"https:\/\/infigo.ee\/fi\/wp-json\/wp\/v2\/product"}],"about":[{"href":"https:\/\/infigo.ee\/fi\/wp-json\/wp\/v2\/types\/product"}],"replies":[{"embeddable":true,"href":"https:\/\/infigo.ee\/fi\/wp-json\/wp\/v2\/comments?post=52894"}],"wp:featuredmedia":[{"embeddable":true,"href":"https:\/\/infigo.ee\/fi\/wp-json\/wp\/v2\/media\/50981"}],"wp:attachment":[{"href":"https:\/\/infigo.ee\/fi\/wp-json\/wp\/v2\/media?parent=52894"}],"wp:term":[{"taxonomy":"product_brand","embeddable":true,"href":"https:\/\/infigo.ee\/fi\/wp-json\/wp\/v2\/product_brand?post=52894"},{"taxonomy":"product_cat","embeddable":true,"href":"https:\/\/infigo.ee\/fi\/wp-json\/wp\/v2\/product_cat?post=52894"},{"taxonomy":"product_tag","embeddable":true,"href":"https:\/\/infigo.ee\/fi\/wp-json\/wp\/v2\/product_tag?post=52894"}],"curies":[{"name":"wp","href":"https:\/\/api.w.org\/{rel}","templated":true}]}}