{"id":52867,"date":"2024-10-21T07:31:32","date_gmt":"2024-10-21T04:31:32","guid":{"rendered":"https:\/\/infigo.ee\/toode\/kansi-kertakayttorasialle-o-6-cm-ruskea-pla-bio-coating-pahvi-246-gsm-fsc-sertifioitu-50-kpl-pkt\/"},"modified":"2026-02-26T16:29:54","modified_gmt":"2026-02-26T14:29:54","slug":"kansi-kertakayttorasialle-o-6-cm-ruskea-pla-bio-coating-pahvi-246-gsm-fsc-sertifioitu-50-kpl-pkt","status":"publish","type":"product","link":"https:\/\/infigo.ee\/fi\/tuote\/kansi-kertakayttorasialle-o-6-cm-ruskea-pla-bio-coating-pahvi-246-gsm-fsc-sertifioitu-50-kpl-pkt\/","title":{"rendered":"Kansi kertak\u00e4ytt\u00f6rasialle \u00d8 6 cm, ruskea PLA Bio-coating pahvi 246 gsm FSC\u00ae sertifioitu, 50 kpl\/pkt"},"content":{"rendered":"","protected":false},"excerpt":{"rendered":"","protected":false},"featured_media":50496,"comment_status":"open","ping_status":"closed","template":"","meta":{"_acf_changed":false},"product_brand":[],"product_cat":[1089],"product_tag":[],"class_list":{"0":"post-52867","1":"product","2":"type-product","3":"status-publish","4":"has-post-thumbnail","6":"product_cat-jalkiruokakupit-jaatelokupit","8":"first","9":"instock","10":"taxable","11":"shipping-taxable","12":"purchasable","13":"product-type-simple"},"acf":[],"yoast_head":"<!-- This site is optimized with the Yoast SEO plugin v27.3 - https:\/\/yoast.com\/product\/yoast-seo-wordpress\/ -->\n<title>Kansi kertak\u00e4ytt\u00f6rasialle \u00d8 6 cm, ruskea PLA Bio-coating pahvi 246 gsm FSC\u00ae sertifioitu, 50 kpl\/pkt - Infigo<\/title>\n<meta name=\"robots\" content=\"index, follow, max-snippet:-1, max-image-preview:large, max-video-preview:-1\" \/>\n<link rel=\"canonical\" href=\"https:\/\/infigo.ee\/fi\/tuote\/kansi-kertakayttorasialle-o-6-cm-ruskea-pla-bio-coating-pahvi-246-gsm-fsc-sertifioitu-50-kpl-pkt\/\" \/>\n<meta property=\"og:locale\" content=\"fi_FI\" \/>\n<meta property=\"og:type\" content=\"article\" \/>\n<meta property=\"og:title\" content=\"Kansi kertak\u00e4ytt\u00f6rasialle \u00d8 6 cm, ruskea PLA Bio-coating pahvi 246 gsm FSC\u00ae sertifioitu, 50 kpl\/pkt - Infigo\" \/>\n<meta property=\"og:url\" content=\"https:\/\/infigo.ee\/fi\/tuote\/kansi-kertakayttorasialle-o-6-cm-ruskea-pla-bio-coating-pahvi-246-gsm-fsc-sertifioitu-50-kpl-pkt\/\" \/>\n<meta property=\"og:site_name\" content=\"Infigo\" \/>\n<meta property=\"article:modified_time\" content=\"2026-02-26T14:29:54+00:00\" \/>\n<meta property=\"og:image\" content=\"https:\/\/infigo.ee\/wp-content\/uploads\/2024\/08\/cup-lid_884901.jpg\" \/>\n\t<meta property=\"og:image:width\" content=\"1485\" \/>\n\t<meta property=\"og:image:height\" content=\"1485\" \/>\n\t<meta property=\"og:image:type\" content=\"image\/jpeg\" \/>\n<meta name=\"twitter:card\" content=\"summary_large_image\" \/>\n<script type=\"application\/ld+json\" class=\"yoast-schema-graph\">{\"@context\":\"https:\\\/\\\/schema.org\",\"@graph\":[{\"@type\":\"WebPage\",\"@id\":\"https:\\\/\\\/infigo.ee\\\/fi\\\/tuote\\\/kansi-kertakayttorasialle-o-6-cm-ruskea-pla-bio-coating-pahvi-246-gsm-fsc-sertifioitu-50-kpl-pkt\\\/\",\"url\":\"https:\\\/\\\/infigo.ee\\\/fi\\\/tuote\\\/kansi-kertakayttorasialle-o-6-cm-ruskea-pla-bio-coating-pahvi-246-gsm-fsc-sertifioitu-50-kpl-pkt\\\/\",\"name\":\"Kansi kertak\u00e4ytt\u00f6rasialle \u00d8 6 cm, ruskea PLA Bio-coating pahvi 246 gsm FSC\u00ae sertifioitu, 50 kpl\\\/pkt - Infigo\",\"isPartOf\":{\"@id\":\"https:\\\/\\\/infigo.ee\\\/#website\"},\"primaryImageOfPage\":{\"@id\":\"https:\\\/\\\/infigo.ee\\\/fi\\\/tuote\\\/kansi-kertakayttorasialle-o-6-cm-ruskea-pla-bio-coating-pahvi-246-gsm-fsc-sertifioitu-50-kpl-pkt\\\/#primaryimage\"},\"image\":{\"@id\":\"https:\\\/\\\/infigo.ee\\\/fi\\\/tuote\\\/kansi-kertakayttorasialle-o-6-cm-ruskea-pla-bio-coating-pahvi-246-gsm-fsc-sertifioitu-50-kpl-pkt\\\/#primaryimage\"},\"thumbnailUrl\":\"https:\\\/\\\/infigo.ee\\\/wp-content\\\/uploads\\\/2024\\\/08\\\/cup-lid_884901.jpg\",\"datePublished\":\"2024-10-21T04:31:32+00:00\",\"dateModified\":\"2026-02-26T14:29:54+00:00\",\"breadcrumb\":{\"@id\":\"https:\\\/\\\/infigo.ee\\\/fi\\\/tuote\\\/kansi-kertakayttorasialle-o-6-cm-ruskea-pla-bio-coating-pahvi-246-gsm-fsc-sertifioitu-50-kpl-pkt\\\/#breadcrumb\"},\"inLanguage\":\"fi\",\"potentialAction\":[{\"@type\":\"ReadAction\",\"target\":[\"https:\\\/\\\/infigo.ee\\\/fi\\\/tuote\\\/kansi-kertakayttorasialle-o-6-cm-ruskea-pla-bio-coating-pahvi-246-gsm-fsc-sertifioitu-50-kpl-pkt\\\/\"]}]},{\"@type\":\"ImageObject\",\"inLanguage\":\"fi\",\"@id\":\"https:\\\/\\\/infigo.ee\\\/fi\\\/tuote\\\/kansi-kertakayttorasialle-o-6-cm-ruskea-pla-bio-coating-pahvi-246-gsm-fsc-sertifioitu-50-kpl-pkt\\\/#primaryimage\",\"url\":\"https:\\\/\\\/infigo.ee\\\/wp-content\\\/uploads\\\/2024\\\/08\\\/cup-lid_884901.jpg\",\"contentUrl\":\"https:\\\/\\\/infigo.ee\\\/wp-content\\\/uploads\\\/2024\\\/08\\\/cup-lid_884901.jpg\",\"width\":1485,\"height\":1485},{\"@type\":\"BreadcrumbList\",\"@id\":\"https:\\\/\\\/infigo.ee\\\/fi\\\/tuote\\\/kansi-kertakayttorasialle-o-6-cm-ruskea-pla-bio-coating-pahvi-246-gsm-fsc-sertifioitu-50-kpl-pkt\\\/#breadcrumb\",\"itemListElement\":[{\"@type\":\"ListItem\",\"position\":1,\"name\":\"Home\",\"item\":\"https:\\\/\\\/infigo.ee\\\/fi\\\/\"},{\"@type\":\"ListItem\",\"position\":2,\"name\":\"Verkkokauppa\",\"item\":\"https:\\\/\\\/infigo.ee\\\/fi\\\/myymala\\\/\"},{\"@type\":\"ListItem\",\"position\":3,\"name\":\"Kansi kertak\u00e4ytt\u00f6rasialle \u00d8 6 cm, ruskea PLA Bio-coating pahvi 246 gsm FSC\u00ae sertifioitu, 50 kpl\\\/pkt\"}]},{\"@type\":\"WebSite\",\"@id\":\"https:\\\/\\\/infigo.ee\\\/#website\",\"url\":\"https:\\\/\\\/infigo.ee\\\/\",\"name\":\"Infigo\",\"description\":\"\",\"publisher\":{\"@id\":\"https:\\\/\\\/infigo.ee\\\/#organization\"},\"potentialAction\":[{\"@type\":\"SearchAction\",\"target\":{\"@type\":\"EntryPoint\",\"urlTemplate\":\"https:\\\/\\\/infigo.ee\\\/?s={search_term_string}\"},\"query-input\":{\"@type\":\"PropertyValueSpecification\",\"valueRequired\":true,\"valueName\":\"search_term_string\"}}],\"inLanguage\":\"fi\"},{\"@type\":\"Organization\",\"@id\":\"https:\\\/\\\/infigo.ee\\\/#organization\",\"name\":\"Infigo\",\"url\":\"https:\\\/\\\/infigo.ee\\\/\",\"logo\":{\"@type\":\"ImageObject\",\"inLanguage\":\"fi\",\"@id\":\"https:\\\/\\\/infigo.ee\\\/#\\\/schema\\\/logo\\\/image\\\/\",\"url\":\"https:\\\/\\\/infigo.ee\\\/wp-content\\\/uploads\\\/2023\\\/11\\\/logo-1.jpg\",\"contentUrl\":\"https:\\\/\\\/infigo.ee\\\/wp-content\\\/uploads\\\/2023\\\/11\\\/logo-1.jpg\",\"width\":334,\"height\":114,\"caption\":\"Infigo\"},\"image\":{\"@id\":\"https:\\\/\\\/infigo.ee\\\/#\\\/schema\\\/logo\\\/image\\\/\"}}]}<\/script>\n<!-- \/ Yoast SEO plugin. -->","yoast_head_json":{"title":"Kansi kertak\u00e4ytt\u00f6rasialle \u00d8 6 cm, ruskea PLA Bio-coating pahvi 246 gsm FSC\u00ae sertifioitu, 50 kpl\/pkt - Infigo","robots":{"index":"index","follow":"follow","max-snippet":"max-snippet:-1","max-image-preview":"max-image-preview:large","max-video-preview":"max-video-preview:-1"},"canonical":"https:\/\/infigo.ee\/fi\/tuote\/kansi-kertakayttorasialle-o-6-cm-ruskea-pla-bio-coating-pahvi-246-gsm-fsc-sertifioitu-50-kpl-pkt\/","og_locale":"fi_FI","og_type":"article","og_title":"Kansi kertak\u00e4ytt\u00f6rasialle \u00d8 6 cm, ruskea PLA Bio-coating pahvi 246 gsm FSC\u00ae sertifioitu, 50 kpl\/pkt - Infigo","og_url":"https:\/\/infigo.ee\/fi\/tuote\/kansi-kertakayttorasialle-o-6-cm-ruskea-pla-bio-coating-pahvi-246-gsm-fsc-sertifioitu-50-kpl-pkt\/","og_site_name":"Infigo","article_modified_time":"2026-02-26T14:29:54+00:00","og_image":[{"width":1485,"height":1485,"url":"https:\/\/infigo.ee\/wp-content\/uploads\/2024\/08\/cup-lid_884901.jpg","type":"image\/jpeg"}],"twitter_card":"summary_large_image","schema":{"@context":"https:\/\/schema.org","@graph":[{"@type":"WebPage","@id":"https:\/\/infigo.ee\/fi\/tuote\/kansi-kertakayttorasialle-o-6-cm-ruskea-pla-bio-coating-pahvi-246-gsm-fsc-sertifioitu-50-kpl-pkt\/","url":"https:\/\/infigo.ee\/fi\/tuote\/kansi-kertakayttorasialle-o-6-cm-ruskea-pla-bio-coating-pahvi-246-gsm-fsc-sertifioitu-50-kpl-pkt\/","name":"Kansi kertak\u00e4ytt\u00f6rasialle \u00d8 6 cm, ruskea PLA Bio-coating pahvi 246 gsm FSC\u00ae sertifioitu, 50 kpl\/pkt - Infigo","isPartOf":{"@id":"https:\/\/infigo.ee\/#website"},"primaryImageOfPage":{"@id":"https:\/\/infigo.ee\/fi\/tuote\/kansi-kertakayttorasialle-o-6-cm-ruskea-pla-bio-coating-pahvi-246-gsm-fsc-sertifioitu-50-kpl-pkt\/#primaryimage"},"image":{"@id":"https:\/\/infigo.ee\/fi\/tuote\/kansi-kertakayttorasialle-o-6-cm-ruskea-pla-bio-coating-pahvi-246-gsm-fsc-sertifioitu-50-kpl-pkt\/#primaryimage"},"thumbnailUrl":"https:\/\/infigo.ee\/wp-content\/uploads\/2024\/08\/cup-lid_884901.jpg","datePublished":"2024-10-21T04:31:32+00:00","dateModified":"2026-02-26T14:29:54+00:00","breadcrumb":{"@id":"https:\/\/infigo.ee\/fi\/tuote\/kansi-kertakayttorasialle-o-6-cm-ruskea-pla-bio-coating-pahvi-246-gsm-fsc-sertifioitu-50-kpl-pkt\/#breadcrumb"},"inLanguage":"fi","potentialAction":[{"@type":"ReadAction","target":["https:\/\/infigo.ee\/fi\/tuote\/kansi-kertakayttorasialle-o-6-cm-ruskea-pla-bio-coating-pahvi-246-gsm-fsc-sertifioitu-50-kpl-pkt\/"]}]},{"@type":"ImageObject","inLanguage":"fi","@id":"https:\/\/infigo.ee\/fi\/tuote\/kansi-kertakayttorasialle-o-6-cm-ruskea-pla-bio-coating-pahvi-246-gsm-fsc-sertifioitu-50-kpl-pkt\/#primaryimage","url":"https:\/\/infigo.ee\/wp-content\/uploads\/2024\/08\/cup-lid_884901.jpg","contentUrl":"https:\/\/infigo.ee\/wp-content\/uploads\/2024\/08\/cup-lid_884901.jpg","width":1485,"height":1485},{"@type":"BreadcrumbList","@id":"https:\/\/infigo.ee\/fi\/tuote\/kansi-kertakayttorasialle-o-6-cm-ruskea-pla-bio-coating-pahvi-246-gsm-fsc-sertifioitu-50-kpl-pkt\/#breadcrumb","itemListElement":[{"@type":"ListItem","position":1,"name":"Home","item":"https:\/\/infigo.ee\/fi\/"},{"@type":"ListItem","position":2,"name":"Verkkokauppa","item":"https:\/\/infigo.ee\/fi\/myymala\/"},{"@type":"ListItem","position":3,"name":"Kansi kertak\u00e4ytt\u00f6rasialle \u00d8 6 cm, ruskea PLA Bio-coating pahvi 246 gsm FSC\u00ae sertifioitu, 50 kpl\/pkt"}]},{"@type":"WebSite","@id":"https:\/\/infigo.ee\/#website","url":"https:\/\/infigo.ee\/","name":"Infigo","description":"","publisher":{"@id":"https:\/\/infigo.ee\/#organization"},"potentialAction":[{"@type":"SearchAction","target":{"@type":"EntryPoint","urlTemplate":"https:\/\/infigo.ee\/?s={search_term_string}"},"query-input":{"@type":"PropertyValueSpecification","valueRequired":true,"valueName":"search_term_string"}}],"inLanguage":"fi"},{"@type":"Organization","@id":"https:\/\/infigo.ee\/#organization","name":"Infigo","url":"https:\/\/infigo.ee\/","logo":{"@type":"ImageObject","inLanguage":"fi","@id":"https:\/\/infigo.ee\/#\/schema\/logo\/image\/","url":"https:\/\/infigo.ee\/wp-content\/uploads\/2023\/11\/logo-1.jpg","contentUrl":"https:\/\/infigo.ee\/wp-content\/uploads\/2023\/11\/logo-1.jpg","width":334,"height":114,"caption":"Infigo"},"image":{"@id":"https:\/\/infigo.ee\/#\/schema\/logo\/image\/"}}]}},"_links":{"self":[{"href":"https:\/\/infigo.ee\/fi\/wp-json\/wp\/v2\/product\/52867","targetHints":{"allow":["GET"]}}],"collection":[{"href":"https:\/\/infigo.ee\/fi\/wp-json\/wp\/v2\/product"}],"about":[{"href":"https:\/\/infigo.ee\/fi\/wp-json\/wp\/v2\/types\/product"}],"replies":[{"embeddable":true,"href":"https:\/\/infigo.ee\/fi\/wp-json\/wp\/v2\/comments?post=52867"}],"wp:featuredmedia":[{"embeddable":true,"href":"https:\/\/infigo.ee\/fi\/wp-json\/wp\/v2\/media\/50496"}],"wp:attachment":[{"href":"https:\/\/infigo.ee\/fi\/wp-json\/wp\/v2\/media?parent=52867"}],"wp:term":[{"taxonomy":"product_brand","embeddable":true,"href":"https:\/\/infigo.ee\/fi\/wp-json\/wp\/v2\/product_brand?post=52867"},{"taxonomy":"product_cat","embeddable":true,"href":"https:\/\/infigo.ee\/fi\/wp-json\/wp\/v2\/product_cat?post=52867"},{"taxonomy":"product_tag","embeddable":true,"href":"https:\/\/infigo.ee\/fi\/wp-json\/wp\/v2\/product_tag?post=52867"}],"curies":[{"name":"wp","href":"https:\/\/api.w.org\/{rel}","templated":true}]}}