{"id":43553,"date":"2024-03-03T17:56:52","date_gmt":"2024-03-03T15:56:52","guid":{"rendered":"https:\/\/infigo.ee\/toode\/jaatisetopsid-supikausid-salatikausid\/"},"modified":"2024-03-03T18:00:22","modified_gmt":"2024-03-03T16:00:22","slug":"jaatisetopsid-supikausid-salatikausid","status":"publish","type":"product","link":"https:\/\/infigo.ee\/fi\/tuote\/jaatisetopsid-supikausid-salatikausid\/","title":{"rendered":"J\u00e4\u00e4tel\u00f6kupit. Keittokulhot. Salaattikulhot"},"content":{"rendered":"<p>J\u00e4\u00e4tel\u00f6kuppi, keitto- tai salaattikulho omalla logolla ja designilla &#8211; Paras tapasi tarjoilla maailman parasta j\u00e4\u00e4tel\u00f6\u00e4, keittoa ja salaattia!<br \/>\nKert\u00e4kaytt\u00f6tuotteet. Ruuan ostamiseen mukaan ja paikan p\u00e4\u00e4ll\u00e4 sy\u00f6miseen.<br \/>\n<strong>J\u00e4\u00e4tel\u00f6kuppien mitat:<\/strong> 150 ml, 250 ml, 350 ml<br \/>\n<strong>Keittokulhojen ja salaattikulhojen mitat:<\/strong> 500 ml, 750 ml, 1000 ml<br \/>\n<strong>Materiaali:<\/strong> pahvi, kupin sis\u00e4puoli PE-laminaatiolla, yksi- tai monikerroksiset kupit<br \/>\n<strong>Materiaalin v\u00e4ri:<\/strong> valkoinen tai ruskea<br \/>\n<strong>Tulostus:<\/strong> 1-4 v\u00e4ri\u00e4 (CMYK)<br \/>\n<strong>Tilausm\u00e4\u00e4r\u00e4:<\/strong> alk. 5.000 kpl<br \/>\n<strong>Extra:<\/strong> Meilt\u00e4 l\u00f6yd\u00e4t my\u00f6s sopivat kannet j\u00e4\u00e4tel\u00f6kupeillesi ja keitto- ja salattikulhoillesi<\/p>\n","protected":false},"excerpt":{"rendered":"<p>J\u00e4\u00e4tel\u00f6kuppi, keitto- tai salaattikulho omalla logolla ja designilla &#8211; Paras tapasi tarjoilla maailman parasta j\u00e4\u00e4tel\u00f6\u00e4, keittoa ja salaattia! Kert\u00e4kaytt\u00f6tuotteet. Ruuan ostamiseen mukaan ja paikan p\u00e4\u00e4ll\u00e4 sy\u00f6miseen. J\u00e4\u00e4tel\u00f6kuppien mitat: 150 ml, 250 ml, 350 ml Keittokulhojen ja salaattikulhojen mitat: 500 ml, 750 ml, 1000 ml Materiaali: pahvi, kupin sis\u00e4puoli PE-laminaatiolla, yksi- tai monikerroksiset kupit Materiaalin v\u00e4ri: [&hellip;]<\/p>\n","protected":false},"featured_media":43523,"comment_status":"open","ping_status":"closed","template":"","meta":{"_acf_changed":false},"product_brand":[],"product_cat":[675],"product_tag":[],"class_list":{"0":"post-43553","1":"product","2":"type-product","3":"status-publish","4":"has-post-thumbnail","6":"product_cat-ruokalaatikot-leivoslaatikot-pizzalaatikot","8":"first","9":"instock","10":"taxable","11":"shipping-taxable","12":"product-type-simple"},"acf":[],"yoast_head":"<!-- This site is optimized with the Yoast SEO plugin v27.5 - https:\/\/yoast.com\/product\/yoast-seo-wordpress\/ -->\n<title>J\u00e4\u00e4tel\u00f6kupit. Keittokulhot. Salaattikulhot - Infigo<\/title>\n<meta name=\"robots\" content=\"index, follow, max-snippet:-1, max-image-preview:large, max-video-preview:-1\" \/>\n<link rel=\"canonical\" href=\"https:\/\/infigo.ee\/fi\/tuote\/jaatisetopsid-supikausid-salatikausid\/\" \/>\n<meta property=\"og:locale\" content=\"fi_FI\" \/>\n<meta property=\"og:type\" content=\"article\" \/>\n<meta property=\"og:title\" content=\"J\u00e4\u00e4tel\u00f6kupit. Keittokulhot. Salaattikulhot - Infigo\" \/>\n<meta property=\"og:description\" content=\"J\u00e4\u00e4tel\u00f6kuppi, keitto- tai salaattikulho omalla logolla ja designilla &#8211; Paras tapasi tarjoilla maailman parasta j\u00e4\u00e4tel\u00f6\u00e4, keittoa ja salaattia! Kert\u00e4kaytt\u00f6tuotteet. Ruuan ostamiseen mukaan ja paikan p\u00e4\u00e4ll\u00e4 sy\u00f6miseen. J\u00e4\u00e4tel\u00f6kuppien mitat: 150 ml, 250 ml, 350 ml Keittokulhojen ja salaattikulhojen mitat: 500 ml, 750 ml, 1000 ml Materiaali: pahvi, kupin sis\u00e4puoli PE-laminaatiolla, yksi- tai monikerroksiset kupit Materiaalin v\u00e4ri: [&hellip;]\" \/>\n<meta property=\"og:url\" content=\"https:\/\/infigo.ee\/fi\/tuote\/jaatisetopsid-supikausid-salatikausid\/\" \/>\n<meta property=\"og:site_name\" content=\"Infigo\" \/>\n<meta property=\"article:modified_time\" content=\"2024-03-03T16:00:22+00:00\" \/>\n<meta property=\"og:image\" content=\"https:\/\/infigo.ee\/wp-content\/uploads\/2024\/03\/print_food-box7.jpg\" \/>\n\t<meta property=\"og:image:width\" content=\"1485\" \/>\n\t<meta property=\"og:image:height\" content=\"1485\" \/>\n\t<meta property=\"og:image:type\" content=\"image\/jpeg\" \/>\n<meta name=\"twitter:card\" content=\"summary_large_image\" \/>\n<meta name=\"twitter:label1\" content=\"Arvioitu lukuaika\" \/>\n\t<meta name=\"twitter:data1\" content=\"1 minuutti\" \/>\n<script type=\"application\/ld+json\" class=\"yoast-schema-graph\">{\"@context\":\"https:\\\/\\\/schema.org\",\"@graph\":[{\"@type\":\"WebPage\",\"@id\":\"https:\\\/\\\/infigo.ee\\\/fi\\\/tuote\\\/jaatisetopsid-supikausid-salatikausid\\\/\",\"url\":\"https:\\\/\\\/infigo.ee\\\/fi\\\/tuote\\\/jaatisetopsid-supikausid-salatikausid\\\/\",\"name\":\"J\u00e4\u00e4tel\u00f6kupit. Keittokulhot. Salaattikulhot - Infigo\",\"isPartOf\":{\"@id\":\"https:\\\/\\\/infigo.ee\\\/#website\"},\"primaryImageOfPage\":{\"@id\":\"https:\\\/\\\/infigo.ee\\\/fi\\\/tuote\\\/jaatisetopsid-supikausid-salatikausid\\\/#primaryimage\"},\"image\":{\"@id\":\"https:\\\/\\\/infigo.ee\\\/fi\\\/tuote\\\/jaatisetopsid-supikausid-salatikausid\\\/#primaryimage\"},\"thumbnailUrl\":\"https:\\\/\\\/infigo.ee\\\/wp-content\\\/uploads\\\/2024\\\/03\\\/print_food-box7.jpg\",\"datePublished\":\"2024-03-03T15:56:52+00:00\",\"dateModified\":\"2024-03-03T16:00:22+00:00\",\"breadcrumb\":{\"@id\":\"https:\\\/\\\/infigo.ee\\\/fi\\\/tuote\\\/jaatisetopsid-supikausid-salatikausid\\\/#breadcrumb\"},\"inLanguage\":\"fi\",\"potentialAction\":[{\"@type\":\"ReadAction\",\"target\":[\"https:\\\/\\\/infigo.ee\\\/fi\\\/tuote\\\/jaatisetopsid-supikausid-salatikausid\\\/\"]}]},{\"@type\":\"ImageObject\",\"inLanguage\":\"fi\",\"@id\":\"https:\\\/\\\/infigo.ee\\\/fi\\\/tuote\\\/jaatisetopsid-supikausid-salatikausid\\\/#primaryimage\",\"url\":\"https:\\\/\\\/infigo.ee\\\/wp-content\\\/uploads\\\/2024\\\/03\\\/print_food-box7.jpg\",\"contentUrl\":\"https:\\\/\\\/infigo.ee\\\/wp-content\\\/uploads\\\/2024\\\/03\\\/print_food-box7.jpg\",\"width\":1485,\"height\":1485},{\"@type\":\"BreadcrumbList\",\"@id\":\"https:\\\/\\\/infigo.ee\\\/fi\\\/tuote\\\/jaatisetopsid-supikausid-salatikausid\\\/#breadcrumb\",\"itemListElement\":[{\"@type\":\"ListItem\",\"position\":1,\"name\":\"Home\",\"item\":\"https:\\\/\\\/infigo.ee\\\/fi\\\/\"},{\"@type\":\"ListItem\",\"position\":2,\"name\":\"Verkkokauppa\",\"item\":\"https:\\\/\\\/infigo.ee\\\/fi\\\/myymala\\\/\"},{\"@type\":\"ListItem\",\"position\":3,\"name\":\"J\u00e4\u00e4tel\u00f6kupit. Keittokulhot. Salaattikulhot\"}]},{\"@type\":\"WebSite\",\"@id\":\"https:\\\/\\\/infigo.ee\\\/#website\",\"url\":\"https:\\\/\\\/infigo.ee\\\/\",\"name\":\"Infigo\",\"description\":\"\",\"publisher\":{\"@id\":\"https:\\\/\\\/infigo.ee\\\/#organization\"},\"potentialAction\":[{\"@type\":\"SearchAction\",\"target\":{\"@type\":\"EntryPoint\",\"urlTemplate\":\"https:\\\/\\\/infigo.ee\\\/?s={search_term_string}\"},\"query-input\":{\"@type\":\"PropertyValueSpecification\",\"valueRequired\":true,\"valueName\":\"search_term_string\"}}],\"inLanguage\":\"fi\"},{\"@type\":\"Organization\",\"@id\":\"https:\\\/\\\/infigo.ee\\\/#organization\",\"name\":\"Infigo\",\"url\":\"https:\\\/\\\/infigo.ee\\\/\",\"logo\":{\"@type\":\"ImageObject\",\"inLanguage\":\"fi\",\"@id\":\"https:\\\/\\\/infigo.ee\\\/#\\\/schema\\\/logo\\\/image\\\/\",\"url\":\"https:\\\/\\\/infigo.ee\\\/wp-content\\\/uploads\\\/2023\\\/11\\\/logo-1.jpg\",\"contentUrl\":\"https:\\\/\\\/infigo.ee\\\/wp-content\\\/uploads\\\/2023\\\/11\\\/logo-1.jpg\",\"width\":334,\"height\":114,\"caption\":\"Infigo\"},\"image\":{\"@id\":\"https:\\\/\\\/infigo.ee\\\/#\\\/schema\\\/logo\\\/image\\\/\"}}]}<\/script>\n<!-- \/ Yoast SEO plugin. -->","yoast_head_json":{"title":"J\u00e4\u00e4tel\u00f6kupit. Keittokulhot. Salaattikulhot - Infigo","robots":{"index":"index","follow":"follow","max-snippet":"max-snippet:-1","max-image-preview":"max-image-preview:large","max-video-preview":"max-video-preview:-1"},"canonical":"https:\/\/infigo.ee\/fi\/tuote\/jaatisetopsid-supikausid-salatikausid\/","og_locale":"fi_FI","og_type":"article","og_title":"J\u00e4\u00e4tel\u00f6kupit. Keittokulhot. Salaattikulhot - Infigo","og_description":"J\u00e4\u00e4tel\u00f6kuppi, keitto- tai salaattikulho omalla logolla ja designilla &#8211; Paras tapasi tarjoilla maailman parasta j\u00e4\u00e4tel\u00f6\u00e4, keittoa ja salaattia! Kert\u00e4kaytt\u00f6tuotteet. Ruuan ostamiseen mukaan ja paikan p\u00e4\u00e4ll\u00e4 sy\u00f6miseen. J\u00e4\u00e4tel\u00f6kuppien mitat: 150 ml, 250 ml, 350 ml Keittokulhojen ja salaattikulhojen mitat: 500 ml, 750 ml, 1000 ml Materiaali: pahvi, kupin sis\u00e4puoli PE-laminaatiolla, yksi- tai monikerroksiset kupit Materiaalin v\u00e4ri: [&hellip;]","og_url":"https:\/\/infigo.ee\/fi\/tuote\/jaatisetopsid-supikausid-salatikausid\/","og_site_name":"Infigo","article_modified_time":"2024-03-03T16:00:22+00:00","og_image":[{"width":1485,"height":1485,"url":"https:\/\/infigo.ee\/wp-content\/uploads\/2024\/03\/print_food-box7.jpg","type":"image\/jpeg"}],"twitter_card":"summary_large_image","twitter_misc":{"Arvioitu lukuaika":"1 minuutti"},"schema":{"@context":"https:\/\/schema.org","@graph":[{"@type":"WebPage","@id":"https:\/\/infigo.ee\/fi\/tuote\/jaatisetopsid-supikausid-salatikausid\/","url":"https:\/\/infigo.ee\/fi\/tuote\/jaatisetopsid-supikausid-salatikausid\/","name":"J\u00e4\u00e4tel\u00f6kupit. Keittokulhot. Salaattikulhot - Infigo","isPartOf":{"@id":"https:\/\/infigo.ee\/#website"},"primaryImageOfPage":{"@id":"https:\/\/infigo.ee\/fi\/tuote\/jaatisetopsid-supikausid-salatikausid\/#primaryimage"},"image":{"@id":"https:\/\/infigo.ee\/fi\/tuote\/jaatisetopsid-supikausid-salatikausid\/#primaryimage"},"thumbnailUrl":"https:\/\/infigo.ee\/wp-content\/uploads\/2024\/03\/print_food-box7.jpg","datePublished":"2024-03-03T15:56:52+00:00","dateModified":"2024-03-03T16:00:22+00:00","breadcrumb":{"@id":"https:\/\/infigo.ee\/fi\/tuote\/jaatisetopsid-supikausid-salatikausid\/#breadcrumb"},"inLanguage":"fi","potentialAction":[{"@type":"ReadAction","target":["https:\/\/infigo.ee\/fi\/tuote\/jaatisetopsid-supikausid-salatikausid\/"]}]},{"@type":"ImageObject","inLanguage":"fi","@id":"https:\/\/infigo.ee\/fi\/tuote\/jaatisetopsid-supikausid-salatikausid\/#primaryimage","url":"https:\/\/infigo.ee\/wp-content\/uploads\/2024\/03\/print_food-box7.jpg","contentUrl":"https:\/\/infigo.ee\/wp-content\/uploads\/2024\/03\/print_food-box7.jpg","width":1485,"height":1485},{"@type":"BreadcrumbList","@id":"https:\/\/infigo.ee\/fi\/tuote\/jaatisetopsid-supikausid-salatikausid\/#breadcrumb","itemListElement":[{"@type":"ListItem","position":1,"name":"Home","item":"https:\/\/infigo.ee\/fi\/"},{"@type":"ListItem","position":2,"name":"Verkkokauppa","item":"https:\/\/infigo.ee\/fi\/myymala\/"},{"@type":"ListItem","position":3,"name":"J\u00e4\u00e4tel\u00f6kupit. Keittokulhot. Salaattikulhot"}]},{"@type":"WebSite","@id":"https:\/\/infigo.ee\/#website","url":"https:\/\/infigo.ee\/","name":"Infigo","description":"","publisher":{"@id":"https:\/\/infigo.ee\/#organization"},"potentialAction":[{"@type":"SearchAction","target":{"@type":"EntryPoint","urlTemplate":"https:\/\/infigo.ee\/?s={search_term_string}"},"query-input":{"@type":"PropertyValueSpecification","valueRequired":true,"valueName":"search_term_string"}}],"inLanguage":"fi"},{"@type":"Organization","@id":"https:\/\/infigo.ee\/#organization","name":"Infigo","url":"https:\/\/infigo.ee\/","logo":{"@type":"ImageObject","inLanguage":"fi","@id":"https:\/\/infigo.ee\/#\/schema\/logo\/image\/","url":"https:\/\/infigo.ee\/wp-content\/uploads\/2023\/11\/logo-1.jpg","contentUrl":"https:\/\/infigo.ee\/wp-content\/uploads\/2023\/11\/logo-1.jpg","width":334,"height":114,"caption":"Infigo"},"image":{"@id":"https:\/\/infigo.ee\/#\/schema\/logo\/image\/"}}]}},"_links":{"self":[{"href":"https:\/\/infigo.ee\/fi\/wp-json\/wp\/v2\/product\/43553","targetHints":{"allow":["GET"]}}],"collection":[{"href":"https:\/\/infigo.ee\/fi\/wp-json\/wp\/v2\/product"}],"about":[{"href":"https:\/\/infigo.ee\/fi\/wp-json\/wp\/v2\/types\/product"}],"replies":[{"embeddable":true,"href":"https:\/\/infigo.ee\/fi\/wp-json\/wp\/v2\/comments?post=43553"}],"wp:featuredmedia":[{"embeddable":true,"href":"https:\/\/infigo.ee\/fi\/wp-json\/wp\/v2\/media\/43523"}],"wp:attachment":[{"href":"https:\/\/infigo.ee\/fi\/wp-json\/wp\/v2\/media?parent=43553"}],"wp:term":[{"taxonomy":"product_brand","embeddable":true,"href":"https:\/\/infigo.ee\/fi\/wp-json\/wp\/v2\/product_brand?post=43553"},{"taxonomy":"product_cat","embeddable":true,"href":"https:\/\/infigo.ee\/fi\/wp-json\/wp\/v2\/product_cat?post=43553"},{"taxonomy":"product_tag","embeddable":true,"href":"https:\/\/infigo.ee\/fi\/wp-json\/wp\/v2\/product_tag?post=43553"}],"curies":[{"name":"wp","href":"https:\/\/api.w.org\/{rel}","templated":true}]}}