{"id":42296,"date":"2024-02-14T14:23:24","date_gmt":"2024-02-14T12:23:24","guid":{"rendered":"https:\/\/infigo.ee\/toode\/reklaamtrykised\/"},"modified":"2024-03-06T12:58:24","modified_gmt":"2024-03-06T10:58:24","slug":"painotuotteet-kampanjapakkaus-mainostuotteet","status":"publish","type":"product","link":"https:\/\/infigo.ee\/fi\/tuote\/painotuotteet-kampanjapakkaus-mainostuotteet\/","title":{"rendered":"Painotuotteet. Mainostuotteet"},"content":{"rendered":"<p><strong>Liikelahjoille, ty\u00f6ntekij\u00f6ille, jouluun ja erikoistilaisuuksiin.<br \/>\n<\/strong>Painotuotteet, kampanjapakkaukset on suunniteltu lis\u00e4\u00e4m\u00e4\u00e4n myynti\u00e4. Kampanjapakkaus, mainospakkaus luo ensivaikutelman ja antaa kuvan tuotteen laadusta ja br\u00e4ndist\u00e4.<\/p>\n<p><strong>Mitat:<\/strong> asiakkaan toiveiden mukaan<br \/>\n<strong>Materiaali:<\/strong> paperi<br \/>\n<strong>Painatus:<\/strong> 1-4 v\u00e4ri\u00e4 (CMYK)<br \/>\n<strong>Tilausm\u00e4\u00e4r\u00e4:<\/strong> alkaen 100 kpl<\/p>\n<p>Suklaa- ja karkkirasiakotelo, kannet<br \/>\nHinnastot ja tuoteluettelot<br \/>\nMenukannet ja mapit<br \/>\nFlyerit ja asiakaslehdet<br \/>\nKansiot ja folderit<br \/>\nKortit ja kutsut<br \/>\nLuettelot ja k\u00e4ytt\u00f6ohjeet<br \/>\nJulisteet ja esitteet<\/p>\n<p>Erilaisia tulostus- ja pintak\u00e4sittelyvaihtoehtoja:<br \/>\nDigipainatus \u2013 Silkkipainatus \u2013 Offsetpainatus \u2013 UV kohdelakkaus \u2013 3D-lakkaukset \u2013 Kohdelakkaus lis\u00e4tty glitterill\u00e4 \u2013 S\u00e4vytetty kohdelakkaus \u2013 Luminesoiva kohdelakkaus \u2013 Kulta- ja hopeav\u00e4ripainatus- Laminointi<\/p>\n","protected":false},"excerpt":{"rendered":"<p>Liikelahjoille, ty\u00f6ntekij\u00f6ille, jouluun ja erikoistilaisuuksiin. Painotuotteet, kampanjapakkaukset on suunniteltu lis\u00e4\u00e4m\u00e4\u00e4n myynti\u00e4. Kampanjapakkaus, mainospakkaus luo ensivaikutelman ja antaa kuvan tuotteen laadusta ja br\u00e4ndist\u00e4. Mitat: asiakkaan toiveiden mukaan Materiaali: paperi Painatus: 1-4 v\u00e4ri\u00e4 (CMYK) Tilausm\u00e4\u00e4r\u00e4: alkaen 100 kpl Suklaa- ja karkkirasiakotelo, kannet Hinnastot ja tuoteluettelot Menukannet ja mapit Flyerit ja asiakaslehdet Kansiot ja folderit Kortit ja kutsut [&hellip;]<\/p>\n","protected":false},"featured_media":44116,"comment_status":"open","ping_status":"closed","template":"","meta":{"_acf_changed":false},"product_brand":[],"product_cat":[681],"product_tag":[],"class_list":{"0":"post-42296","1":"product","2":"type-product","3":"status-publish","4":"has-post-thumbnail","6":"product_cat-tarrat-kampanjapakkaus-mainospakkaus","8":"first","9":"instock","10":"taxable","11":"shipping-taxable","12":"product-type-simple"},"acf":[],"yoast_head":"<!-- This site is optimized with the Yoast SEO plugin v27.3 - https:\/\/yoast.com\/product\/yoast-seo-wordpress\/ -->\n<title>Painotuotteet. Mainostuotteet - Infigo<\/title>\n<meta name=\"robots\" content=\"index, follow, max-snippet:-1, max-image-preview:large, max-video-preview:-1\" \/>\n<link rel=\"canonical\" href=\"https:\/\/infigo.ee\/tuote\/reklaamtrykised\/\" \/>\n<meta property=\"og:locale\" content=\"fi_FI\" \/>\n<meta property=\"og:type\" content=\"article\" \/>\n<meta property=\"og:title\" content=\"Painotuotteet. Mainostuotteet - Infigo\" \/>\n<meta property=\"og:description\" content=\"Liikelahjoille, ty\u00f6ntekij\u00f6ille, jouluun ja erikoistilaisuuksiin. Painotuotteet, kampanjapakkaukset on suunniteltu lis\u00e4\u00e4m\u00e4\u00e4n myynti\u00e4. Kampanjapakkaus, mainospakkaus luo ensivaikutelman ja antaa kuvan tuotteen laadusta ja br\u00e4ndist\u00e4. Mitat: asiakkaan toiveiden mukaan Materiaali: paperi Painatus: 1-4 v\u00e4ri\u00e4 (CMYK) Tilausm\u00e4\u00e4r\u00e4: alkaen 100 kpl Suklaa- ja karkkirasiakotelo, kannet Hinnastot ja tuoteluettelot Menukannet ja mapit Flyerit ja asiakaslehdet Kansiot ja folderit Kortit ja kutsut [&hellip;]\" \/>\n<meta property=\"og:url\" content=\"https:\/\/infigo.ee\/tuote\/reklaamtrykised\/\" \/>\n<meta property=\"og:site_name\" content=\"Infigo\" \/>\n<meta property=\"article:modified_time\" content=\"2024-03-06T10:58:24+00:00\" \/>\n<meta property=\"og:image\" content=\"https:\/\/infigo.ee\/wp-content\/uploads\/2024\/02\/print_stand-label6.jpg\" \/>\n\t<meta property=\"og:image:width\" content=\"1485\" \/>\n\t<meta property=\"og:image:height\" content=\"1485\" \/>\n\t<meta property=\"og:image:type\" content=\"image\/jpeg\" \/>\n<meta name=\"twitter:card\" content=\"summary_large_image\" \/>\n<meta name=\"twitter:label1\" content=\"Arvioitu lukuaika\" \/>\n\t<meta name=\"twitter:data1\" content=\"1 minuutti\" \/>\n<script type=\"application\/ld+json\" class=\"yoast-schema-graph\">{\"@context\":\"https:\\\/\\\/schema.org\",\"@graph\":[{\"@type\":\"WebPage\",\"@id\":\"https:\\\/\\\/infigo.ee\\\/tuote\\\/reklaamtrykised\\\/\",\"url\":\"https:\\\/\\\/infigo.ee\\\/tuote\\\/reklaamtrykised\\\/\",\"name\":\"Painotuotteet. Mainostuotteet - Infigo\",\"isPartOf\":{\"@id\":\"https:\\\/\\\/infigo.ee\\\/#website\"},\"primaryImageOfPage\":{\"@id\":\"https:\\\/\\\/infigo.ee\\\/tuote\\\/reklaamtrykised\\\/#primaryimage\"},\"image\":{\"@id\":\"https:\\\/\\\/infigo.ee\\\/tuote\\\/reklaamtrykised\\\/#primaryimage\"},\"thumbnailUrl\":\"https:\\\/\\\/infigo.ee\\\/wp-content\\\/uploads\\\/2024\\\/02\\\/print_stand-label6.jpg\",\"datePublished\":\"2024-02-14T12:23:24+00:00\",\"dateModified\":\"2024-03-06T10:58:24+00:00\",\"breadcrumb\":{\"@id\":\"https:\\\/\\\/infigo.ee\\\/tuote\\\/reklaamtrykised\\\/#breadcrumb\"},\"inLanguage\":\"fi\",\"potentialAction\":[{\"@type\":\"ReadAction\",\"target\":[\"https:\\\/\\\/infigo.ee\\\/tuote\\\/reklaamtrykised\\\/\"]}]},{\"@type\":\"ImageObject\",\"inLanguage\":\"fi\",\"@id\":\"https:\\\/\\\/infigo.ee\\\/tuote\\\/reklaamtrykised\\\/#primaryimage\",\"url\":\"https:\\\/\\\/infigo.ee\\\/wp-content\\\/uploads\\\/2024\\\/02\\\/print_stand-label6.jpg\",\"contentUrl\":\"https:\\\/\\\/infigo.ee\\\/wp-content\\\/uploads\\\/2024\\\/02\\\/print_stand-label6.jpg\",\"width\":1485,\"height\":1485},{\"@type\":\"BreadcrumbList\",\"@id\":\"https:\\\/\\\/infigo.ee\\\/tuote\\\/reklaamtrykised\\\/#breadcrumb\",\"itemListElement\":[{\"@type\":\"ListItem\",\"position\":1,\"name\":\"Home\",\"item\":\"https:\\\/\\\/infigo.ee\\\/fi\\\/\"},{\"@type\":\"ListItem\",\"position\":2,\"name\":\"Verkkokauppa\",\"item\":\"https:\\\/\\\/infigo.ee\\\/fi\\\/myymala\\\/\"},{\"@type\":\"ListItem\",\"position\":3,\"name\":\"Painotuotteet. Mainostuotteet\"}]},{\"@type\":\"WebSite\",\"@id\":\"https:\\\/\\\/infigo.ee\\\/#website\",\"url\":\"https:\\\/\\\/infigo.ee\\\/\",\"name\":\"Infigo\",\"description\":\"\",\"publisher\":{\"@id\":\"https:\\\/\\\/infigo.ee\\\/#organization\"},\"potentialAction\":[{\"@type\":\"SearchAction\",\"target\":{\"@type\":\"EntryPoint\",\"urlTemplate\":\"https:\\\/\\\/infigo.ee\\\/?s={search_term_string}\"},\"query-input\":{\"@type\":\"PropertyValueSpecification\",\"valueRequired\":true,\"valueName\":\"search_term_string\"}}],\"inLanguage\":\"fi\"},{\"@type\":\"Organization\",\"@id\":\"https:\\\/\\\/infigo.ee\\\/#organization\",\"name\":\"Infigo\",\"url\":\"https:\\\/\\\/infigo.ee\\\/\",\"logo\":{\"@type\":\"ImageObject\",\"inLanguage\":\"fi\",\"@id\":\"https:\\\/\\\/infigo.ee\\\/#\\\/schema\\\/logo\\\/image\\\/\",\"url\":\"https:\\\/\\\/infigo.ee\\\/wp-content\\\/uploads\\\/2023\\\/11\\\/logo-1.jpg\",\"contentUrl\":\"https:\\\/\\\/infigo.ee\\\/wp-content\\\/uploads\\\/2023\\\/11\\\/logo-1.jpg\",\"width\":334,\"height\":114,\"caption\":\"Infigo\"},\"image\":{\"@id\":\"https:\\\/\\\/infigo.ee\\\/#\\\/schema\\\/logo\\\/image\\\/\"}}]}<\/script>\n<!-- \/ Yoast SEO plugin. -->","yoast_head_json":{"title":"Painotuotteet. Mainostuotteet - Infigo","robots":{"index":"index","follow":"follow","max-snippet":"max-snippet:-1","max-image-preview":"max-image-preview:large","max-video-preview":"max-video-preview:-1"},"canonical":"https:\/\/infigo.ee\/tuote\/reklaamtrykised\/","og_locale":"fi_FI","og_type":"article","og_title":"Painotuotteet. Mainostuotteet - Infigo","og_description":"Liikelahjoille, ty\u00f6ntekij\u00f6ille, jouluun ja erikoistilaisuuksiin. Painotuotteet, kampanjapakkaukset on suunniteltu lis\u00e4\u00e4m\u00e4\u00e4n myynti\u00e4. Kampanjapakkaus, mainospakkaus luo ensivaikutelman ja antaa kuvan tuotteen laadusta ja br\u00e4ndist\u00e4. Mitat: asiakkaan toiveiden mukaan Materiaali: paperi Painatus: 1-4 v\u00e4ri\u00e4 (CMYK) Tilausm\u00e4\u00e4r\u00e4: alkaen 100 kpl Suklaa- ja karkkirasiakotelo, kannet Hinnastot ja tuoteluettelot Menukannet ja mapit Flyerit ja asiakaslehdet Kansiot ja folderit Kortit ja kutsut [&hellip;]","og_url":"https:\/\/infigo.ee\/tuote\/reklaamtrykised\/","og_site_name":"Infigo","article_modified_time":"2024-03-06T10:58:24+00:00","og_image":[{"width":1485,"height":1485,"url":"https:\/\/infigo.ee\/wp-content\/uploads\/2024\/02\/print_stand-label6.jpg","type":"image\/jpeg"}],"twitter_card":"summary_large_image","twitter_misc":{"Arvioitu lukuaika":"1 minuutti"},"schema":{"@context":"https:\/\/schema.org","@graph":[{"@type":"WebPage","@id":"https:\/\/infigo.ee\/tuote\/reklaamtrykised\/","url":"https:\/\/infigo.ee\/tuote\/reklaamtrykised\/","name":"Painotuotteet. Mainostuotteet - Infigo","isPartOf":{"@id":"https:\/\/infigo.ee\/#website"},"primaryImageOfPage":{"@id":"https:\/\/infigo.ee\/tuote\/reklaamtrykised\/#primaryimage"},"image":{"@id":"https:\/\/infigo.ee\/tuote\/reklaamtrykised\/#primaryimage"},"thumbnailUrl":"https:\/\/infigo.ee\/wp-content\/uploads\/2024\/02\/print_stand-label6.jpg","datePublished":"2024-02-14T12:23:24+00:00","dateModified":"2024-03-06T10:58:24+00:00","breadcrumb":{"@id":"https:\/\/infigo.ee\/tuote\/reklaamtrykised\/#breadcrumb"},"inLanguage":"fi","potentialAction":[{"@type":"ReadAction","target":["https:\/\/infigo.ee\/tuote\/reklaamtrykised\/"]}]},{"@type":"ImageObject","inLanguage":"fi","@id":"https:\/\/infigo.ee\/tuote\/reklaamtrykised\/#primaryimage","url":"https:\/\/infigo.ee\/wp-content\/uploads\/2024\/02\/print_stand-label6.jpg","contentUrl":"https:\/\/infigo.ee\/wp-content\/uploads\/2024\/02\/print_stand-label6.jpg","width":1485,"height":1485},{"@type":"BreadcrumbList","@id":"https:\/\/infigo.ee\/tuote\/reklaamtrykised\/#breadcrumb","itemListElement":[{"@type":"ListItem","position":1,"name":"Home","item":"https:\/\/infigo.ee\/fi\/"},{"@type":"ListItem","position":2,"name":"Verkkokauppa","item":"https:\/\/infigo.ee\/fi\/myymala\/"},{"@type":"ListItem","position":3,"name":"Painotuotteet. Mainostuotteet"}]},{"@type":"WebSite","@id":"https:\/\/infigo.ee\/#website","url":"https:\/\/infigo.ee\/","name":"Infigo","description":"","publisher":{"@id":"https:\/\/infigo.ee\/#organization"},"potentialAction":[{"@type":"SearchAction","target":{"@type":"EntryPoint","urlTemplate":"https:\/\/infigo.ee\/?s={search_term_string}"},"query-input":{"@type":"PropertyValueSpecification","valueRequired":true,"valueName":"search_term_string"}}],"inLanguage":"fi"},{"@type":"Organization","@id":"https:\/\/infigo.ee\/#organization","name":"Infigo","url":"https:\/\/infigo.ee\/","logo":{"@type":"ImageObject","inLanguage":"fi","@id":"https:\/\/infigo.ee\/#\/schema\/logo\/image\/","url":"https:\/\/infigo.ee\/wp-content\/uploads\/2023\/11\/logo-1.jpg","contentUrl":"https:\/\/infigo.ee\/wp-content\/uploads\/2023\/11\/logo-1.jpg","width":334,"height":114,"caption":"Infigo"},"image":{"@id":"https:\/\/infigo.ee\/#\/schema\/logo\/image\/"}}]}},"_links":{"self":[{"href":"https:\/\/infigo.ee\/fi\/wp-json\/wp\/v2\/product\/42296","targetHints":{"allow":["GET"]}}],"collection":[{"href":"https:\/\/infigo.ee\/fi\/wp-json\/wp\/v2\/product"}],"about":[{"href":"https:\/\/infigo.ee\/fi\/wp-json\/wp\/v2\/types\/product"}],"replies":[{"embeddable":true,"href":"https:\/\/infigo.ee\/fi\/wp-json\/wp\/v2\/comments?post=42296"}],"wp:featuredmedia":[{"embeddable":true,"href":"https:\/\/infigo.ee\/fi\/wp-json\/wp\/v2\/media\/44116"}],"wp:attachment":[{"href":"https:\/\/infigo.ee\/fi\/wp-json\/wp\/v2\/media?parent=42296"}],"wp:term":[{"taxonomy":"product_brand","embeddable":true,"href":"https:\/\/infigo.ee\/fi\/wp-json\/wp\/v2\/product_brand?post=42296"},{"taxonomy":"product_cat","embeddable":true,"href":"https:\/\/infigo.ee\/fi\/wp-json\/wp\/v2\/product_cat?post=42296"},{"taxonomy":"product_tag","embeddable":true,"href":"https:\/\/infigo.ee\/fi\/wp-json\/wp\/v2\/product_tag?post=42296"}],"curies":[{"name":"wp","href":"https:\/\/api.w.org\/{rel}","templated":true}]}}