{"id":42221,"date":"2024-02-14T11:39:53","date_gmt":"2024-02-14T09:39:53","guid":{"rendered":"https:\/\/infigo.ee\/toode\/doypack-kotid\/"},"modified":"2025-06-30T17:27:24","modified_gmt":"2025-06-30T14:27:24","slug":"doypack-pystypussit","status":"publish","type":"product","link":"https:\/\/infigo.ee\/fi\/tuote\/doypack-pystypussit\/","title":{"rendered":"Pakkaus Doypack-pussit"},"content":{"rendered":"<p>Doypack-tyyppiset pussit ovat eritt\u00e4in kest\u00e4vi\u00e4, helposti avattavia ja tiiviisti uudelleensuljettavia pakkauksia, jotka soveltuvat sek\u00e4 elintarvikkeiden ett\u00e4 monien muiden tuotteiden pakkaamiseen. Tarjoamme tasapohjapusseja ja my\u00f6s pusseja ilman pohjataitoksia.<\/p>\n<p><strong>Koot:<\/strong> asiakkaan toiveiden mukaan<br \/>\n<strong>Materiaali:<\/strong> muovi\/muovi &#8211; \u00a0valmistettu yhdest\u00e4 materiaalista: PP, PE jne. (yksimateriaalipakkaukset tai yksimateriaalipussit), paperi\/muovi, paperi\/biomuovi &#8211; (ulko\/sis\u00e4) jne<br \/>\n<strong>Kiinnitys:<\/strong> minigrip-lukko<br \/>\n<strong>Lis\u00e4ominaisuudet:<\/strong> ripustusreik\u00e4, muovi-ikkuna, degassing valve<br \/>\n<strong>Painatus:<\/strong> 1 &#8211; 4 v\u00e4ri\u00e4 (CMYK)<\/p>\n","protected":false},"excerpt":{"rendered":"<p>Doypack-tyyppiset pussit ovat eritt\u00e4in kest\u00e4vi\u00e4, helposti avattavia ja tiiviisti uudelleensuljettavia pakkauksia, jotka soveltuvat sek\u00e4 elintarvikkeiden ett\u00e4 monien muiden tuotteiden pakkaamiseen. Tarjoamme tasapohjapusseja ja my\u00f6s pusseja ilman pohjataitoksia. Koot: asiakkaan toiveiden mukaan Materiaali: muovi\/muovi &#8211; \u00a0valmistettu yhdest\u00e4 materiaalista: PP, PE jne. (yksimateriaalipakkaukset tai yksimateriaalipussit), paperi\/muovi, paperi\/biomuovi &#8211; (ulko\/sis\u00e4) jne Kiinnitys: minigrip-lukko Lis\u00e4ominaisuudet: ripustusreik\u00e4, muovi-ikkuna, degassing valve [&hellip;]<\/p>\n","protected":false},"featured_media":43092,"comment_status":"open","ping_status":"closed","template":"","meta":{"_acf_changed":false},"product_brand":[],"product_cat":[671],"product_tag":[],"class_list":{"0":"post-42221","1":"product","2":"type-product","3":"status-publish","4":"has-post-thumbnail","6":"product_cat-muovikassit-muovipussit","8":"first","9":"instock","10":"taxable","11":"shipping-taxable","12":"product-type-simple"},"acf":[],"yoast_head":"<!-- This site is optimized with the Yoast SEO plugin v27.3 - https:\/\/yoast.com\/product\/yoast-seo-wordpress\/ -->\n<title>Pakkaus Doypack-pussit - Infigo<\/title>\n<meta name=\"robots\" content=\"index, follow, max-snippet:-1, max-image-preview:large, max-video-preview:-1\" \/>\n<link rel=\"canonical\" href=\"https:\/\/infigo.ee\/tuote\/doypack-kotid\/\" \/>\n<meta property=\"og:locale\" content=\"fi_FI\" \/>\n<meta property=\"og:type\" content=\"article\" \/>\n<meta property=\"og:title\" content=\"Pakkaus Doypack-pussit - Infigo\" \/>\n<meta property=\"og:description\" content=\"Doypack-tyyppiset pussit ovat eritt\u00e4in kest\u00e4vi\u00e4, helposti avattavia ja tiiviisti uudelleensuljettavia pakkauksia, jotka soveltuvat sek\u00e4 elintarvikkeiden ett\u00e4 monien muiden tuotteiden pakkaamiseen. Tarjoamme tasapohjapusseja ja my\u00f6s pusseja ilman pohjataitoksia. Koot: asiakkaan toiveiden mukaan Materiaali: muovi\/muovi &#8211; \u00a0valmistettu yhdest\u00e4 materiaalista: PP, PE jne. (yksimateriaalipakkaukset tai yksimateriaalipussit), paperi\/muovi, paperi\/biomuovi &#8211; (ulko\/sis\u00e4) jne Kiinnitys: minigrip-lukko Lis\u00e4ominaisuudet: ripustusreik\u00e4, muovi-ikkuna, degassing valve [&hellip;]\" \/>\n<meta property=\"og:url\" content=\"https:\/\/infigo.ee\/tuote\/doypack-kotid\/\" \/>\n<meta property=\"og:site_name\" content=\"Infigo\" \/>\n<meta property=\"article:modified_time\" content=\"2025-06-30T14:27:24+00:00\" \/>\n<meta property=\"og:image\" content=\"https:\/\/infigo.ee\/wp-content\/uploads\/2024\/02\/print_paper-bag7.jpg\" \/>\n\t<meta property=\"og:image:width\" content=\"1485\" \/>\n\t<meta property=\"og:image:height\" content=\"1485\" \/>\n\t<meta property=\"og:image:type\" content=\"image\/jpeg\" \/>\n<meta name=\"twitter:card\" content=\"summary_large_image\" \/>\n<meta name=\"twitter:label1\" content=\"Arvioitu lukuaika\" \/>\n\t<meta name=\"twitter:data1\" content=\"1 minuutti\" \/>\n<script type=\"application\/ld+json\" class=\"yoast-schema-graph\">{\"@context\":\"https:\\\/\\\/schema.org\",\"@graph\":[{\"@type\":\"WebPage\",\"@id\":\"https:\\\/\\\/infigo.ee\\\/tuote\\\/doypack-kotid\\\/\",\"url\":\"https:\\\/\\\/infigo.ee\\\/tuote\\\/doypack-kotid\\\/\",\"name\":\"Pakkaus Doypack-pussit - Infigo\",\"isPartOf\":{\"@id\":\"https:\\\/\\\/infigo.ee\\\/#website\"},\"primaryImageOfPage\":{\"@id\":\"https:\\\/\\\/infigo.ee\\\/tuote\\\/doypack-kotid\\\/#primaryimage\"},\"image\":{\"@id\":\"https:\\\/\\\/infigo.ee\\\/tuote\\\/doypack-kotid\\\/#primaryimage\"},\"thumbnailUrl\":\"https:\\\/\\\/infigo.ee\\\/wp-content\\\/uploads\\\/2024\\\/02\\\/print_paper-bag7.jpg\",\"datePublished\":\"2024-02-14T09:39:53+00:00\",\"dateModified\":\"2025-06-30T14:27:24+00:00\",\"breadcrumb\":{\"@id\":\"https:\\\/\\\/infigo.ee\\\/tuote\\\/doypack-kotid\\\/#breadcrumb\"},\"inLanguage\":\"fi\",\"potentialAction\":[{\"@type\":\"ReadAction\",\"target\":[\"https:\\\/\\\/infigo.ee\\\/tuote\\\/doypack-kotid\\\/\"]}]},{\"@type\":\"ImageObject\",\"inLanguage\":\"fi\",\"@id\":\"https:\\\/\\\/infigo.ee\\\/tuote\\\/doypack-kotid\\\/#primaryimage\",\"url\":\"https:\\\/\\\/infigo.ee\\\/wp-content\\\/uploads\\\/2024\\\/02\\\/print_paper-bag7.jpg\",\"contentUrl\":\"https:\\\/\\\/infigo.ee\\\/wp-content\\\/uploads\\\/2024\\\/02\\\/print_paper-bag7.jpg\",\"width\":1485,\"height\":1485},{\"@type\":\"BreadcrumbList\",\"@id\":\"https:\\\/\\\/infigo.ee\\\/tuote\\\/doypack-kotid\\\/#breadcrumb\",\"itemListElement\":[{\"@type\":\"ListItem\",\"position\":1,\"name\":\"Home\",\"item\":\"https:\\\/\\\/infigo.ee\\\/fi\\\/\"},{\"@type\":\"ListItem\",\"position\":2,\"name\":\"Verkkokauppa\",\"item\":\"https:\\\/\\\/infigo.ee\\\/fi\\\/myymala\\\/\"},{\"@type\":\"ListItem\",\"position\":3,\"name\":\"Pakkaus Doypack-pussit\"}]},{\"@type\":\"WebSite\",\"@id\":\"https:\\\/\\\/infigo.ee\\\/#website\",\"url\":\"https:\\\/\\\/infigo.ee\\\/\",\"name\":\"Infigo\",\"description\":\"\",\"publisher\":{\"@id\":\"https:\\\/\\\/infigo.ee\\\/#organization\"},\"potentialAction\":[{\"@type\":\"SearchAction\",\"target\":{\"@type\":\"EntryPoint\",\"urlTemplate\":\"https:\\\/\\\/infigo.ee\\\/?s={search_term_string}\"},\"query-input\":{\"@type\":\"PropertyValueSpecification\",\"valueRequired\":true,\"valueName\":\"search_term_string\"}}],\"inLanguage\":\"fi\"},{\"@type\":\"Organization\",\"@id\":\"https:\\\/\\\/infigo.ee\\\/#organization\",\"name\":\"Infigo\",\"url\":\"https:\\\/\\\/infigo.ee\\\/\",\"logo\":{\"@type\":\"ImageObject\",\"inLanguage\":\"fi\",\"@id\":\"https:\\\/\\\/infigo.ee\\\/#\\\/schema\\\/logo\\\/image\\\/\",\"url\":\"https:\\\/\\\/infigo.ee\\\/wp-content\\\/uploads\\\/2023\\\/11\\\/logo-1.jpg\",\"contentUrl\":\"https:\\\/\\\/infigo.ee\\\/wp-content\\\/uploads\\\/2023\\\/11\\\/logo-1.jpg\",\"width\":334,\"height\":114,\"caption\":\"Infigo\"},\"image\":{\"@id\":\"https:\\\/\\\/infigo.ee\\\/#\\\/schema\\\/logo\\\/image\\\/\"}}]}<\/script>\n<!-- \/ Yoast SEO plugin. -->","yoast_head_json":{"title":"Pakkaus Doypack-pussit - Infigo","robots":{"index":"index","follow":"follow","max-snippet":"max-snippet:-1","max-image-preview":"max-image-preview:large","max-video-preview":"max-video-preview:-1"},"canonical":"https:\/\/infigo.ee\/tuote\/doypack-kotid\/","og_locale":"fi_FI","og_type":"article","og_title":"Pakkaus Doypack-pussit - Infigo","og_description":"Doypack-tyyppiset pussit ovat eritt\u00e4in kest\u00e4vi\u00e4, helposti avattavia ja tiiviisti uudelleensuljettavia pakkauksia, jotka soveltuvat sek\u00e4 elintarvikkeiden ett\u00e4 monien muiden tuotteiden pakkaamiseen. Tarjoamme tasapohjapusseja ja my\u00f6s pusseja ilman pohjataitoksia. Koot: asiakkaan toiveiden mukaan Materiaali: muovi\/muovi &#8211; \u00a0valmistettu yhdest\u00e4 materiaalista: PP, PE jne. (yksimateriaalipakkaukset tai yksimateriaalipussit), paperi\/muovi, paperi\/biomuovi &#8211; (ulko\/sis\u00e4) jne Kiinnitys: minigrip-lukko Lis\u00e4ominaisuudet: ripustusreik\u00e4, muovi-ikkuna, degassing valve [&hellip;]","og_url":"https:\/\/infigo.ee\/tuote\/doypack-kotid\/","og_site_name":"Infigo","article_modified_time":"2025-06-30T14:27:24+00:00","og_image":[{"width":1485,"height":1485,"url":"https:\/\/infigo.ee\/wp-content\/uploads\/2024\/02\/print_paper-bag7.jpg","type":"image\/jpeg"}],"twitter_card":"summary_large_image","twitter_misc":{"Arvioitu lukuaika":"1 minuutti"},"schema":{"@context":"https:\/\/schema.org","@graph":[{"@type":"WebPage","@id":"https:\/\/infigo.ee\/tuote\/doypack-kotid\/","url":"https:\/\/infigo.ee\/tuote\/doypack-kotid\/","name":"Pakkaus Doypack-pussit - Infigo","isPartOf":{"@id":"https:\/\/infigo.ee\/#website"},"primaryImageOfPage":{"@id":"https:\/\/infigo.ee\/tuote\/doypack-kotid\/#primaryimage"},"image":{"@id":"https:\/\/infigo.ee\/tuote\/doypack-kotid\/#primaryimage"},"thumbnailUrl":"https:\/\/infigo.ee\/wp-content\/uploads\/2024\/02\/print_paper-bag7.jpg","datePublished":"2024-02-14T09:39:53+00:00","dateModified":"2025-06-30T14:27:24+00:00","breadcrumb":{"@id":"https:\/\/infigo.ee\/tuote\/doypack-kotid\/#breadcrumb"},"inLanguage":"fi","potentialAction":[{"@type":"ReadAction","target":["https:\/\/infigo.ee\/tuote\/doypack-kotid\/"]}]},{"@type":"ImageObject","inLanguage":"fi","@id":"https:\/\/infigo.ee\/tuote\/doypack-kotid\/#primaryimage","url":"https:\/\/infigo.ee\/wp-content\/uploads\/2024\/02\/print_paper-bag7.jpg","contentUrl":"https:\/\/infigo.ee\/wp-content\/uploads\/2024\/02\/print_paper-bag7.jpg","width":1485,"height":1485},{"@type":"BreadcrumbList","@id":"https:\/\/infigo.ee\/tuote\/doypack-kotid\/#breadcrumb","itemListElement":[{"@type":"ListItem","position":1,"name":"Home","item":"https:\/\/infigo.ee\/fi\/"},{"@type":"ListItem","position":2,"name":"Verkkokauppa","item":"https:\/\/infigo.ee\/fi\/myymala\/"},{"@type":"ListItem","position":3,"name":"Pakkaus Doypack-pussit"}]},{"@type":"WebSite","@id":"https:\/\/infigo.ee\/#website","url":"https:\/\/infigo.ee\/","name":"Infigo","description":"","publisher":{"@id":"https:\/\/infigo.ee\/#organization"},"potentialAction":[{"@type":"SearchAction","target":{"@type":"EntryPoint","urlTemplate":"https:\/\/infigo.ee\/?s={search_term_string}"},"query-input":{"@type":"PropertyValueSpecification","valueRequired":true,"valueName":"search_term_string"}}],"inLanguage":"fi"},{"@type":"Organization","@id":"https:\/\/infigo.ee\/#organization","name":"Infigo","url":"https:\/\/infigo.ee\/","logo":{"@type":"ImageObject","inLanguage":"fi","@id":"https:\/\/infigo.ee\/#\/schema\/logo\/image\/","url":"https:\/\/infigo.ee\/wp-content\/uploads\/2023\/11\/logo-1.jpg","contentUrl":"https:\/\/infigo.ee\/wp-content\/uploads\/2023\/11\/logo-1.jpg","width":334,"height":114,"caption":"Infigo"},"image":{"@id":"https:\/\/infigo.ee\/#\/schema\/logo\/image\/"}}]}},"_links":{"self":[{"href":"https:\/\/infigo.ee\/fi\/wp-json\/wp\/v2\/product\/42221","targetHints":{"allow":["GET"]}}],"collection":[{"href":"https:\/\/infigo.ee\/fi\/wp-json\/wp\/v2\/product"}],"about":[{"href":"https:\/\/infigo.ee\/fi\/wp-json\/wp\/v2\/types\/product"}],"replies":[{"embeddable":true,"href":"https:\/\/infigo.ee\/fi\/wp-json\/wp\/v2\/comments?post=42221"}],"wp:featuredmedia":[{"embeddable":true,"href":"https:\/\/infigo.ee\/fi\/wp-json\/wp\/v2\/media\/43092"}],"wp:attachment":[{"href":"https:\/\/infigo.ee\/fi\/wp-json\/wp\/v2\/media?parent=42221"}],"wp:term":[{"taxonomy":"product_brand","embeddable":true,"href":"https:\/\/infigo.ee\/fi\/wp-json\/wp\/v2\/product_brand?post=42221"},{"taxonomy":"product_cat","embeddable":true,"href":"https:\/\/infigo.ee\/fi\/wp-json\/wp\/v2\/product_cat?post=42221"},{"taxonomy":"product_tag","embeddable":true,"href":"https:\/\/infigo.ee\/fi\/wp-json\/wp\/v2\/product_tag?post=42221"}],"curies":[{"name":"wp","href":"https:\/\/api.w.org\/{rel}","templated":true}]}}