{"id":42201,"date":"2024-02-13T15:59:58","date_gmt":"2024-02-13T13:59:58","guid":{"rendered":"https:\/\/infigo.ee\/toode\/pakketeibid\/"},"modified":"2024-03-05T18:03:51","modified_gmt":"2024-03-05T16:03:51","slug":"pakkausteipit","status":"publish","type":"product","link":"https:\/\/infigo.ee\/fi\/tuote\/pakkausteipit\/","title":{"rendered":"Paperiset pakkausteipit. Pakkausteipit muovi"},"content":{"rendered":"<p>Logolla pakkausteippi on eritt\u00e4in fiksu ja k\u00e4yt\u00e4nn\u00f6llinen valinta yrityksen mainostamiseen, sill\u00e4 sill\u00e4 voidaan teipata hyvin erikokoisia laatikoita.<\/p>\n<p><strong>Mitat:<\/strong> leveys 48 mm, 50 mm<br \/>\n<strong>Materjaali:<\/strong> Paperi valkoinen ja ruskea. Muovi PVC, PP: valkoinen, ruskea, kirkas<br \/>\n<strong>Painatus:<\/strong> 1 &#8211; 4 v\u00e4ri\u00e4<br \/>\n<strong>Tilausm\u00e4\u00e4r\u00e4:<\/strong> alkaen 200 kpl<\/p>\n","protected":false},"excerpt":{"rendered":"<p>Logolla pakkausteippi on eritt\u00e4in fiksu ja k\u00e4yt\u00e4nn\u00f6llinen valinta yrityksen mainostamiseen, sill\u00e4 sill\u00e4 voidaan teipata hyvin erikokoisia laatikoita. Mitat: leveys 48 mm, 50 mm Materjaali: Paperi valkoinen ja ruskea. Muovi PVC, PP: valkoinen, ruskea, kirkas Painatus: 1 &#8211; 4 v\u00e4ri\u00e4 Tilausm\u00e4\u00e4r\u00e4: alkaen 200 kpl<\/p>\n","protected":false},"featured_media":43948,"comment_status":"open","ping_status":"closed","template":"","meta":{"_acf_changed":false},"product_brand":[],"product_cat":[679],"product_tag":[],"class_list":{"0":"post-42201","1":"product","2":"type-product","3":"status-publish","4":"has-post-thumbnail","6":"product_cat-postituskotelot-pahvilaatikot-teipit","8":"first","9":"instock","10":"taxable","11":"shipping-taxable","12":"product-type-simple"},"acf":[],"yoast_head":"<!-- This site is optimized with the Yoast SEO plugin v27.5 - https:\/\/yoast.com\/product\/yoast-seo-wordpress\/ -->\n<title>Paperiset pakkausteipit. Pakkausteipit muovi - Infigo<\/title>\n<meta name=\"robots\" content=\"index, follow, max-snippet:-1, max-image-preview:large, max-video-preview:-1\" \/>\n<link rel=\"canonical\" href=\"https:\/\/infigo.ee\/fi\/tuote\/pakkausteipit\/\" \/>\n<meta property=\"og:locale\" content=\"fi_FI\" \/>\n<meta property=\"og:type\" content=\"article\" \/>\n<meta property=\"og:title\" content=\"Paperiset pakkausteipit. Pakkausteipit muovi - Infigo\" \/>\n<meta property=\"og:description\" content=\"Logolla pakkausteippi on eritt\u00e4in fiksu ja k\u00e4yt\u00e4nn\u00f6llinen valinta yrityksen mainostamiseen, sill\u00e4 sill\u00e4 voidaan teipata hyvin erikokoisia laatikoita. Mitat: leveys 48 mm, 50 mm Materjaali: Paperi valkoinen ja ruskea. Muovi PVC, PP: valkoinen, ruskea, kirkas Painatus: 1 &#8211; 4 v\u00e4ri\u00e4 Tilausm\u00e4\u00e4r\u00e4: alkaen 200 kpl\" \/>\n<meta property=\"og:url\" content=\"https:\/\/infigo.ee\/fi\/tuote\/pakkausteipit\/\" \/>\n<meta property=\"og:site_name\" content=\"Infigo\" \/>\n<meta property=\"article:modified_time\" content=\"2024-03-05T16:03:51+00:00\" \/>\n<meta property=\"og:image\" content=\"https:\/\/infigo.ee\/wp-content\/uploads\/2024\/02\/print_box4.jpg\" \/>\n\t<meta property=\"og:image:width\" content=\"1485\" \/>\n\t<meta property=\"og:image:height\" content=\"1485\" \/>\n\t<meta property=\"og:image:type\" content=\"image\/jpeg\" \/>\n<meta name=\"twitter:card\" content=\"summary_large_image\" \/>\n<meta name=\"twitter:label1\" content=\"Arvioitu lukuaika\" \/>\n\t<meta name=\"twitter:data1\" content=\"1 minuutti\" \/>\n<script type=\"application\/ld+json\" class=\"yoast-schema-graph\">{\"@context\":\"https:\\\/\\\/schema.org\",\"@graph\":[{\"@type\":\"WebPage\",\"@id\":\"https:\\\/\\\/infigo.ee\\\/fi\\\/tuote\\\/pakkausteipit\\\/\",\"url\":\"https:\\\/\\\/infigo.ee\\\/fi\\\/tuote\\\/pakkausteipit\\\/\",\"name\":\"Paperiset pakkausteipit. Pakkausteipit muovi - Infigo\",\"isPartOf\":{\"@id\":\"https:\\\/\\\/infigo.ee\\\/#website\"},\"primaryImageOfPage\":{\"@id\":\"https:\\\/\\\/infigo.ee\\\/fi\\\/tuote\\\/pakkausteipit\\\/#primaryimage\"},\"image\":{\"@id\":\"https:\\\/\\\/infigo.ee\\\/fi\\\/tuote\\\/pakkausteipit\\\/#primaryimage\"},\"thumbnailUrl\":\"https:\\\/\\\/infigo.ee\\\/wp-content\\\/uploads\\\/2024\\\/02\\\/print_box4.jpg\",\"datePublished\":\"2024-02-13T13:59:58+00:00\",\"dateModified\":\"2024-03-05T16:03:51+00:00\",\"breadcrumb\":{\"@id\":\"https:\\\/\\\/infigo.ee\\\/fi\\\/tuote\\\/pakkausteipit\\\/#breadcrumb\"},\"inLanguage\":\"fi\",\"potentialAction\":[{\"@type\":\"ReadAction\",\"target\":[\"https:\\\/\\\/infigo.ee\\\/fi\\\/tuote\\\/pakkausteipit\\\/\"]}]},{\"@type\":\"ImageObject\",\"inLanguage\":\"fi\",\"@id\":\"https:\\\/\\\/infigo.ee\\\/fi\\\/tuote\\\/pakkausteipit\\\/#primaryimage\",\"url\":\"https:\\\/\\\/infigo.ee\\\/wp-content\\\/uploads\\\/2024\\\/02\\\/print_box4.jpg\",\"contentUrl\":\"https:\\\/\\\/infigo.ee\\\/wp-content\\\/uploads\\\/2024\\\/02\\\/print_box4.jpg\",\"width\":1485,\"height\":1485},{\"@type\":\"BreadcrumbList\",\"@id\":\"https:\\\/\\\/infigo.ee\\\/fi\\\/tuote\\\/pakkausteipit\\\/#breadcrumb\",\"itemListElement\":[{\"@type\":\"ListItem\",\"position\":1,\"name\":\"Home\",\"item\":\"https:\\\/\\\/infigo.ee\\\/fi\\\/\"},{\"@type\":\"ListItem\",\"position\":2,\"name\":\"Verkkokauppa\",\"item\":\"https:\\\/\\\/infigo.ee\\\/fi\\\/myymala\\\/\"},{\"@type\":\"ListItem\",\"position\":3,\"name\":\"Paperiset pakkausteipit. Pakkausteipit muovi\"}]},{\"@type\":\"WebSite\",\"@id\":\"https:\\\/\\\/infigo.ee\\\/#website\",\"url\":\"https:\\\/\\\/infigo.ee\\\/\",\"name\":\"Infigo\",\"description\":\"\",\"publisher\":{\"@id\":\"https:\\\/\\\/infigo.ee\\\/#organization\"},\"potentialAction\":[{\"@type\":\"SearchAction\",\"target\":{\"@type\":\"EntryPoint\",\"urlTemplate\":\"https:\\\/\\\/infigo.ee\\\/?s={search_term_string}\"},\"query-input\":{\"@type\":\"PropertyValueSpecification\",\"valueRequired\":true,\"valueName\":\"search_term_string\"}}],\"inLanguage\":\"fi\"},{\"@type\":\"Organization\",\"@id\":\"https:\\\/\\\/infigo.ee\\\/#organization\",\"name\":\"Infigo\",\"url\":\"https:\\\/\\\/infigo.ee\\\/\",\"logo\":{\"@type\":\"ImageObject\",\"inLanguage\":\"fi\",\"@id\":\"https:\\\/\\\/infigo.ee\\\/#\\\/schema\\\/logo\\\/image\\\/\",\"url\":\"https:\\\/\\\/infigo.ee\\\/wp-content\\\/uploads\\\/2023\\\/11\\\/logo-1.jpg\",\"contentUrl\":\"https:\\\/\\\/infigo.ee\\\/wp-content\\\/uploads\\\/2023\\\/11\\\/logo-1.jpg\",\"width\":334,\"height\":114,\"caption\":\"Infigo\"},\"image\":{\"@id\":\"https:\\\/\\\/infigo.ee\\\/#\\\/schema\\\/logo\\\/image\\\/\"}}]}<\/script>\n<!-- \/ Yoast SEO plugin. -->","yoast_head_json":{"title":"Paperiset pakkausteipit. Pakkausteipit muovi - Infigo","robots":{"index":"index","follow":"follow","max-snippet":"max-snippet:-1","max-image-preview":"max-image-preview:large","max-video-preview":"max-video-preview:-1"},"canonical":"https:\/\/infigo.ee\/fi\/tuote\/pakkausteipit\/","og_locale":"fi_FI","og_type":"article","og_title":"Paperiset pakkausteipit. Pakkausteipit muovi - Infigo","og_description":"Logolla pakkausteippi on eritt\u00e4in fiksu ja k\u00e4yt\u00e4nn\u00f6llinen valinta yrityksen mainostamiseen, sill\u00e4 sill\u00e4 voidaan teipata hyvin erikokoisia laatikoita. Mitat: leveys 48 mm, 50 mm Materjaali: Paperi valkoinen ja ruskea. Muovi PVC, PP: valkoinen, ruskea, kirkas Painatus: 1 &#8211; 4 v\u00e4ri\u00e4 Tilausm\u00e4\u00e4r\u00e4: alkaen 200 kpl","og_url":"https:\/\/infigo.ee\/fi\/tuote\/pakkausteipit\/","og_site_name":"Infigo","article_modified_time":"2024-03-05T16:03:51+00:00","og_image":[{"width":1485,"height":1485,"url":"https:\/\/infigo.ee\/wp-content\/uploads\/2024\/02\/print_box4.jpg","type":"image\/jpeg"}],"twitter_card":"summary_large_image","twitter_misc":{"Arvioitu lukuaika":"1 minuutti"},"schema":{"@context":"https:\/\/schema.org","@graph":[{"@type":"WebPage","@id":"https:\/\/infigo.ee\/fi\/tuote\/pakkausteipit\/","url":"https:\/\/infigo.ee\/fi\/tuote\/pakkausteipit\/","name":"Paperiset pakkausteipit. Pakkausteipit muovi - Infigo","isPartOf":{"@id":"https:\/\/infigo.ee\/#website"},"primaryImageOfPage":{"@id":"https:\/\/infigo.ee\/fi\/tuote\/pakkausteipit\/#primaryimage"},"image":{"@id":"https:\/\/infigo.ee\/fi\/tuote\/pakkausteipit\/#primaryimage"},"thumbnailUrl":"https:\/\/infigo.ee\/wp-content\/uploads\/2024\/02\/print_box4.jpg","datePublished":"2024-02-13T13:59:58+00:00","dateModified":"2024-03-05T16:03:51+00:00","breadcrumb":{"@id":"https:\/\/infigo.ee\/fi\/tuote\/pakkausteipit\/#breadcrumb"},"inLanguage":"fi","potentialAction":[{"@type":"ReadAction","target":["https:\/\/infigo.ee\/fi\/tuote\/pakkausteipit\/"]}]},{"@type":"ImageObject","inLanguage":"fi","@id":"https:\/\/infigo.ee\/fi\/tuote\/pakkausteipit\/#primaryimage","url":"https:\/\/infigo.ee\/wp-content\/uploads\/2024\/02\/print_box4.jpg","contentUrl":"https:\/\/infigo.ee\/wp-content\/uploads\/2024\/02\/print_box4.jpg","width":1485,"height":1485},{"@type":"BreadcrumbList","@id":"https:\/\/infigo.ee\/fi\/tuote\/pakkausteipit\/#breadcrumb","itemListElement":[{"@type":"ListItem","position":1,"name":"Home","item":"https:\/\/infigo.ee\/fi\/"},{"@type":"ListItem","position":2,"name":"Verkkokauppa","item":"https:\/\/infigo.ee\/fi\/myymala\/"},{"@type":"ListItem","position":3,"name":"Paperiset pakkausteipit. Pakkausteipit muovi"}]},{"@type":"WebSite","@id":"https:\/\/infigo.ee\/#website","url":"https:\/\/infigo.ee\/","name":"Infigo","description":"","publisher":{"@id":"https:\/\/infigo.ee\/#organization"},"potentialAction":[{"@type":"SearchAction","target":{"@type":"EntryPoint","urlTemplate":"https:\/\/infigo.ee\/?s={search_term_string}"},"query-input":{"@type":"PropertyValueSpecification","valueRequired":true,"valueName":"search_term_string"}}],"inLanguage":"fi"},{"@type":"Organization","@id":"https:\/\/infigo.ee\/#organization","name":"Infigo","url":"https:\/\/infigo.ee\/","logo":{"@type":"ImageObject","inLanguage":"fi","@id":"https:\/\/infigo.ee\/#\/schema\/logo\/image\/","url":"https:\/\/infigo.ee\/wp-content\/uploads\/2023\/11\/logo-1.jpg","contentUrl":"https:\/\/infigo.ee\/wp-content\/uploads\/2023\/11\/logo-1.jpg","width":334,"height":114,"caption":"Infigo"},"image":{"@id":"https:\/\/infigo.ee\/#\/schema\/logo\/image\/"}}]}},"_links":{"self":[{"href":"https:\/\/infigo.ee\/fi\/wp-json\/wp\/v2\/product\/42201","targetHints":{"allow":["GET"]}}],"collection":[{"href":"https:\/\/infigo.ee\/fi\/wp-json\/wp\/v2\/product"}],"about":[{"href":"https:\/\/infigo.ee\/fi\/wp-json\/wp\/v2\/types\/product"}],"replies":[{"embeddable":true,"href":"https:\/\/infigo.ee\/fi\/wp-json\/wp\/v2\/comments?post=42201"}],"wp:featuredmedia":[{"embeddable":true,"href":"https:\/\/infigo.ee\/fi\/wp-json\/wp\/v2\/media\/43948"}],"wp:attachment":[{"href":"https:\/\/infigo.ee\/fi\/wp-json\/wp\/v2\/media?parent=42201"}],"wp:term":[{"taxonomy":"product_brand","embeddable":true,"href":"https:\/\/infigo.ee\/fi\/wp-json\/wp\/v2\/product_brand?post=42201"},{"taxonomy":"product_cat","embeddable":true,"href":"https:\/\/infigo.ee\/fi\/wp-json\/wp\/v2\/product_cat?post=42201"},{"taxonomy":"product_tag","embeddable":true,"href":"https:\/\/infigo.ee\/fi\/wp-json\/wp\/v2\/product_tag?post=42201"}],"curies":[{"name":"wp","href":"https:\/\/api.w.org\/{rel}","templated":true}]}}