{"id":42189,"date":"2024-02-13T15:47:57","date_gmt":"2024-02-13T13:47:57","guid":{"rendered":"https:\/\/infigo.ee\/toode\/pappkast-teibiga\/"},"modified":"2024-03-05T18:27:54","modified_gmt":"2024-03-05T16:27:54","slug":"postituskotelot-postituslaatikot-tarrasuljennalla","status":"publish","type":"product","link":"https:\/\/infigo.ee\/fi\/tuote\/postituskotelot-postituslaatikot-tarrasuljennalla\/","title":{"rendered":"Lahjapakkaukset. Lahjalaatikkot. Lahjarasiat"},"content":{"rendered":"<p>Tyylikk\u00e4\u00e4t logolla lahjarasiat ovat ihanteellinen vaihtoehto tuotteidenne ja lahjojen paketointiin.<\/p>\n<p><strong>Mitat:<\/strong> asiakkaan toiveiden mukaan<br \/>\n<strong>Materiaali:<\/strong> pahvi<br \/>\n<strong>Materiaalin v\u00e4ri:<\/strong> valkoinen, ruskea<br \/>\n<strong>Painatus:<\/strong> 1 &#8211; 4 v\u00e4ri\u00e4<br \/>\n<strong>Lis\u00e4varusteet:<\/strong> laminointi, kalvoikkuna, kuumafoliopainatus, UV-lakka, satiininauha<br \/>\n<strong>Tilausm\u00e4\u00e4r\u00e4<\/strong>: alkaen 500 kpl<\/p>\n","protected":false},"excerpt":{"rendered":"<p>Tyylikk\u00e4\u00e4t logolla lahjarasiat ovat ihanteellinen vaihtoehto tuotteidenne ja lahjojen paketointiin. Mitat: asiakkaan toiveiden mukaan Materiaali: pahvi Materiaalin v\u00e4ri: valkoinen, ruskea Painatus: 1 &#8211; 4 v\u00e4ri\u00e4 Lis\u00e4varusteet: laminointi, kalvoikkuna, kuumafoliopainatus, UV-lakka, satiininauha Tilausm\u00e4\u00e4r\u00e4: alkaen 500 kpl<\/p>\n","protected":false},"featured_media":43982,"comment_status":"open","ping_status":"closed","template":"","meta":{"_acf_changed":false},"product_brand":[],"product_cat":[679],"product_tag":[],"class_list":{"0":"post-42189","1":"product","2":"type-product","3":"status-publish","4":"has-post-thumbnail","6":"product_cat-postituskotelot-pahvilaatikot-teipit","8":"first","9":"instock","10":"taxable","11":"shipping-taxable","12":"product-type-simple"},"acf":[],"yoast_head":"<!-- This site is optimized with the Yoast SEO plugin v27.3 - https:\/\/yoast.com\/product\/yoast-seo-wordpress\/ -->\n<title>Lahjapakkaukset. Lahjalaatikkot. Lahjarasiat - Infigo<\/title>\n<meta name=\"robots\" content=\"index, follow, max-snippet:-1, max-image-preview:large, max-video-preview:-1\" \/>\n<link rel=\"canonical\" href=\"https:\/\/infigo.ee\/tuote\/pappkast-teibiga\/\" \/>\n<meta property=\"og:locale\" content=\"fi_FI\" \/>\n<meta property=\"og:type\" content=\"article\" \/>\n<meta property=\"og:title\" content=\"Lahjapakkaukset. Lahjalaatikkot. Lahjarasiat - Infigo\" \/>\n<meta property=\"og:description\" content=\"Tyylikk\u00e4\u00e4t logolla lahjarasiat ovat ihanteellinen vaihtoehto tuotteidenne ja lahjojen paketointiin. Mitat: asiakkaan toiveiden mukaan Materiaali: pahvi Materiaalin v\u00e4ri: valkoinen, ruskea Painatus: 1 &#8211; 4 v\u00e4ri\u00e4 Lis\u00e4varusteet: laminointi, kalvoikkuna, kuumafoliopainatus, UV-lakka, satiininauha Tilausm\u00e4\u00e4r\u00e4: alkaen 500 kpl\" \/>\n<meta property=\"og:url\" content=\"https:\/\/infigo.ee\/tuote\/pappkast-teibiga\/\" \/>\n<meta property=\"og:site_name\" content=\"Infigo\" \/>\n<meta property=\"article:modified_time\" content=\"2024-03-05T16:27:54+00:00\" \/>\n<meta property=\"og:image\" content=\"https:\/\/infigo.ee\/wp-content\/uploads\/2024\/02\/print_box8.jpg\" \/>\n\t<meta property=\"og:image:width\" content=\"1485\" \/>\n\t<meta property=\"og:image:height\" content=\"1485\" \/>\n\t<meta property=\"og:image:type\" content=\"image\/jpeg\" \/>\n<meta name=\"twitter:card\" content=\"summary_large_image\" \/>\n<meta name=\"twitter:label1\" content=\"Arvioitu lukuaika\" \/>\n\t<meta name=\"twitter:data1\" content=\"1 minuutti\" \/>\n<script type=\"application\/ld+json\" class=\"yoast-schema-graph\">{\"@context\":\"https:\\\/\\\/schema.org\",\"@graph\":[{\"@type\":\"WebPage\",\"@id\":\"https:\\\/\\\/infigo.ee\\\/tuote\\\/pappkast-teibiga\\\/\",\"url\":\"https:\\\/\\\/infigo.ee\\\/tuote\\\/pappkast-teibiga\\\/\",\"name\":\"Lahjapakkaukset. Lahjalaatikkot. Lahjarasiat - Infigo\",\"isPartOf\":{\"@id\":\"https:\\\/\\\/infigo.ee\\\/#website\"},\"primaryImageOfPage\":{\"@id\":\"https:\\\/\\\/infigo.ee\\\/tuote\\\/pappkast-teibiga\\\/#primaryimage\"},\"image\":{\"@id\":\"https:\\\/\\\/infigo.ee\\\/tuote\\\/pappkast-teibiga\\\/#primaryimage\"},\"thumbnailUrl\":\"https:\\\/\\\/infigo.ee\\\/wp-content\\\/uploads\\\/2024\\\/02\\\/print_box8.jpg\",\"datePublished\":\"2024-02-13T13:47:57+00:00\",\"dateModified\":\"2024-03-05T16:27:54+00:00\",\"breadcrumb\":{\"@id\":\"https:\\\/\\\/infigo.ee\\\/tuote\\\/pappkast-teibiga\\\/#breadcrumb\"},\"inLanguage\":\"fi\",\"potentialAction\":[{\"@type\":\"ReadAction\",\"target\":[\"https:\\\/\\\/infigo.ee\\\/tuote\\\/pappkast-teibiga\\\/\"]}]},{\"@type\":\"ImageObject\",\"inLanguage\":\"fi\",\"@id\":\"https:\\\/\\\/infigo.ee\\\/tuote\\\/pappkast-teibiga\\\/#primaryimage\",\"url\":\"https:\\\/\\\/infigo.ee\\\/wp-content\\\/uploads\\\/2024\\\/02\\\/print_box8.jpg\",\"contentUrl\":\"https:\\\/\\\/infigo.ee\\\/wp-content\\\/uploads\\\/2024\\\/02\\\/print_box8.jpg\",\"width\":1485,\"height\":1485},{\"@type\":\"BreadcrumbList\",\"@id\":\"https:\\\/\\\/infigo.ee\\\/tuote\\\/pappkast-teibiga\\\/#breadcrumb\",\"itemListElement\":[{\"@type\":\"ListItem\",\"position\":1,\"name\":\"Home\",\"item\":\"https:\\\/\\\/infigo.ee\\\/fi\\\/\"},{\"@type\":\"ListItem\",\"position\":2,\"name\":\"Verkkokauppa\",\"item\":\"https:\\\/\\\/infigo.ee\\\/fi\\\/myymala\\\/\"},{\"@type\":\"ListItem\",\"position\":3,\"name\":\"Lahjapakkaukset. Lahjalaatikkot. Lahjarasiat\"}]},{\"@type\":\"WebSite\",\"@id\":\"https:\\\/\\\/infigo.ee\\\/#website\",\"url\":\"https:\\\/\\\/infigo.ee\\\/\",\"name\":\"Infigo\",\"description\":\"\",\"publisher\":{\"@id\":\"https:\\\/\\\/infigo.ee\\\/#organization\"},\"potentialAction\":[{\"@type\":\"SearchAction\",\"target\":{\"@type\":\"EntryPoint\",\"urlTemplate\":\"https:\\\/\\\/infigo.ee\\\/?s={search_term_string}\"},\"query-input\":{\"@type\":\"PropertyValueSpecification\",\"valueRequired\":true,\"valueName\":\"search_term_string\"}}],\"inLanguage\":\"fi\"},{\"@type\":\"Organization\",\"@id\":\"https:\\\/\\\/infigo.ee\\\/#organization\",\"name\":\"Infigo\",\"url\":\"https:\\\/\\\/infigo.ee\\\/\",\"logo\":{\"@type\":\"ImageObject\",\"inLanguage\":\"fi\",\"@id\":\"https:\\\/\\\/infigo.ee\\\/#\\\/schema\\\/logo\\\/image\\\/\",\"url\":\"https:\\\/\\\/infigo.ee\\\/wp-content\\\/uploads\\\/2023\\\/11\\\/logo-1.jpg\",\"contentUrl\":\"https:\\\/\\\/infigo.ee\\\/wp-content\\\/uploads\\\/2023\\\/11\\\/logo-1.jpg\",\"width\":334,\"height\":114,\"caption\":\"Infigo\"},\"image\":{\"@id\":\"https:\\\/\\\/infigo.ee\\\/#\\\/schema\\\/logo\\\/image\\\/\"}}]}<\/script>\n<!-- \/ Yoast SEO plugin. -->","yoast_head_json":{"title":"Lahjapakkaukset. Lahjalaatikkot. Lahjarasiat - Infigo","robots":{"index":"index","follow":"follow","max-snippet":"max-snippet:-1","max-image-preview":"max-image-preview:large","max-video-preview":"max-video-preview:-1"},"canonical":"https:\/\/infigo.ee\/tuote\/pappkast-teibiga\/","og_locale":"fi_FI","og_type":"article","og_title":"Lahjapakkaukset. Lahjalaatikkot. Lahjarasiat - Infigo","og_description":"Tyylikk\u00e4\u00e4t logolla lahjarasiat ovat ihanteellinen vaihtoehto tuotteidenne ja lahjojen paketointiin. Mitat: asiakkaan toiveiden mukaan Materiaali: pahvi Materiaalin v\u00e4ri: valkoinen, ruskea Painatus: 1 &#8211; 4 v\u00e4ri\u00e4 Lis\u00e4varusteet: laminointi, kalvoikkuna, kuumafoliopainatus, UV-lakka, satiininauha Tilausm\u00e4\u00e4r\u00e4: alkaen 500 kpl","og_url":"https:\/\/infigo.ee\/tuote\/pappkast-teibiga\/","og_site_name":"Infigo","article_modified_time":"2024-03-05T16:27:54+00:00","og_image":[{"width":1485,"height":1485,"url":"https:\/\/infigo.ee\/wp-content\/uploads\/2024\/02\/print_box8.jpg","type":"image\/jpeg"}],"twitter_card":"summary_large_image","twitter_misc":{"Arvioitu lukuaika":"1 minuutti"},"schema":{"@context":"https:\/\/schema.org","@graph":[{"@type":"WebPage","@id":"https:\/\/infigo.ee\/tuote\/pappkast-teibiga\/","url":"https:\/\/infigo.ee\/tuote\/pappkast-teibiga\/","name":"Lahjapakkaukset. Lahjalaatikkot. Lahjarasiat - Infigo","isPartOf":{"@id":"https:\/\/infigo.ee\/#website"},"primaryImageOfPage":{"@id":"https:\/\/infigo.ee\/tuote\/pappkast-teibiga\/#primaryimage"},"image":{"@id":"https:\/\/infigo.ee\/tuote\/pappkast-teibiga\/#primaryimage"},"thumbnailUrl":"https:\/\/infigo.ee\/wp-content\/uploads\/2024\/02\/print_box8.jpg","datePublished":"2024-02-13T13:47:57+00:00","dateModified":"2024-03-05T16:27:54+00:00","breadcrumb":{"@id":"https:\/\/infigo.ee\/tuote\/pappkast-teibiga\/#breadcrumb"},"inLanguage":"fi","potentialAction":[{"@type":"ReadAction","target":["https:\/\/infigo.ee\/tuote\/pappkast-teibiga\/"]}]},{"@type":"ImageObject","inLanguage":"fi","@id":"https:\/\/infigo.ee\/tuote\/pappkast-teibiga\/#primaryimage","url":"https:\/\/infigo.ee\/wp-content\/uploads\/2024\/02\/print_box8.jpg","contentUrl":"https:\/\/infigo.ee\/wp-content\/uploads\/2024\/02\/print_box8.jpg","width":1485,"height":1485},{"@type":"BreadcrumbList","@id":"https:\/\/infigo.ee\/tuote\/pappkast-teibiga\/#breadcrumb","itemListElement":[{"@type":"ListItem","position":1,"name":"Home","item":"https:\/\/infigo.ee\/fi\/"},{"@type":"ListItem","position":2,"name":"Verkkokauppa","item":"https:\/\/infigo.ee\/fi\/myymala\/"},{"@type":"ListItem","position":3,"name":"Lahjapakkaukset. Lahjalaatikkot. Lahjarasiat"}]},{"@type":"WebSite","@id":"https:\/\/infigo.ee\/#website","url":"https:\/\/infigo.ee\/","name":"Infigo","description":"","publisher":{"@id":"https:\/\/infigo.ee\/#organization"},"potentialAction":[{"@type":"SearchAction","target":{"@type":"EntryPoint","urlTemplate":"https:\/\/infigo.ee\/?s={search_term_string}"},"query-input":{"@type":"PropertyValueSpecification","valueRequired":true,"valueName":"search_term_string"}}],"inLanguage":"fi"},{"@type":"Organization","@id":"https:\/\/infigo.ee\/#organization","name":"Infigo","url":"https:\/\/infigo.ee\/","logo":{"@type":"ImageObject","inLanguage":"fi","@id":"https:\/\/infigo.ee\/#\/schema\/logo\/image\/","url":"https:\/\/infigo.ee\/wp-content\/uploads\/2023\/11\/logo-1.jpg","contentUrl":"https:\/\/infigo.ee\/wp-content\/uploads\/2023\/11\/logo-1.jpg","width":334,"height":114,"caption":"Infigo"},"image":{"@id":"https:\/\/infigo.ee\/#\/schema\/logo\/image\/"}}]}},"_links":{"self":[{"href":"https:\/\/infigo.ee\/fi\/wp-json\/wp\/v2\/product\/42189","targetHints":{"allow":["GET"]}}],"collection":[{"href":"https:\/\/infigo.ee\/fi\/wp-json\/wp\/v2\/product"}],"about":[{"href":"https:\/\/infigo.ee\/fi\/wp-json\/wp\/v2\/types\/product"}],"replies":[{"embeddable":true,"href":"https:\/\/infigo.ee\/fi\/wp-json\/wp\/v2\/comments?post=42189"}],"wp:featuredmedia":[{"embeddable":true,"href":"https:\/\/infigo.ee\/fi\/wp-json\/wp\/v2\/media\/43982"}],"wp:attachment":[{"href":"https:\/\/infigo.ee\/fi\/wp-json\/wp\/v2\/media?parent=42189"}],"wp:term":[{"taxonomy":"product_brand","embeddable":true,"href":"https:\/\/infigo.ee\/fi\/wp-json\/wp\/v2\/product_brand?post=42189"},{"taxonomy":"product_cat","embeddable":true,"href":"https:\/\/infigo.ee\/fi\/wp-json\/wp\/v2\/product_cat?post=42189"},{"taxonomy":"product_tag","embeddable":true,"href":"https:\/\/infigo.ee\/fi\/wp-json\/wp\/v2\/product_tag?post=42189"}],"curies":[{"name":"wp","href":"https:\/\/api.w.org\/{rel}","templated":true}]}}