{"id":41999,"date":"2023-12-08T07:12:34","date_gmt":"2023-12-08T05:12:34","guid":{"rendered":"https:\/\/infigo.ee\/privacy\/"},"modified":"2024-02-29T15:50:38","modified_gmt":"2024-02-29T13:50:38","slug":"yksityisyys","status":"publish","type":"page","link":"https:\/\/infigo.ee\/fi\/yksityisyys\/","title":{"rendered":"Yksityisyysk\u00e4yt\u00e4nn\u00f6t"},"content":{"rendered":"<div id=\"pl-41999\"  class=\"panel-layout\" ><div id=\"pg-41999-0\"  class=\"panel-grid panel-no-style\" ><div id=\"pgc-41999-0-0\"  class=\"panel-grid-cell\" ><div id=\"panel-41999-0-0-0\" class=\"so-panel widget widget_sow-editor panel-first-child panel-last-child\" data-index=\"0\" ><div\n\t\t\t\n\t\t\tclass=\"so-widget-sow-editor so-widget-sow-editor-base\"\n\t\t\t\n\t\t><h3 class=\"widget-title\">Yksityisyys<\/h3>\n<div class=\"siteorigin-widget-tinymce textwidget\">\n\t<p>Verkkokauppa k\u00e4ytt\u00e4\u00e4 ev\u00e4steit\u00e4 (eng. Cookies). Ev\u00e4ste on pieni tekstitiedosto, jonka selain tallentaa automaattisesti asiakkaan k\u00e4ytt\u00e4m\u00e4lle laitteelle. Ev\u00e4steit\u00e4 k\u00e4ytet\u00e4\u00e4n ker\u00e4\u00e4m\u00e4\u00e4n tietoa siit\u00e4, miten asiakas k\u00e4ytt\u00e4\u00e4 Verkkokauppaa, jotta asiakkaalle saadaan parempi k\u00e4ytt\u00f6kokemus.<\/p>\n<p>Verkkokaupassa k\u00e4ytet\u00e4\u00e4n seuraavia ev\u00e4steit\u00e4 (cookies):<br \/>\nistuntoev\u00e4steet, joiden tarkoituksena on mahdollistaa Verkkokaupan k\u00e4ytt\u00f6;<br \/>\npysyv\u00e4t ev\u00e4steet, joiden tarkoituksena on muistaa asiakkaan valinnat Verkkokaupassa;<br \/>\nensimm\u00e4isen ja\/tai kolmannen osapuolen ev\u00e4steet, joiden tarkoituksena on n\u00e4ytt\u00e4\u00e4 asiakkaalle sopivaa mainontaa ja tarjouksia;<br \/>\nkolmannen osapuolen analyysiev\u00e4steet, joiden tarkoituksena on optimoida markkinointiviestint\u00e4\u00e4.<\/p>\n<p>Asiakas voi poistaa ja\/tai est\u00e4\u00e4 laitteilleen tallennetut ev\u00e4steet muuttamalla verkkoselaimensa asetuksia. Jos ev\u00e4steit\u00e4 ei k\u00e4ytet\u00e4, verkkokauppa ei v\u00e4ltt\u00e4m\u00e4tt\u00e4 toimi tarkoitetulla tavalla ja\/tai jotkin toiminnot eiv\u00e4t v\u00e4ltt\u00e4m\u00e4tt\u00e4 ole asiakkaan k\u00e4ytett\u00e4viss\u00e4.<\/p>\n<p>Analyysiev\u00e4steiden k\u00e4yt\u00f6n lis\u00e4ksi verkkokauppa k\u00e4ytt\u00e4\u00e4 pikseleit\u00e4 (pikselitagit, verkkoj\u00e4ljitteet), joiden avulla seurataan myyj\u00e4n verkkosivuston k\u00e4ytt\u00f6\u00e4. N\u00e4in tehdess\u00e4si ei k\u00e4sitell\u00e4 henkil\u00f6tietoja.<\/p>\n<p><strong>HENKIL\u00d6TIETOJEN K\u00c4SITTELY<\/strong><br \/>\nInfigo-verkkokaupan henkil\u00f6tietojen rekisterinpit\u00e4j\u00e4 on Infigo O\u00dc (rekisteritunnus 11709718), jonka osoite on Narva mnt 7D \/ 2k., Tallinna, Viro, s\u00e4hk\u00f6posti infigo@infigo.ee.<\/p>\n<p><strong>MIT\u00c4 HENKIL\u00d6TIETOJA K\u00c4SITTEL\u00c4\u00c4N<\/strong><br \/>\nnimi, puhelinnumero ja s\u00e4hk\u00f6postiosoite;<br \/>\ntavaroiden toimitusosoite;<br \/>\nPankkitilin numero;<br \/>\ntavaroiden ja palveluiden hinnat ja maksuihin liittyv\u00e4t tiedot (ostohistoria);<br \/>\nasiakastuen tiedot.<\/p>\n<p><strong>MIHIN TARKOITUKSEEN HENKIL\u00d6TIETOJA K\u00c4SITTELL\u00c4\u00c4N<\/strong><br \/>\nHenkil\u00f6tietoja k\u00e4ytet\u00e4\u00e4n asiakkaiden tilausten k\u00e4sittelyyn ja tavaroiden toimittamiseen.<\/p>\n<p>Ostohistoriatietojen (ostop\u00e4iv\u00e4, tuote, m\u00e4\u00e4r\u00e4, asiakastiedot) avulla luodaan yleiskuva ostetuista tuotteista ja palveluista sek\u00e4 analysoidaan asiakkaiden mieltymyksi\u00e4.<br \/>\nPankkitilinumeroa k\u00e4ytet\u00e4\u00e4n maksujen palauttamiseen asiakkaalle.<br \/>\nHenkil\u00f6tietoja, kuten s\u00e4hk\u00f6postiosoitetta, puhelinnumeroa, asiakkaan nime\u00e4 k\u00e4sitell\u00e4\u00e4n tavaroiden ja palvelujen toimittamiseen liittyvien ongelmien ratkaisemiseksi (asiakastuki).<\/p>\n<p>Verkkokaupan k\u00e4ytt\u00e4j\u00e4n IP-osoitetta tai muita verkkotunnisteita k\u00e4sitell\u00e4\u00e4n verkkokaupan tarjoamista tietoyhteiskuntapalveluna ja verkkok\u00e4ytt\u00f6tilastoja varten.<\/p>\n<p><strong>OIKEUSPERUSTA<\/strong><br \/>\nHenkil\u00f6tietoja k\u00e4sitell\u00e4\u00e4n asiakkaan kanssa tehdyn sopimuksen t\u00e4ytt\u00e4miseksi.<br \/>\nHenkil\u00f6tietoja k\u00e4sitell\u00e4\u00e4n lakis\u00e4\u00e4teisen velvoitteen t\u00e4ytt\u00e4miseksi (esim. kirjanpito ja kuluttajariitojen ratkaiseminen).<\/p>\n<p><strong>TURVALLISUUS JA TIETOJEN K\u00c4YTT\u00d6<\/strong><br \/>\nHenkil\u00f6tietoja s\u00e4ilytet\u00e4\u00e4n zone.ee-palvelimilla, jotka sijaitsevat Euroopan unionin j\u00e4senvaltion tai Euroopan talousalueeseen liittyneiden maiden alueella. Tietoja voidaan siirt\u00e4\u00e4 maihin, joiden tietosuojan tason Euroopan komissio on arvioinut riitt\u00e4v\u00e4ksi, sek\u00e4 yhdysvaltalaisille yrityksille, jotka ovat sitoutuneet Privacy Shield -j\u00e4rjestelyyn.<\/p>\n<p>Verkkokaupan ty\u00f6ntekij\u00f6ill\u00e4 on p\u00e4\u00e4sy henkil\u00f6tietoihin verkkokaupan k\u00e4ytt\u00f6\u00f6n liittyvien teknisten ongelmien ratkaisemiseksi ja asiakaspalvelun tarjoamiseksi.<\/p>\n<p>Verkkokauppa toteuttaa asianmukaisia fyysisi\u00e4, organisatorisia ja IT-suojaustoimenpiteit\u00e4 henkil\u00f6tietojen suojaamiseksi tahattomalta tai laittomalta tuhoutumiselta, katoamiselta, muuttamiselta tai luvattomalta k\u00e4yt\u00f6lt\u00e4 ja luovuttamiselta.<\/p>\n<p>Henkil\u00f6tietojen siirto verkkokaupan valtuutetuille k\u00e4sittelij\u00f6ille (esim. kuljetuspalvelun tarjoajalle ja tietois\u00e4nnille) tapahtuu verkkokaupan ja valtuutettujen k\u00e4sittelij\u00f6iden kanssa tehtyjen sopimusten perusteella. Valtuutetut k\u00e4sittelij\u00e4t ovat velvollisia varmistamaan asianmukaiset suojatoimenpiteet henkil\u00f6tietoja k\u00e4sitelless\u00e4\u00e4n.<\/p>\n<p><strong>HENKIL\u00d6TIETOJEN K\u00c4YTT\u00d6 JA KORJAAMINEN<\/strong><br \/>\nHenkil\u00f6tietoihin voi tutustua ja niihin voi tehd\u00e4 korjauksia verkkokaupan k\u00e4ytt\u00e4j\u00e4profiilissa. Jos ostos on tehty ilman k\u00e4ytt\u00e4j\u00e4tunnusta, voit tutustua henkil\u00f6tietoihin asiakaspalvelun kautta.<\/p>\n<p><strong>SUOSTUMUKSEN PERUUTTAMINEN<\/strong><br \/>\nJos henkil\u00f6tietojen k\u00e4sittely tapahtuu asiakkaan suostumuksen perusteella, asiakkaalla on oikeus peruuttaa suostumus ilmoittamalla siit\u00e4 asiakaspalveluun s\u00e4hk\u00f6postitse.<\/p>\n<p><strong>S\u00c4ILYTYS<\/strong><br \/>\nVerkkokaupan asiakastilin sulkemisen yhteydess\u00e4 henkil\u00f6tiedot poistetaan, paitsi tapauksissa, joissa kyseisten tietojen s\u00e4ilytt\u00e4minen on tarpeen kirjanpitoa tai kuluttajariitojen ratkaisemista varten.<br \/>\nJos ostos tehd\u00e4\u00e4n verkkokaupassa ilman asiakastili\u00e4, ostohistoriaa s\u00e4ilytet\u00e4\u00e4n kolme vuotta.<br \/>\nMaksuihin ja kuluttajariitoihin liittyviss\u00e4 riita-asioissa henkil\u00f6tietoja s\u00e4ilytet\u00e4\u00e4n, kunnes vaatimus on t\u00e4ytetty tai vanhentumisaika p\u00e4\u00e4ttyy.<br \/>\nKirjanpitoon tarvittavia henkil\u00f6tietoja s\u00e4ilytet\u00e4\u00e4n seitsem\u00e4n vuotta.<\/p>\n<p><strong>POISTAMINEN<\/strong><br \/>\nHenkil\u00f6tietojen poistamiseksi sinun tulee ottaa yhteytt\u00e4 asiakastukeen s\u00e4hk\u00f6postitse. Poistopyynt\u00f6\u00f6n vastataan viimeist\u00e4\u00e4n kuukauden kuluessa ja tietojen poistamisaika tarkentuu.<\/p>\n<p><strong>SIIRRETT\u00c4VYYS<\/strong><\/p>\n<p>S\u00e4hk\u00f6postiosoitetta ja puhelinnumeroa k\u00e4ytet\u00e4\u00e4n suoramarkkinointiviestien l\u00e4hett\u00e4miseen, mik\u00e4li asiakas on antanut siihen suostumuksensa. Mik\u00e4li asiakas ei halua vastaanottaa suoramarkkinointiviestej\u00e4, tulee h\u00e4nen valita s\u00e4hk\u00f6postin alatunnisteesta vastaava viite tai ottaa yhteytt\u00e4 asiakastukeen.<\/p>\n<p>Jos henkil\u00f6tietoja k\u00e4sitell\u00e4\u00e4n suoramarkkinointia (profilointia) varten, asiakkaalla on oikeus milloin tahansa vastustaa henkil\u00f6tietojensa alku- ja jatkok\u00e4sittely\u00e4, mukaan lukien suoramarkkinointiin liittyv\u00e4 profiilianalyysi, ilmoittamalla siit\u00e4 asiakastukeen s\u00e4hk\u00f6posti (oleelliset tiedot on annettava selke\u00e4sti ja erill\u00e4\u00e4n kaikista muista tiedoista). .<\/p>\n<p>ARGUMENTIEN RATKAISEMINEN<br \/>\nHenkil\u00f6tietojen k\u00e4sittelyyn liittyv\u00e4t erimielisyydet ratkaistaan asiakaspalvelun kautta osoitteessa infigo@infigo.ee. Valvontaviranomainen on Viron tietosuojatarkastus (info@aki.ee).<\/p>\n<hr \/>\n<p>INFIGO O\u00dc<br \/>\nNarva mnt. 7D<br \/>\n10117 TALLINN<br \/>\nESTONIA<br \/>\nVAT no. EE101316512<br \/>\nReg. no. 11709718<\/p>\n<\/div>\n<\/div><\/div><\/div><\/div><\/div>","protected":false},"excerpt":{"rendered":"<p>Verkkokauppa k\u00e4ytt\u00e4\u00e4 ev\u00e4steit\u00e4 (eng. Cookies). Ev\u00e4ste on pieni tekstitiedosto, jonka selain tallentaa automaattisesti asiakkaan k\u00e4ytt\u00e4m\u00e4lle laitteelle. Ev\u00e4steit\u00e4 k\u00e4ytet\u00e4\u00e4n ker\u00e4\u00e4m\u00e4\u00e4n tietoa siit\u00e4, miten asiakas k\u00e4ytt\u00e4\u00e4 Verkkokauppaa, jotta asiakkaalle saadaan parempi k\u00e4ytt\u00f6kokemus. Verkkokaupassa k\u00e4ytet\u00e4\u00e4n seuraavia ev\u00e4steit\u00e4 (cookies): istuntoev\u00e4steet, joiden tarkoituksena on mahdollistaa Verkkokaupan k\u00e4ytt\u00f6; pysyv\u00e4t ev\u00e4steet, joiden tarkoituksena on muistaa asiakkaan valinnat Verkkokaupassa; ensimm\u00e4isen ja\/tai kolmannen osapuolen [&hellip;]<\/p>\n","protected":false},"author":1,"featured_media":0,"parent":0,"menu_order":0,"comment_status":"closed","ping_status":"closed","template":"","meta":{"_acf_changed":false,"footnotes":""},"class_list":["post-41999","page","type-page","status-publish","hentry"],"acf":[],"yoast_head":"<!-- This site is optimized with the Yoast SEO plugin v27.5 - https:\/\/yoast.com\/product\/yoast-seo-wordpress\/ -->\n<title>Yksityisyysk\u00e4yt\u00e4nn\u00f6t - Infigo<\/title>\n<meta name=\"description\" content=\"Pakendi disainide loomine on meie kujundajate igap\u00e4evane t\u00f6\u00f6 - meile lihtsalt meeldib seda teha! Loome, kujundame ja toodame Teie ettev\u00f5tte logoga pakendid.\" \/>\n<meta name=\"robots\" content=\"index, follow, max-snippet:-1, max-image-preview:large, max-video-preview:-1\" \/>\n<link rel=\"canonical\" href=\"https:\/\/infigo.ee\/fi\/yksityisyys\/\" \/>\n<meta property=\"og:locale\" content=\"fi_FI\" \/>\n<meta property=\"og:type\" content=\"article\" \/>\n<meta property=\"og:title\" content=\"Yksityisyysk\u00e4yt\u00e4nn\u00f6t - Infigo\" \/>\n<meta property=\"og:description\" content=\"Pakendi disainide loomine on meie kujundajate igap\u00e4evane t\u00f6\u00f6 - meile lihtsalt meeldib seda teha! Loome, kujundame ja toodame Teie ettev\u00f5tte logoga pakendid.\" \/>\n<meta property=\"og:url\" content=\"https:\/\/infigo.ee\/fi\/yksityisyys\/\" \/>\n<meta property=\"og:site_name\" content=\"Infigo\" \/>\n<meta property=\"article:modified_time\" content=\"2024-02-29T13:50:38+00:00\" \/>\n<meta property=\"og:image\" content=\"https:\/\/infigo.ee\/wp-content\/uploads\/2024\/03\/119196591_3218683694889625_8641204450253517827_n.jpeg\" \/>\n\t<meta property=\"og:image:width\" content=\"452\" \/>\n\t<meta property=\"og:image:height\" content=\"452\" \/>\n\t<meta property=\"og:image:type\" content=\"image\/jpeg\" \/>\n<meta name=\"twitter:card\" content=\"summary_large_image\" \/>\n<meta name=\"twitter:label1\" content=\"Arvioitu lukuaika\" \/>\n\t<meta name=\"twitter:data1\" content=\"3 minuuttia\" \/>\n<script type=\"application\/ld+json\" class=\"yoast-schema-graph\">{\"@context\":\"https:\\\/\\\/schema.org\",\"@graph\":[{\"@type\":\"WebPage\",\"@id\":\"https:\\\/\\\/infigo.ee\\\/fi\\\/yksityisyys\\\/\",\"url\":\"https:\\\/\\\/infigo.ee\\\/fi\\\/yksityisyys\\\/\",\"name\":\"Yksityisyysk\u00e4yt\u00e4nn\u00f6t - Infigo\",\"isPartOf\":{\"@id\":\"https:\\\/\\\/infigo.ee\\\/#website\"},\"datePublished\":\"2023-12-08T05:12:34+00:00\",\"dateModified\":\"2024-02-29T13:50:38+00:00\",\"description\":\"Pakendi disainide loomine on meie kujundajate igap\u00e4evane t\u00f6\u00f6 - meile lihtsalt meeldib seda teha! Loome, kujundame ja toodame Teie ettev\u00f5tte logoga pakendid.\",\"breadcrumb\":{\"@id\":\"https:\\\/\\\/infigo.ee\\\/fi\\\/yksityisyys\\\/#breadcrumb\"},\"inLanguage\":\"fi\",\"potentialAction\":[{\"@type\":\"ReadAction\",\"target\":[\"https:\\\/\\\/infigo.ee\\\/fi\\\/yksityisyys\\\/\"]}]},{\"@type\":\"BreadcrumbList\",\"@id\":\"https:\\\/\\\/infigo.ee\\\/fi\\\/yksityisyys\\\/#breadcrumb\",\"itemListElement\":[{\"@type\":\"ListItem\",\"position\":1,\"name\":\"Home\",\"item\":\"https:\\\/\\\/infigo.ee\\\/fi\\\/\"},{\"@type\":\"ListItem\",\"position\":2,\"name\":\"Yksityisyysk\u00e4yt\u00e4nn\u00f6t\"}]},{\"@type\":\"WebSite\",\"@id\":\"https:\\\/\\\/infigo.ee\\\/#website\",\"url\":\"https:\\\/\\\/infigo.ee\\\/\",\"name\":\"Infigo\",\"description\":\"\",\"publisher\":{\"@id\":\"https:\\\/\\\/infigo.ee\\\/#organization\"},\"potentialAction\":[{\"@type\":\"SearchAction\",\"target\":{\"@type\":\"EntryPoint\",\"urlTemplate\":\"https:\\\/\\\/infigo.ee\\\/?s={search_term_string}\"},\"query-input\":{\"@type\":\"PropertyValueSpecification\",\"valueRequired\":true,\"valueName\":\"search_term_string\"}}],\"inLanguage\":\"fi\"},{\"@type\":\"Organization\",\"@id\":\"https:\\\/\\\/infigo.ee\\\/#organization\",\"name\":\"Infigo\",\"url\":\"https:\\\/\\\/infigo.ee\\\/\",\"logo\":{\"@type\":\"ImageObject\",\"inLanguage\":\"fi\",\"@id\":\"https:\\\/\\\/infigo.ee\\\/#\\\/schema\\\/logo\\\/image\\\/\",\"url\":\"https:\\\/\\\/infigo.ee\\\/wp-content\\\/uploads\\\/2023\\\/11\\\/logo-1.jpg\",\"contentUrl\":\"https:\\\/\\\/infigo.ee\\\/wp-content\\\/uploads\\\/2023\\\/11\\\/logo-1.jpg\",\"width\":334,\"height\":114,\"caption\":\"Infigo\"},\"image\":{\"@id\":\"https:\\\/\\\/infigo.ee\\\/#\\\/schema\\\/logo\\\/image\\\/\"}}]}<\/script>\n<!-- \/ Yoast SEO plugin. -->","yoast_head_json":{"title":"Yksityisyysk\u00e4yt\u00e4nn\u00f6t - Infigo","description":"Pakendi disainide loomine on meie kujundajate igap\u00e4evane t\u00f6\u00f6 - meile lihtsalt meeldib seda teha! Loome, kujundame ja toodame Teie ettev\u00f5tte logoga pakendid.","robots":{"index":"index","follow":"follow","max-snippet":"max-snippet:-1","max-image-preview":"max-image-preview:large","max-video-preview":"max-video-preview:-1"},"canonical":"https:\/\/infigo.ee\/fi\/yksityisyys\/","og_locale":"fi_FI","og_type":"article","og_title":"Yksityisyysk\u00e4yt\u00e4nn\u00f6t - Infigo","og_description":"Pakendi disainide loomine on meie kujundajate igap\u00e4evane t\u00f6\u00f6 - meile lihtsalt meeldib seda teha! Loome, kujundame ja toodame Teie ettev\u00f5tte logoga pakendid.","og_url":"https:\/\/infigo.ee\/fi\/yksityisyys\/","og_site_name":"Infigo","article_modified_time":"2024-02-29T13:50:38+00:00","og_image":[{"width":452,"height":452,"url":"https:\/\/infigo.ee\/wp-content\/uploads\/2024\/03\/119196591_3218683694889625_8641204450253517827_n.jpeg","type":"image\/jpeg"}],"twitter_card":"summary_large_image","twitter_misc":{"Arvioitu lukuaika":"3 minuuttia"},"schema":{"@context":"https:\/\/schema.org","@graph":[{"@type":"WebPage","@id":"https:\/\/infigo.ee\/fi\/yksityisyys\/","url":"https:\/\/infigo.ee\/fi\/yksityisyys\/","name":"Yksityisyysk\u00e4yt\u00e4nn\u00f6t - Infigo","isPartOf":{"@id":"https:\/\/infigo.ee\/#website"},"datePublished":"2023-12-08T05:12:34+00:00","dateModified":"2024-02-29T13:50:38+00:00","description":"Pakendi disainide loomine on meie kujundajate igap\u00e4evane t\u00f6\u00f6 - meile lihtsalt meeldib seda teha! Loome, kujundame ja toodame Teie ettev\u00f5tte logoga pakendid.","breadcrumb":{"@id":"https:\/\/infigo.ee\/fi\/yksityisyys\/#breadcrumb"},"inLanguage":"fi","potentialAction":[{"@type":"ReadAction","target":["https:\/\/infigo.ee\/fi\/yksityisyys\/"]}]},{"@type":"BreadcrumbList","@id":"https:\/\/infigo.ee\/fi\/yksityisyys\/#breadcrumb","itemListElement":[{"@type":"ListItem","position":1,"name":"Home","item":"https:\/\/infigo.ee\/fi\/"},{"@type":"ListItem","position":2,"name":"Yksityisyysk\u00e4yt\u00e4nn\u00f6t"}]},{"@type":"WebSite","@id":"https:\/\/infigo.ee\/#website","url":"https:\/\/infigo.ee\/","name":"Infigo","description":"","publisher":{"@id":"https:\/\/infigo.ee\/#organization"},"potentialAction":[{"@type":"SearchAction","target":{"@type":"EntryPoint","urlTemplate":"https:\/\/infigo.ee\/?s={search_term_string}"},"query-input":{"@type":"PropertyValueSpecification","valueRequired":true,"valueName":"search_term_string"}}],"inLanguage":"fi"},{"@type":"Organization","@id":"https:\/\/infigo.ee\/#organization","name":"Infigo","url":"https:\/\/infigo.ee\/","logo":{"@type":"ImageObject","inLanguage":"fi","@id":"https:\/\/infigo.ee\/#\/schema\/logo\/image\/","url":"https:\/\/infigo.ee\/wp-content\/uploads\/2023\/11\/logo-1.jpg","contentUrl":"https:\/\/infigo.ee\/wp-content\/uploads\/2023\/11\/logo-1.jpg","width":334,"height":114,"caption":"Infigo"},"image":{"@id":"https:\/\/infigo.ee\/#\/schema\/logo\/image\/"}}]}},"_links":{"self":[{"href":"https:\/\/infigo.ee\/fi\/wp-json\/wp\/v2\/pages\/41999","targetHints":{"allow":["GET"]}}],"collection":[{"href":"https:\/\/infigo.ee\/fi\/wp-json\/wp\/v2\/pages"}],"about":[{"href":"https:\/\/infigo.ee\/fi\/wp-json\/wp\/v2\/types\/page"}],"author":[{"embeddable":true,"href":"https:\/\/infigo.ee\/fi\/wp-json\/wp\/v2\/users\/1"}],"replies":[{"embeddable":true,"href":"https:\/\/infigo.ee\/fi\/wp-json\/wp\/v2\/comments?post=41999"}],"version-history":[{"count":3,"href":"https:\/\/infigo.ee\/fi\/wp-json\/wp\/v2\/pages\/41999\/revisions"}],"predecessor-version":[{"id":42705,"href":"https:\/\/infigo.ee\/fi\/wp-json\/wp\/v2\/pages\/41999\/revisions\/42705"}],"wp:attachment":[{"href":"https:\/\/infigo.ee\/fi\/wp-json\/wp\/v2\/media?parent=41999"}],"curies":[{"name":"wp","href":"https:\/\/api.w.org\/{rel}","templated":true}]}}