{"id":41995,"date":"2023-12-08T07:08:59","date_gmt":"2023-12-08T05:08:59","guid":{"rendered":"https:\/\/infigo.ee\/terms-of-sale\/"},"modified":"2024-02-14T16:40:53","modified_gmt":"2024-02-14T14:40:53","slug":"myyntiehdot","status":"publish","type":"page","link":"https:\/\/infigo.ee\/fi\/myyntiehdot\/","title":{"rendered":"Myyntiehdot"},"content":{"rendered":"<div id=\"pl-41995\"  class=\"panel-layout\" ><div id=\"pg-41995-0\"  class=\"panel-grid panel-no-style\" ><div id=\"pgc-41995-0-0\"  class=\"panel-grid-cell\" ><div id=\"panel-41995-0-0-0\" class=\"so-panel widget widget_sow-editor panel-first-child panel-last-child\" data-index=\"0\" ><div\n\t\t\t\n\t\t\tclass=\"so-widget-sow-editor so-widget-sow-editor-base\"\n\t\t\t\n\t\t><h3 class=\"widget-title\">Myyntiehdot<\/h3>\n<div class=\"siteorigin-widget-tinymce textwidget\">\n\t<p>1. <strong>YLEIST\u00c4<\/strong><br \/>\n1.1. Infigo-verkkokaupan (j\u00e4ljemp\u00e4n\u00e4 Verkkokauppa) omistaja on Infigo O\u00dc (rekisteritunnus 11709718), joka sijaitsee osoitteessa Narva mnt 7D \/ 2k., Tallinna, Viro.<\/p>\n<p>1.2. N\u00e4m\u00e4 k\u00e4ytt\u00f6ehdot s\u00e4\u00e4telev\u00e4t Infigo O\u00dc:n (Myyj\u00e4) ja ostoksen tehneen henkil\u00f6n (Ostaja) v\u00e4lisi\u00e4 oikeussuhteita verkkokaupassa ostettaessa ja myyt\u00e4ess\u00e4.<\/p>\n<p>1.3. N\u00e4iden ehtojen lis\u00e4ksi Viron tasavallan lait s\u00e4\u00e4telev\u00e4t verkkokaupan kautta tapahtuvassa tuotteiden jakelussa syntyvi\u00e4 oikeussuhteita.<\/p>\n<p>1.4. Myyj\u00e4 voi muuttaa verkkokaupan k\u00e4ytt\u00f6ehtoja sek\u00e4 tuotteiden ja palveluiden hintoja. Muutoksista ilmoitetaan verkkokauppaymp\u00e4rist\u00f6ss\u00e4. Kauppaan sovelletaan kaupantekohetkell\u00e4 voimassa olevia ehtoja ja hintoja.<\/p>\n<p>2. <strong>HINTA<\/strong><br \/>\n2.1. Tuotteen tiedot l\u00f6ytyv\u00e4t Verkkokaupassa suoraan tuotteen vierest\u00e4.<\/p>\n<p>2.2. Tuotteiden hinnat on ilmoitettu verkkokaupassa tuotteiden vieress\u00e4. Hinta sis\u00e4lt\u00e4\u00e4 toimitusmaksun, ellei tavaraa maksettaessa ole toisin mainittu. Tavaran toimitusmaksu riippuu ostajan sijainnista ja toimitustavasta. Toimitusmaksu n\u00e4kyy ostajalle tilausta tehdess\u00e4\u00e4n.<\/p>\n<p>3. <strong>TILAUKSEN MUODOSTAMINEN<\/strong><br \/>\n3.1. Tavaran tilaamiseksi sinun tulee lis\u00e4t\u00e4 haluamasi tuotteet ostoskoriin. Suorittaaksesi tilauksen, sinun tulee t\u00e4ytt\u00e4\u00e4 vaaditut tietokent\u00e4t ja valittava sopiva tuotteen toimitustapa.<\/p>\n<p>3.2. Ostoskorissa on mahdollista vaihtaa tuotteita ja niiden m\u00e4\u00e4ri\u00e4 sek\u00e4 poistaa tuotteita ostoskorista, kunnes tuote on maksettu.<\/p>\n<p>3.3. Tilausta teht\u00e4ess\u00e4 n\u00e4yt\u00f6lle tulee lopullinen hinta, jonka voi maksaa pankkilinkin tai muun maksutavan kautta.<\/p>\n<p>3.4. Sopimus tulee voimaan, kun maksettava summa on saapunut Verkkokaupan k\u00e4ytt\u00f6tilille.<\/p>\n<p>3.5. Myyj\u00e4 l\u00e4hett\u00e4\u00e4 tilausvahvistusilmoituksen Ostajan s\u00e4hk\u00f6postiosoitteeseen. Jos kirjett\u00e4 ei l\u00f6ydy postilaatikosta, tarkista, ettei kirje ole vahingossa joutunut roskapostikansioon.<\/p>\n<p>3.6. Myyj\u00e4ll\u00e4 on oikeus peruuttaa sopimus, jos tilattua tavaraa ei voida toimittaa tavaran loppumisen tai muun syyn vuoksi. Myyj\u00e4 ilmoittaa t\u00e4st\u00e4 Ostajalle mahdollisimman pian ja palauttaa kaikki tilatuista tuotteista saamansa maksut (mukaan lukien tavaran toimituskulut) viipym\u00e4tt\u00e4, mutta viimeist\u00e4\u00e4n 14 p\u00e4iv\u00e4n kuluessa ilmoituksen l\u00e4hett\u00e4misest\u00e4.<\/p>\n<p>4. <strong>MAKSU<\/strong><br \/>\n4.1. Ostaja maksaa 100 % ennakkoon verkkokaupassa tehdyist\u00e4 ostoksista.<\/p>\n<p>4.2. Tilaukset voidaan maksaa verkkokaupan maksuratkaisuilla.<\/p>\n<p>4.3. Maksaminen tapahtuu verkkokaupan ulkopuolella turvallisessa ymp\u00e4rist\u00f6ss\u00e4. Myyj\u00e4ll\u00e4 ei ole p\u00e4\u00e4sy\u00e4 ostajan pankki- ja luottokorttitietoihin.<\/p>\n<p>5. <strong>TUOTTEIDEN PERUUTUS-, PALAUTUS- JA VAIHTOOIKEUS<\/strong><br \/>\n5.1. Yksityisell\u00e4 ostajalla on oikeus vet\u00e4yty\u00e4 kaupasta 14 kalenterip\u00e4iv\u00e4n kuluessa toimittamalla Myyj\u00e4lle kirjallinen peruuttamisilmoitus, joka sijaitsee Verkkokauppaliiton verkkosivuilla ja joka sis\u00e4lt\u00e4\u00e4 seuraavat tiedot:<\/p>\n<p>- Etu-ja sukunimi<br \/>\n- Yhteyspuhelinnumero<br \/>\n- S\u00e4hk\u00f6postiosoite<br \/>\n- Osoite<br \/>\n- Pankkitilin tiedot<br \/>\n- Tilauksen l\u00e4hetysp\u00e4iv\u00e4<br \/>\n- Tuotteen vastaanottop\u00e4iv\u00e4<br \/>\n- Palautettavan tuotteen nimi<br \/>\n- Tuotteen sarjanumero<br \/>\n- Tuotteen ostolaskunumero<br \/>\n- Syy palata<\/p>\n<p>5.2. Yksityisen ostajan tulee l\u00e4hett\u00e4\u00e4 peruuttamispyynt\u00f6 tavaran ostamisesta s\u00e4hk\u00f6postitse osoitteeseen infigo@infigo.ee tai osoitteeseen Narva mnt 7D \/ 2k., Tallinna viimeist\u00e4\u00e4n 14 kalenterip\u00e4iv\u00e4n kuluessa tavaran vastaanottamisesta. Myyj\u00e4 vahvistaa peruuttamisilmoituksen vastaanottamisen ostajalle l\u00e4hetetyll\u00e4 ilmoituksella.<\/p>\n<p>5.3. Palautettavan tuotteen tulee sis\u00e4lt\u00e4\u00e4 kaikki ostoasiakirjat. Tavaroihin kiinnitettyj\u00e4 tarroja ja tavaran kunnon suojaamiseksi asennettuja esineit\u00e4 (esim. suojakalvot, kosteudenker\u00e4\u00e4j\u00e4t, muovik\u00e4\u00e4reet jne.), jotka eiv\u00e4t est\u00e4 tavaroita kokeilemasta ja tarkastamasta, ei saa poistaa tavaraa palautetaessa.<\/p>\n<p>6. <strong>OIKEUS TEHD\u00c4 REKLAMAATIO<\/strong><br \/>\n6.1. Myyj\u00e4 vastaa ostajalle myydyn tavaran sopimusehtojen vastaisuudesta tai virheest\u00e4, joka oli olemassa jo tavaran luovutushetkell\u00e4 ja joka ilmenee enint\u00e4\u00e4n kahden vuoden kuluessa tavaran luovuttamisesta Ostajlle, josta ensimm\u00e4iset kuusi kuukautta tavaran toimittamisesta ostajalle katsotaan virheajaksi. Myyj\u00e4n vastuulla on kumota t\u00e4llainen olettamus. Myyj\u00e4 ei vastaa virheist\u00e4, jotka ovat ilmenneet sen j\u00e4lkeen, kun tavara on luovutettu ostajalle.<\/p>\n<p>6.2. Havaittuaan tuotteen virheen tai virheen Ostaja sitoutuu ilmoittamaan siit\u00e4 Myyj\u00e4lle v\u00e4litt\u00f6m\u00e4sti, mutta viimeist\u00e4\u00e4n kahden kuukauden kuluessa virheest\u00e4 saatuaan, l\u00e4hett\u00e4m\u00e4ll\u00e4 asiaa koskevat tiedot s\u00e4hk\u00f6postiosoitteeseen infigo@infigo.ee tai kirjallisesti osoitteeseen [Information missing: address and clausule 6.3]<\/p>\n<\/div>\n<\/div><\/div><\/div><\/div><\/div>","protected":false},"excerpt":{"rendered":"<p>1. YLEIST\u00c4 1.1. Infigo-verkkokaupan (j\u00e4ljemp\u00e4n\u00e4 Verkkokauppa) omistaja on Infigo O\u00dc (rekisteritunnus 11709718), joka sijaitsee osoitteessa Narva mnt 7D \/ 2k., Tallinna, Viro. 1.2. N\u00e4m\u00e4 k\u00e4ytt\u00f6ehdot s\u00e4\u00e4telev\u00e4t Infigo O\u00dc:n (Myyj\u00e4) ja ostoksen tehneen henkil\u00f6n (Ostaja) v\u00e4lisi\u00e4 oikeussuhteita verkkokaupassa ostettaessa ja myyt\u00e4ess\u00e4. 1.3. N\u00e4iden ehtojen lis\u00e4ksi Viron tasavallan lait s\u00e4\u00e4telev\u00e4t verkkokaupan kautta tapahtuvassa tuotteiden jakelussa syntyvi\u00e4 oikeussuhteita. [&hellip;]<\/p>\n","protected":false},"author":1,"featured_media":0,"parent":0,"menu_order":0,"comment_status":"closed","ping_status":"closed","template":"","meta":{"_acf_changed":false,"footnotes":""},"class_list":["post-41995","page","type-page","status-publish","hentry"],"acf":[],"yoast_head":"<!-- This site is optimized with the Yoast SEO plugin v27.5 - https:\/\/yoast.com\/product\/yoast-seo-wordpress\/ -->\n<title>Myyntiehdot - Infigo<\/title>\n<meta name=\"description\" content=\"Pakendi disainide loomine on meie kujundajate igap\u00e4evane t\u00f6\u00f6 - meile lihtsalt meeldib seda teha! Loome, kujundame ja toodame Teie ettev\u00f5tte logoga pakendid.\" \/>\n<meta name=\"robots\" content=\"index, follow, max-snippet:-1, max-image-preview:large, max-video-preview:-1\" \/>\n<link rel=\"canonical\" href=\"https:\/\/infigo.ee\/fi\/myyntiehdot\/\" \/>\n<meta property=\"og:locale\" content=\"fi_FI\" \/>\n<meta property=\"og:type\" content=\"article\" \/>\n<meta property=\"og:title\" content=\"Myyntiehdot - Infigo\" \/>\n<meta property=\"og:description\" content=\"Pakendi disainide loomine on meie kujundajate igap\u00e4evane t\u00f6\u00f6 - meile lihtsalt meeldib seda teha! Loome, kujundame ja toodame Teie ettev\u00f5tte logoga pakendid.\" \/>\n<meta property=\"og:url\" content=\"https:\/\/infigo.ee\/fi\/myyntiehdot\/\" \/>\n<meta property=\"og:site_name\" content=\"Infigo\" \/>\n<meta property=\"article:modified_time\" content=\"2024-02-14T14:40:53+00:00\" \/>\n<meta property=\"og:image\" content=\"https:\/\/infigo.ee\/wp-content\/uploads\/2024\/03\/119196591_3218683694889625_8641204450253517827_n.jpeg\" \/>\n\t<meta property=\"og:image:width\" content=\"452\" \/>\n\t<meta property=\"og:image:height\" content=\"452\" \/>\n\t<meta property=\"og:image:type\" content=\"image\/jpeg\" \/>\n<meta name=\"twitter:card\" content=\"summary_large_image\" \/>\n<meta name=\"twitter:label1\" content=\"Arvioitu lukuaika\" \/>\n\t<meta name=\"twitter:data1\" content=\"6 minuuttia\" \/>\n<script type=\"application\/ld+json\" class=\"yoast-schema-graph\">{\"@context\":\"https:\\\/\\\/schema.org\",\"@graph\":[{\"@type\":\"WebPage\",\"@id\":\"https:\\\/\\\/infigo.ee\\\/fi\\\/myyntiehdot\\\/\",\"url\":\"https:\\\/\\\/infigo.ee\\\/fi\\\/myyntiehdot\\\/\",\"name\":\"Myyntiehdot - Infigo\",\"isPartOf\":{\"@id\":\"https:\\\/\\\/infigo.ee\\\/#website\"},\"datePublished\":\"2023-12-08T05:08:59+00:00\",\"dateModified\":\"2024-02-14T14:40:53+00:00\",\"description\":\"Pakendi disainide loomine on meie kujundajate igap\u00e4evane t\u00f6\u00f6 - meile lihtsalt meeldib seda teha! Loome, kujundame ja toodame Teie ettev\u00f5tte logoga pakendid.\",\"breadcrumb\":{\"@id\":\"https:\\\/\\\/infigo.ee\\\/fi\\\/myyntiehdot\\\/#breadcrumb\"},\"inLanguage\":\"fi\",\"potentialAction\":[{\"@type\":\"ReadAction\",\"target\":[\"https:\\\/\\\/infigo.ee\\\/fi\\\/myyntiehdot\\\/\"]}]},{\"@type\":\"BreadcrumbList\",\"@id\":\"https:\\\/\\\/infigo.ee\\\/fi\\\/myyntiehdot\\\/#breadcrumb\",\"itemListElement\":[{\"@type\":\"ListItem\",\"position\":1,\"name\":\"Home\",\"item\":\"https:\\\/\\\/infigo.ee\\\/fi\\\/\"},{\"@type\":\"ListItem\",\"position\":2,\"name\":\"Myyntiehdot\"}]},{\"@type\":\"WebSite\",\"@id\":\"https:\\\/\\\/infigo.ee\\\/#website\",\"url\":\"https:\\\/\\\/infigo.ee\\\/\",\"name\":\"Infigo\",\"description\":\"\",\"publisher\":{\"@id\":\"https:\\\/\\\/infigo.ee\\\/#organization\"},\"potentialAction\":[{\"@type\":\"SearchAction\",\"target\":{\"@type\":\"EntryPoint\",\"urlTemplate\":\"https:\\\/\\\/infigo.ee\\\/?s={search_term_string}\"},\"query-input\":{\"@type\":\"PropertyValueSpecification\",\"valueRequired\":true,\"valueName\":\"search_term_string\"}}],\"inLanguage\":\"fi\"},{\"@type\":\"Organization\",\"@id\":\"https:\\\/\\\/infigo.ee\\\/#organization\",\"name\":\"Infigo\",\"url\":\"https:\\\/\\\/infigo.ee\\\/\",\"logo\":{\"@type\":\"ImageObject\",\"inLanguage\":\"fi\",\"@id\":\"https:\\\/\\\/infigo.ee\\\/#\\\/schema\\\/logo\\\/image\\\/\",\"url\":\"https:\\\/\\\/infigo.ee\\\/wp-content\\\/uploads\\\/2023\\\/11\\\/logo-1.jpg\",\"contentUrl\":\"https:\\\/\\\/infigo.ee\\\/wp-content\\\/uploads\\\/2023\\\/11\\\/logo-1.jpg\",\"width\":334,\"height\":114,\"caption\":\"Infigo\"},\"image\":{\"@id\":\"https:\\\/\\\/infigo.ee\\\/#\\\/schema\\\/logo\\\/image\\\/\"}}]}<\/script>\n<!-- \/ Yoast SEO plugin. -->","yoast_head_json":{"title":"Myyntiehdot - Infigo","description":"Pakendi disainide loomine on meie kujundajate igap\u00e4evane t\u00f6\u00f6 - meile lihtsalt meeldib seda teha! Loome, kujundame ja toodame Teie ettev\u00f5tte logoga pakendid.","robots":{"index":"index","follow":"follow","max-snippet":"max-snippet:-1","max-image-preview":"max-image-preview:large","max-video-preview":"max-video-preview:-1"},"canonical":"https:\/\/infigo.ee\/fi\/myyntiehdot\/","og_locale":"fi_FI","og_type":"article","og_title":"Myyntiehdot - Infigo","og_description":"Pakendi disainide loomine on meie kujundajate igap\u00e4evane t\u00f6\u00f6 - meile lihtsalt meeldib seda teha! Loome, kujundame ja toodame Teie ettev\u00f5tte logoga pakendid.","og_url":"https:\/\/infigo.ee\/fi\/myyntiehdot\/","og_site_name":"Infigo","article_modified_time":"2024-02-14T14:40:53+00:00","og_image":[{"width":452,"height":452,"url":"https:\/\/infigo.ee\/wp-content\/uploads\/2024\/03\/119196591_3218683694889625_8641204450253517827_n.jpeg","type":"image\/jpeg"}],"twitter_card":"summary_large_image","twitter_misc":{"Arvioitu lukuaika":"6 minuuttia"},"schema":{"@context":"https:\/\/schema.org","@graph":[{"@type":"WebPage","@id":"https:\/\/infigo.ee\/fi\/myyntiehdot\/","url":"https:\/\/infigo.ee\/fi\/myyntiehdot\/","name":"Myyntiehdot - Infigo","isPartOf":{"@id":"https:\/\/infigo.ee\/#website"},"datePublished":"2023-12-08T05:08:59+00:00","dateModified":"2024-02-14T14:40:53+00:00","description":"Pakendi disainide loomine on meie kujundajate igap\u00e4evane t\u00f6\u00f6 - meile lihtsalt meeldib seda teha! Loome, kujundame ja toodame Teie ettev\u00f5tte logoga pakendid.","breadcrumb":{"@id":"https:\/\/infigo.ee\/fi\/myyntiehdot\/#breadcrumb"},"inLanguage":"fi","potentialAction":[{"@type":"ReadAction","target":["https:\/\/infigo.ee\/fi\/myyntiehdot\/"]}]},{"@type":"BreadcrumbList","@id":"https:\/\/infigo.ee\/fi\/myyntiehdot\/#breadcrumb","itemListElement":[{"@type":"ListItem","position":1,"name":"Home","item":"https:\/\/infigo.ee\/fi\/"},{"@type":"ListItem","position":2,"name":"Myyntiehdot"}]},{"@type":"WebSite","@id":"https:\/\/infigo.ee\/#website","url":"https:\/\/infigo.ee\/","name":"Infigo","description":"","publisher":{"@id":"https:\/\/infigo.ee\/#organization"},"potentialAction":[{"@type":"SearchAction","target":{"@type":"EntryPoint","urlTemplate":"https:\/\/infigo.ee\/?s={search_term_string}"},"query-input":{"@type":"PropertyValueSpecification","valueRequired":true,"valueName":"search_term_string"}}],"inLanguage":"fi"},{"@type":"Organization","@id":"https:\/\/infigo.ee\/#organization","name":"Infigo","url":"https:\/\/infigo.ee\/","logo":{"@type":"ImageObject","inLanguage":"fi","@id":"https:\/\/infigo.ee\/#\/schema\/logo\/image\/","url":"https:\/\/infigo.ee\/wp-content\/uploads\/2023\/11\/logo-1.jpg","contentUrl":"https:\/\/infigo.ee\/wp-content\/uploads\/2023\/11\/logo-1.jpg","width":334,"height":114,"caption":"Infigo"},"image":{"@id":"https:\/\/infigo.ee\/#\/schema\/logo\/image\/"}}]}},"_links":{"self":[{"href":"https:\/\/infigo.ee\/fi\/wp-json\/wp\/v2\/pages\/41995","targetHints":{"allow":["GET"]}}],"collection":[{"href":"https:\/\/infigo.ee\/fi\/wp-json\/wp\/v2\/pages"}],"about":[{"href":"https:\/\/infigo.ee\/fi\/wp-json\/wp\/v2\/types\/page"}],"author":[{"embeddable":true,"href":"https:\/\/infigo.ee\/fi\/wp-json\/wp\/v2\/users\/1"}],"replies":[{"embeddable":true,"href":"https:\/\/infigo.ee\/fi\/wp-json\/wp\/v2\/comments?post=41995"}],"version-history":[{"count":1,"href":"https:\/\/infigo.ee\/fi\/wp-json\/wp\/v2\/pages\/41995\/revisions"}],"predecessor-version":[{"id":41996,"href":"https:\/\/infigo.ee\/fi\/wp-json\/wp\/v2\/pages\/41995\/revisions\/41996"}],"wp:attachment":[{"href":"https:\/\/infigo.ee\/fi\/wp-json\/wp\/v2\/media?parent=41995"}],"curies":[{"name":"wp","href":"https:\/\/api.w.org\/{rel}","templated":true}]}}