{"id":41990,"date":"2023-12-08T07:03:21","date_gmt":"2023-12-08T05:03:21","guid":{"rendered":"https:\/\/infigo.ee\/delivery\/"},"modified":"2024-03-19T08:45:52","modified_gmt":"2024-03-19T06:45:52","slug":"toimitus","status":"publish","type":"page","link":"https:\/\/infigo.ee\/fi\/toimitus\/","title":{"rendered":"Toimitus"},"content":{"rendered":"<div id=\"pl-41990\"  class=\"panel-layout\" ><div id=\"pg-41990-0\"  class=\"panel-grid panel-no-style\" ><div id=\"pgc-41990-0-0\"  class=\"panel-grid-cell\" ><div id=\"panel-41990-0-0-0\" class=\"so-panel widget widget_sow-editor panel-first-child panel-last-child\" data-index=\"0\" ><div\n\t\t\t\n\t\t\tclass=\"so-widget-sow-editor so-widget-sow-editor-base\"\n\t\t\t\n\t\t><h3 class=\"widget-title\">Kuljetus<\/h3>\n<div class=\"siteorigin-widget-tinymce textwidget\">\n\t<p>Ostaja valitsee verkkokaupasta ostettujen tuotteiden toimitustavan (nouto itse, kuriiri, kuljetusyritys jne.) tilausprosessin aikana ja vastaa kuljetuskustannuksista.<\/p>\n<p>Infigo k\u00e4ytt\u00e4\u00e4 yhteisty\u00f6kumppaneita (kolmansia osapuolia) tavaran toimittamiseen Ostajalle.<\/p>\n<p>Kaikki verkkokaupan hinnat ovat euroissa ja n\u00e4kyv\u00e4t tuotteiden vieress\u00e4. Hintoihin lis\u00e4t\u00e4\u00e4n tavaroiden toimitusmaksu.<\/p>\n<p>Viron sis\u00e4iset tilaukset toimitetaan Ostajalle veloituksetta 100 \u20ac + alv tilauksista.<br \/>\nSuomen ja Ruotsin sis\u00e4iset tilaukset toimitetaan Ostajalle veloituksetta 250 \u20ac + alv tilauksesta.<br \/>\nLatvian ja Liettuan sis\u00e4iset tilaukset toimitetaan Ostajalle veloituksetta 100 \u20ac + alv tilauksesta.<br \/>\nMuista maista tehdyist\u00e4 tilauksista perit\u00e4\u00e4n ylim\u00e4\u00e4r\u00e4iset toimituskulut, jotka on ilmoitettu verkkokaupassa tilausta vahvistettaessa.<\/p>\n<p>Tavarat toimitetaan tilauksessa ilmoitettuun toimitusosoitteeseen. Toimitusosoitetta ei ole mahdollista muuttaa my\u00f6hemmin.<\/p>\n<p>Infigo toimittaa tavarat ovelle asiakkaan ilmoittamaan osoitteeseen. Kun ostat suurempia m\u00e4\u00e4ri\u00e4, ilmoita meille ennen tilauksen vahvistamista, jos asiakas tarvitsee tavaran purkamiseen auton takaluukulla. My\u00f6s jos tilatut tavarat on toimitettava 1-e ylemp\u00e4\u00e4n kerrokseen. Ostajan tulee maksaa n\u00e4ist\u00e4 lis\u00e4palveluista erikseen. L\u00e4het\u00e4 tiedot osoitteeseen: <a href=\"mailto:infigo@infigo.ee\">infigo@infigo.ee<\/a><\/p>\n<p>Tavaran arvioitu toimitusaika on 1-2 viikkoa.<\/p>\n<p>Mik\u00e4li Ostajan tilaaman tavaran toimitusaika on pidempi ja se on tilattava erityiselt\u00e4 valmistajalta\/toimittajalta, Infigo ilmoittaa t\u00e4st\u00e4 Ostajalle kahden arkip\u00e4iv\u00e4n kuluessa s\u00e4hk\u00f6postitse. Samalla ostajalle ilmoitetaan tilattujen tavaroiden toimituksen m\u00e4\u00e4r\u00e4ajasta.<\/p>\n<p>Mik\u00e4li ostaja menett\u00e4\u00e4 kiinnostuksensa ostaa tavaroita tavaroiden pidemm\u00e4n toimitusajan vuoksi, ostajalla on oikeus peruuttaa tilaus ja ostajan maksama summa (mukaan lukien kuljetuskulut) palautetaan Ostajan k\u00e4ytt\u00f6tilille.<\/p>\n<p>Ostaja on velvollinen tarkastamaan tilaamansa tavarat v\u00e4litt\u00f6m\u00e4sti vastaanotettuaan. Mik\u00e4li ostaja havaitsee tavaraa vastaanottaessaan eroja sen t\u00e4ydellisyydess\u00e4 tai m\u00e4\u00e4r\u00e4ss\u00e4, laadussa tai muita eroja verkkokaupassa annettuun kuvaukseen tai h\u00e4nen toimittamaansa tilaukseen verrattuna, on Ostajan ilmoitettava t\u00e4st\u00e4. v\u00e4litt\u00f6m\u00e4sti s\u00e4hk\u00f6postitse: <a href=\"mailto:infigo@infigo.ee\">infigo@infigo.ee<\/a><\/p>\n<p>Mik\u00e4li Ostajan tilaaman tavaran toimittaa posti- tai kuljetusyrityksen ty\u00f6ntekij\u00e4, Ostaja hyv\u00e4ksyy tavarat allekirjoittamalla l\u00e4hetystodistuksen. Ostajan tulee ennen l\u00e4hetysluettelon allekirjoittamista varmistaa, ett\u00e4 tavarat ovat oikein t\u00e4ydellisi\u00e4 ja m\u00e4\u00e4r\u00e4llisi\u00e4 eiv\u00e4tk\u00e4 ole vahingoittuneet tai pilaantuneet. Mik\u00e4li tavaran t\u00e4ydellisyydess\u00e4 tai m\u00e4\u00e4r\u00e4ss\u00e4 on eroa Ostajan toimittamaan tilaukseen verrattuna tai tuote on vaurioitunut tai pilaantunut, on l\u00e4hetysluetteloon teht\u00e4v\u00e4 vastaava huomautus ja ilmoitettava siit\u00e4 v\u00e4litt\u00f6m\u00e4sti s\u00e4hk\u00f6postitse: <a href=\"mailto:infigo@infigo.ee\">infigo@infigo.ee<\/a><\/p>\n<p>Tavaran vahingossa tapahtuvan tuhoutumisen ja vahingoittumisen riski siirtyy Ostajalle, kun tuotteet toimitetaan tilauksessa ilmoitettuun paikkaan.<\/p>\n<\/div>\n<\/div><\/div><\/div><\/div><\/div>","protected":false},"excerpt":{"rendered":"<p>Ostaja valitsee verkkokaupasta ostettujen tuotteiden toimitustavan (nouto itse, kuriiri, kuljetusyritys jne.) tilausprosessin aikana ja vastaa kuljetuskustannuksista. Infigo k\u00e4ytt\u00e4\u00e4 yhteisty\u00f6kumppaneita (kolmansia osapuolia) tavaran toimittamiseen Ostajalle. Kaikki verkkokaupan hinnat ovat euroissa ja n\u00e4kyv\u00e4t tuotteiden vieress\u00e4. Hintoihin lis\u00e4t\u00e4\u00e4n tavaroiden toimitusmaksu. Viron sis\u00e4iset tilaukset toimitetaan Ostajalle veloituksetta 100 \u20ac + alv tilauksista. Suomen ja Ruotsin sis\u00e4iset tilaukset toimitetaan Ostajalle [&hellip;]<\/p>\n","protected":false},"author":1,"featured_media":0,"parent":0,"menu_order":0,"comment_status":"closed","ping_status":"closed","template":"","meta":{"_acf_changed":false,"footnotes":""},"class_list":["post-41990","page","type-page","status-publish","hentry"],"acf":[],"yoast_head":"<!-- This site is optimized with the Yoast SEO plugin v27.3 - https:\/\/yoast.com\/product\/yoast-seo-wordpress\/ -->\n<title>Toimitus - Infigo<\/title>\n<meta name=\"description\" content=\"Pakendi disainide loomine on meie kujundajate igap\u00e4evane t\u00f6\u00f6 - meile lihtsalt meeldib seda teha! Loome, kujundame ja toodame Teie ettev\u00f5tte logoga pakendid.\" \/>\n<meta name=\"robots\" content=\"index, follow, max-snippet:-1, max-image-preview:large, max-video-preview:-1\" \/>\n<link rel=\"canonical\" href=\"https:\/\/infigo.ee\/fi\/toimitus\/\" \/>\n<meta property=\"og:locale\" content=\"fi_FI\" \/>\n<meta property=\"og:type\" content=\"article\" \/>\n<meta property=\"og:title\" content=\"Toimitus - Infigo\" \/>\n<meta property=\"og:description\" content=\"Pakendi disainide loomine on meie kujundajate igap\u00e4evane t\u00f6\u00f6 - meile lihtsalt meeldib seda teha! Loome, kujundame ja toodame Teie ettev\u00f5tte logoga pakendid.\" \/>\n<meta property=\"og:url\" content=\"https:\/\/infigo.ee\/fi\/toimitus\/\" \/>\n<meta property=\"og:site_name\" content=\"Infigo\" \/>\n<meta property=\"article:modified_time\" content=\"2024-03-19T06:45:52+00:00\" \/>\n<meta property=\"og:image\" content=\"https:\/\/infigo.ee\/wp-content\/uploads\/2024\/03\/119196591_3218683694889625_8641204450253517827_n.jpeg\" \/>\n\t<meta property=\"og:image:width\" content=\"452\" \/>\n\t<meta property=\"og:image:height\" content=\"452\" \/>\n\t<meta property=\"og:image:type\" content=\"image\/jpeg\" \/>\n<meta name=\"twitter:card\" content=\"summary_large_image\" \/>\n<meta name=\"twitter:label1\" content=\"Arvioitu lukuaika\" \/>\n\t<meta name=\"twitter:data1\" content=\"2 minuuttia\" \/>\n<script type=\"application\/ld+json\" class=\"yoast-schema-graph\">{\"@context\":\"https:\\\/\\\/schema.org\",\"@graph\":[{\"@type\":\"WebPage\",\"@id\":\"https:\\\/\\\/infigo.ee\\\/fi\\\/toimitus\\\/\",\"url\":\"https:\\\/\\\/infigo.ee\\\/fi\\\/toimitus\\\/\",\"name\":\"Toimitus - Infigo\",\"isPartOf\":{\"@id\":\"https:\\\/\\\/infigo.ee\\\/#website\"},\"datePublished\":\"2023-12-08T05:03:21+00:00\",\"dateModified\":\"2024-03-19T06:45:52+00:00\",\"description\":\"Pakendi disainide loomine on meie kujundajate igap\u00e4evane t\u00f6\u00f6 - meile lihtsalt meeldib seda teha! Loome, kujundame ja toodame Teie ettev\u00f5tte logoga pakendid.\",\"breadcrumb\":{\"@id\":\"https:\\\/\\\/infigo.ee\\\/fi\\\/toimitus\\\/#breadcrumb\"},\"inLanguage\":\"fi\",\"potentialAction\":[{\"@type\":\"ReadAction\",\"target\":[\"https:\\\/\\\/infigo.ee\\\/fi\\\/toimitus\\\/\"]}]},{\"@type\":\"BreadcrumbList\",\"@id\":\"https:\\\/\\\/infigo.ee\\\/fi\\\/toimitus\\\/#breadcrumb\",\"itemListElement\":[{\"@type\":\"ListItem\",\"position\":1,\"name\":\"Home\",\"item\":\"https:\\\/\\\/infigo.ee\\\/fi\\\/\"},{\"@type\":\"ListItem\",\"position\":2,\"name\":\"Toimitus\"}]},{\"@type\":\"WebSite\",\"@id\":\"https:\\\/\\\/infigo.ee\\\/#website\",\"url\":\"https:\\\/\\\/infigo.ee\\\/\",\"name\":\"Infigo\",\"description\":\"\",\"publisher\":{\"@id\":\"https:\\\/\\\/infigo.ee\\\/#organization\"},\"potentialAction\":[{\"@type\":\"SearchAction\",\"target\":{\"@type\":\"EntryPoint\",\"urlTemplate\":\"https:\\\/\\\/infigo.ee\\\/?s={search_term_string}\"},\"query-input\":{\"@type\":\"PropertyValueSpecification\",\"valueRequired\":true,\"valueName\":\"search_term_string\"}}],\"inLanguage\":\"fi\"},{\"@type\":\"Organization\",\"@id\":\"https:\\\/\\\/infigo.ee\\\/#organization\",\"name\":\"Infigo\",\"url\":\"https:\\\/\\\/infigo.ee\\\/\",\"logo\":{\"@type\":\"ImageObject\",\"inLanguage\":\"fi\",\"@id\":\"https:\\\/\\\/infigo.ee\\\/#\\\/schema\\\/logo\\\/image\\\/\",\"url\":\"https:\\\/\\\/infigo.ee\\\/wp-content\\\/uploads\\\/2023\\\/11\\\/logo-1.jpg\",\"contentUrl\":\"https:\\\/\\\/infigo.ee\\\/wp-content\\\/uploads\\\/2023\\\/11\\\/logo-1.jpg\",\"width\":334,\"height\":114,\"caption\":\"Infigo\"},\"image\":{\"@id\":\"https:\\\/\\\/infigo.ee\\\/#\\\/schema\\\/logo\\\/image\\\/\"}}]}<\/script>\n<!-- \/ Yoast SEO plugin. -->","yoast_head_json":{"title":"Toimitus - Infigo","description":"Pakendi disainide loomine on meie kujundajate igap\u00e4evane t\u00f6\u00f6 - meile lihtsalt meeldib seda teha! Loome, kujundame ja toodame Teie ettev\u00f5tte logoga pakendid.","robots":{"index":"index","follow":"follow","max-snippet":"max-snippet:-1","max-image-preview":"max-image-preview:large","max-video-preview":"max-video-preview:-1"},"canonical":"https:\/\/infigo.ee\/fi\/toimitus\/","og_locale":"fi_FI","og_type":"article","og_title":"Toimitus - Infigo","og_description":"Pakendi disainide loomine on meie kujundajate igap\u00e4evane t\u00f6\u00f6 - meile lihtsalt meeldib seda teha! Loome, kujundame ja toodame Teie ettev\u00f5tte logoga pakendid.","og_url":"https:\/\/infigo.ee\/fi\/toimitus\/","og_site_name":"Infigo","article_modified_time":"2024-03-19T06:45:52+00:00","og_image":[{"width":452,"height":452,"url":"https:\/\/infigo.ee\/wp-content\/uploads\/2024\/03\/119196591_3218683694889625_8641204450253517827_n.jpeg","type":"image\/jpeg"}],"twitter_card":"summary_large_image","twitter_misc":{"Arvioitu lukuaika":"2 minuuttia"},"schema":{"@context":"https:\/\/schema.org","@graph":[{"@type":"WebPage","@id":"https:\/\/infigo.ee\/fi\/toimitus\/","url":"https:\/\/infigo.ee\/fi\/toimitus\/","name":"Toimitus - Infigo","isPartOf":{"@id":"https:\/\/infigo.ee\/#website"},"datePublished":"2023-12-08T05:03:21+00:00","dateModified":"2024-03-19T06:45:52+00:00","description":"Pakendi disainide loomine on meie kujundajate igap\u00e4evane t\u00f6\u00f6 - meile lihtsalt meeldib seda teha! Loome, kujundame ja toodame Teie ettev\u00f5tte logoga pakendid.","breadcrumb":{"@id":"https:\/\/infigo.ee\/fi\/toimitus\/#breadcrumb"},"inLanguage":"fi","potentialAction":[{"@type":"ReadAction","target":["https:\/\/infigo.ee\/fi\/toimitus\/"]}]},{"@type":"BreadcrumbList","@id":"https:\/\/infigo.ee\/fi\/toimitus\/#breadcrumb","itemListElement":[{"@type":"ListItem","position":1,"name":"Home","item":"https:\/\/infigo.ee\/fi\/"},{"@type":"ListItem","position":2,"name":"Toimitus"}]},{"@type":"WebSite","@id":"https:\/\/infigo.ee\/#website","url":"https:\/\/infigo.ee\/","name":"Infigo","description":"","publisher":{"@id":"https:\/\/infigo.ee\/#organization"},"potentialAction":[{"@type":"SearchAction","target":{"@type":"EntryPoint","urlTemplate":"https:\/\/infigo.ee\/?s={search_term_string}"},"query-input":{"@type":"PropertyValueSpecification","valueRequired":true,"valueName":"search_term_string"}}],"inLanguage":"fi"},{"@type":"Organization","@id":"https:\/\/infigo.ee\/#organization","name":"Infigo","url":"https:\/\/infigo.ee\/","logo":{"@type":"ImageObject","inLanguage":"fi","@id":"https:\/\/infigo.ee\/#\/schema\/logo\/image\/","url":"https:\/\/infigo.ee\/wp-content\/uploads\/2023\/11\/logo-1.jpg","contentUrl":"https:\/\/infigo.ee\/wp-content\/uploads\/2023\/11\/logo-1.jpg","width":334,"height":114,"caption":"Infigo"},"image":{"@id":"https:\/\/infigo.ee\/#\/schema\/logo\/image\/"}}]}},"_links":{"self":[{"href":"https:\/\/infigo.ee\/fi\/wp-json\/wp\/v2\/pages\/41990","targetHints":{"allow":["GET"]}}],"collection":[{"href":"https:\/\/infigo.ee\/fi\/wp-json\/wp\/v2\/pages"}],"about":[{"href":"https:\/\/infigo.ee\/fi\/wp-json\/wp\/v2\/types\/page"}],"author":[{"embeddable":true,"href":"https:\/\/infigo.ee\/fi\/wp-json\/wp\/v2\/users\/1"}],"replies":[{"embeddable":true,"href":"https:\/\/infigo.ee\/fi\/wp-json\/wp\/v2\/comments?post=41990"}],"version-history":[{"count":3,"href":"https:\/\/infigo.ee\/fi\/wp-json\/wp\/v2\/pages\/41990\/revisions"}],"predecessor-version":[{"id":46522,"href":"https:\/\/infigo.ee\/fi\/wp-json\/wp\/v2\/pages\/41990\/revisions\/46522"}],"wp:attachment":[{"href":"https:\/\/infigo.ee\/fi\/wp-json\/wp\/v2\/media?parent=41990"}],"curies":[{"name":"wp","href":"https:\/\/api.w.org\/{rel}","templated":true}]}}