{"id":41985,"date":"2023-12-08T06:54:47","date_gmt":"2023-12-08T04:54:47","guid":{"rendered":"https:\/\/infigo.ee\/about-us\/"},"modified":"2025-04-24T21:20:47","modified_gmt":"2025-04-24T18:20:47","slug":"meista","status":"publish","type":"page","link":"https:\/\/infigo.ee\/fi\/meista\/","title":{"rendered":"Meista"},"content":{"rendered":"<div id=\"pl-41985\"  class=\"panel-layout\" ><div id=\"pg-41985-0\"  class=\"panel-grid panel-no-style\" ><div id=\"pgc-41985-0-0\"  class=\"panel-grid-cell\" ><div id=\"panel-41985-0-0-0\" class=\"so-panel widget widget_sow-editor panel-first-child\" data-index=\"0\" style=\"margin-bottom: 20px\" ><div\n\t\t\t\n\t\t\tclass=\"so-widget-sow-editor so-widget-sow-editor-base\"\n\t\t\t\n\t\t><h3 class=\"widget-title\">Infigo<\/h3>\n<div class=\"siteorigin-widget-tinymce textwidget\">\n\t<p>Sana infigo tulee latinasta ja tarkoittaa vaikuttavaa, erinomaista k\u00e4\u00e4nn\u00f6ksess\u00e4.<\/p>\n<p>N\u00e4in olemme \u2013 erinomaiset painettujen pakkausten asiantuntijat, jotka luovat vaikuttavia tuotteita ja ratkaisuja. Yli 15 vuoden kokemus tulostustuotteista on antanut meille runsaan kokemuksen, jonka jaamme mielell\u00e4mme asiakkaillemme p\u00e4ivitt\u00e4in.<\/p>\n<p>Materiaalit, laitteet ja pakkausratkaisut. Jatkuvasti kasvava valikoima ja aina edulliseen hintaan!<br \/>\nIntohimomme on pakkaus!<\/p>\n<\/div>\n<\/div><\/div><div id=\"panel-41985-0-0-1\" class=\"so-panel widget widget_sow-image panel-last-child\" data-index=\"1\" ><div\n\t\t\t\n\t\t\tclass=\"so-widget-sow-image so-widget-sow-image-default-8b5b6f678277-41985\"\n\t\t\t\n\t\t><\/div><\/div><\/div><div id=\"pgc-41985-0-1\"  class=\"panel-grid-cell\" ><div id=\"panel-41985-0-1-0\" class=\"so-panel widget widget_sow-image panel-first-child\" data-index=\"2\" style=\"margin-bottom: 20px\" ><div\n\t\t\t\n\t\t\tclass=\"so-widget-sow-image so-widget-sow-image-default-8b5b6f678277-41985\"\n\t\t\t\n\t\t><\/div><\/div><div id=\"panel-41985-0-1-1\" class=\"so-panel widget widget_sow-editor panel-last-child\" data-index=\"3\" ><div\n\t\t\t\n\t\t\tclass=\"so-widget-sow-editor so-widget-sow-editor-base\"\n\t\t\t\n\t\t><h3 class=\"widget-title\">Tavoitteenamme<\/h3>\n<div class=\"siteorigin-widget-tinymce textwidget\">\n\t<p>on tarjota kattavaa apua pakkausratkaisujen l\u00f6yt\u00e4misess\u00e4.<br \/>\nEi ole mahdotonta tilanteita, on vain muutama mahdollinen vaihtoehto, joista autamme sinua valitsemaan parhaan.<\/p>\n<\/div>\n<\/div><\/div><\/div><\/div><\/div>","protected":false},"excerpt":{"rendered":"<p>Sana infigo tulee latinasta ja tarkoittaa vaikuttavaa, erinomaista k\u00e4\u00e4nn\u00f6ksess\u00e4. N\u00e4in olemme \u2013 erinomaiset painettujen pakkausten asiantuntijat, jotka luovat vaikuttavia tuotteita ja ratkaisuja. Yli 15 vuoden kokemus tulostustuotteista on antanut meille runsaan kokemuksen, jonka jaamme mielell\u00e4mme asiakkaillemme p\u00e4ivitt\u00e4in. Materiaalit, laitteet ja pakkausratkaisut. Jatkuvasti kasvava valikoima ja aina edulliseen hintaan! Intohimomme on pakkaus! on tarjota kattavaa apua [&hellip;]<\/p>\n","protected":false},"author":1,"featured_media":0,"parent":0,"menu_order":0,"comment_status":"closed","ping_status":"closed","template":"","meta":{"_acf_changed":false,"footnotes":""},"class_list":["post-41985","page","type-page","status-publish","hentry"],"acf":[],"yoast_head":"<!-- This site is optimized with the Yoast SEO plugin v27.3 - https:\/\/yoast.com\/product\/yoast-seo-wordpress\/ -->\n<title>Meista - Infigo<\/title>\n<meta name=\"description\" content=\"Pakendi disainide loomine on meie kujundajate igap\u00e4evane t\u00f6\u00f6 - meile lihtsalt meeldib seda teha! Loome, kujundame ja toodame Teie ettev\u00f5tte logoga pakendid.\" \/>\n<meta name=\"robots\" content=\"index, follow, max-snippet:-1, max-image-preview:large, max-video-preview:-1\" \/>\n<link rel=\"canonical\" href=\"https:\/\/infigo.ee\/fi\/meista\/\" \/>\n<meta property=\"og:locale\" content=\"fi_FI\" \/>\n<meta property=\"og:type\" content=\"article\" \/>\n<meta property=\"og:title\" content=\"Meista - Infigo\" \/>\n<meta property=\"og:description\" content=\"Pakendi disainide loomine on meie kujundajate igap\u00e4evane t\u00f6\u00f6 - meile lihtsalt meeldib seda teha! Loome, kujundame ja toodame Teie ettev\u00f5tte logoga pakendid.\" \/>\n<meta property=\"og:url\" content=\"https:\/\/infigo.ee\/fi\/meista\/\" \/>\n<meta property=\"og:site_name\" content=\"Infigo\" \/>\n<meta property=\"article:modified_time\" content=\"2025-04-24T18:20:47+00:00\" \/>\n<meta property=\"og:image\" content=\"https:\/\/infigo.ee\/wp-content\/uploads\/2024\/03\/119196591_3218683694889625_8641204450253517827_n.jpeg\" \/>\n\t<meta property=\"og:image:width\" content=\"452\" \/>\n\t<meta property=\"og:image:height\" content=\"452\" \/>\n\t<meta property=\"og:image:type\" content=\"image\/jpeg\" \/>\n<meta name=\"twitter:card\" content=\"summary_large_image\" \/>\n<meta name=\"twitter:label1\" content=\"Arvioitu lukuaika\" \/>\n\t<meta name=\"twitter:data1\" content=\"1 minuutti\" \/>\n<script type=\"application\/ld+json\" class=\"yoast-schema-graph\">{\"@context\":\"https:\\\/\\\/schema.org\",\"@graph\":[{\"@type\":\"WebPage\",\"@id\":\"https:\\\/\\\/infigo.ee\\\/fi\\\/meista\\\/\",\"url\":\"https:\\\/\\\/infigo.ee\\\/fi\\\/meista\\\/\",\"name\":\"Meista - Infigo\",\"isPartOf\":{\"@id\":\"https:\\\/\\\/infigo.ee\\\/#website\"},\"datePublished\":\"2023-12-08T04:54:47+00:00\",\"dateModified\":\"2025-04-24T18:20:47+00:00\",\"description\":\"Pakendi disainide loomine on meie kujundajate igap\u00e4evane t\u00f6\u00f6 - meile lihtsalt meeldib seda teha! Loome, kujundame ja toodame Teie ettev\u00f5tte logoga pakendid.\",\"breadcrumb\":{\"@id\":\"https:\\\/\\\/infigo.ee\\\/fi\\\/meista\\\/#breadcrumb\"},\"inLanguage\":\"fi\",\"potentialAction\":[{\"@type\":\"ReadAction\",\"target\":[\"https:\\\/\\\/infigo.ee\\\/fi\\\/meista\\\/\"]}]},{\"@type\":\"BreadcrumbList\",\"@id\":\"https:\\\/\\\/infigo.ee\\\/fi\\\/meista\\\/#breadcrumb\",\"itemListElement\":[{\"@type\":\"ListItem\",\"position\":1,\"name\":\"Home\",\"item\":\"https:\\\/\\\/infigo.ee\\\/fi\\\/\"},{\"@type\":\"ListItem\",\"position\":2,\"name\":\"Meista\"}]},{\"@type\":\"WebSite\",\"@id\":\"https:\\\/\\\/infigo.ee\\\/#website\",\"url\":\"https:\\\/\\\/infigo.ee\\\/\",\"name\":\"Infigo\",\"description\":\"\",\"publisher\":{\"@id\":\"https:\\\/\\\/infigo.ee\\\/#organization\"},\"potentialAction\":[{\"@type\":\"SearchAction\",\"target\":{\"@type\":\"EntryPoint\",\"urlTemplate\":\"https:\\\/\\\/infigo.ee\\\/?s={search_term_string}\"},\"query-input\":{\"@type\":\"PropertyValueSpecification\",\"valueRequired\":true,\"valueName\":\"search_term_string\"}}],\"inLanguage\":\"fi\"},{\"@type\":\"Organization\",\"@id\":\"https:\\\/\\\/infigo.ee\\\/#organization\",\"name\":\"Infigo\",\"url\":\"https:\\\/\\\/infigo.ee\\\/\",\"logo\":{\"@type\":\"ImageObject\",\"inLanguage\":\"fi\",\"@id\":\"https:\\\/\\\/infigo.ee\\\/#\\\/schema\\\/logo\\\/image\\\/\",\"url\":\"https:\\\/\\\/infigo.ee\\\/wp-content\\\/uploads\\\/2023\\\/11\\\/logo-1.jpg\",\"contentUrl\":\"https:\\\/\\\/infigo.ee\\\/wp-content\\\/uploads\\\/2023\\\/11\\\/logo-1.jpg\",\"width\":334,\"height\":114,\"caption\":\"Infigo\"},\"image\":{\"@id\":\"https:\\\/\\\/infigo.ee\\\/#\\\/schema\\\/logo\\\/image\\\/\"}}]}<\/script>\n<!-- \/ Yoast SEO plugin. -->","yoast_head_json":{"title":"Meista - Infigo","description":"Pakendi disainide loomine on meie kujundajate igap\u00e4evane t\u00f6\u00f6 - meile lihtsalt meeldib seda teha! Loome, kujundame ja toodame Teie ettev\u00f5tte logoga pakendid.","robots":{"index":"index","follow":"follow","max-snippet":"max-snippet:-1","max-image-preview":"max-image-preview:large","max-video-preview":"max-video-preview:-1"},"canonical":"https:\/\/infigo.ee\/fi\/meista\/","og_locale":"fi_FI","og_type":"article","og_title":"Meista - Infigo","og_description":"Pakendi disainide loomine on meie kujundajate igap\u00e4evane t\u00f6\u00f6 - meile lihtsalt meeldib seda teha! Loome, kujundame ja toodame Teie ettev\u00f5tte logoga pakendid.","og_url":"https:\/\/infigo.ee\/fi\/meista\/","og_site_name":"Infigo","article_modified_time":"2025-04-24T18:20:47+00:00","og_image":[{"width":452,"height":452,"url":"https:\/\/infigo.ee\/wp-content\/uploads\/2024\/03\/119196591_3218683694889625_8641204450253517827_n.jpeg","type":"image\/jpeg"}],"twitter_card":"summary_large_image","twitter_misc":{"Arvioitu lukuaika":"1 minuutti"},"schema":{"@context":"https:\/\/schema.org","@graph":[{"@type":"WebPage","@id":"https:\/\/infigo.ee\/fi\/meista\/","url":"https:\/\/infigo.ee\/fi\/meista\/","name":"Meista - Infigo","isPartOf":{"@id":"https:\/\/infigo.ee\/#website"},"datePublished":"2023-12-08T04:54:47+00:00","dateModified":"2025-04-24T18:20:47+00:00","description":"Pakendi disainide loomine on meie kujundajate igap\u00e4evane t\u00f6\u00f6 - meile lihtsalt meeldib seda teha! Loome, kujundame ja toodame Teie ettev\u00f5tte logoga pakendid.","breadcrumb":{"@id":"https:\/\/infigo.ee\/fi\/meista\/#breadcrumb"},"inLanguage":"fi","potentialAction":[{"@type":"ReadAction","target":["https:\/\/infigo.ee\/fi\/meista\/"]}]},{"@type":"BreadcrumbList","@id":"https:\/\/infigo.ee\/fi\/meista\/#breadcrumb","itemListElement":[{"@type":"ListItem","position":1,"name":"Home","item":"https:\/\/infigo.ee\/fi\/"},{"@type":"ListItem","position":2,"name":"Meista"}]},{"@type":"WebSite","@id":"https:\/\/infigo.ee\/#website","url":"https:\/\/infigo.ee\/","name":"Infigo","description":"","publisher":{"@id":"https:\/\/infigo.ee\/#organization"},"potentialAction":[{"@type":"SearchAction","target":{"@type":"EntryPoint","urlTemplate":"https:\/\/infigo.ee\/?s={search_term_string}"},"query-input":{"@type":"PropertyValueSpecification","valueRequired":true,"valueName":"search_term_string"}}],"inLanguage":"fi"},{"@type":"Organization","@id":"https:\/\/infigo.ee\/#organization","name":"Infigo","url":"https:\/\/infigo.ee\/","logo":{"@type":"ImageObject","inLanguage":"fi","@id":"https:\/\/infigo.ee\/#\/schema\/logo\/image\/","url":"https:\/\/infigo.ee\/wp-content\/uploads\/2023\/11\/logo-1.jpg","contentUrl":"https:\/\/infigo.ee\/wp-content\/uploads\/2023\/11\/logo-1.jpg","width":334,"height":114,"caption":"Infigo"},"image":{"@id":"https:\/\/infigo.ee\/#\/schema\/logo\/image\/"}}]}},"_links":{"self":[{"href":"https:\/\/infigo.ee\/fi\/wp-json\/wp\/v2\/pages\/41985","targetHints":{"allow":["GET"]}}],"collection":[{"href":"https:\/\/infigo.ee\/fi\/wp-json\/wp\/v2\/pages"}],"about":[{"href":"https:\/\/infigo.ee\/fi\/wp-json\/wp\/v2\/types\/page"}],"author":[{"embeddable":true,"href":"https:\/\/infigo.ee\/fi\/wp-json\/wp\/v2\/users\/1"}],"replies":[{"embeddable":true,"href":"https:\/\/infigo.ee\/fi\/wp-json\/wp\/v2\/comments?post=41985"}],"version-history":[{"count":4,"href":"https:\/\/infigo.ee\/fi\/wp-json\/wp\/v2\/pages\/41985\/revisions"}],"predecessor-version":[{"id":56466,"href":"https:\/\/infigo.ee\/fi\/wp-json\/wp\/v2\/pages\/41985\/revisions\/56466"}],"wp:attachment":[{"href":"https:\/\/infigo.ee\/fi\/wp-json\/wp\/v2\/media?parent=41985"}],"curies":[{"name":"wp","href":"https:\/\/api.w.org\/{rel}","templated":true}]}}